{"id":331825,"date":"2026-01-19T16:47:58","date_gmt":"2026-01-19T15:47:58","guid":{"rendered":"https:\/\/freakuence.nl\/product\/avm-mp-3-2\/"},"modified":"2026-04-08T20:23:14","modified_gmt":"2026-04-08T18:23:14","slug":"avm-mp-3-2","status":"publish","type":"product","link":"https:\/\/dev.freakuence.nl\/fr\/produit\/avm-mp-3-2\/","title":{"rendered":"AVM MP 3.2"},"content":{"rendered":"<div class=\"product-specifications-list\">\n<div class=\"specification-item row-header\"><span class=\"spec-content\"><strong>Description Freakuence !<\/strong><\/span><\/div>\n<div class=\"specification-item row-even\"><span class=\"spec-content\">Un dac avec fonction r\u00e9seau&#8230; et, avec une fente pour CD. Un vrai r\u00e9gal ! Une reproduction g\u00e9n\u00e9reuse et dynamique. Un m\u00e9dium plein, tr\u00e8s agr\u00e9able.   <\/span><\/div>\n<div class=\"specification-item row-header\"><span class=\"spec-content\"><strong>Description g\u00e9n\u00e9rale<\/strong><\/span><\/div>\n<div class=\"specification-item row-even\"><span class=\"spec-content\">L&rsquo;AVM MP 3.2 est un lecteur multim\u00e9dia polyvalent qui r\u00e9unit diverses sources audio num\u00e9riques. Un lecteur Pure CD int\u00e9gr\u00e9 vous permet de lire votre collection de CD, tandis que la fonctionnalit\u00e9 de streaming permet d&rsquo;acc\u00e9der \u00e0 divers services musicaux et \u00e0 la radio Internet.  Il fait \u00e9galement office de convertisseur D\/A de haute qualit\u00e9 pour les sources num\u00e9riques externes.  <\/p>\n<p>Le MP 3.2 est dot\u00e9 de convertisseurs N\/A et de circuits d&rsquo;amplification enti\u00e8rement sym\u00e9triques, ce qui permet une lecture musicale transparente et riche en \u00e9motions. Avec la prise en charge des formats audio DSD haute r\u00e9solution (DSD64, 2,8 MHz) et la possibilit\u00e9 d&rsquo;utiliser en parall\u00e8le les sorties XLR et Cinch, ce lecteur offre une grande souplesse dans les options de connexion.   <\/p>\n<p>Il est \u00e9quip\u00e9 d&rsquo;un lecteur TEAC Pure-CD avec m\u00e9canisme d&rsquo;insertion, sp\u00e9cialement con\u00e7u pour l&rsquo;AVM. Diverses entr\u00e9es num\u00e9riques sont \u00e9galement disponibles, notamment USB, SPDIF coaxial et optique, ainsi qu&rsquo;une connectivit\u00e9 r\u00e9seau via LAN et WLAN.  Le MP 3.2 prend en charge diff\u00e9rents formats de diffusion en continu et offre une lecture sans interruption pour une exp\u00e9rience d&rsquo;\u00e9coute transparente.  <\/p>\n<p>Dot\u00e9 d&rsquo;un grand \u00e9cran graphique graduable et de nombreuses options de menu, telles que la d\u00e9signation individuelle des entr\u00e9es et la s\u00e9lection de l&rsquo;\u00e9chantillonnage ascendant ou descendant des signaux entrants, le MP 3.2 est convivial et personnalisable en fonction des pr\u00e9f\u00e9rences de chacun. Le bo\u00eetier est en aluminium et est disponible en argent ou en noir. <\/span><\/div>\n<div class=\"specification-item row-header\"><span class=\"spec-content\"><strong>Informations g\u00e9n\u00e9rales<\/strong><\/span><\/div>\n<div class=\"specification-item row-even\"><span class=\"spec-content\">L&rsquo;AVM MP 3.2 est con\u00e7u comme un lecteur multim\u00e9dia multifonctionnel avec DAC et lecteur de CD, d\u00e9velopp\u00e9 \u00e0 partir de la philosophie d&rsquo;AVM en mati\u00e8re de musicalit\u00e9 et de pr\u00e9cision. Le bo\u00eetier en aluminium est frais\u00e9 en r\u00e9sonance \u00e0 partir d&rsquo;un mat\u00e9riau solide. \u00c0 l&rsquo;int\u00e9rieur, des composants soigneusement s\u00e9lectionn\u00e9s, tels qu&rsquo;un lecteur de CD TEAC et des convertisseurs DA de haute qualit\u00e9, sont utilis\u00e9s. D\u00e9velopp\u00e9 en Allemagne, sous la supervision de l&rsquo;ing\u00e9nieur G\u00fcnther Mania, l&rsquo;accent est mis sur des chemins de signaux courts et un blindage interne.   <\/span><\/div>\n<div class=\"specification-item row-header\"><span class=\"spec-content\"><strong>Histoire de la marque<\/strong><\/span><\/div>\n<div class=\"specification-item row-even\"><span class=\"spec-content\">AVM (Audio Video Manufaktur) a \u00e9t\u00e9 fond\u00e9e en 1986 en Allemagne. La soci\u00e9t\u00e9 se concentre sur le d\u00e9veloppement et la production d&rsquo;\u00e9quipements audio de haute qualit\u00e9 pour les amateurs de musique. D\u00e8s le d\u00e9but, AVM s&rsquo;est attach\u00e9e \u00e0 combiner des solutions technologiquement avanc\u00e9es avec un savoir-faire artisanal. La marque s&rsquo;est forg\u00e9e une r\u00e9putation gr\u00e2ce \u00e0 sa vaste gamme de produits, qui comprend des amplificateurs, des pr\u00e9amplificateurs, des lecteurs de CD et d&rsquo;autres appareils audio. Les fondateurs, des ing\u00e9nieurs passionn\u00e9s de musique et de technologie, se sont efforc\u00e9s de fabriquer des \u00e9quipements audio \u00e0 la fois esth\u00e9tiques et fonctionnels. Les produits AVM sont souvent assembl\u00e9s \u00e0 la main dans leurs locaux, \u00e0 l&rsquo;aide de composants soigneusement s\u00e9lectionn\u00e9s pour garantir une qualit\u00e9 sonore \u00e9lev\u00e9e. Au fil des ans, AVM a travaill\u00e9 avec divers partenaires et fournisseurs pour continuer \u00e0 am\u00e9liorer et \u00e0 optimiser sa gamme de produits pour un large \u00e9ventail d&rsquo;environnements audio.      <\/span><\/div>\n<\/div>\n","protected":false},"excerpt":{"rendered":"<p>Description Freakuence ! Un dac avec fonction r\u00e9seau&#8230; et, avec une fente pour CD. Un vrai r\u00e9gal ! Une reproduction g\u00e9n\u00e9reuse et dynamique. Un m\u00e9dium plein, tr\u00e8s agr\u00e9able. Description g\u00e9n\u00e9rale L&rsquo;AVM MP 3.2 est un lecteur multim\u00e9dia polyvalent qui r\u00e9unit diverses sources audio num\u00e9riques. Un lecteur Pure CD int\u00e9gr\u00e9 vous permet de lire votre collection [&hellip;]<\/p>\n","protected":false},"featured_media":386834,"template":"","meta":{"_acf_changed":false,"inline_featured_image":false},"product_brand":[],"product_cat":[718,689],"product_tag":[533],"class_list":{"0":"post-331825","1":"product","2":"type-product","3":"status-publish","4":"has-post-thumbnail","6":"product_cat-dacs","7":"product_cat-sources-dinformation","8":"product_tag-used","9":"pa_kleur-noir","11":"first","12":"instock","13":"sold-individually","14":"purchasable","15":"product-type-simple"},"acf":{"website":true,"show_on_homepage":false,"brand_title":"AVM","product_type":"MP 3.2","color":"Noir","subcolor":"","reserved_status":"0"},"_links":{"self":[{"href":"https:\/\/dev.freakuence.nl\/fr\/wp-json\/wp\/v2\/product\/331825","targetHints":{"allow":["GET"]}}],"collection":[{"href":"https:\/\/dev.freakuence.nl\/fr\/wp-json\/wp\/v2\/product"}],"about":[{"href":"https:\/\/dev.freakuence.nl\/fr\/wp-json\/wp\/v2\/types\/product"}],"wp:featuredmedia":[{"embeddable":true,"href":"https:\/\/dev.freakuence.nl\/fr\/wp-json\/wp\/v2\/media\/386834"}],"wp:attachment":[{"href":"https:\/\/dev.freakuence.nl\/fr\/wp-json\/wp\/v2\/media?parent=331825"}],"wp:term":[{"taxonomy":"product_brand","embeddable":true,"href":"https:\/\/dev.freakuence.nl\/fr\/wp-json\/wp\/v2\/product_brand?post=331825"},{"taxonomy":"product_cat","embeddable":true,"href":"https:\/\/dev.freakuence.nl\/fr\/wp-json\/wp\/v2\/product_cat?post=331825"},{"taxonomy":"product_tag","embeddable":true,"href":"https:\/\/dev.freakuence.nl\/fr\/wp-json\/wp\/v2\/product_tag?post=331825"}],"curies":[{"name":"wp","href":"https:\/\/api.w.org\/{rel}","templated":true}]}}