{"id":331841,"date":"2026-01-19T16:50:42","date_gmt":"2026-01-19T15:50:42","guid":{"rendered":"https:\/\/freakuence.nl\/product\/qutest-daccords-2\/"},"modified":"2026-03-10T04:20:25","modified_gmt":"2026-03-10T03:20:25","slug":"qutest-daccords-2","status":"publish","type":"product","link":"https:\/\/dev.freakuence.nl\/fr\/produit\/qutest-daccords-2\/","title":{"rendered":"Qutest d&rsquo;accords"},"content":{"rendered":"<div class=\"product-specifications-list\">\n<div class=\"specification-item row-header\"><span class=\"spec-content\"><strong>Description Freakuence !<\/strong><\/span><\/div>\n<div class=\"specification-item row-even\"><span class=\"spec-content\">Un vrai bijou en termes de prix et de qualit\u00e9 ! Nous aimons le placer \u00e0 c\u00f4t\u00e9 d&rsquo;autres dacs plus co\u00fbteux dans notre magasin. Cet appareil compact fait exactement ce que vous attendez de lui. Vous le branchez et en un rien de temps vous \u00eates plong\u00e9 dans la musique. Oui, oui, un look un peu extravagant avec des lumi\u00e8res de couleur compliqu\u00e9es, nous le savons. Il se range dans n&rsquo;importe quel tiroir ou derri\u00e8re un appareil si vous le souhaitez. Amateurs d&rsquo;\u00e9crans transparents et holographiques, venez ! Bienvenue.       <\/span><\/div>\n<div class=\"specification-item row-odd\"><span class=\"spec-content\">Prix de vente au d\u00e9tail : 1499.00<\/span><\/div>\n<div class=\"specification-item row-header\"><span class=\"spec-content\"><strong>Description g\u00e9n\u00e9rale<\/strong><\/span><\/div>\n<div class=\"specification-item row-even\"><span class=\"spec-content\">Cet appareil compact est con\u00e7u pour am\u00e9liorer instantan\u00e9ment la qualit\u00e9 sonore de votre syst\u00e8me. Il est dot\u00e9 d&rsquo;une architecture de convertisseur num\u00e9rique-analogique (DAC) bas\u00e9e sur la technologie FPGA avanc\u00e9e, garantissant une reproduction audio pr\u00e9cise et d\u00e9taill\u00e9e. Avec des entr\u00e9es num\u00e9riques USB-B, optiques et coaxiales isol\u00e9es galvaniquement, il offre des options de connectivit\u00e9 polyvalentes pour diverses sources num\u00e9riques. Le ch\u00e2ssis, en aluminium solide de qualit\u00e9 a\u00e9ronautique, prot\u00e8ge les composants internes et r\u00e9duit les vibrations externes. Les commandes conviviales du panneau avant facilitent la s\u00e9lection des param\u00e8tres souhait\u00e9s. Les sorties RCA permettent une connexion transparente aux amplificateurs ou aux amplificateurs de casque. En outre, vous pouvez r\u00e9gler la tension de sortie entre 1, 2 et 3 V RMS, en fonction de vos besoins. Cet appareil prend en charge la lecture PCM haute r\u00e9solution jusqu&rsquo;\u00e0 768 kHz et la lecture DSD native jusqu&rsquo;\u00e0 DSD512, ce qui le rend adapt\u00e9 \u00e0 diff\u00e9rents formats audio. Il est aliment\u00e9 par un connecteur micro-USB 5V 2A et est compatible avec diff\u00e9rents syst\u00e8mes d&rsquo;exploitation.        <\/span><\/div>\n<div class=\"specification-item row-header\"><span class=\"spec-content\"><strong>Informations g\u00e9n\u00e9rales<\/strong><\/span><\/div>\n<div class=\"specification-item row-even\"><span class=\"spec-content\">Le Chord Qutest a \u00e9t\u00e9 con\u00e7u par Rob Watts, le c\u00e9l\u00e8bre concepteur num\u00e9rique de Chord. L&rsquo;appareil utilise une puce FPGA propri\u00e9taire au lieu de puces DAC standard, ce qui permet de mieux contr\u00f4ler le traitement du signal. Le bo\u00eetier en aluminium est solidement frais\u00e9 \u00e0 partir de blocs massifs pour un blindage optimal. Chord fabrique le Qutest enti\u00e8rement en Angleterre, avec pr\u00e9cision et attention aux d\u00e9tails.   <\/span><\/div>\n<div class=\"specification-item row-header\"><span class=\"spec-content\"><strong>Histoire de la marque<\/strong><\/span><\/div>\n<div class=\"specification-item row-even\"><span class=\"spec-content\">La marque a \u00e9t\u00e9 fond\u00e9e dans les ann\u00e9es 1980 au Royaume-Uni, et s&rsquo;est concentr\u00e9e sur la technologie d\u00e9velopp\u00e9e \u00e0 l&rsquo;origine pour l&rsquo;industrie a\u00e9rospatiale. Son fondateur, Rob Watts, est un ing\u00e9nieur en \u00e9lectronique sp\u00e9cialis\u00e9 dans le traitement des signaux num\u00e9riques avanc\u00e9s.  Son expertise dans ce domaine a conduit au d\u00e9veloppement de plusieurs produits utilisant la technologie Field Programmable Gate Array (FPGA), technique alors principalement utilis\u00e9e dans des secteurs sp\u00e9cialis\u00e9s.  <\/p>\n<p>Le choix de cette technologie n&rsquo;\u00e9tait pas courant dans l&rsquo;\u00e9lectronique grand public, mais il s&rsquo;est av\u00e9r\u00e9 crucial pour la performance des produits qui ont suivi. Rob Watts a travaill\u00e9 avec John Franks, qui a une longue exp\u00e9rience des aspects techniques et de la fabrication de l&rsquo;entreprise. Ensemble, ils ont jet\u00e9 les bases d&rsquo;une gamme de produits r\u00e9put\u00e9s pour leur pr\u00e9cision technique et leur fiabilit\u00e9, sans s&rsquo;\u00e9carter de leur objectif initial, qui \u00e9tait de fournir un traitement pr\u00e9cis des signaux num\u00e9riques.  <\/span><\/div>\n<\/div>\n","protected":false},"excerpt":{"rendered":"<p>Description Freakuence ! Un vrai bijou en termes de prix et de qualit\u00e9 ! Nous aimons le placer \u00e0 c\u00f4t\u00e9 d&rsquo;autres dacs plus co\u00fbteux dans notre magasin. Cet appareil compact fait exactement ce que vous attendez de lui. Vous le branchez et en un rien de temps vous \u00eates plong\u00e9 dans la musique. Oui, oui, [&hellip;]<\/p>\n","protected":false},"featured_media":334142,"template":"","meta":{"_acf_changed":false,"inline_featured_image":false},"product_brand":[],"product_cat":[548],"product_tag":[533],"class_list":{"0":"post-331841","1":"product","2":"type-product","3":"status-publish","4":"has-post-thumbnail","6":"product_cat-dac-et-streamers","7":"product_tag-used","8":"pa_kleur-noir","10":"first","11":"instock","12":"purchasable","13":"product-type-simple"},"acf":{"website":true,"show_on_homepage":false,"brand_title":"Chord","product_type":"Qutest","color":"Noir","subcolor":"","reserved_status":"0"},"yoast_head":"<!-- This site is optimized with the Yoast SEO plugin v25.9 - https:\/\/yoast.com\/wordpress\/plugins\/seo\/ -->\n<title>Qutest d&#039;accords | Freakuence!<\/title>\n<meta name=\"robots\" content=\"noindex, follow, max-snippet:-1, max-image-preview:large, max-video-preview:-1\" \/>\n<meta property=\"og:locale\" content=\"fr_FR\" \/>\n<meta property=\"og:type\" content=\"article\" \/>\n<meta property=\"og:title\" content=\"Qutest d&#039;accords | Freakuence!\" \/>\n<meta property=\"og:description\" content=\"Description Freakuence ! Un vrai bijou en termes de prix et de qualit\u00e9 ! Nous aimons le placer \u00e0 c\u00f4t\u00e9 d&rsquo;autres dacs plus co\u00fbteux dans notre magasin. Cet appareil compact fait exactement ce que vous attendez de lui. Vous le branchez et en un rien de temps vous \u00eates plong\u00e9 dans la musique. Oui, oui, [&hellip;]\" \/>\n<meta property=\"og:url\" content=\"https:\/\/dev.freakuence.nl\/fr\/produit\/qutest-daccords-2\/\" \/>\n<meta property=\"og:site_name\" content=\"Freakuence!\" \/>\n<meta property=\"article:modified_time\" content=\"2026-03-10T03:20:25+00:00\" \/>\n<meta property=\"og:image\" content=\"https:\/\/dev.freakuence.nl\/wp-content\/uploads\/2026\/01\/17688378300241-13856-IMG8737-2.jpg\" \/>\n\t<meta property=\"og:image:width\" content=\"1800\" \/>\n\t<meta property=\"og:image:height\" content=\"1200\" \/>\n\t<meta property=\"og:image:type\" content=\"image\/jpeg\" \/>\n<meta name=\"twitter:card\" content=\"summary_large_image\" \/>\n<script type=\"application\/ld+json\" class=\"yoast-schema-graph\">{\"@context\":\"https:\/\/schema.org\",\"@graph\":[{\"@type\":\"WebPage\",\"@id\":\"https:\/\/dev.freakuence.nl\/fr\/produit\/qutest-daccords-2\/\",\"url\":\"https:\/\/dev.freakuence.nl\/fr\/produit\/qutest-daccords-2\/\",\"name\":\"Qutest d'accords | Freakuence!\",\"isPartOf\":{\"@id\":\"https:\/\/dev.freakuence.nl\/fr\/#website\"},\"primaryImageOfPage\":{\"@id\":\"https:\/\/dev.freakuence.nl\/fr\/produit\/qutest-daccords-2\/#primaryimage\"},\"image\":{\"@id\":\"https:\/\/dev.freakuence.nl\/fr\/produit\/qutest-daccords-2\/#primaryimage\"},\"thumbnailUrl\":\"https:\/\/dev.freakuence.nl\/wp-content\/uploads\/2026\/01\/17688378300241-13856-IMG8737-2.jpg\",\"datePublished\":\"2026-01-19T15:50:42+00:00\",\"dateModified\":\"2026-03-10T03:20:25+00:00\",\"breadcrumb\":{\"@id\":\"https:\/\/dev.freakuence.nl\/fr\/produit\/qutest-daccords-2\/#breadcrumb\"},\"inLanguage\":\"fr-FR\",\"potentialAction\":[{\"@type\":\"ReadAction\",\"target\":[\"https:\/\/dev.freakuence.nl\/fr\/produit\/qutest-daccords-2\/\"]}]},{\"@type\":\"ImageObject\",\"inLanguage\":\"fr-FR\",\"@id\":\"https:\/\/dev.freakuence.nl\/fr\/produit\/qutest-daccords-2\/#primaryimage\",\"url\":\"https:\/\/dev.freakuence.nl\/wp-content\/uploads\/2026\/01\/17688378300241-13856-IMG8737-2.jpg\",\"contentUrl\":\"https:\/\/dev.freakuence.nl\/wp-content\/uploads\/2026\/01\/17688378300241-13856-IMG8737-2.jpg\",\"width\":1800,\"height\":1200},{\"@type\":\"BreadcrumbList\",\"@id\":\"https:\/\/dev.freakuence.nl\/fr\/produit\/qutest-daccords-2\/#breadcrumb\",\"itemListElement\":[{\"@type\":\"ListItem\",\"position\":1,\"name\":\"Accueil\",\"item\":\"https:\/\/dev.freakuence.nl\/fr\/\"},{\"@type\":\"ListItem\",\"position\":2,\"name\":\"Produits\",\"item\":\"https:\/\/dev.freakuence.nl\/fr\/produits\/\"},{\"@type\":\"ListItem\",\"position\":3,\"name\":\"Chord Qutest\"}]},{\"@type\":\"WebSite\",\"@id\":\"https:\/\/dev.freakuence.nl\/fr\/#website\",\"url\":\"https:\/\/dev.freakuence.nl\/fr\/\",\"name\":\"Freakuence!\",\"description\":\"Freakuence!\",\"publisher\":{\"@id\":\"https:\/\/dev.freakuence.nl\/fr\/#organization\"},\"alternateName\":\"Freakuence\",\"potentialAction\":[{\"@type\":\"SearchAction\",\"target\":{\"@type\":\"EntryPoint\",\"urlTemplate\":\"https:\/\/dev.freakuence.nl\/fr\/?s={search_term_string}\"},\"query-input\":{\"@type\":\"PropertyValueSpecification\",\"valueRequired\":true,\"valueName\":\"search_term_string\"}}],\"inLanguage\":\"fr-FR\"},{\"@type\":\"Organization\",\"@id\":\"https:\/\/dev.freakuence.nl\/fr\/#organization\",\"name\":\"Freakuence !\",\"url\":\"https:\/\/dev.freakuence.nl\/fr\/\",\"logo\":{\"@type\":\"ImageObject\",\"inLanguage\":\"fr-FR\",\"@id\":\"https:\/\/dev.freakuence.nl\/fr\/#\/schema\/logo\/image\/\",\"url\":\"https:\/\/dev.freakuence.nl\/wp-content\/uploads\/2022\/05\/Brown_3_RGB_Freakuence-1.png\",\"contentUrl\":\"https:\/\/dev.freakuence.nl\/wp-content\/uploads\/2022\/05\/Brown_3_RGB_Freakuence-1.png\",\"width\":2560,\"height\":684,\"caption\":\"Freakuence !\"},\"image\":{\"@id\":\"https:\/\/dev.freakuence.nl\/fr\/#\/schema\/logo\/image\/\"},\"sameAs\":[\"https:\/\/www.instagram.com\/freakuence_notorious_audio\/\"]}]}<\/script>\n<!-- \/ Yoast SEO plugin. -->","yoast_head_json":{"title":"Qutest d'accords | Freakuence!","robots":{"index":"noindex","follow":"follow","max-snippet":"max-snippet:-1","max-image-preview":"max-image-preview:large","max-video-preview":"max-video-preview:-1"},"og_locale":"fr_FR","og_type":"article","og_title":"Qutest d'accords | Freakuence!","og_description":"Description Freakuence ! Un vrai bijou en termes de prix et de qualit\u00e9 ! Nous aimons le placer \u00e0 c\u00f4t\u00e9 d&rsquo;autres dacs plus co\u00fbteux dans notre magasin. Cet appareil compact fait exactement ce que vous attendez de lui. Vous le branchez et en un rien de temps vous \u00eates plong\u00e9 dans la musique. Oui, oui, [&hellip;]","og_url":"https:\/\/dev.freakuence.nl\/fr\/produit\/qutest-daccords-2\/","og_site_name":"Freakuence!","article_modified_time":"2026-03-10T03:20:25+00:00","og_image":[{"width":1800,"height":1200,"url":"https:\/\/dev.freakuence.nl\/wp-content\/uploads\/2026\/01\/17688378300241-13856-IMG8737-2.jpg","type":"image\/jpeg"}],"twitter_card":"summary_large_image","schema":{"@context":"https:\/\/schema.org","@graph":[{"@type":"WebPage","@id":"https:\/\/dev.freakuence.nl\/fr\/produit\/qutest-daccords-2\/","url":"https:\/\/dev.freakuence.nl\/fr\/produit\/qutest-daccords-2\/","name":"Qutest d'accords | Freakuence!","isPartOf":{"@id":"https:\/\/dev.freakuence.nl\/fr\/#website"},"primaryImageOfPage":{"@id":"https:\/\/dev.freakuence.nl\/fr\/produit\/qutest-daccords-2\/#primaryimage"},"image":{"@id":"https:\/\/dev.freakuence.nl\/fr\/produit\/qutest-daccords-2\/#primaryimage"},"thumbnailUrl":"https:\/\/dev.freakuence.nl\/wp-content\/uploads\/2026\/01\/17688378300241-13856-IMG8737-2.jpg","datePublished":"2026-01-19T15:50:42+00:00","dateModified":"2026-03-10T03:20:25+00:00","breadcrumb":{"@id":"https:\/\/dev.freakuence.nl\/fr\/produit\/qutest-daccords-2\/#breadcrumb"},"inLanguage":"fr-FR","potentialAction":[{"@type":"ReadAction","target":["https:\/\/dev.freakuence.nl\/fr\/produit\/qutest-daccords-2\/"]}]},{"@type":"ImageObject","inLanguage":"fr-FR","@id":"https:\/\/dev.freakuence.nl\/fr\/produit\/qutest-daccords-2\/#primaryimage","url":"https:\/\/dev.freakuence.nl\/wp-content\/uploads\/2026\/01\/17688378300241-13856-IMG8737-2.jpg","contentUrl":"https:\/\/dev.freakuence.nl\/wp-content\/uploads\/2026\/01\/17688378300241-13856-IMG8737-2.jpg","width":1800,"height":1200},{"@type":"BreadcrumbList","@id":"https:\/\/dev.freakuence.nl\/fr\/produit\/qutest-daccords-2\/#breadcrumb","itemListElement":[{"@type":"ListItem","position":1,"name":"Accueil","item":"https:\/\/dev.freakuence.nl\/fr\/"},{"@type":"ListItem","position":2,"name":"Produits","item":"https:\/\/dev.freakuence.nl\/fr\/produits\/"},{"@type":"ListItem","position":3,"name":"Chord Qutest"}]},{"@type":"WebSite","@id":"https:\/\/dev.freakuence.nl\/fr\/#website","url":"https:\/\/dev.freakuence.nl\/fr\/","name":"Freakuence!","description":"Freakuence!","publisher":{"@id":"https:\/\/dev.freakuence.nl\/fr\/#organization"},"alternateName":"Freakuence","potentialAction":[{"@type":"SearchAction","target":{"@type":"EntryPoint","urlTemplate":"https:\/\/dev.freakuence.nl\/fr\/?s={search_term_string}"},"query-input":{"@type":"PropertyValueSpecification","valueRequired":true,"valueName":"search_term_string"}}],"inLanguage":"fr-FR"},{"@type":"Organization","@id":"https:\/\/dev.freakuence.nl\/fr\/#organization","name":"Freakuence !","url":"https:\/\/dev.freakuence.nl\/fr\/","logo":{"@type":"ImageObject","inLanguage":"fr-FR","@id":"https:\/\/dev.freakuence.nl\/fr\/#\/schema\/logo\/image\/","url":"https:\/\/dev.freakuence.nl\/wp-content\/uploads\/2022\/05\/Brown_3_RGB_Freakuence-1.png","contentUrl":"https:\/\/dev.freakuence.nl\/wp-content\/uploads\/2022\/05\/Brown_3_RGB_Freakuence-1.png","width":2560,"height":684,"caption":"Freakuence !"},"image":{"@id":"https:\/\/dev.freakuence.nl\/fr\/#\/schema\/logo\/image\/"},"sameAs":["https:\/\/www.instagram.com\/freakuence_notorious_audio\/"]}]}},"_links":{"self":[{"href":"https:\/\/dev.freakuence.nl\/fr\/wp-json\/wp\/v2\/product\/331841","targetHints":{"allow":["GET"]}}],"collection":[{"href":"https:\/\/dev.freakuence.nl\/fr\/wp-json\/wp\/v2\/product"}],"about":[{"href":"https:\/\/dev.freakuence.nl\/fr\/wp-json\/wp\/v2\/types\/product"}],"wp:featuredmedia":[{"embeddable":true,"href":"https:\/\/dev.freakuence.nl\/fr\/wp-json\/wp\/v2\/media\/334142"}],"wp:attachment":[{"href":"https:\/\/dev.freakuence.nl\/fr\/wp-json\/wp\/v2\/media?parent=331841"}],"wp:term":[{"taxonomy":"product_brand","embeddable":true,"href":"https:\/\/dev.freakuence.nl\/fr\/wp-json\/wp\/v2\/product_brand?post=331841"},{"taxonomy":"product_cat","embeddable":true,"href":"https:\/\/dev.freakuence.nl\/fr\/wp-json\/wp\/v2\/product_cat?post=331841"},{"taxonomy":"product_tag","embeddable":true,"href":"https:\/\/dev.freakuence.nl\/fr\/wp-json\/wp\/v2\/product_tag?post=331841"}],"curies":[{"name":"wp","href":"https:\/\/api.w.org\/{rel}","templated":true}]}}