{"id":331853,"date":"2026-01-19T16:55:57","date_gmt":"2026-01-19T15:55:57","guid":{"rendered":"https:\/\/freakuence.nl\/product\/lindemann-musicbook-15-dsd\/"},"modified":"2026-04-08T20:19:54","modified_gmt":"2026-04-08T18:19:54","slug":"lindemann-musicbook-15-dsd","status":"publish","type":"product","link":"https:\/\/dev.freakuence.nl\/fr\/produit\/lindemann-musicbook-15-dsd\/","title":{"rendered":"Lindemann Musicbook 15 DSD"},"content":{"rendered":"<div class=\"product-specifications-list\">\n<div class=\"specification-item row-header\"><span class=\"spec-content\"><strong>Description Freakuence !<\/strong><\/span><\/div>\n<div class=\"specification-item row-even\"><span class=\"spec-content\">Pr\u00e9amplificateur streamer dac DSD \u00e9quip\u00e9 d&rsquo;un lecteur de CD TEAC (voir emplacement). Clair et riche. <\/span><\/div>\n<div class=\"specification-item row-header\"><span class=\"spec-content\"><strong>Description g\u00e9n\u00e9rale<\/strong><\/span><\/div>\n<div class=\"specification-item row-even\"><span class=\"spec-content\">Le Lindemann Musicbook 15 DSD est un composant audio polyvalent qui r\u00e9unit des sources num\u00e9riques et analogiques. Avec un lecteur de CD int\u00e9gr\u00e9 et la prise en charge de divers formats num\u00e9riques, l&rsquo;appareil offre une grande souplesse pour r\u00e9pondre aux diff\u00e9rentes pr\u00e9f\u00e9rences d&rsquo;\u00e9coute. Le Musicbook 15 DSD convertit tous les signaux num\u00e9riques en DSD 256, ce qui permet une reproduction sonore ouverte et naturelle. Il est \u00e9galement dot\u00e9 d&rsquo;un puissant amplificateur de casque, adapt\u00e9 aux casques d&rsquo;une imp\u00e9dance de 16 \u00e0 200 ohms. Avec ses sorties sym\u00e9triques et asym\u00e9triques, il s&rsquo;int\u00e8gre facilement dans les syst\u00e8mes audio existants. Le Musicbook 15 DSD combine fonctionnalit\u00e9 et son de haute qualit\u00e9 dans un design compact.     <\/span><\/div>\n<div class=\"specification-item row-header\"><span class=\"spec-content\"><strong>Informations g\u00e9n\u00e9rales<\/strong><\/span><\/div>\n<div class=\"specification-item row-even\"><span class=\"spec-content\">Le Lindemann Musicbook:15 DSD a \u00e9t\u00e9 d\u00e9velopp\u00e9 en Allemagne par l&rsquo;\u00e9quipe du fondateur et ing\u00e9nieur Norbert Lindemann. Le bo\u00eetier compact est usin\u00e9 CNC en aluminium massif pour un contr\u00f4le optimal de la r\u00e9sonance. En interne, des composants de haute qualit\u00e9 tels que des convertisseurs N\/A ESS Sabre et des \u00e9tages de sortie discrets de classe A sont utilis\u00e9s. Les signaux num\u00e9riques sont sur\u00e9chantillonn\u00e9s en DSD 256. Tout est orient\u00e9 vers une transparence et une neutralit\u00e9 sonore maximales.    <\/span><\/div>\n<div class=\"specification-item row-header\"><span class=\"spec-content\"><strong>Histoire de la marque<\/strong><\/span><\/div>\n<div class=\"specification-item row-even\"><span class=\"spec-content\">Fond\u00e9e dans les ann\u00e9es 1990, Lindemann a pr\u00e9sent\u00e9 en 1993 l&rsquo;AMP1, un amplificateur \u00e0 contre-couplage de courant ultra-rapide. En 1999, la soci\u00e9t\u00e9 a lanc\u00e9 le CD1, l&rsquo;un des premiers lecteurs de CD avec r\u00e9\u00e9chantillonnage. En 2001, Lindemann a lanc\u00e9 le D680, le premier lecteur SACD allemand. En 2013, l&rsquo;entreprise a lanc\u00e9 la s\u00e9rie Musicbook, qui met l&rsquo;accent sur l&rsquo;audio en r\u00e9seau. En 2018, Lindemann a c\u00e9l\u00e9br\u00e9 son 25e anniversaire et a lanc\u00e9 plusieurs nouveaux produits. En 2020, la deuxi\u00e8me g\u00e9n\u00e9ration de la s\u00e9rie Limetree a \u00e9t\u00e9 lanc\u00e9e.     <\/span><\/div>\n<\/div>\n","protected":false},"excerpt":{"rendered":"<p>Description Freakuence ! Pr\u00e9amplificateur streamer dac DSD \u00e9quip\u00e9 d&rsquo;un lecteur de CD TEAC (voir emplacement). Clair et riche. Description g\u00e9n\u00e9rale Le Lindemann Musicbook 15 DSD est un composant audio polyvalent qui r\u00e9unit des sources num\u00e9riques et analogiques. Avec un lecteur de CD int\u00e9gr\u00e9 et la prise en charge de divers formats num\u00e9riques, l&rsquo;appareil offre une [&hellip;]<\/p>\n","protected":false},"featured_media":386550,"template":"","meta":{"_acf_changed":false,"inline_featured_image":false},"product_brand":[],"product_cat":[718,689],"product_tag":[533],"class_list":{"0":"post-331853","1":"product","2":"type-product","3":"status-publish","4":"has-post-thumbnail","6":"product_cat-dacs","7":"product_cat-sources-dinformation","8":"product_tag-used","9":"pa_kleur-argent","11":"first","12":"instock","13":"sold-individually","14":"purchasable","15":"product-type-simple"},"acf":{"website":true,"show_on_homepage":false,"brand_title":"Lindemann","product_type":"Musicbook 15 DSD","color":"Argent","subcolor":"","reserved_status":"0"},"yoast_head":"<!-- This site is optimized with the Yoast SEO plugin v25.9 - https:\/\/yoast.com\/wordpress\/plugins\/seo\/ -->\n<title>Lindemann Musicbook 15 DSD | Freakuence!<\/title>\n<meta name=\"description\" content=\"Lindemann Musicbook 15 DSD : composant audio polyvalent avec lecteur CD, support DSD et puissant amplificateur de casque. \u2713 HiFi neuf et d&#039;occasion \u2713 Note du client : 4.9 sur 5 \u2713 Reprise \u2713 Session d&#039;\u00e9coute\" \/>\n<meta name=\"robots\" content=\"noindex, follow, max-snippet:-1, max-image-preview:large, max-video-preview:-1\" \/>\n<meta property=\"og:locale\" content=\"fr_FR\" \/>\n<meta property=\"og:type\" content=\"article\" \/>\n<meta property=\"og:title\" content=\"Lindemann Musicbook 15 DSD | Freakuence!\" \/>\n<meta property=\"og:description\" content=\"Lindemann Musicbook 15 DSD : composant audio polyvalent avec lecteur CD, support DSD et puissant amplificateur de casque. \u2713 HiFi neuf et d&#039;occasion \u2713 Note du client : 4.9 sur 5 \u2713 Reprise \u2713 Session d&#039;\u00e9coute\" \/>\n<meta property=\"og:url\" content=\"https:\/\/dev.freakuence.nl\/fr\/produit\/lindemann-musicbook-15-dsd\/\" \/>\n<meta property=\"og:site_name\" content=\"Freakuence!\" \/>\n<meta property=\"article:modified_time\" content=\"2026-04-08T18:19:54+00:00\" \/>\n<meta property=\"og:image\" content=\"https:\/\/dev.freakuence.nl\/wp-content\/uploads\/2026\/04\/17688381435077-18715-IMG8753.jpg\" \/>\n\t<meta property=\"og:image:width\" content=\"1800\" \/>\n\t<meta property=\"og:image:height\" content=\"1200\" \/>\n\t<meta property=\"og:image:type\" content=\"image\/jpeg\" \/>\n<meta name=\"twitter:card\" content=\"summary_large_image\" \/>\n<script type=\"application\/ld+json\" class=\"yoast-schema-graph\">{\"@context\":\"https:\/\/schema.org\",\"@graph\":[{\"@type\":\"WebPage\",\"@id\":\"https:\/\/dev.freakuence.nl\/fr\/produit\/lindemann-musicbook-15-dsd\/\",\"url\":\"https:\/\/dev.freakuence.nl\/fr\/produit\/lindemann-musicbook-15-dsd\/\",\"name\":\"Lindemann Musicbook 15 DSD | Freakuence!\",\"isPartOf\":{\"@id\":\"https:\/\/dev.freakuence.nl\/fr\/#website\"},\"primaryImageOfPage\":{\"@id\":\"https:\/\/dev.freakuence.nl\/fr\/produit\/lindemann-musicbook-15-dsd\/#primaryimage\"},\"image\":{\"@id\":\"https:\/\/dev.freakuence.nl\/fr\/produit\/lindemann-musicbook-15-dsd\/#primaryimage\"},\"thumbnailUrl\":\"https:\/\/dev.freakuence.nl\/wp-content\/uploads\/2026\/04\/17688381435077-18715-IMG8753.jpg\",\"datePublished\":\"2026-01-19T15:55:57+00:00\",\"dateModified\":\"2026-04-08T18:19:54+00:00\",\"description\":\"Lindemann Musicbook 15 DSD : composant audio polyvalent avec lecteur CD, support DSD et puissant amplificateur de casque. \u2713 HiFi neuf et d'occasion \u2713 Note du client : 4.9 sur 5 \u2713 Reprise \u2713 Session d'\u00e9coute\",\"breadcrumb\":{\"@id\":\"https:\/\/dev.freakuence.nl\/fr\/produit\/lindemann-musicbook-15-dsd\/#breadcrumb\"},\"inLanguage\":\"fr-FR\",\"potentialAction\":[{\"@type\":\"ReadAction\",\"target\":[\"https:\/\/dev.freakuence.nl\/fr\/produit\/lindemann-musicbook-15-dsd\/\"]}]},{\"@type\":\"ImageObject\",\"inLanguage\":\"fr-FR\",\"@id\":\"https:\/\/dev.freakuence.nl\/fr\/produit\/lindemann-musicbook-15-dsd\/#primaryimage\",\"url\":\"https:\/\/dev.freakuence.nl\/wp-content\/uploads\/2026\/04\/17688381435077-18715-IMG8753.jpg\",\"contentUrl\":\"https:\/\/dev.freakuence.nl\/wp-content\/uploads\/2026\/04\/17688381435077-18715-IMG8753.jpg\",\"width\":1800,\"height\":1200},{\"@type\":\"BreadcrumbList\",\"@id\":\"https:\/\/dev.freakuence.nl\/fr\/produit\/lindemann-musicbook-15-dsd\/#breadcrumb\",\"itemListElement\":[{\"@type\":\"ListItem\",\"position\":1,\"name\":\"Accueil\",\"item\":\"https:\/\/dev.freakuence.nl\/fr\/\"},{\"@type\":\"ListItem\",\"position\":2,\"name\":\"Produits\",\"item\":\"https:\/\/dev.freakuence.nl\/fr\/produits\/\"},{\"@type\":\"ListItem\",\"position\":3,\"name\":\"Lindemann Musicbook 15 DSD\"}]},{\"@type\":\"WebSite\",\"@id\":\"https:\/\/dev.freakuence.nl\/fr\/#website\",\"url\":\"https:\/\/dev.freakuence.nl\/fr\/\",\"name\":\"Freakuence!\",\"description\":\"Freakuence!\",\"publisher\":{\"@id\":\"https:\/\/dev.freakuence.nl\/fr\/#organization\"},\"alternateName\":\"Freakuence\",\"potentialAction\":[{\"@type\":\"SearchAction\",\"target\":{\"@type\":\"EntryPoint\",\"urlTemplate\":\"https:\/\/dev.freakuence.nl\/fr\/?s={search_term_string}\"},\"query-input\":{\"@type\":\"PropertyValueSpecification\",\"valueRequired\":true,\"valueName\":\"search_term_string\"}}],\"inLanguage\":\"fr-FR\"},{\"@type\":\"Organization\",\"@id\":\"https:\/\/dev.freakuence.nl\/fr\/#organization\",\"name\":\"Freakuence !\",\"url\":\"https:\/\/dev.freakuence.nl\/fr\/\",\"logo\":{\"@type\":\"ImageObject\",\"inLanguage\":\"fr-FR\",\"@id\":\"https:\/\/dev.freakuence.nl\/fr\/#\/schema\/logo\/image\/\",\"url\":\"https:\/\/dev.freakuence.nl\/wp-content\/uploads\/2022\/05\/Brown_3_RGB_Freakuence-1.png\",\"contentUrl\":\"https:\/\/dev.freakuence.nl\/wp-content\/uploads\/2022\/05\/Brown_3_RGB_Freakuence-1.png\",\"width\":2560,\"height\":684,\"caption\":\"Freakuence !\"},\"image\":{\"@id\":\"https:\/\/dev.freakuence.nl\/fr\/#\/schema\/logo\/image\/\"},\"sameAs\":[\"https:\/\/www.instagram.com\/freakuence_notorious_audio\/\"]}]}<\/script>\n<!-- \/ Yoast SEO plugin. -->","yoast_head_json":{"title":"Lindemann Musicbook 15 DSD | Freakuence!","description":"Lindemann Musicbook 15 DSD : composant audio polyvalent avec lecteur CD, support DSD et puissant amplificateur de casque. \u2713 HiFi neuf et d'occasion \u2713 Note du client : 4.9 sur 5 \u2713 Reprise \u2713 Session d'\u00e9coute","robots":{"index":"noindex","follow":"follow","max-snippet":"max-snippet:-1","max-image-preview":"max-image-preview:large","max-video-preview":"max-video-preview:-1"},"og_locale":"fr_FR","og_type":"article","og_title":"Lindemann Musicbook 15 DSD | Freakuence!","og_description":"Lindemann Musicbook 15 DSD : composant audio polyvalent avec lecteur CD, support DSD et puissant amplificateur de casque. \u2713 HiFi neuf et d'occasion \u2713 Note du client : 4.9 sur 5 \u2713 Reprise \u2713 Session d'\u00e9coute","og_url":"https:\/\/dev.freakuence.nl\/fr\/produit\/lindemann-musicbook-15-dsd\/","og_site_name":"Freakuence!","article_modified_time":"2026-04-08T18:19:54+00:00","og_image":[{"width":1800,"height":1200,"url":"https:\/\/dev.freakuence.nl\/wp-content\/uploads\/2026\/04\/17688381435077-18715-IMG8753.jpg","type":"image\/jpeg"}],"twitter_card":"summary_large_image","schema":{"@context":"https:\/\/schema.org","@graph":[{"@type":"WebPage","@id":"https:\/\/dev.freakuence.nl\/fr\/produit\/lindemann-musicbook-15-dsd\/","url":"https:\/\/dev.freakuence.nl\/fr\/produit\/lindemann-musicbook-15-dsd\/","name":"Lindemann Musicbook 15 DSD | Freakuence!","isPartOf":{"@id":"https:\/\/dev.freakuence.nl\/fr\/#website"},"primaryImageOfPage":{"@id":"https:\/\/dev.freakuence.nl\/fr\/produit\/lindemann-musicbook-15-dsd\/#primaryimage"},"image":{"@id":"https:\/\/dev.freakuence.nl\/fr\/produit\/lindemann-musicbook-15-dsd\/#primaryimage"},"thumbnailUrl":"https:\/\/dev.freakuence.nl\/wp-content\/uploads\/2026\/04\/17688381435077-18715-IMG8753.jpg","datePublished":"2026-01-19T15:55:57+00:00","dateModified":"2026-04-08T18:19:54+00:00","description":"Lindemann Musicbook 15 DSD : composant audio polyvalent avec lecteur CD, support DSD et puissant amplificateur de casque. \u2713 HiFi neuf et d'occasion \u2713 Note du client : 4.9 sur 5 \u2713 Reprise \u2713 Session d'\u00e9coute","breadcrumb":{"@id":"https:\/\/dev.freakuence.nl\/fr\/produit\/lindemann-musicbook-15-dsd\/#breadcrumb"},"inLanguage":"fr-FR","potentialAction":[{"@type":"ReadAction","target":["https:\/\/dev.freakuence.nl\/fr\/produit\/lindemann-musicbook-15-dsd\/"]}]},{"@type":"ImageObject","inLanguage":"fr-FR","@id":"https:\/\/dev.freakuence.nl\/fr\/produit\/lindemann-musicbook-15-dsd\/#primaryimage","url":"https:\/\/dev.freakuence.nl\/wp-content\/uploads\/2026\/04\/17688381435077-18715-IMG8753.jpg","contentUrl":"https:\/\/dev.freakuence.nl\/wp-content\/uploads\/2026\/04\/17688381435077-18715-IMG8753.jpg","width":1800,"height":1200},{"@type":"BreadcrumbList","@id":"https:\/\/dev.freakuence.nl\/fr\/produit\/lindemann-musicbook-15-dsd\/#breadcrumb","itemListElement":[{"@type":"ListItem","position":1,"name":"Accueil","item":"https:\/\/dev.freakuence.nl\/fr\/"},{"@type":"ListItem","position":2,"name":"Produits","item":"https:\/\/dev.freakuence.nl\/fr\/produits\/"},{"@type":"ListItem","position":3,"name":"Lindemann Musicbook 15 DSD"}]},{"@type":"WebSite","@id":"https:\/\/dev.freakuence.nl\/fr\/#website","url":"https:\/\/dev.freakuence.nl\/fr\/","name":"Freakuence!","description":"Freakuence!","publisher":{"@id":"https:\/\/dev.freakuence.nl\/fr\/#organization"},"alternateName":"Freakuence","potentialAction":[{"@type":"SearchAction","target":{"@type":"EntryPoint","urlTemplate":"https:\/\/dev.freakuence.nl\/fr\/?s={search_term_string}"},"query-input":{"@type":"PropertyValueSpecification","valueRequired":true,"valueName":"search_term_string"}}],"inLanguage":"fr-FR"},{"@type":"Organization","@id":"https:\/\/dev.freakuence.nl\/fr\/#organization","name":"Freakuence !","url":"https:\/\/dev.freakuence.nl\/fr\/","logo":{"@type":"ImageObject","inLanguage":"fr-FR","@id":"https:\/\/dev.freakuence.nl\/fr\/#\/schema\/logo\/image\/","url":"https:\/\/dev.freakuence.nl\/wp-content\/uploads\/2022\/05\/Brown_3_RGB_Freakuence-1.png","contentUrl":"https:\/\/dev.freakuence.nl\/wp-content\/uploads\/2022\/05\/Brown_3_RGB_Freakuence-1.png","width":2560,"height":684,"caption":"Freakuence !"},"image":{"@id":"https:\/\/dev.freakuence.nl\/fr\/#\/schema\/logo\/image\/"},"sameAs":["https:\/\/www.instagram.com\/freakuence_notorious_audio\/"]}]}},"_links":{"self":[{"href":"https:\/\/dev.freakuence.nl\/fr\/wp-json\/wp\/v2\/product\/331853","targetHints":{"allow":["GET"]}}],"collection":[{"href":"https:\/\/dev.freakuence.nl\/fr\/wp-json\/wp\/v2\/product"}],"about":[{"href":"https:\/\/dev.freakuence.nl\/fr\/wp-json\/wp\/v2\/types\/product"}],"wp:featuredmedia":[{"embeddable":true,"href":"https:\/\/dev.freakuence.nl\/fr\/wp-json\/wp\/v2\/media\/386550"}],"wp:attachment":[{"href":"https:\/\/dev.freakuence.nl\/fr\/wp-json\/wp\/v2\/media?parent=331853"}],"wp:term":[{"taxonomy":"product_brand","embeddable":true,"href":"https:\/\/dev.freakuence.nl\/fr\/wp-json\/wp\/v2\/product_brand?post=331853"},{"taxonomy":"product_cat","embeddable":true,"href":"https:\/\/dev.freakuence.nl\/fr\/wp-json\/wp\/v2\/product_cat?post=331853"},{"taxonomy":"product_tag","embeddable":true,"href":"https:\/\/dev.freakuence.nl\/fr\/wp-json\/wp\/v2\/product_tag?post=331853"}],"curies":[{"name":"wp","href":"https:\/\/api.w.org\/{rel}","templated":true}]}}