{"id":333236,"date":"2026-01-21T11:39:30","date_gmt":"2026-01-21T10:39:30","guid":{"rendered":"https:\/\/freakuence.nl\/product\/hegel-h4-se\/"},"modified":"2026-04-08T20:20:33","modified_gmt":"2026-04-08T18:20:33","slug":"hegel-h4-se","status":"publish","type":"product","link":"https:\/\/dev.freakuence.nl\/fr\/produit\/hegel-h4-se\/","title":{"rendered":"Hegel H4 se"},"content":{"rendered":"<div class=\"product-specifications-list\">\n<div class=\"specification-item row-header\"><span class=\"spec-content\"><strong>Description Freakuence !<\/strong><\/span><\/div>\n<div class=\"specification-item row-even\"><span class=\"spec-content\">Avec une puissance de 2x300W \u00e0 8 Ohms et un facteur d&rsquo;amortissement sup\u00e9rieur \u00e0 1000, cet ampli de puissance d\u00e9livre de la puissance, une v\u00e9ritable adh\u00e9rence. Propre et transparent. <\/span><\/div>\n<div class=\"specification-item row-odd\"><span class=\"spec-content\">Prix de vente au d\u00e9tail : 7795.00<\/span><\/div>\n<div class=\"specification-item row-header\"><span class=\"spec-content\"><strong>D\u00e9tails<\/strong><\/span><\/div>\n<div class=\"specification-item row-even\"><span class=\"spec-content\">Vous cherchez un autre mod\u00e8le de la s\u00e9rie actuelle de la marque ? Envoyez-nous un message !  Nous aimons en faire quelque chose d&rsquo;amusant.<\/span><\/div>\n<div class=\"specification-item row-header\"><span class=\"spec-content\"><strong>Description g\u00e9n\u00e9rale<\/strong><\/span><\/div>\n<div class=\"specification-item row-even\"><span class=\"spec-content\">Le Hegel H4SE est un puissant amplificateur de puissance st\u00e9r\u00e9o connu pour sa puissance et sa qualit\u00e9 sonore. Gr\u00e2ce \u00e0 sa conception double mono, il offre une dynamique impressionnante et une large sc\u00e8ne sonore. L&rsquo;amplificateur est \u00e9quip\u00e9 d&rsquo;entr\u00e9es XLR sym\u00e9triques et RCA asym\u00e9triques, ce qui le rend flexible pour une utilisation dans diff\u00e9rents syst\u00e8mes audio. Les sorties haut-parleurs sont dot\u00e9es de deux paires de connecteurs robustes plaqu\u00e9s or par canal, garantissant une connexion fiable avec les haut-parleurs. Gr\u00e2ce \u00e0 des technologies avanc\u00e9es dans les \u00e9tages d&rsquo;amplification, le H4SE offre une reproduction sonore fluide et transparente, sans perte de d\u00e9tails.    <\/span><\/div>\n<div class=\"specification-item row-header\"><span class=\"spec-content\"><strong>Informations g\u00e9n\u00e9rales<\/strong><\/span><\/div>\n<div class=\"specification-item row-even\"><span class=\"spec-content\">Le Hegel H4 SE est un puissant amplificateur st\u00e9r\u00e9o avec une conception double mono et la technologie brevet\u00e9e SoundEngine. Con\u00e7u par Bent Holter, l&rsquo;amplificateur se concentre sur une distorsion minimale et un contr\u00f4le maximal des enceintes. Les composants internes sont soigneusement s\u00e9lectionn\u00e9s, avec des transistors haut de gamme et des circuits discrets. Le bo\u00eetier est robuste et \u00e0 faible r\u00e9sonance, avec un design scandinave minimaliste. La production a lieu en grande partie en Norv\u00e8ge, avec un contr\u00f4le de qualit\u00e9 \u00e0 tous les niveaux.    <\/span><\/div>\n<div class=\"specification-item row-header\"><span class=\"spec-content\"><strong>Histoire de la marque<\/strong><\/span><\/div>\n<div class=\"specification-item row-even\"><span class=\"spec-content\">Hegel a \u00e9t\u00e9 fond\u00e9e en Norv\u00e8ge \u00e0 la fin des ann\u00e9es 1980 par Bent Holter. Dans le cadre de son projet de fin d&rsquo;\u00e9tudes \u00e0 l&rsquo;universit\u00e9 de technologie de Trondheim, il a mis au point une solution pour r\u00e9duire la distorsion dans les amplificateurs \u00e0 transistors. C&rsquo;est ainsi qu&rsquo;est n\u00e9e la technologie qui sera plus tard connue sous le nom de SoundEngine. En 1988, le nom Hegel a \u00e9t\u00e9 utilis\u00e9 pour la premi\u00e8re fois pour un amplificateur. Dans les ann\u00e9es 1990, l&rsquo;entreprise a lanc\u00e9 plusieurs lecteurs de CD et amplificateurs. En 1996, le premier amplificateur enti\u00e8rement sym\u00e9trique a \u00e9t\u00e9 introduit. Vers 2004, la marque a commenc\u00e9 \u00e0 d\u00e9velopper des convertisseurs DA. Plus tard, les produits ont \u00e9t\u00e9 \u00e9quip\u00e9s de capacit\u00e9s de mise en r\u00e9seau pour prendre en charge la lecture de musique num\u00e9rique. Hegel commercialise exclusivement ses propres produits \u00e9lectroniques, en d\u00e9veloppant elle-m\u00eame la conception des circuits et les logiciels n\u00e9cessaires. L&rsquo;entreprise assure la distribution internationale de ses produits depuis la Norv\u00e8ge.         <\/span><\/div>\n<\/div>\n","protected":false},"excerpt":{"rendered":"<p>Description Freakuence ! Avec une puissance de 2x300W \u00e0 8 Ohms et un facteur d&rsquo;amortissement sup\u00e9rieur \u00e0 1000, cet ampli de puissance d\u00e9livre de la puissance, une v\u00e9ritable adh\u00e9rence. Propre et transparent. Prix de vente au d\u00e9tail : 7795.00 D\u00e9tails Vous cherchez un autre mod\u00e8le de la s\u00e9rie actuelle de la marque ? Envoyez-nous un [&hellip;]<\/p>\n","protected":false},"featured_media":386599,"template":"","meta":{"_acf_changed":false,"inline_featured_image":false},"product_brand":[],"product_cat":[530,746,768],"product_tag":[533],"class_list":{"0":"post-333236","1":"product","2":"type-product","3":"status-publish","4":"has-post-thumbnail","6":"product_cat-amplificateurs","7":"product_cat-amplificateurs-de-puissance","8":"product_cat-classe-a-classe-a-b","9":"product_tag-used","10":"pa_kleur-argent","12":"first","13":"instock","14":"sold-individually","15":"purchasable","16":"product-type-simple"},"acf":{"website":true,"show_on_homepage":false,"brand_title":"Hegel","product_type":"H4 se","color":"Argent","subcolor":"","reserved_status":"0"},"_links":{"self":[{"href":"https:\/\/dev.freakuence.nl\/fr\/wp-json\/wp\/v2\/product\/333236","targetHints":{"allow":["GET"]}}],"collection":[{"href":"https:\/\/dev.freakuence.nl\/fr\/wp-json\/wp\/v2\/product"}],"about":[{"href":"https:\/\/dev.freakuence.nl\/fr\/wp-json\/wp\/v2\/types\/product"}],"wp:featuredmedia":[{"embeddable":true,"href":"https:\/\/dev.freakuence.nl\/fr\/wp-json\/wp\/v2\/media\/386599"}],"wp:attachment":[{"href":"https:\/\/dev.freakuence.nl\/fr\/wp-json\/wp\/v2\/media?parent=333236"}],"wp:term":[{"taxonomy":"product_brand","embeddable":true,"href":"https:\/\/dev.freakuence.nl\/fr\/wp-json\/wp\/v2\/product_brand?post=333236"},{"taxonomy":"product_cat","embeddable":true,"href":"https:\/\/dev.freakuence.nl\/fr\/wp-json\/wp\/v2\/product_cat?post=333236"},{"taxonomy":"product_tag","embeddable":true,"href":"https:\/\/dev.freakuence.nl\/fr\/wp-json\/wp\/v2\/product_tag?post=333236"}],"curies":[{"name":"wp","href":"https:\/\/api.w.org\/{rel}","templated":true}]}}