{"id":333242,"date":"2026-01-21T14:08:23","date_gmt":"2026-01-21T13:08:23","guid":{"rendered":"https:\/\/freakuence.nl\/product\/kef-ls60-sans-fil-2\/"},"modified":"2026-03-06T14:02:05","modified_gmt":"2026-03-06T13:02:05","slug":"kef-ls60-sans-fil-2","status":"publish","type":"product","link":"https:\/\/dev.freakuence.nl\/fr\/produit\/kef-ls60-sans-fil-2\/","title":{"rendered":"KEF LS60 sans fil"},"content":{"rendered":"<div class=\"product-specifications-list\">\n<div class=\"specification-item row-header\"><span class=\"spec-content\"><strong>Description Freakuence !<\/strong><\/span><\/div>\n<div class=\"specification-item row-even\"><span class=\"spec-content\">Le LS60 Wireless est extr\u00eamement populaire. Un ensemble actif ! Des amplificateurs puissants, r\u00e9gl\u00e9s avec pr\u00e9cision sur les appareils. Une image exceptionnelle. Facile \u00e0 utiliser ! La lecture est grande et spacieuse, avec un bas de gamme impressionnant et d\u00e9taill\u00e9. La lecture est concentr\u00e9e et coh\u00e9rente, sans distorsion temporelle ni probl\u00e8me de phase.      <\/span><\/div>\n<div class=\"specification-item row-odd\"><span class=\"spec-content\">Prix de vente au d\u00e9tail : 5 499,00<\/span><\/div>\n<div class=\"specification-item row-header\"><span class=\"spec-content\"><strong>Description g\u00e9n\u00e9rale<\/strong><\/span><\/div>\n<div class=\"specification-item row-even\"><span class=\"spec-content\">Ces enceintes colonnes combinent des technologies avanc\u00e9es pour une reproduction sonore pr\u00e9cise et naturelle. Le r\u00e9seau de haut-parleurs Uni-Q de 12e g\u00e9n\u00e9ration agit comme une source ponctuelle unique, ce qui se traduit par une dispersion coh\u00e9rente des moyennes et hautes fr\u00e9quences. La technologie d&rsquo;absorption par m\u00e9tamat\u00e9riaux (MAT) absorbe 99 % des sons ind\u00e9sirables \u00e0 l&rsquo;arri\u00e8re du haut-parleur, minimisant ainsi la distorsion. La technologie Uni-Core utilise deux paires de woofers lat\u00e9raux dans un dispositif de suppression de puissance, garantissant une r\u00e9ponse profonde et contr\u00f4l\u00e9e des basses. Le moteur d&rsquo;int\u00e9grit\u00e9 musicale optimise la synchronisation et la phase du son, contribuant ainsi \u00e0 une reproduction pr\u00e9cise du signal audio original. Avec la prise en charge du streaming jusqu&rsquo;\u00e0 24bit\/384kHz et la compatibilit\u00e9 avec le Wi-Fi, Apple AirPlay 2, Google Chromecast et Bluetooth, ces enceintes offrent des options de connectivit\u00e9 \u00e9tendues. Il existe \u00e9galement des connexions pour HDMI eARC, optique, coaxiale et RCA analogique, permettant l&rsquo;int\u00e9gration de diverses sources audio.      <\/span><\/div>\n<div class=\"specification-item row-header\"><span class=\"spec-content\"><strong>Informations g\u00e9n\u00e9rales<\/strong><\/span><\/div>\n<div class=\"specification-item row-even\"><span class=\"spec-content\">Le KEF R3 Meta est con\u00e7u selon la philosophie acoustique de KEF : un son clair et pr\u00e9cis avec une distorsion minimale. Le haut-parleur est \u00e9quip\u00e9 du tout dernier ensemble de haut-parleurs Uni-Q avec la technologie d&rsquo;absorption par m\u00e9tamat\u00e9riaux (MAT), qui absorbe les r\u00e9sonances ind\u00e9sirables jusqu&rsquo;\u00e0 99 %. Le coffret est renforc\u00e9 par la technologie Constrained Layer Damping pour r\u00e9duire les vibrations. D\u00e9velopp\u00e9 par l&rsquo;\u00e9quipe acoustique de KEF dirig\u00e9e par Jack Oclee-Brown.   <\/span><\/div>\n<div class=\"specification-item row-header\"><span class=\"spec-content\"><strong>Histoire de la marque<\/strong><\/span><\/div>\n<div class=\"specification-item row-even\"><span class=\"spec-content\">KEF a \u00e9t\u00e9 fond\u00e9e en 1961 \u00e0 Maidstone, dans le Kent, par Raymond Cooke, ancien chef de piste de la BBC. Le nom est d\u00e9riv\u00e9 de Kent Engineering &amp; Foundry, le site sur lequel se trouvait son premier si\u00e8ge social. Au cours de ses premi\u00e8res ann\u00e9es d&rsquo;existence, la soci\u00e9t\u00e9 a d\u00e9velopp\u00e9 des produits en utilisant des mat\u00e9riaux synth\u00e9tiques et des mod\u00e8les math\u00e9matiques. En 1973, KEF introduit le concept de r\u00e9f\u00e9rence, dans lequel chaque paire de syst\u00e8mes est appari\u00e9e \u00e9lectroniquement. Dans les ann\u00e9es 1980, KEF utilise les technologies num\u00e9riques pour optimiser la production. En 1988, le premier syst\u00e8me de mesure acoustique assist\u00e9 par ordinateur est utilis\u00e9. La technologie des haut-parleurs Uni-Q a \u00e9t\u00e9 introduite en 1988 et a depuis \u00e9t\u00e9 utilis\u00e9e dans plusieurs mod\u00e8les. KEF a collabor\u00e9 avec des designers externes, notamment Ross Lovegrove. En 2011, le Blade a \u00e9t\u00e9 lanc\u00e9, le premier mod\u00e8le bas\u00e9 sur le concept de source \u00e0 point unique. KEF poss\u00e8de des bureaux dans le monde entier, notamment \u00e0 Hong Kong, en Allemagne, en France, au Japon et aux \u00c9tats-Unis. Son si\u00e8ge social et son d\u00e9partement de recherche acoustique se trouvent \u00e0 Maidstone.          <\/span><\/div>\n<\/div>\n","protected":false},"excerpt":{"rendered":"<p>Description Freakuence ! Le LS60 Wireless est extr\u00eamement populaire. Un ensemble actif ! Des amplificateurs puissants, r\u00e9gl\u00e9s avec pr\u00e9cision sur les appareils. Une image exceptionnelle. Facile \u00e0 utiliser ! La lecture est grande et spacieuse, avec un bas de gamme impressionnant et d\u00e9taill\u00e9. La lecture est concentr\u00e9e et coh\u00e9rente, sans distorsion temporelle ni probl\u00e8me de [&hellip;]<\/p>\n","protected":false},"featured_media":359249,"template":"","meta":{"_acf_changed":false,"inline_featured_image":false},"product_brand":[],"product_cat":[543],"product_tag":[565],"class_list":{"0":"post-333242","1":"product","2":"type-product","3":"status-publish","4":"has-post-thumbnail","6":"product_cat-intervenants","7":"product_tag-nouveau","8":"pa_kleur-blanc","10":"first","11":"instock","12":"sold-individually","13":"purchasable","14":"product-type-simple"},"acf":{"website":true,"show_on_homepage":false,"brand_title":"KEF","product_type":"LS60 Wireless","color":"Blanc","subcolor":"","reserved_status":"0"},"_links":{"self":[{"href":"https:\/\/dev.freakuence.nl\/fr\/wp-json\/wp\/v2\/product\/333242","targetHints":{"allow":["GET"]}}],"collection":[{"href":"https:\/\/dev.freakuence.nl\/fr\/wp-json\/wp\/v2\/product"}],"about":[{"href":"https:\/\/dev.freakuence.nl\/fr\/wp-json\/wp\/v2\/types\/product"}],"wp:featuredmedia":[{"embeddable":true,"href":"https:\/\/dev.freakuence.nl\/fr\/wp-json\/wp\/v2\/media\/359249"}],"wp:attachment":[{"href":"https:\/\/dev.freakuence.nl\/fr\/wp-json\/wp\/v2\/media?parent=333242"}],"wp:term":[{"taxonomy":"product_brand","embeddable":true,"href":"https:\/\/dev.freakuence.nl\/fr\/wp-json\/wp\/v2\/product_brand?post=333242"},{"taxonomy":"product_cat","embeddable":true,"href":"https:\/\/dev.freakuence.nl\/fr\/wp-json\/wp\/v2\/product_cat?post=333242"},{"taxonomy":"product_tag","embeddable":true,"href":"https:\/\/dev.freakuence.nl\/fr\/wp-json\/wp\/v2\/product_tag?post=333242"}],"curies":[{"name":"wp","href":"https:\/\/api.w.org\/{rel}","templated":true}]}}