{"id":341484,"date":"2026-01-21T11:24:09","date_gmt":"2026-01-21T10:24:09","guid":{"rendered":"https:\/\/freakuence.nl\/product\/dynaudio-heritage\/"},"modified":"2026-03-10T06:15:47","modified_gmt":"2026-03-10T05:15:47","slug":"dynaudio-heritage","status":"publish","type":"product","link":"https:\/\/dev.freakuence.nl\/fr\/produit\/dynaudio-heritage\/","title":{"rendered":"Dynaudio Heritage"},"content":{"rendered":"<div class=\"product-specifications-list\">\n<div class=\"specification-item row-header\"><span class=\"spec-content\"><strong>Description Freakuence !<\/strong><\/span><\/div>\n<div class=\"specification-item row-even\"><span class=\"spec-content\">Beaucoup de profondeur et de silence, c&rsquo;est ce que ces enceintes vous apportent. Beaucoup de bas-fond, ce qui permet aux m\u00e9diums de ressortir en force. Les m\u00e9diums sont tout sauf g\u00eanants, il y a beaucoup de profondeur. L&rsquo;aigu est d&rsquo;une rondeur velout\u00e9e.   <\/span><\/div>\n<div class=\"specification-item row-odd\"><span class=\"spec-content\">Prix de vente au d\u00e9tail : 6 000,00<\/span><\/div>\n<div class=\"specification-item row-header\"><span class=\"spec-content\"><strong>D\u00e9tails<\/strong><\/span><\/div>\n<div class=\"specification-item row-even\"><span class=\"spec-content\">Ils se trouvent au stand 20 de Dynaudio.<\/span><\/div>\n<div class=\"specification-item row-header\"><span class=\"spec-content\"><strong>Description g\u00e9n\u00e9rale<\/strong><\/span><\/div>\n<div class=\"specification-item row-even\"><span class=\"spec-content\">Le Dynaudio Heritage Special rend hommage aux enceintes classiques, avec un look r\u00e9tro et une technologie moderne.  <\/p>\n<p>Avec une enceinte en MDF de 19 mm d&rsquo;\u00e9paisseur recouverte d&rsquo;un placage durable en noyer am\u00e9ricain, cette enceinte offre une construction solide.  <\/p>\n<p>Le Heritage Special est \u00e9quip\u00e9 du tweeter Esotar 3 de Dynaudio et d&rsquo;un woofer MSP de 18 cm, garantissant une sc\u00e8ne sonore \u00e9quilibr\u00e9e et d\u00e9taill\u00e9e.  <\/p>\n<p>Avec seulement 2 500 paires produites dans le monde entier, le Heritage Special est un choix exclusif pour les amateurs de son de haute qualit\u00e9.<\/span><\/div>\n<div class=\"specification-item row-header\"><span class=\"spec-content\"><strong>Informations g\u00e9n\u00e9rales<\/strong><\/span><\/div>\n<div class=\"specification-item row-even\"><span class=\"spec-content\">Le Dynaudio Heritage Special est fabriqu\u00e9 \u00e0 la main \u00e0 Skanderborg, au Danemark, en \u00e9dition limit\u00e9e. D\u00e9velopp\u00e9e par des ing\u00e9nieurs Dynaudio exp\u00e9riment\u00e9s comme Daniel Emonts, elle combine un look classique avec une ing\u00e9nierie haut de gamme. Il utilise des tweeters Esotar 3, des midwoofers MSP et des condensateurs Mundorf, avec un c\u00e2blage interne r\u00e9alis\u00e9 par van den Hul. Le coffret est en noyer am\u00e9ricain v\u00e9ritable, soigneusement plaqu\u00e9 et fini.   <\/span><\/div>\n<div class=\"specification-item row-header\"><span class=\"spec-content\"><strong>Histoire de la marque<\/strong><\/span><\/div>\n<div class=\"specification-item row-even\"><span class=\"spec-content\">Fond\u00e9e en 1977 \u00e0 Skanderborg, au Danemark, par un groupe d&rsquo;ing\u00e9nieurs, cette marque est connue pour son attachement \u00e0 la pr\u00e9cision et \u00e0 la qualit\u00e9 du son. L&rsquo;un des fondateurs, Wilfried Ehrenholz, a jou\u00e9 un r\u00f4le crucial dans le d\u00e9veloppement technique des produits. D\u00e8s le d\u00e9but, l&rsquo;entreprise s&rsquo;est attach\u00e9e \u00e0 concevoir et \u00e0 produire des enceintes qui excellent dans la pr\u00e9cision et le d\u00e9tail, une philosophie profond\u00e9ment enracin\u00e9e dans ses recherches sur l&rsquo;acoustique et l&rsquo;innovation technique.  <\/p>\n<p>Ce qui rend cette marque unique, c&rsquo;est que son expertise ne se limite pas \u00e0 ses propres produits. Ses composants de haut-parleurs, tels que les haut-parleurs et les tweeters, sont utilis\u00e9s par de nombreuses autres marques dans le monde entier, ce qui t\u00e9moigne de leur fiabilit\u00e9 et de leur niveau d&rsquo;exigence. Ces composants sont appr\u00e9ci\u00e9s pour leurs performances techniques et la contribution qu&rsquo;ils apportent au son des diff\u00e9rents produits audio.  <\/p>\n<p>L&rsquo;\u00e9quipe derri\u00e8re la marque est compos\u00e9e d&rsquo;ing\u00e9nieurs et de techniciens passionn\u00e9s qui partagent l&rsquo;amour de la musique et de la technologie. Cette passion est le moteur de leur qu\u00eate permanente de la perfection sonore. Leur travail a influenc\u00e9 non seulement leur propre ligne de produits, mais aussi le monde audio au sens large, o\u00f9 leurs composants font partie int\u00e9grante de nombreux syst\u00e8mes d&rsquo;enceintes renomm\u00e9s.  <\/span><\/div>\n<\/div>\n","protected":false},"excerpt":{"rendered":"<p>Description Freakuence ! Beaucoup de profondeur et de silence, c&rsquo;est ce que ces enceintes vous apportent. Beaucoup de bas-fond, ce qui permet aux m\u00e9diums de ressortir en force. Les m\u00e9diums sont tout sauf g\u00eanants, il y a beaucoup de profondeur. L&rsquo;aigu est d&rsquo;une rondeur velout\u00e9e. Prix de vente au d\u00e9tail : 6 000,00 D\u00e9tails Ils [&hellip;]<\/p>\n","protected":false},"featured_media":340757,"template":"","meta":{"_acf_changed":false,"inline_featured_image":false},"product_brand":[],"product_cat":[917],"product_tag":[533],"class_list":{"0":"post-341484","1":"product","2":"type-product","3":"status-publish","4":"has-post-thumbnail","6":"product_cat-alle-producten","7":"product_tag-used","8":"pa_kleur-marron","10":"first","11":"outofstock","12":"sold-individually","13":"purchasable","14":"product-type-simple"},"acf":{"website":true,"show_on_homepage":false,"brand_title":"Dynaudio","product_type":"Heritage","color":"Marron","subcolor":"","reserved_status":"1"},"_links":{"self":[{"href":"https:\/\/dev.freakuence.nl\/fr\/wp-json\/wp\/v2\/product\/341484","targetHints":{"allow":["GET"]}}],"collection":[{"href":"https:\/\/dev.freakuence.nl\/fr\/wp-json\/wp\/v2\/product"}],"about":[{"href":"https:\/\/dev.freakuence.nl\/fr\/wp-json\/wp\/v2\/types\/product"}],"wp:featuredmedia":[{"embeddable":true,"href":"https:\/\/dev.freakuence.nl\/fr\/wp-json\/wp\/v2\/media\/340757"}],"wp:attachment":[{"href":"https:\/\/dev.freakuence.nl\/fr\/wp-json\/wp\/v2\/media?parent=341484"}],"wp:term":[{"taxonomy":"product_brand","embeddable":true,"href":"https:\/\/dev.freakuence.nl\/fr\/wp-json\/wp\/v2\/product_brand?post=341484"},{"taxonomy":"product_cat","embeddable":true,"href":"https:\/\/dev.freakuence.nl\/fr\/wp-json\/wp\/v2\/product_cat?post=341484"},{"taxonomy":"product_tag","embeddable":true,"href":"https:\/\/dev.freakuence.nl\/fr\/wp-json\/wp\/v2\/product_tag?post=341484"}],"curies":[{"name":"wp","href":"https:\/\/api.w.org\/{rel}","templated":true}]}}