{"id":341647,"date":"2026-01-28T11:41:30","date_gmt":"2026-01-28T10:41:30","guid":{"rendered":"https:\/\/freakuence.nl\/product\/atma-sphere-classe-d\/"},"modified":"2026-04-08T20:22:38","modified_gmt":"2026-04-08T18:22:38","slug":"atma-sphere-classe-d","status":"publish","type":"product","link":"https:\/\/dev.freakuence.nl\/fr\/produit\/atma-sphere-classe-d\/","title":{"rendered":"Atma-Sphere Classe D"},"content":{"rendered":"<div class=\"product-specifications-list\">\n<div class=\"specification-item row-header\"><span class=\"spec-content\"><strong>Description Freakuence !<\/strong><\/span><\/div>\n<div class=\"specification-item row-even\"><span class=\"spec-content\">Avec un affichage transparent et dynamique, cet ensemble vous fait bouger. N&rsquo;h\u00e9sitez pas \u00e0 danser, mais restez silencieux pendant que votre pied bouge. Les basses sont serr\u00e9es et contr\u00f4l\u00e9es, tandis que les m\u00e9diums et les aigus sont raffin\u00e9s. Une centrale de classe D d\u00e9licate et empathique.   <\/span><\/div>\n<div class=\"specification-item row-header\"><span class=\"spec-content\"><strong>Description g\u00e9n\u00e9rale<\/strong><\/span><\/div>\n<div class=\"specification-item row-even\"><span class=\"spec-content\">Les monoblocs Atma-Sphere de classe D combinent les qualit\u00e9s musicales des amplificateurs \u00e0 tubes avec l&rsquo;efficacit\u00e9 et la pr\u00e9cision de la technologie \u00e0 semi-conducteurs. Gr\u00e2ce \u00e0 l&rsquo;utilisation de transistors de sortie GaNFET, ces amplificateurs offrent une restitution fluide et d\u00e9taill\u00e9e, avec de faibles niveaux de distorsion et une grande efficacit\u00e9 \u00e9nerg\u00e9tique.   <\/p>\n<p>La conception a \u00e9t\u00e9 enti\u00e8rement d\u00e9velopp\u00e9e en interne, sans utiliser de modules externes, ce qui garantit une signature unique. Les amplificateurs sont \u00e9quip\u00e9s d&rsquo;entr\u00e9es asym\u00e9triques et sym\u00e9triques, ce qui permet de les utiliser dans diff\u00e9rents syst\u00e8mes audio.   <\/p>\n<p>Avec un ch\u00e2ssis robuste et une finition Wrinkletex\u2122 classique, les monoblocs sont non seulement fonctionnels mais aussi esth\u00e9tiques. Con\u00e7us pour \u00eatre stables dans diverses conditions de charge et d&rsquo;entr\u00e9e, ils sont dot\u00e9s d&rsquo;une protection contre les surintensit\u00e9s pour prot\u00e9ger \u00e0 la fois l&rsquo;amplificateur et les enceintes.   <\/p>\n<p>Adapt\u00e9s \u00e0 une large gamme d&rsquo;enceintes, les amplificateurs de classe D Atma-Sphere offrent une combinaison de technologies traditionnelles et modernes pour une exp\u00e9rience d&rsquo;\u00e9coute de haute qualit\u00e9.<\/span><\/div>\n<div class=\"specification-item row-header\"><span class=\"spec-content\"><strong>Informations g\u00e9n\u00e9rales<\/strong><\/span><\/div>\n<div class=\"specification-item row-even\"><span class=\"spec-content\">Con\u00e7us par Ralph Karsten, les monoblocs Atma-Sphere de classe D combinent l&rsquo;efficacit\u00e9 de la classe D avec la sophistication sonore des conceptions \u00e0 tubes traditionnelles. L&rsquo;amplificateur utilise la technologie GaNFET pour une commutation ultra rapide et une faible distorsion. Tout est fabriqu\u00e9 en interne aux \u00c9tats-Unis, avec des composants soigneusement s\u00e9lectionn\u00e9s, des circuits imprim\u00e9s de haute qualit\u00e9 et un c\u00e2blage interne pour une int\u00e9grit\u00e9 optimale du signal.  <\/span><\/div>\n<div class=\"specification-item row-header\"><span class=\"spec-content\"><strong>Histoire de la marque<\/strong><\/span><\/div>\n<div class=\"specification-item row-even\"><span class=\"spec-content\">Atma-Sphere a \u00e9t\u00e9 fond\u00e9e en 1976 par Ralph Karsten. En 1989, la soci\u00e9t\u00e9 a d\u00e9velopp\u00e9 le premier amplificateur OTL (Output Transformerless) enti\u00e8rement sym\u00e9trique, le MA-1. Des mod\u00e8les ult\u00e9rieurs tels que le MA-2 et le M-60 ont \u00e9galement \u00e9t\u00e9 introduits. Atma-Sphere utilise des circuits sans contre-r\u00e9action et applique des topologies sym\u00e9triques. Le premier pr\u00e9ampli de la marque, le MP-1, a \u00e9t\u00e9 introduit en 1989 et a \u00e9t\u00e9 con\u00e7u pour faire partie d&rsquo;un syst\u00e8me enti\u00e8rement \u00e9quilibr\u00e9. Les conceptions sont bas\u00e9es sur les principes de la publication originale de Karsten de 1975 sur l&rsquo;amplification \u00e9quilibr\u00e9e. L&rsquo;entreprise fabrique des produits qui utilisent principalement la technologie des tubes et travaille avec des composants c\u00e2bl\u00e9s \u00e0 la main. Les produits sont fabriqu\u00e9s aux \u00c9tats-Unis.       <\/span><\/div>\n<\/div>\n","protected":false},"excerpt":{"rendered":"<p>Description Freakuence ! Avec un affichage transparent et dynamique, cet ensemble vous fait bouger. N&rsquo;h\u00e9sitez pas \u00e0 danser, mais restez silencieux pendant que votre pied bouge. Les basses sont serr\u00e9es et contr\u00f4l\u00e9es, tandis que les m\u00e9diums et les aigus sont raffin\u00e9s. Une centrale de classe D d\u00e9licate et empathique. Description g\u00e9n\u00e9rale Les monoblocs Atma-Sphere de [&hellip;]<\/p>\n","protected":false},"featured_media":403458,"template":"","meta":{"_acf_changed":false,"inline_featured_image":false},"product_brand":[],"product_cat":[530,747,746],"product_tag":[533],"class_list":{"0":"post-341647","1":"product","2":"type-product","3":"status-publish","4":"has-post-thumbnail","6":"product_cat-amplificateurs","7":"product_cat-amplificateurs-de-classe-d","8":"product_cat-amplificateurs-de-puissance","9":"product_tag-used","10":"pa_kleur-argent","12":"first","13":"instock","14":"sold-individually","15":"purchasable","16":"product-type-simple"},"acf":{"website":true,"show_on_homepage":false,"brand_title":"Atma-Sphere","product_type":"Class D","color":"Argent","subcolor":"","reserved_status":"0"},"_links":{"self":[{"href":"https:\/\/dev.freakuence.nl\/fr\/wp-json\/wp\/v2\/product\/341647","targetHints":{"allow":["GET"]}}],"collection":[{"href":"https:\/\/dev.freakuence.nl\/fr\/wp-json\/wp\/v2\/product"}],"about":[{"href":"https:\/\/dev.freakuence.nl\/fr\/wp-json\/wp\/v2\/types\/product"}],"wp:featuredmedia":[{"embeddable":true,"href":"https:\/\/dev.freakuence.nl\/fr\/wp-json\/wp\/v2\/media\/403458"}],"wp:attachment":[{"href":"https:\/\/dev.freakuence.nl\/fr\/wp-json\/wp\/v2\/media?parent=341647"}],"wp:term":[{"taxonomy":"product_brand","embeddable":true,"href":"https:\/\/dev.freakuence.nl\/fr\/wp-json\/wp\/v2\/product_brand?post=341647"},{"taxonomy":"product_cat","embeddable":true,"href":"https:\/\/dev.freakuence.nl\/fr\/wp-json\/wp\/v2\/product_cat?post=341647"},{"taxonomy":"product_tag","embeddable":true,"href":"https:\/\/dev.freakuence.nl\/fr\/wp-json\/wp\/v2\/product_tag?post=341647"}],"curies":[{"name":"wp","href":"https:\/\/api.w.org\/{rel}","templated":true}]}}