{"id":341712,"date":"2026-01-28T12:04:19","date_gmt":"2026-01-28T11:04:19","guid":{"rendered":"https:\/\/freakuence.nl\/product\/lumin-t2\/"},"modified":"2026-04-10T09:07:16","modified_gmt":"2026-04-10T07:07:16","slug":"lumin-t2","status":"publish","type":"product","link":"https:\/\/dev.freakuence.nl\/fr\/produit\/lumin-t2\/","title":{"rendered":"LUMIN T2"},"content":{"rendered":"<div class=\"product-specifications-list\">\n<div class=\"specification-item row-header\"><span class=\"spec-content\"><strong>Description Freakuence !<\/strong><\/span><\/div>\n<div class=\"specification-item row-even\"><span class=\"spec-content\">Dac de streaming extr\u00eamement riche en d\u00e9tails de Lumin. Joue richement, sans les bords num\u00e9riques communs \u00e0 de nombreux dacs simples. Il donne la priorit\u00e9 aux voix, en voulant que tout soit entendu. Il n&rsquo;est pas intrusif, mais tr\u00e8s clair.   <\/span><\/div>\n<div class=\"specification-item row-odd\"><span class=\"spec-content\">Prix de vente au d\u00e9tail : 4499.00<\/span><\/div>\n<div class=\"specification-item row-header\"><span class=\"spec-content\"><strong>D\u00e9tails<\/strong><\/span><\/div>\n<div class=\"specification-item row-even\"><span class=\"spec-content\">Avec l&rsquo;alimentation Farad Super 3 et le c\u00e2ble Level 2. Oui, cela fait une tr\u00e8s belle diff\u00e9rence. <\/span><\/div>\n<div class=\"specification-item row-header\"><span class=\"spec-content\"><strong>Description g\u00e9n\u00e9rale<\/strong><\/span><\/div>\n<div class=\"specification-item row-even\"><span class=\"spec-content\">Ce syst\u00e8me musical prend en charge le DSD natif jusqu&rsquo;\u00e0 DSD512 (22,6 MHz) et le PCM jusqu&rsquo;\u00e0 384 kHz, en st\u00e9r\u00e9o 16-32 bits. Il est dot\u00e9 d&rsquo;une conception double mono avec deux puces DAC ESS SABRE32 ES9028PRO et un \u00e9tage de sortie analogique enti\u00e8rement sym\u00e9trique. Les sorties analogiques comprennent des connexions XLR sym\u00e9triques (6Vrms) et RCA asym\u00e9triques (3Vrms). Des sorties num\u00e9riques sont \u00e9galement disponibles : une sortie audio USB prenant en charge le DSD512 natif et le PCM jusqu&rsquo;\u00e0 384 kHz, et une sortie BNC SPDIF pour le PCM jusqu&rsquo;\u00e0 192 kHz et le DSD (DoP) jusqu&rsquo;\u00e0 2,8 MHz. Le syst\u00e8me offre une prise en charge native des services de streaming tels que TIDAL, MQA, Qobuz et TuneIn Radio. Le bo\u00eetier est fabriqu\u00e9 en aluminium de pr\u00e9cision usin\u00e9 par CNC et comprend une alimentation interne blind\u00e9e qui commute automatiquement entre 100 et 240 V CA.     <\/span><\/div>\n<div class=\"specification-item row-header\"><span class=\"spec-content\"><strong>Informations g\u00e9n\u00e9rales<\/strong><\/span><\/div>\n<div class=\"specification-item row-even\"><span class=\"spec-content\">Le LUMIN T2 est con\u00e7u selon une approche audio sans compromis, avec deux DAC ES9028Pro pour une conversion pr\u00e9cise et une architecture enti\u00e8rement \u00e9quilibr\u00e9e. Le bo\u00eetier est usin\u00e9 CNC en aluminium massif, ce qui amortit les r\u00e9sonances et assure la stabilit\u00e9 thermique. Les composants internes sont soigneusement s\u00e9lectionn\u00e9s pour une transparence maximale. Le d\u00e9veloppement et la production ont lieu \u00e0 Hong Kong.   <\/span><\/div>\n<div class=\"specification-item row-header\"><span class=\"spec-content\"><strong>Histoire de la marque<\/strong><\/span><\/div>\n<div class=\"specification-item row-even\"><span class=\"spec-content\">En 2012, LUMIN a pr\u00e9sent\u00e9 le premier lecteur r\u00e9seau au monde capable de lire des fichiers DSD. Apr\u00e8s deux ans de d\u00e9veloppement et des centaines d&rsquo;heures d&rsquo;\u00e9coute critique, ce produit a \u00e9t\u00e9 lanc\u00e9 avec un seul message sur un forum. Depuis, LUMIN a \u00e9largi sa gamme \u00e0 neuf mod\u00e8les, dans des gammes de prix vari\u00e9es. Tous les produits sont ax\u00e9s sur la lecture naturelle de la musique, le d\u00e9veloppement continu de logiciels et une exp\u00e9rience de streaming transparente. Ces derni\u00e8res ann\u00e9es, LUMIN a ajout\u00e9 la prise en charge de services tels que Roon, MQA et Spotify. En outre, l&rsquo;entreprise a introduit des fonctionnalit\u00e9s telles que le Leedh Processing, une technologie de contr\u00f4le du volume num\u00e9rique. LUMIN d\u00e9veloppe le mat\u00e9riel, le micrologiciel et le logiciel en interne, ce qui permet une mise en \u0153uvre rapide des nouvelles fonctionnalit\u00e9s.      <\/span><\/div>\n<\/div>\n","protected":false},"excerpt":{"rendered":"<p>Description Freakuence ! Dac de streaming extr\u00eamement riche en d\u00e9tails de Lumin. Joue richement, sans les bords num\u00e9riques communs \u00e0 de nombreux dacs simples. Il donne la priorit\u00e9 aux voix, en voulant que tout soit entendu. Il n&rsquo;est pas intrusif, mais tr\u00e8s clair. Prix de vente au d\u00e9tail : 4499.00 D\u00e9tails Avec l&rsquo;alimentation Farad Super [&hellip;]<\/p>\n","protected":false},"featured_media":387305,"template":"","meta":{"_acf_changed":false,"inline_featured_image":false},"product_brand":[],"product_cat":[689,742],"product_tag":[533],"class_list":{"0":"post-341712","1":"product","2":"type-product","3":"status-publish","4":"has-post-thumbnail","6":"product_cat-sources-dinformation","7":"product_cat-streamers","8":"product_tag-used","9":"pa_kleur-noir","11":"first","12":"instock","13":"sold-individually","14":"purchasable","15":"product-type-simple"},"acf":{"website":true,"show_on_homepage":false,"brand_title":"LUMIN","product_type":"T2","color":"Noir","subcolor":"","reserved_status":"0"},"_links":{"self":[{"href":"https:\/\/dev.freakuence.nl\/fr\/wp-json\/wp\/v2\/product\/341712","targetHints":{"allow":["GET"]}}],"collection":[{"href":"https:\/\/dev.freakuence.nl\/fr\/wp-json\/wp\/v2\/product"}],"about":[{"href":"https:\/\/dev.freakuence.nl\/fr\/wp-json\/wp\/v2\/types\/product"}],"wp:featuredmedia":[{"embeddable":true,"href":"https:\/\/dev.freakuence.nl\/fr\/wp-json\/wp\/v2\/media\/387305"}],"wp:attachment":[{"href":"https:\/\/dev.freakuence.nl\/fr\/wp-json\/wp\/v2\/media?parent=341712"}],"wp:term":[{"taxonomy":"product_brand","embeddable":true,"href":"https:\/\/dev.freakuence.nl\/fr\/wp-json\/wp\/v2\/product_brand?post=341712"},{"taxonomy":"product_cat","embeddable":true,"href":"https:\/\/dev.freakuence.nl\/fr\/wp-json\/wp\/v2\/product_cat?post=341712"},{"taxonomy":"product_tag","embeddable":true,"href":"https:\/\/dev.freakuence.nl\/fr\/wp-json\/wp\/v2\/product_tag?post=341712"}],"curies":[{"name":"wp","href":"https:\/\/api.w.org\/{rel}","templated":true}]}}