{"id":341830,"date":"2026-01-28T12:54:48","date_gmt":"2026-01-28T11:54:48","guid":{"rendered":"https:\/\/freakuence.nl\/product\/sbooster-botw-pp-eco-mkii-15-16v\/"},"modified":"2026-04-08T11:45:29","modified_gmt":"2026-04-08T09:45:29","slug":"sbooster-botw-pp-eco-mkii-15-16v","status":"publish","type":"product","link":"https:\/\/dev.freakuence.nl\/fr\/produit\/sbooster-botw-pp-eco-mkii-15-16v\/","title":{"rendered":"SBooster BOTW P&amp;P ECO 15-16V (MKI)"},"content":{"rendered":"<div class=\"product-specifications-list\">\n<div class=\"specification-item row-header\"><span class=\"spec-content\"><strong>Description Freakuence !<\/strong><\/span><\/div>\n<div class=\"specification-item row-even\"><span class=\"spec-content\">Le SBooster BOTW P&amp;P ECO 15-16V (MKI) est une alimentation lin\u00e9aire externe qui remplace votre adaptateur de commutation standard. Il en r\u00e9sulte une alimentation plus propre, am\u00e9liorant les performances de votre \u00e9quipement audio. Les utilisateurs remarquent que l&rsquo;image st\u00e9r\u00e9o devient plus large et plus profonde, ce qui permet de mieux distinguer les instruments. En outre, la clart\u00e9 est am\u00e9lior\u00e9e sans que le son ne soit clinique.   <\/span><\/div>\n<div class=\"specification-item row-header\"><span class=\"spec-content\"><strong>D\u00e9tails<\/strong><\/span><\/div>\n<div class=\"specification-item row-even\"><span class=\"spec-content\">Vous cherchez un autre mod\u00e8le de la s\u00e9rie actuelle de la marque ? Envoyez-nous un message !  Nous aimons en faire quelque chose d&rsquo;amusant.<\/span><\/div>\n<div class=\"specification-item row-header\"><span class=\"spec-content\"><strong>Description g\u00e9n\u00e9rale<\/strong><\/span><\/div>\n<div class=\"specification-item row-even\"><span class=\"spec-content\">Le SBooster BOTW P&amp;P ECO 15-16V (MKI) est une alimentation lin\u00e9aire de haute qualit\u00e9 con\u00e7ue pour optimiser les performances de votre \u00e9quipement audio. Le remplacement de l&rsquo;adaptateur de commutation standard par cette alimentation lin\u00e9aire am\u00e9liore la reproduction du son, avec une sc\u00e8ne sonore plus claire et plus de d\u00e9tails dans le son. <\/p>\n<p>Cette alimentation est compatible avec une grande vari\u00e9t\u00e9 d&rsquo;appareils audio, y compris les lecteurs de musique et les convertisseurs num\u00e9riques-analogiques. Gr\u00e2ce \u00e0 son alimentation stable et propre, le SBooster BOTW P&amp;P ECO 15-16V (MKI) contribue \u00e0 une image st\u00e9r\u00e9o plus pr\u00e9cise et \u00e0 un son plus dynamique. <\/p>\n<p>Vous voulez d\u00e9couvrir par vous-m\u00eame comment le SBooster BOTW P&amp;P ECO 15-16V (MKI) peut am\u00e9liorer la qualit\u00e9 sonore de votre syst\u00e8me ? Planifiez une s\u00e9ance d&rsquo;\u00e9coute dans notre salle d&rsquo;\u00e9coute ou contactez-nous pour discuter des possibilit\u00e9s. <\/span><\/div>\n<div class=\"specification-item row-header\"><span class=\"spec-content\"><strong>Informations g\u00e9n\u00e9rales<\/strong><\/span><\/div>\n<div class=\"specification-item row-even\"><span class=\"spec-content\">Le SBooster BOTW P&amp;P ECO 15-16V (MKI) est con\u00e7u pour fournir aux composants audio une alimentation propre et stable, contribuant ainsi \u00e0 am\u00e9liorer la qualit\u00e9 du son. L&rsquo;appareil utilise des composants de haute qualit\u00e9 tels que des c\u00e2bles et des condensateurs d\u00e9di\u00e9s \u00e0 l&rsquo;audio afin de minimiser les vibrations audio et les interf\u00e9rences \u00e9lectromagn\u00e9tiques. Le bo\u00eetier robuste en aluminium contribue \u00e0 la fois \u00e0 la durabilit\u00e9 et au design minimaliste. La production a lieu aux Pays-Bas, avec des mat\u00e9riaux locaux de haute qualit\u00e9.   <\/span><\/div>\n<div class=\"specification-item row-header\"><span class=\"spec-content\"><strong>Histoire de la marque<\/strong><\/span><\/div>\n<div class=\"specification-item row-even\"><span class=\"spec-content\">SBooster a \u00e9t\u00e9 fond\u00e9e en 2008 aux Pays-Bas. La marque d\u00e9veloppe et fabrique des alimentations lin\u00e9aires et des accessoires pour les appareils aliment\u00e9s en courant continu. Depuis 2015, SBooster propose uniquement des produits con\u00e7us et fabriqu\u00e9s sous son propre nom. Tous les produits sont d\u00e9velopp\u00e9s en collaboration avec des sp\u00e9cialistes europ\u00e9ens. La production quotidienne a lieu aux Pays-Bas. SBooster travaille exclusivement avec des fournisseurs de composants europ\u00e9ens. La marque propose des alimentations de remplacement pour plusieurs amplificateurs secteur courants et d&rsquo;autres appareils \u00e0 courant continu. Lors du d\u00e9veloppement des produits, la stabilit\u00e9 de l&rsquo;alimentation est essentielle.       <\/span><\/div>\n<\/div>\n","protected":false},"excerpt":{"rendered":"<p>Description Freakuence ! Le SBooster BOTW P&amp;P ECO 15-16V (MKI) est une alimentation lin\u00e9aire externe qui remplace votre adaptateur de commutation standard. Il en r\u00e9sulte une alimentation plus propre, am\u00e9liorant les performances de votre \u00e9quipement audio. Les utilisateurs remarquent que l&rsquo;image st\u00e9r\u00e9o devient plus large et plus profonde, ce qui permet de mieux distinguer les [&hellip;]<\/p>\n","protected":false},"featured_media":380269,"template":"","meta":{"_acf_changed":false,"inline_featured_image":false},"product_brand":[],"product_cat":[546,701],"product_tag":[533],"class_list":{"0":"post-341830","1":"product","2":"type-product","3":"status-publish","4":"has-post-thumbnail","6":"product_cat-alimentation-lineaire","7":"product_cat-ameliorations","8":"product_tag-used","9":"pa_kleur-chrome","11":"first","12":"instock","13":"sold-individually","14":"purchasable","15":"product-type-simple"},"acf":{"website":true,"show_on_homepage":false,"brand_title":"SBooster","product_type":"BOTW P&P ECO 15-16V (MKI)","color":"Chrome","subcolor":"","reserved_status":"0"},"yoast_head":"<!-- This site is optimized with the Yoast SEO plugin v25.9 - https:\/\/yoast.com\/wordpress\/plugins\/seo\/ -->\n<title>SBooster BOTW P&amp;P ECO 15-16V (MKI) | Freakuence!<\/title>\n<meta name=\"description\" content=\"Sbooster BOTW P&amp;P ECO 15-16V am\u00e9liore votre exp\u00e9rience audio avec une puissance propre et des performances efficaces. \u2713 HiFi neuve et d&#039;occasion \u2713 Note du client : 4.9 sur 5 \u2713 Reprise \u2713 Session d&#039;\u00e9coute\" \/>\n<meta name=\"robots\" content=\"noindex, follow, max-snippet:-1, max-image-preview:large, max-video-preview:-1\" \/>\n<meta property=\"og:locale\" content=\"fr_FR\" \/>\n<meta property=\"og:type\" content=\"article\" \/>\n<meta property=\"og:title\" content=\"SBooster BOTW P&amp;P ECO 15-16V (MKI) | Freakuence!\" \/>\n<meta property=\"og:description\" content=\"Sbooster BOTW P&amp;P ECO 15-16V am\u00e9liore votre exp\u00e9rience audio avec une puissance propre et des performances efficaces. \u2713 HiFi neuve et d&#039;occasion \u2713 Note du client : 4.9 sur 5 \u2713 Reprise \u2713 Session d&#039;\u00e9coute\" \/>\n<meta property=\"og:url\" content=\"https:\/\/dev.freakuence.nl\/fr\/produit\/sbooster-botw-pp-eco-mkii-15-16v\/\" \/>\n<meta property=\"og:site_name\" content=\"Freakuence!\" \/>\n<meta property=\"article:modified_time\" content=\"2026-04-08T09:45:29+00:00\" \/>\n<meta property=\"og:image\" content=\"https:\/\/dev.freakuence.nl\/wp-content\/uploads\/2026\/04\/17696012793465-16132-IMG9294.jpg\" \/>\n\t<meta property=\"og:image:width\" content=\"1800\" \/>\n\t<meta property=\"og:image:height\" content=\"1200\" \/>\n\t<meta property=\"og:image:type\" content=\"image\/jpeg\" \/>\n<meta name=\"twitter:card\" content=\"summary_large_image\" \/>\n<script type=\"application\/ld+json\" class=\"yoast-schema-graph\">{\"@context\":\"https:\/\/schema.org\",\"@graph\":[{\"@type\":\"WebPage\",\"@id\":\"https:\/\/dev.freakuence.nl\/fr\/produit\/sbooster-botw-pp-eco-mkii-15-16v\/\",\"url\":\"https:\/\/dev.freakuence.nl\/fr\/produit\/sbooster-botw-pp-eco-mkii-15-16v\/\",\"name\":\"SBooster BOTW P&amp;P ECO 15-16V (MKI) | Freakuence!\",\"isPartOf\":{\"@id\":\"https:\/\/dev.freakuence.nl\/fr\/#website\"},\"primaryImageOfPage\":{\"@id\":\"https:\/\/dev.freakuence.nl\/fr\/produit\/sbooster-botw-pp-eco-mkii-15-16v\/#primaryimage\"},\"image\":{\"@id\":\"https:\/\/dev.freakuence.nl\/fr\/produit\/sbooster-botw-pp-eco-mkii-15-16v\/#primaryimage\"},\"thumbnailUrl\":\"https:\/\/dev.freakuence.nl\/wp-content\/uploads\/2026\/04\/17696012793465-16132-IMG9294.jpg\",\"datePublished\":\"2026-01-28T11:54:48+00:00\",\"dateModified\":\"2026-04-08T09:45:29+00:00\",\"description\":\"Sbooster BOTW P&P ECO 15-16V am\u00e9liore votre exp\u00e9rience audio avec une puissance propre et des performances efficaces. \u2713 HiFi neuve et d'occasion \u2713 Note du client : 4.9 sur 5 \u2713 Reprise \u2713 Session d'\u00e9coute\",\"breadcrumb\":{\"@id\":\"https:\/\/dev.freakuence.nl\/fr\/produit\/sbooster-botw-pp-eco-mkii-15-16v\/#breadcrumb\"},\"inLanguage\":\"fr-FR\",\"potentialAction\":[{\"@type\":\"ReadAction\",\"target\":[\"https:\/\/dev.freakuence.nl\/fr\/produit\/sbooster-botw-pp-eco-mkii-15-16v\/\"]}]},{\"@type\":\"ImageObject\",\"inLanguage\":\"fr-FR\",\"@id\":\"https:\/\/dev.freakuence.nl\/fr\/produit\/sbooster-botw-pp-eco-mkii-15-16v\/#primaryimage\",\"url\":\"https:\/\/dev.freakuence.nl\/wp-content\/uploads\/2026\/04\/17696012793465-16132-IMG9294.jpg\",\"contentUrl\":\"https:\/\/dev.freakuence.nl\/wp-content\/uploads\/2026\/04\/17696012793465-16132-IMG9294.jpg\",\"width\":1800,\"height\":1200},{\"@type\":\"BreadcrumbList\",\"@id\":\"https:\/\/dev.freakuence.nl\/fr\/produit\/sbooster-botw-pp-eco-mkii-15-16v\/#breadcrumb\",\"itemListElement\":[{\"@type\":\"ListItem\",\"position\":1,\"name\":\"Accueil\",\"item\":\"https:\/\/dev.freakuence.nl\/fr\/\"},{\"@type\":\"ListItem\",\"position\":2,\"name\":\"Produits\",\"item\":\"https:\/\/dev.freakuence.nl\/fr\/produits\/\"},{\"@type\":\"ListItem\",\"position\":3,\"name\":\"SBooster BOTW P&amp;P ECO 15-16V (MKI)\"}]},{\"@type\":\"WebSite\",\"@id\":\"https:\/\/dev.freakuence.nl\/fr\/#website\",\"url\":\"https:\/\/dev.freakuence.nl\/fr\/\",\"name\":\"Freakuence!\",\"description\":\"Freakuence!\",\"publisher\":{\"@id\":\"https:\/\/dev.freakuence.nl\/fr\/#organization\"},\"alternateName\":\"Freakuence\",\"potentialAction\":[{\"@type\":\"SearchAction\",\"target\":{\"@type\":\"EntryPoint\",\"urlTemplate\":\"https:\/\/dev.freakuence.nl\/fr\/?s={search_term_string}\"},\"query-input\":{\"@type\":\"PropertyValueSpecification\",\"valueRequired\":true,\"valueName\":\"search_term_string\"}}],\"inLanguage\":\"fr-FR\"},{\"@type\":\"Organization\",\"@id\":\"https:\/\/dev.freakuence.nl\/fr\/#organization\",\"name\":\"Freakuence !\",\"url\":\"https:\/\/dev.freakuence.nl\/fr\/\",\"logo\":{\"@type\":\"ImageObject\",\"inLanguage\":\"fr-FR\",\"@id\":\"https:\/\/dev.freakuence.nl\/fr\/#\/schema\/logo\/image\/\",\"url\":\"https:\/\/dev.freakuence.nl\/wp-content\/uploads\/2022\/05\/Brown_3_RGB_Freakuence-1.png\",\"contentUrl\":\"https:\/\/dev.freakuence.nl\/wp-content\/uploads\/2022\/05\/Brown_3_RGB_Freakuence-1.png\",\"width\":2560,\"height\":684,\"caption\":\"Freakuence !\"},\"image\":{\"@id\":\"https:\/\/dev.freakuence.nl\/fr\/#\/schema\/logo\/image\/\"},\"sameAs\":[\"https:\/\/www.instagram.com\/freakuence_notorious_audio\/\"]}]}<\/script>\n<!-- \/ Yoast SEO plugin. -->","yoast_head_json":{"title":"SBooster BOTW P&amp;P ECO 15-16V (MKI) | Freakuence!","description":"Sbooster BOTW P&P ECO 15-16V am\u00e9liore votre exp\u00e9rience audio avec une puissance propre et des performances efficaces. \u2713 HiFi neuve et d'occasion \u2713 Note du client : 4.9 sur 5 \u2713 Reprise \u2713 Session d'\u00e9coute","robots":{"index":"noindex","follow":"follow","max-snippet":"max-snippet:-1","max-image-preview":"max-image-preview:large","max-video-preview":"max-video-preview:-1"},"og_locale":"fr_FR","og_type":"article","og_title":"SBooster BOTW P&amp;P ECO 15-16V (MKI) | Freakuence!","og_description":"Sbooster BOTW P&P ECO 15-16V am\u00e9liore votre exp\u00e9rience audio avec une puissance propre et des performances efficaces. \u2713 HiFi neuve et d'occasion \u2713 Note du client : 4.9 sur 5 \u2713 Reprise \u2713 Session d'\u00e9coute","og_url":"https:\/\/dev.freakuence.nl\/fr\/produit\/sbooster-botw-pp-eco-mkii-15-16v\/","og_site_name":"Freakuence!","article_modified_time":"2026-04-08T09:45:29+00:00","og_image":[{"width":1800,"height":1200,"url":"https:\/\/dev.freakuence.nl\/wp-content\/uploads\/2026\/04\/17696012793465-16132-IMG9294.jpg","type":"image\/jpeg"}],"twitter_card":"summary_large_image","schema":{"@context":"https:\/\/schema.org","@graph":[{"@type":"WebPage","@id":"https:\/\/dev.freakuence.nl\/fr\/produit\/sbooster-botw-pp-eco-mkii-15-16v\/","url":"https:\/\/dev.freakuence.nl\/fr\/produit\/sbooster-botw-pp-eco-mkii-15-16v\/","name":"SBooster BOTW P&amp;P ECO 15-16V (MKI) | Freakuence!","isPartOf":{"@id":"https:\/\/dev.freakuence.nl\/fr\/#website"},"primaryImageOfPage":{"@id":"https:\/\/dev.freakuence.nl\/fr\/produit\/sbooster-botw-pp-eco-mkii-15-16v\/#primaryimage"},"image":{"@id":"https:\/\/dev.freakuence.nl\/fr\/produit\/sbooster-botw-pp-eco-mkii-15-16v\/#primaryimage"},"thumbnailUrl":"https:\/\/dev.freakuence.nl\/wp-content\/uploads\/2026\/04\/17696012793465-16132-IMG9294.jpg","datePublished":"2026-01-28T11:54:48+00:00","dateModified":"2026-04-08T09:45:29+00:00","description":"Sbooster BOTW P&P ECO 15-16V am\u00e9liore votre exp\u00e9rience audio avec une puissance propre et des performances efficaces. \u2713 HiFi neuve et d'occasion \u2713 Note du client : 4.9 sur 5 \u2713 Reprise \u2713 Session d'\u00e9coute","breadcrumb":{"@id":"https:\/\/dev.freakuence.nl\/fr\/produit\/sbooster-botw-pp-eco-mkii-15-16v\/#breadcrumb"},"inLanguage":"fr-FR","potentialAction":[{"@type":"ReadAction","target":["https:\/\/dev.freakuence.nl\/fr\/produit\/sbooster-botw-pp-eco-mkii-15-16v\/"]}]},{"@type":"ImageObject","inLanguage":"fr-FR","@id":"https:\/\/dev.freakuence.nl\/fr\/produit\/sbooster-botw-pp-eco-mkii-15-16v\/#primaryimage","url":"https:\/\/dev.freakuence.nl\/wp-content\/uploads\/2026\/04\/17696012793465-16132-IMG9294.jpg","contentUrl":"https:\/\/dev.freakuence.nl\/wp-content\/uploads\/2026\/04\/17696012793465-16132-IMG9294.jpg","width":1800,"height":1200},{"@type":"BreadcrumbList","@id":"https:\/\/dev.freakuence.nl\/fr\/produit\/sbooster-botw-pp-eco-mkii-15-16v\/#breadcrumb","itemListElement":[{"@type":"ListItem","position":1,"name":"Accueil","item":"https:\/\/dev.freakuence.nl\/fr\/"},{"@type":"ListItem","position":2,"name":"Produits","item":"https:\/\/dev.freakuence.nl\/fr\/produits\/"},{"@type":"ListItem","position":3,"name":"SBooster BOTW P&amp;P ECO 15-16V (MKI)"}]},{"@type":"WebSite","@id":"https:\/\/dev.freakuence.nl\/fr\/#website","url":"https:\/\/dev.freakuence.nl\/fr\/","name":"Freakuence!","description":"Freakuence!","publisher":{"@id":"https:\/\/dev.freakuence.nl\/fr\/#organization"},"alternateName":"Freakuence","potentialAction":[{"@type":"SearchAction","target":{"@type":"EntryPoint","urlTemplate":"https:\/\/dev.freakuence.nl\/fr\/?s={search_term_string}"},"query-input":{"@type":"PropertyValueSpecification","valueRequired":true,"valueName":"search_term_string"}}],"inLanguage":"fr-FR"},{"@type":"Organization","@id":"https:\/\/dev.freakuence.nl\/fr\/#organization","name":"Freakuence !","url":"https:\/\/dev.freakuence.nl\/fr\/","logo":{"@type":"ImageObject","inLanguage":"fr-FR","@id":"https:\/\/dev.freakuence.nl\/fr\/#\/schema\/logo\/image\/","url":"https:\/\/dev.freakuence.nl\/wp-content\/uploads\/2022\/05\/Brown_3_RGB_Freakuence-1.png","contentUrl":"https:\/\/dev.freakuence.nl\/wp-content\/uploads\/2022\/05\/Brown_3_RGB_Freakuence-1.png","width":2560,"height":684,"caption":"Freakuence !"},"image":{"@id":"https:\/\/dev.freakuence.nl\/fr\/#\/schema\/logo\/image\/"},"sameAs":["https:\/\/www.instagram.com\/freakuence_notorious_audio\/"]}]}},"_links":{"self":[{"href":"https:\/\/dev.freakuence.nl\/fr\/wp-json\/wp\/v2\/product\/341830","targetHints":{"allow":["GET"]}}],"collection":[{"href":"https:\/\/dev.freakuence.nl\/fr\/wp-json\/wp\/v2\/product"}],"about":[{"href":"https:\/\/dev.freakuence.nl\/fr\/wp-json\/wp\/v2\/types\/product"}],"wp:featuredmedia":[{"embeddable":true,"href":"https:\/\/dev.freakuence.nl\/fr\/wp-json\/wp\/v2\/media\/380269"}],"wp:attachment":[{"href":"https:\/\/dev.freakuence.nl\/fr\/wp-json\/wp\/v2\/media?parent=341830"}],"wp:term":[{"taxonomy":"product_brand","embeddable":true,"href":"https:\/\/dev.freakuence.nl\/fr\/wp-json\/wp\/v2\/product_brand?post=341830"},{"taxonomy":"product_cat","embeddable":true,"href":"https:\/\/dev.freakuence.nl\/fr\/wp-json\/wp\/v2\/product_cat?post=341830"},{"taxonomy":"product_tag","embeddable":true,"href":"https:\/\/dev.freakuence.nl\/fr\/wp-json\/wp\/v2\/product_tag?post=341830"}],"curies":[{"name":"wp","href":"https:\/\/api.w.org\/{rel}","templated":true}]}}