{"id":342103,"date":"2026-01-29T10:50:43","date_gmt":"2026-01-29T09:50:43","guid":{"rendered":"https:\/\/freakuence.nl\/product\/reponse-proac-d-vingt-cinq\/"},"modified":"2026-04-10T11:23:29","modified_gmt":"2026-04-10T09:23:29","slug":"reponse-proac-d-vingt-cinq","status":"publish","type":"product","link":"https:\/\/dev.freakuence.nl\/fr\/produit\/reponse-proac-d-vingt-cinq\/","title":{"rendered":"R\u00e9ponse ProAc D vingt-cinq"},"content":{"rendered":"<div class=\"product-specifications-list\">\n<div class=\"specification-item row-header\"><span class=\"spec-content\"><strong>Description Freakuence !<\/strong><\/span><\/div>\n<div class=\"specification-item row-even\"><span class=\"spec-content\">ProAc n&rsquo;est pas tr\u00e8s grand ni tr\u00e8s connu aux Pays-Bas, mais une partie de notre c\u0153ur audio se trouve ici. Au travail, merveilleusement chaud et naturel, avec un milieu de gamme si ouvert et spacieux que vous pouvez chatouiller les musiciens. Sa capacit\u00e9 \u00e0 transmettre des nuances et des dynamiques subtiles rend cette enceinte tr\u00e8s agr\u00e9able. Nous recevons souvent des commentaires d&rsquo;Italie lorsque nous avons la marque en magasin. Devancez-les !    <\/span><\/div>\n<div class=\"specification-item row-header\"><span class=\"spec-content\"><strong>D\u00e9tails<\/strong><\/span><\/div>\n<div class=\"specification-item row-even\"><span class=\"spec-content\">Non, les armoires ne sont plus tr\u00e8s belles, mais nous ne les avons pas rejet\u00e9es et les avons laiss\u00e9es venir au magasin.<\/span><\/div>\n<div class=\"specification-item row-header\"><span class=\"spec-content\"><strong>Description g\u00e9n\u00e9rale<\/strong><\/span><\/div>\n<div class=\"specification-item row-even\"><span class=\"spec-content\">La ProAc Response D Twenty Five est une enceinte colonne connue pour sa reproduction sonore naturelle et d\u00e9taill\u00e9e. Gr\u00e2ce \u00e0 son coffret soigneusement con\u00e7u et \u00e0 ses composants de haute qualit\u00e9, cette enceinte offre une large sc\u00e8ne sonore d&rsquo;une profondeur impressionnante. La r\u00e9ponse des basses est serr\u00e9e et contr\u00f4l\u00e9e, tandis que les m\u00e9diums sont clairs et expressifs, ce qui permet une exp\u00e9rience d&rsquo;\u00e9coute immersive. Les aigus sont raffin\u00e9s et d\u00e9taill\u00e9s, sans provoquer d&rsquo;acuit\u00e9 ou de fatigue lors d&rsquo;une \u00e9coute prolong\u00e9e. Combinant une conception et une fabrication soign\u00e9es, la Response D Twenty Five offre une reproduction \u00e9quilibr\u00e9e et musicale adapt\u00e9e \u00e0 une grande vari\u00e9t\u00e9 de genres musicaux. Cette enceinte est un excellent choix pour les amateurs \u00e0 la recherche d&rsquo;une exp\u00e9rience musicale authentique et immersive.     <\/span><\/div>\n<div class=\"specification-item row-header\"><span class=\"spec-content\"><strong>Informations g\u00e9n\u00e9rales<\/strong><\/span><\/div>\n<div class=\"specification-item row-even\"><span class=\"spec-content\">Le ProAc Response D Twenty Five a \u00e9t\u00e9 con\u00e7u par Stewart Tyler, fondateur de ProAc. L&rsquo;enceinte est conforme \u00e0 sa philosophie de reproduction naturelle et musicale. Il a utilis\u00e9 un haut-parleur de m\u00e9dium\/grave sp\u00e9cialement con\u00e7u pour ProAc avec une membrane en Kevlar, associ\u00e9 \u00e0 un tweeter \u00e0 d\u00f4me sur mesure. L&rsquo;enceinte est soigneusement amortie \u00e0 l&rsquo;int\u00e9rieur, plaqu\u00e9e de bois v\u00e9ritable et fabriqu\u00e9e \u00e0 la main au Royaume-Uni. Le c\u00e2blage interne provient de fournisseurs haut de gamme s\u00e9lectionn\u00e9s, soucieux de minimiser la contamination du signal.    <\/span><\/div>\n<div class=\"specification-item row-header\"><span class=\"spec-content\"><strong>Histoire de la marque<\/strong><\/span><\/div>\n<div class=\"specification-item row-even\"><span class=\"spec-content\">ProAc est une marque britannique connue pour ses haut-parleurs de haute qualit\u00e9. Elle a \u00e9t\u00e9 fond\u00e9e en 1979 par Stewart Tyler, qui \u00e9tait auparavant impliqu\u00e9 dans la conception de haut-parleurs pour le march\u00e9 professionnel. ProAc se concentre sp\u00e9cifiquement sur le march\u00e9 des particuliers et a d\u00e9velopp\u00e9 une large gamme de mod\u00e8les de haut-parleurs au fil des ans.  <\/p>\n<p>Les enceintes ProAc sont fabriqu\u00e9es \u00e0 la main au Royaume-Uni, avec une grande attention port\u00e9e aux d\u00e9tails et \u00e0 la qualit\u00e9 du son. La marque est connue pour son utilisation de composants sp\u00e9cialis\u00e9s et de mat\u00e9riaux de haute qualit\u00e9, ce qui contribue \u00e0 sa r\u00e9putation de durabilit\u00e9 et de performance. <\/p>\n<p>Au fil des ans, ProAc a lanc\u00e9 plusieurs mod\u00e8les allant des enceintes de biblioth\u00e8que aux enceintes sur pied. La marque s&rsquo;est toujours attach\u00e9e \u00e0 fournir un son naturel, ce qui lui vaut d&rsquo;\u00eatre appr\u00e9ci\u00e9e par les amateurs d&rsquo;audio du monde entier. <\/span><\/div>\n<\/div>\n","protected":false},"excerpt":{"rendered":"<p>Description Freakuence ! ProAc n&rsquo;est pas tr\u00e8s grand ni tr\u00e8s connu aux Pays-Bas, mais une partie de notre c\u0153ur audio se trouve ici. Au travail, merveilleusement chaud et naturel, avec un milieu de gamme si ouvert et spacieux que vous pouvez chatouiller les musiciens. Sa capacit\u00e9 \u00e0 transmettre des nuances et des dynamiques subtiles rend [&hellip;]<\/p>\n","protected":false},"featured_media":387789,"template":"","meta":{"_acf_changed":false,"inline_featured_image":false},"product_brand":[],"product_cat":[705,543],"product_tag":[533],"class_list":{"0":"post-342103","1":"product","2":"type-product","3":"status-publish","4":"has-post-thumbnail","6":"product_cat-haut-parleurs-de-colonne","7":"product_cat-intervenants","8":"product_tag-used","9":"pa_kleur-marron","11":"first","12":"instock","13":"sold-individually","14":"purchasable","15":"product-type-simple"},"acf":{"website":true,"show_on_homepage":false,"brand_title":"ProAc","product_type":"Response D Twenty Five","color":"Marron","subcolor":"","reserved_status":"0"},"_links":{"self":[{"href":"https:\/\/dev.freakuence.nl\/fr\/wp-json\/wp\/v2\/product\/342103","targetHints":{"allow":["GET"]}}],"collection":[{"href":"https:\/\/dev.freakuence.nl\/fr\/wp-json\/wp\/v2\/product"}],"about":[{"href":"https:\/\/dev.freakuence.nl\/fr\/wp-json\/wp\/v2\/types\/product"}],"wp:featuredmedia":[{"embeddable":true,"href":"https:\/\/dev.freakuence.nl\/fr\/wp-json\/wp\/v2\/media\/387789"}],"wp:attachment":[{"href":"https:\/\/dev.freakuence.nl\/fr\/wp-json\/wp\/v2\/media?parent=342103"}],"wp:term":[{"taxonomy":"product_brand","embeddable":true,"href":"https:\/\/dev.freakuence.nl\/fr\/wp-json\/wp\/v2\/product_brand?post=342103"},{"taxonomy":"product_cat","embeddable":true,"href":"https:\/\/dev.freakuence.nl\/fr\/wp-json\/wp\/v2\/product_cat?post=342103"},{"taxonomy":"product_tag","embeddable":true,"href":"https:\/\/dev.freakuence.nl\/fr\/wp-json\/wp\/v2\/product_tag?post=342103"}],"curies":[{"name":"wp","href":"https:\/\/api.w.org\/{rel}","templated":true}]}}