{"id":342106,"date":"2026-01-29T10:15:48","date_gmt":"2026-01-29T09:15:48","guid":{"rendered":"https:\/\/freakuence.nl\/product\/nuprime-evolution-dac-2\/"},"modified":"2026-03-09T13:16:33","modified_gmt":"2026-03-09T12:16:33","slug":"nuprime-evolution-dac-2","status":"publish","type":"product","link":"https:\/\/dev.freakuence.nl\/fr\/produit\/nuprime-evolution-dac-2\/","title":{"rendered":"NuPrime Evolution DAC 2"},"content":{"rendered":"<div class=\"product-specifications-list\">\n<div class=\"specification-item row-header\"><span class=\"spec-content\"><strong>Description Freakuence !<\/strong><\/span><\/div>\n<div class=\"specification-item row-even\"><span class=\"spec-content\">Puissance et tranquillit\u00e9. Peu de gens connaissent le grand dac de NuPrime. Nous pouvons vous dire que c&rsquo;est du s\u00e9rieux. Nous le pla\u00e7ons r\u00e9guli\u00e8rement ici pendant les sessions d&rsquo;\u00e9coute. Un dac chaleureux et agr\u00e9able sans aucune duret\u00e9. Nous sommes heureux de vous faire entendre d&rsquo;autres sp\u00e9cimens \u00e0 ses c\u00f4t\u00e9s.     <\/span><\/div>\n<div class=\"specification-item row-odd\"><span class=\"spec-content\">Prix de vente au d\u00e9tail : 3 695,00<\/span><\/div>\n<div class=\"specification-item row-header\"><span class=\"spec-content\"><strong>Description g\u00e9n\u00e9rale<\/strong><\/span><\/div>\n<div class=\"specification-item row-even\"><span class=\"spec-content\">Cet appareil dispose de neuf entr\u00e9es num\u00e9riques et de deux entr\u00e9es analogiques, dont USB Type B 2.0 Hi-Speed, deux IIS\/DSD, deux coaxiales, deux optiques, une AES\/EBU et un port d&rsquo;extension pour Bluetooth. Les sorties analogiques comprennent des RCA asym\u00e9triques et des XLR sym\u00e9triques. Il prend en charge le PCM jusqu&rsquo;\u00e0 768 kHz, le DSD jusqu&rsquo;\u00e0 DSD512 et le MQA. L&rsquo;alimentation utilise des transformateurs C-Core et une batterie de condensateurs d&rsquo;environ 60 000 uF. L&rsquo;appareil est dot\u00e9 d&rsquo;un pr\u00e9amplificateur de classe de r\u00e9f\u00e9rence avec des composants MUSES8820 et MUSES72320V. Un module d&rsquo;extension pour le streaming est disponible en option.     <\/span><\/div>\n<div class=\"specification-item row-header\"><span class=\"spec-content\"><strong>Informations g\u00e9n\u00e9rales<\/strong><\/span><\/div>\n<div class=\"specification-item row-even\"><span class=\"spec-content\">Le NuPrime Evolution DAC 2 a \u00e9t\u00e9 con\u00e7u par l&rsquo;\u00e9quipe de NuPrime avec une attention particuli\u00e8re pour la r\u00e9solution et la dynamique. Il utilise un DAC ESS Sabre (ES9038PRO), des circuits discrets \u00e0 tr\u00e8s faible bruit et un \u00e9tage d&rsquo;entr\u00e9e JFET. L&rsquo;alimentation avanc\u00e9e avec rails de tension multiples et r\u00e9gulateurs lin\u00e9aires minimise le bruit. Le bo\u00eetier enti\u00e8rement en aluminium amortit efficacement les vibrations. Conception dirig\u00e9e par l&rsquo;ing\u00e9nieur Jason Lim.    <\/span><\/div>\n<div class=\"specification-item row-header\"><span class=\"spec-content\"><strong>Histoire de la marque<\/strong><\/span><\/div>\n<div class=\"specification-item row-even\"><span class=\"spec-content\">NuPrime a \u00e9t\u00e9 fond\u00e9e en 2014 par Jason Lim, ancien cofondateur de NuForce. La soci\u00e9t\u00e9 se concentre sur le d\u00e9veloppement d&rsquo;\u00e9quipements audio de haute qualit\u00e9. En 2015, NuPrime a pr\u00e9sent\u00e9 l&rsquo;IDA-16, un amplificateur int\u00e9gr\u00e9 dot\u00e9 d&rsquo;une fonctionnalit\u00e9 DAC. En 2017, elle a \u00e9largi sa gamme de produits avec la s\u00e9rie Evolution, notamment l&rsquo;amplificateur de puissance mono Evolution One. En 2018, NuPrime a lanc\u00e9 la s\u00e9rie AMG, avec des produits tels que l&rsquo;amplificateur de puissance st\u00e9r\u00e9o AMG STA. En 2020, l&rsquo;entreprise a introduit la s\u00e9rie Omnia, ax\u00e9e sur les solutions de streaming sans fil. NuPrime continue d&rsquo;\u00e9largir sa gamme avec divers appareils audio.      <\/span><\/div>\n<\/div>\n","protected":false},"excerpt":{"rendered":"<p>Description Freakuence ! Puissance et tranquillit\u00e9. Peu de gens connaissent le grand dac de NuPrime. Nous pouvons vous dire que c&rsquo;est du s\u00e9rieux. Nous le pla\u00e7ons r\u00e9guli\u00e8rement ici pendant les sessions d&rsquo;\u00e9coute. Un dac chaleureux et agr\u00e9able sans aucune duret\u00e9. Nous sommes heureux de vous faire entendre d&rsquo;autres sp\u00e9cimens \u00e0 ses c\u00f4t\u00e9s. Prix de vente [&hellip;]<\/p>\n","protected":false},"featured_media":352471,"template":"","meta":{"_acf_changed":false,"inline_featured_image":false},"product_brand":[],"product_cat":[548],"product_tag":[533],"class_list":{"0":"post-342106","1":"product","2":"type-product","3":"status-publish","4":"has-post-thumbnail","6":"product_cat-dac-et-streamers","7":"product_tag-used","8":"pa_kleur-noir","10":"first","11":"outofstock","12":"sold-individually","13":"purchasable","14":"product-type-simple"},"acf":{"website":true,"show_on_homepage":false,"brand_title":"NuPrime","product_type":"Evolution DAC 2","color":"Noir","subcolor":"","reserved_status":"1"},"yoast_head":"<!-- This site is optimized with the Yoast SEO plugin v25.9 - https:\/\/yoast.com\/wordpress\/plugins\/seo\/ -->\n<title>NuPrime Evolution DAC 2 | Freakuence!<\/title>\n<meta name=\"robots\" content=\"noindex, follow, max-snippet:-1, max-image-preview:large, max-video-preview:-1\" \/>\n<meta property=\"og:locale\" content=\"fr_FR\" \/>\n<meta property=\"og:type\" content=\"article\" \/>\n<meta property=\"og:title\" content=\"NuPrime Evolution DAC 2 | Freakuence!\" \/>\n<meta property=\"og:description\" content=\"Description Freakuence ! Puissance et tranquillit\u00e9. Peu de gens connaissent le grand dac de NuPrime. Nous pouvons vous dire que c&rsquo;est du s\u00e9rieux. Nous le pla\u00e7ons r\u00e9guli\u00e8rement ici pendant les sessions d&rsquo;\u00e9coute. Un dac chaleureux et agr\u00e9able sans aucune duret\u00e9. Nous sommes heureux de vous faire entendre d&rsquo;autres sp\u00e9cimens \u00e0 ses c\u00f4t\u00e9s. Prix de vente [&hellip;]\" \/>\n<meta property=\"og:url\" content=\"https:\/\/dev.freakuence.nl\/fr\/produit\/nuprime-evolution-dac-2\/\" \/>\n<meta property=\"og:site_name\" content=\"Freakuence!\" \/>\n<meta property=\"article:modified_time\" content=\"2026-03-09T12:16:33+00:00\" \/>\n<meta property=\"og:image\" content=\"https:\/\/dev.freakuence.nl\/wp-content\/uploads\/2026\/01\/17696781322230-18930-IMG9325.jpg\" \/>\n\t<meta property=\"og:image:width\" content=\"1800\" \/>\n\t<meta property=\"og:image:height\" content=\"1200\" \/>\n\t<meta property=\"og:image:type\" content=\"image\/jpeg\" \/>\n<meta name=\"twitter:card\" content=\"summary_large_image\" \/>\n<script type=\"application\/ld+json\" class=\"yoast-schema-graph\">{\"@context\":\"https:\/\/schema.org\",\"@graph\":[{\"@type\":\"WebPage\",\"@id\":\"https:\/\/dev.freakuence.nl\/fr\/produit\/nuprime-evolution-dac-2\/\",\"url\":\"https:\/\/dev.freakuence.nl\/fr\/produit\/nuprime-evolution-dac-2\/\",\"name\":\"NuPrime Evolution DAC 2 | Freakuence!\",\"isPartOf\":{\"@id\":\"https:\/\/dev.freakuence.nl\/fr\/#website\"},\"primaryImageOfPage\":{\"@id\":\"https:\/\/dev.freakuence.nl\/fr\/produit\/nuprime-evolution-dac-2\/#primaryimage\"},\"image\":{\"@id\":\"https:\/\/dev.freakuence.nl\/fr\/produit\/nuprime-evolution-dac-2\/#primaryimage\"},\"thumbnailUrl\":\"https:\/\/dev.freakuence.nl\/wp-content\/uploads\/2026\/01\/17696781322230-18930-IMG9325.jpg\",\"datePublished\":\"2026-01-29T09:15:48+00:00\",\"dateModified\":\"2026-03-09T12:16:33+00:00\",\"breadcrumb\":{\"@id\":\"https:\/\/dev.freakuence.nl\/fr\/produit\/nuprime-evolution-dac-2\/#breadcrumb\"},\"inLanguage\":\"fr-FR\",\"potentialAction\":[{\"@type\":\"ReadAction\",\"target\":[\"https:\/\/dev.freakuence.nl\/fr\/produit\/nuprime-evolution-dac-2\/\"]}]},{\"@type\":\"ImageObject\",\"inLanguage\":\"fr-FR\",\"@id\":\"https:\/\/dev.freakuence.nl\/fr\/produit\/nuprime-evolution-dac-2\/#primaryimage\",\"url\":\"https:\/\/dev.freakuence.nl\/wp-content\/uploads\/2026\/01\/17696781322230-18930-IMG9325.jpg\",\"contentUrl\":\"https:\/\/dev.freakuence.nl\/wp-content\/uploads\/2026\/01\/17696781322230-18930-IMG9325.jpg\",\"width\":1800,\"height\":1200},{\"@type\":\"BreadcrumbList\",\"@id\":\"https:\/\/dev.freakuence.nl\/fr\/produit\/nuprime-evolution-dac-2\/#breadcrumb\",\"itemListElement\":[{\"@type\":\"ListItem\",\"position\":1,\"name\":\"Accueil\",\"item\":\"https:\/\/dev.freakuence.nl\/fr\/\"},{\"@type\":\"ListItem\",\"position\":2,\"name\":\"Produits\",\"item\":\"https:\/\/dev.freakuence.nl\/fr\/produits\/\"},{\"@type\":\"ListItem\",\"position\":3,\"name\":\"NuPrime Evolution DAC 2\"}]},{\"@type\":\"WebSite\",\"@id\":\"https:\/\/dev.freakuence.nl\/fr\/#website\",\"url\":\"https:\/\/dev.freakuence.nl\/fr\/\",\"name\":\"Freakuence!\",\"description\":\"Freakuence!\",\"publisher\":{\"@id\":\"https:\/\/dev.freakuence.nl\/fr\/#organization\"},\"alternateName\":\"Freakuence\",\"potentialAction\":[{\"@type\":\"SearchAction\",\"target\":{\"@type\":\"EntryPoint\",\"urlTemplate\":\"https:\/\/dev.freakuence.nl\/fr\/?s={search_term_string}\"},\"query-input\":{\"@type\":\"PropertyValueSpecification\",\"valueRequired\":true,\"valueName\":\"search_term_string\"}}],\"inLanguage\":\"fr-FR\"},{\"@type\":\"Organization\",\"@id\":\"https:\/\/dev.freakuence.nl\/fr\/#organization\",\"name\":\"Freakuence !\",\"url\":\"https:\/\/dev.freakuence.nl\/fr\/\",\"logo\":{\"@type\":\"ImageObject\",\"inLanguage\":\"fr-FR\",\"@id\":\"https:\/\/dev.freakuence.nl\/fr\/#\/schema\/logo\/image\/\",\"url\":\"https:\/\/dev.freakuence.nl\/wp-content\/uploads\/2022\/05\/Brown_3_RGB_Freakuence-1.png\",\"contentUrl\":\"https:\/\/dev.freakuence.nl\/wp-content\/uploads\/2022\/05\/Brown_3_RGB_Freakuence-1.png\",\"width\":2560,\"height\":684,\"caption\":\"Freakuence !\"},\"image\":{\"@id\":\"https:\/\/dev.freakuence.nl\/fr\/#\/schema\/logo\/image\/\"},\"sameAs\":[\"https:\/\/www.instagram.com\/freakuence_notorious_audio\/\"]}]}<\/script>\n<!-- \/ Yoast SEO plugin. -->","yoast_head_json":{"title":"NuPrime Evolution DAC 2 | Freakuence!","robots":{"index":"noindex","follow":"follow","max-snippet":"max-snippet:-1","max-image-preview":"max-image-preview:large","max-video-preview":"max-video-preview:-1"},"og_locale":"fr_FR","og_type":"article","og_title":"NuPrime Evolution DAC 2 | Freakuence!","og_description":"Description Freakuence ! Puissance et tranquillit\u00e9. Peu de gens connaissent le grand dac de NuPrime. Nous pouvons vous dire que c&rsquo;est du s\u00e9rieux. Nous le pla\u00e7ons r\u00e9guli\u00e8rement ici pendant les sessions d&rsquo;\u00e9coute. Un dac chaleureux et agr\u00e9able sans aucune duret\u00e9. Nous sommes heureux de vous faire entendre d&rsquo;autres sp\u00e9cimens \u00e0 ses c\u00f4t\u00e9s. Prix de vente [&hellip;]","og_url":"https:\/\/dev.freakuence.nl\/fr\/produit\/nuprime-evolution-dac-2\/","og_site_name":"Freakuence!","article_modified_time":"2026-03-09T12:16:33+00:00","og_image":[{"width":1800,"height":1200,"url":"https:\/\/dev.freakuence.nl\/wp-content\/uploads\/2026\/01\/17696781322230-18930-IMG9325.jpg","type":"image\/jpeg"}],"twitter_card":"summary_large_image","schema":{"@context":"https:\/\/schema.org","@graph":[{"@type":"WebPage","@id":"https:\/\/dev.freakuence.nl\/fr\/produit\/nuprime-evolution-dac-2\/","url":"https:\/\/dev.freakuence.nl\/fr\/produit\/nuprime-evolution-dac-2\/","name":"NuPrime Evolution DAC 2 | Freakuence!","isPartOf":{"@id":"https:\/\/dev.freakuence.nl\/fr\/#website"},"primaryImageOfPage":{"@id":"https:\/\/dev.freakuence.nl\/fr\/produit\/nuprime-evolution-dac-2\/#primaryimage"},"image":{"@id":"https:\/\/dev.freakuence.nl\/fr\/produit\/nuprime-evolution-dac-2\/#primaryimage"},"thumbnailUrl":"https:\/\/dev.freakuence.nl\/wp-content\/uploads\/2026\/01\/17696781322230-18930-IMG9325.jpg","datePublished":"2026-01-29T09:15:48+00:00","dateModified":"2026-03-09T12:16:33+00:00","breadcrumb":{"@id":"https:\/\/dev.freakuence.nl\/fr\/produit\/nuprime-evolution-dac-2\/#breadcrumb"},"inLanguage":"fr-FR","potentialAction":[{"@type":"ReadAction","target":["https:\/\/dev.freakuence.nl\/fr\/produit\/nuprime-evolution-dac-2\/"]}]},{"@type":"ImageObject","inLanguage":"fr-FR","@id":"https:\/\/dev.freakuence.nl\/fr\/produit\/nuprime-evolution-dac-2\/#primaryimage","url":"https:\/\/dev.freakuence.nl\/wp-content\/uploads\/2026\/01\/17696781322230-18930-IMG9325.jpg","contentUrl":"https:\/\/dev.freakuence.nl\/wp-content\/uploads\/2026\/01\/17696781322230-18930-IMG9325.jpg","width":1800,"height":1200},{"@type":"BreadcrumbList","@id":"https:\/\/dev.freakuence.nl\/fr\/produit\/nuprime-evolution-dac-2\/#breadcrumb","itemListElement":[{"@type":"ListItem","position":1,"name":"Accueil","item":"https:\/\/dev.freakuence.nl\/fr\/"},{"@type":"ListItem","position":2,"name":"Produits","item":"https:\/\/dev.freakuence.nl\/fr\/produits\/"},{"@type":"ListItem","position":3,"name":"NuPrime Evolution DAC 2"}]},{"@type":"WebSite","@id":"https:\/\/dev.freakuence.nl\/fr\/#website","url":"https:\/\/dev.freakuence.nl\/fr\/","name":"Freakuence!","description":"Freakuence!","publisher":{"@id":"https:\/\/dev.freakuence.nl\/fr\/#organization"},"alternateName":"Freakuence","potentialAction":[{"@type":"SearchAction","target":{"@type":"EntryPoint","urlTemplate":"https:\/\/dev.freakuence.nl\/fr\/?s={search_term_string}"},"query-input":{"@type":"PropertyValueSpecification","valueRequired":true,"valueName":"search_term_string"}}],"inLanguage":"fr-FR"},{"@type":"Organization","@id":"https:\/\/dev.freakuence.nl\/fr\/#organization","name":"Freakuence !","url":"https:\/\/dev.freakuence.nl\/fr\/","logo":{"@type":"ImageObject","inLanguage":"fr-FR","@id":"https:\/\/dev.freakuence.nl\/fr\/#\/schema\/logo\/image\/","url":"https:\/\/dev.freakuence.nl\/wp-content\/uploads\/2022\/05\/Brown_3_RGB_Freakuence-1.png","contentUrl":"https:\/\/dev.freakuence.nl\/wp-content\/uploads\/2022\/05\/Brown_3_RGB_Freakuence-1.png","width":2560,"height":684,"caption":"Freakuence !"},"image":{"@id":"https:\/\/dev.freakuence.nl\/fr\/#\/schema\/logo\/image\/"},"sameAs":["https:\/\/www.instagram.com\/freakuence_notorious_audio\/"]}]}},"_links":{"self":[{"href":"https:\/\/dev.freakuence.nl\/fr\/wp-json\/wp\/v2\/product\/342106","targetHints":{"allow":["GET"]}}],"collection":[{"href":"https:\/\/dev.freakuence.nl\/fr\/wp-json\/wp\/v2\/product"}],"about":[{"href":"https:\/\/dev.freakuence.nl\/fr\/wp-json\/wp\/v2\/types\/product"}],"wp:featuredmedia":[{"embeddable":true,"href":"https:\/\/dev.freakuence.nl\/fr\/wp-json\/wp\/v2\/media\/352471"}],"wp:attachment":[{"href":"https:\/\/dev.freakuence.nl\/fr\/wp-json\/wp\/v2\/media?parent=342106"}],"wp:term":[{"taxonomy":"product_brand","embeddable":true,"href":"https:\/\/dev.freakuence.nl\/fr\/wp-json\/wp\/v2\/product_brand?post=342106"},{"taxonomy":"product_cat","embeddable":true,"href":"https:\/\/dev.freakuence.nl\/fr\/wp-json\/wp\/v2\/product_cat?post=342106"},{"taxonomy":"product_tag","embeddable":true,"href":"https:\/\/dev.freakuence.nl\/fr\/wp-json\/wp\/v2\/product_tag?post=342106"}],"curies":[{"name":"wp","href":"https:\/\/api.w.org\/{rel}","templated":true}]}}