{"id":342180,"date":"2026-01-29T11:06:31","date_gmt":"2026-01-29T10:06:31","guid":{"rendered":"https:\/\/freakuence.nl\/product\/roksan-caspian-fr-5\/"},"modified":"2026-04-08T20:23:50","modified_gmt":"2026-04-08T18:23:50","slug":"roksan-caspian-fr-5","status":"publish","type":"product","link":"https:\/\/dev.freakuence.nl\/fr\/produit\/roksan-caspian-fr-5\/","title":{"rendered":"Roksan Caspian FR-5"},"content":{"rendered":"<div class=\"product-specifications-list\">\n<div class=\"specification-item row-header\"><span class=\"spec-content\"><strong>Description Freakuence !<\/strong><\/span><\/div>\n<div class=\"specification-item row-even\"><span class=\"spec-content\">Distributeur de la marque mais des enceintes que nous n&rsquo;avions pas encore eues ici. C&rsquo;est tr\u00e8s bien ! Elles pr\u00e9sentent une sc\u00e8ne sonore large et profonde avec une focalisation st\u00e9r\u00e9o fine. Les pics et les creux dynamiques sont rapidement et enti\u00e8rement reproduits, les basses fr\u00e9quences sont puissantes. Les m\u00e9diums sont pro\u00e9minents, ce qui n&rsquo;est pas une bonne chose par d\u00e9faut. Nous sommes heureux de r\u00e9pondre \u00e0 vos questions sur votre amplificateur !     <\/span><\/div>\n<div class=\"specification-item row-header\"><span class=\"spec-content\"><strong>Description g\u00e9n\u00e9rale<\/strong><\/span><\/div>\n<div class=\"specification-item row-even\"><span class=\"spec-content\">La Roksan Caspian FR-5 est une enceinte colonne r\u00e9put\u00e9e pour son \u00e9l\u00e9gance et ses performances musicales. Avec sa finition brillante et ses lignes \u00e9pur\u00e9es, elle ajoute une touche de style \u00e0 toute salle d&rsquo;\u00e9coute.   <\/p>\n<p>Lors de l&rsquo;\u00e9coute, la reproduction contr\u00f4l\u00e9e et dynamique se distingue. Le FR-5 offre une sc\u00e8ne sonore large et profonde avec une focalisation st\u00e9r\u00e9o pr\u00e9cise.  La r\u00e9ponse des basses est serr\u00e9e et contr\u00f4l\u00e9e, sans \u00eatre exag\u00e9r\u00e9e ou gonfl\u00e9e.  <\/p>\n<p>L&rsquo;enceinte est con\u00e7ue pour fonctionner aussi bien dans les installations st\u00e9r\u00e9o que dans les syst\u00e8mes de home cin\u00e9ma. L&#8217;emplacement de la pi\u00e8ce est important ; une distance suffisante par rapport aux murs garantit une reproduction sonore optimale.   <\/p>\n<p>Avec sa combinaison d&rsquo;esth\u00e9tique et de qualit\u00e9 sonore, le Roksan Caspian FR-5 est un choix attrayant pour les amateurs d&rsquo;audio de haute qualit\u00e9.<\/span><\/div>\n<div class=\"specification-item row-header\"><span class=\"spec-content\"><strong>Informations g\u00e9n\u00e9rales<\/strong><\/span><\/div>\n<div class=\"specification-item row-even\"><span class=\"spec-content\">Le Roksan Caspian FR-5 a \u00e9t\u00e9 con\u00e7u par l&rsquo;\u00e9quipe de d\u00e9veloppement de Roksan dirig\u00e9e par Touraj Moghaddam. L&rsquo;enceinte adh\u00e8re \u00e0 la philosophie de Roksan en mati\u00e8re de pr\u00e9cision musicale et de reproduction naturelle. Elle utilise des haut-parleurs sp\u00e9cialement s\u00e9lectionn\u00e9s et un c\u00e2blage interne d&rsquo;une grande puret\u00e9. Le coffret est soigneusement con\u00e7u et fabriqu\u00e9 avec une pr\u00e9cision CNC pour une r\u00e9sonance minimale et une acoustique optimale.   <\/span><\/div>\n<div class=\"specification-item row-header\"><span class=\"spec-content\"><strong>Histoire de la marque<\/strong><\/span><\/div>\n<div class=\"specification-item row-even\"><span class=\"spec-content\">Roksan a \u00e9t\u00e9 fond\u00e9 en 1985 par Tufan Hashemi et Touraj Moghaddam, tous deux dipl\u00f4m\u00e9s de l&rsquo;universit\u00e9 de Londres. Le nom \u00ab\u00a0Roksan\u00a0\u00bb est d\u00e9riv\u00e9 de Roxana, fille du roi perse Darius, ce qui refl\u00e8te l&rsquo;origine perse des fondateurs. La m\u00eame ann\u00e9e, la soci\u00e9t\u00e9 a lanc\u00e9 la platine Xerxes, suivie de l&rsquo;enceinte Darius en 1986. En 1987, Roksan a lanc\u00e9 le bras de lecture Artemiz et la cartouche Shiraz. En 2016, Roksan a \u00e9t\u00e9 rachet\u00e9 par Monitor Audio, le fabricant britannique d&rsquo;enceintes acoustiques.    <\/span><\/div>\n<\/div>\n","protected":false},"excerpt":{"rendered":"<p>Description Freakuence ! Distributeur de la marque mais des enceintes que nous n&rsquo;avions pas encore eues ici. C&rsquo;est tr\u00e8s bien ! Elles pr\u00e9sentent une sc\u00e8ne sonore large et profonde avec une focalisation st\u00e9r\u00e9o fine. Les pics et les creux dynamiques sont rapidement et enti\u00e8rement reproduits, les basses fr\u00e9quences sont puissantes. Les m\u00e9diums sont pro\u00e9minents, ce [&hellip;]<\/p>\n","protected":false},"featured_media":386845,"template":"","meta":{"_acf_changed":false,"inline_featured_image":false},"product_brand":[],"product_cat":[705,543],"product_tag":[533],"class_list":{"0":"post-342180","1":"product","2":"type-product","3":"status-publish","4":"has-post-thumbnail","6":"product_cat-haut-parleurs-de-colonne","7":"product_cat-intervenants","8":"product_tag-used","9":"pa_kleur-noir","11":"first","12":"instock","13":"sold-individually","14":"purchasable","15":"product-type-simple"},"acf":{"website":true,"show_on_homepage":false,"brand_title":"Roksan","product_type":"Caspian FR-5","color":"Noir","subcolor":"","reserved_status":"0"},"_links":{"self":[{"href":"https:\/\/dev.freakuence.nl\/fr\/wp-json\/wp\/v2\/product\/342180","targetHints":{"allow":["GET"]}}],"collection":[{"href":"https:\/\/dev.freakuence.nl\/fr\/wp-json\/wp\/v2\/product"}],"about":[{"href":"https:\/\/dev.freakuence.nl\/fr\/wp-json\/wp\/v2\/types\/product"}],"wp:featuredmedia":[{"embeddable":true,"href":"https:\/\/dev.freakuence.nl\/fr\/wp-json\/wp\/v2\/media\/386845"}],"wp:attachment":[{"href":"https:\/\/dev.freakuence.nl\/fr\/wp-json\/wp\/v2\/media?parent=342180"}],"wp:term":[{"taxonomy":"product_brand","embeddable":true,"href":"https:\/\/dev.freakuence.nl\/fr\/wp-json\/wp\/v2\/product_brand?post=342180"},{"taxonomy":"product_cat","embeddable":true,"href":"https:\/\/dev.freakuence.nl\/fr\/wp-json\/wp\/v2\/product_cat?post=342180"},{"taxonomy":"product_tag","embeddable":true,"href":"https:\/\/dev.freakuence.nl\/fr\/wp-json\/wp\/v2\/product_tag?post=342180"}],"curies":[{"name":"wp","href":"https:\/\/api.w.org\/{rel}","templated":true}]}}