{"id":342193,"date":"2026-01-29T11:10:49","date_gmt":"2026-01-29T10:10:49","guid":{"rendered":"https:\/\/freakuence.nl\/product\/kef-reference-model-one\/"},"modified":"2026-04-10T11:09:24","modified_gmt":"2026-04-10T09:09:24","slug":"kef-reference-model-one","status":"publish","type":"product","link":"https:\/\/dev.freakuence.nl\/fr\/produit\/kef-reference-model-one\/","title":{"rendered":"KEF Reference Model One"},"content":{"rendered":"<div class=\"product-specifications-list\">\n<div class=\"specification-item row-header\"><span class=\"spec-content\"><strong>Description Freakuence !<\/strong><\/span><\/div>\n<div class=\"specification-item row-even\"><span class=\"spec-content\">Des toppers ! Vraiment. D\u00e9licieusement d\u00e9pr\u00e9ci\u00e9 en Guldens ET en Euros, ce qui reste est une montagne de musique dans la gamme de prix pour laquelle vous n&rsquo;ach\u00e8teriez m\u00eame pas un ensemble du segment inf\u00e9rieur neuf aujourd&rsquo;hui. Qui est fou maintenant ? Nous le pensons.     \ud83d\ude42<\/span><\/div>\n<div class=\"specification-item row-header\"><span class=\"spec-content\"><strong>Description g\u00e9n\u00e9rale<\/strong><\/span><\/div>\n<div class=\"specification-item row-even\"><span class=\"spec-content\">Le KEF Reference Model One est un haut-parleur de sol \u00e0 trois voies r\u00e9put\u00e9 pour la pr\u00e9cision de sa reproduction sonore.  <\/p>\n<p>La conception combine un haut-parleur Uni-Q de 160 mm, int\u00e9grant un m\u00e9dium et un tweeter, avec une unit\u00e9 de basse interne Pulp-Conus de 160 mm.  <\/p>\n<p>Cette configuration garantit une reproduction audio coh\u00e9rente et d\u00e9taill\u00e9e sur toute la gamme de fr\u00e9quences.  <\/p>\n<p>L&rsquo;enceinte est con\u00e7ue pour minimiser les r\u00e9sonances et optimiser la qualit\u00e9 du son.  <\/p>\n<p>Avec son design intemporel et sa construction de haute qualit\u00e9, le KEF Reference Model One est un choix solide pour les amateurs d&rsquo;audio de haute qualit\u00e9.<\/span><\/div>\n<div class=\"specification-item row-header\"><span class=\"spec-content\"><strong>Informations g\u00e9n\u00e9rales<\/strong><\/span><\/div>\n<div class=\"specification-item row-even\"><span class=\"spec-content\">Le KEF Reference Model One a \u00e9t\u00e9 con\u00e7u dans les ann\u00e9es 1990 comme une enceinte de sol \u00e0 trois voies haut de gamme avec la technologie des haut-parleurs coaxiaux Uni-Q, d\u00e9velopp\u00e9e sous la direction de Laurie Fincham. Le caisson a \u00e9t\u00e9 renforc\u00e9 \u00e0 l&rsquo;int\u00e9rieur pour minimiser la r\u00e9sonance, avec des mat\u00e9riaux soigneusement s\u00e9lectionn\u00e9s tels que des panneaux MDF solides. Le c\u00e2blage interne est de haute qualit\u00e9, r\u00e9gl\u00e9 pour une transparence maximale. Les haut-parleurs ont \u00e9t\u00e9 appari\u00e9s \u00e0 la main pour des performances optimales.   <\/span><\/div>\n<div class=\"specification-item row-header\"><span class=\"spec-content\"><strong>Histoire de la marque<\/strong><\/span><\/div>\n<div class=\"specification-item row-even\"><span class=\"spec-content\">KEF a \u00e9t\u00e9 fond\u00e9e en 1961 \u00e0 Maidstone, dans le Kent, par Raymond Cooke, ancien chef de piste de la BBC. Le nom est d\u00e9riv\u00e9 de Kent Engineering &amp; Foundry, le site sur lequel se trouvait son premier si\u00e8ge social. Au cours de ses premi\u00e8res ann\u00e9es d&rsquo;existence, la soci\u00e9t\u00e9 a d\u00e9velopp\u00e9 des produits en utilisant des mat\u00e9riaux synth\u00e9tiques et des mod\u00e8les math\u00e9matiques. En 1973, KEF introduit le concept de r\u00e9f\u00e9rence, dans lequel chaque paire de syst\u00e8mes est appari\u00e9e \u00e9lectroniquement. Dans les ann\u00e9es 1980, KEF utilise les technologies num\u00e9riques pour optimiser la production. En 1988, le premier syst\u00e8me de mesure acoustique assist\u00e9 par ordinateur est utilis\u00e9. La technologie des haut-parleurs Uni-Q a \u00e9t\u00e9 introduite en 1988 et a depuis \u00e9t\u00e9 utilis\u00e9e dans plusieurs mod\u00e8les. KEF a collabor\u00e9 avec des designers externes, notamment Ross Lovegrove. En 2011, le Blade a \u00e9t\u00e9 lanc\u00e9, le premier mod\u00e8le bas\u00e9 sur le concept de source \u00e0 point unique. KEF poss\u00e8de des bureaux dans le monde entier, notamment \u00e0 Hong Kong, en Allemagne, en France, au Japon et aux \u00c9tats-Unis. Son si\u00e8ge social et son d\u00e9partement de recherche acoustique se trouvent \u00e0 Maidstone.          <\/span><\/div>\n<\/div>\n","protected":false},"excerpt":{"rendered":"<p>Description Freakuence ! Des toppers ! Vraiment. D\u00e9licieusement d\u00e9pr\u00e9ci\u00e9 en Guldens ET en Euros, ce qui reste est une montagne de musique dans la gamme de prix pour laquelle vous n&rsquo;ach\u00e8teriez m\u00eame pas un ensemble du segment inf\u00e9rieur neuf aujourd&rsquo;hui. Qui est fou maintenant ? Nous le pensons. \ud83d\ude42 Description g\u00e9n\u00e9rale Le KEF Reference Model [&hellip;]<\/p>\n","protected":false},"featured_media":387486,"template":"","meta":{"_acf_changed":false,"inline_featured_image":false},"product_brand":[],"product_cat":[705,543],"product_tag":[533],"class_list":{"0":"post-342193","1":"product","2":"type-product","3":"status-publish","4":"has-post-thumbnail","6":"product_cat-haut-parleurs-de-colonne","7":"product_cat-intervenants","8":"product_tag-used","9":"pa_kleur-noir","11":"first","12":"instock","13":"sold-individually","14":"purchasable","15":"product-type-simple"},"acf":{"website":true,"show_on_homepage":false,"brand_title":"KEF","product_type":"Reference Model One","color":"Noir","subcolor":"","reserved_status":"0"},"_links":{"self":[{"href":"https:\/\/dev.freakuence.nl\/fr\/wp-json\/wp\/v2\/product\/342193","targetHints":{"allow":["GET"]}}],"collection":[{"href":"https:\/\/dev.freakuence.nl\/fr\/wp-json\/wp\/v2\/product"}],"about":[{"href":"https:\/\/dev.freakuence.nl\/fr\/wp-json\/wp\/v2\/types\/product"}],"wp:featuredmedia":[{"embeddable":true,"href":"https:\/\/dev.freakuence.nl\/fr\/wp-json\/wp\/v2\/media\/387486"}],"wp:attachment":[{"href":"https:\/\/dev.freakuence.nl\/fr\/wp-json\/wp\/v2\/media?parent=342193"}],"wp:term":[{"taxonomy":"product_brand","embeddable":true,"href":"https:\/\/dev.freakuence.nl\/fr\/wp-json\/wp\/v2\/product_brand?post=342193"},{"taxonomy":"product_cat","embeddable":true,"href":"https:\/\/dev.freakuence.nl\/fr\/wp-json\/wp\/v2\/product_cat?post=342193"},{"taxonomy":"product_tag","embeddable":true,"href":"https:\/\/dev.freakuence.nl\/fr\/wp-json\/wp\/v2\/product_tag?post=342193"}],"curies":[{"name":"wp","href":"https:\/\/api.w.org\/{rel}","templated":true}]}}