{"id":344147,"date":"2026-02-05T13:52:47","date_gmt":"2026-02-05T12:52:47","guid":{"rendered":"https:\/\/freakuence.nl\/product\/canton-3-dc\/"},"modified":"2026-02-05T13:52:47","modified_gmt":"2026-02-05T12:52:47","slug":"canton-3-dc","status":"publish","type":"product","link":"https:\/\/dev.freakuence.nl\/fr\/produit\/canton-3-dc\/","title":{"rendered":"Canton 3 DC"},"content":{"rendered":"<div class=\"product-specifications-list\">\n<div class=\"specification-item row-header\"><span class=\"spec-content\"><strong>Description g\u00e9n\u00e9rale<\/strong><\/span><\/div>\n<div class=\"specification-item row-even\"><span class=\"spec-content\">Le fer gris Philips DST2020\/80 de la s\u00e9rie 2000 vous permet de repasser tout votre linge sans effort. Il lib\u00e8re une vapeur puissante et \u00e9limine efficacement les faux plis. De plus, la semelle en c\u00e9ramique glisse en douceur sur tous les tissus pouvant \u00eatre repass\u00e9s.  <\/span><\/div>\n<\/div>\n","protected":false},"excerpt":{"rendered":"<p>Description g\u00e9n\u00e9rale Le fer gris Philips DST2020\/80 de la s\u00e9rie 2000 vous permet de repasser tout votre linge sans effort. Il lib\u00e8re une vapeur puissante et \u00e9limine efficacement les faux plis. De plus, la semelle en c\u00e9ramique glisse en douceur sur tous les tissus pouvant \u00eatre repass\u00e9s.<\/p>\n","protected":false},"featured_media":352152,"template":"","meta":{"_acf_changed":false,"inline_featured_image":false},"product_brand":[],"product_cat":[917],"product_tag":[],"class_list":{"0":"post-344147","1":"product","2":"type-product","3":"status-publish","4":"has-post-thumbnail","6":"product_cat-alle-producten","8":"first","9":"instock","10":"sold-individually","11":"taxable","12":"shipping-taxable","13":"purchasable","14":"product-type-simple"},"acf":{"website":true,"show_on_homepage":false,"brand_title":"Canton","product_type":"3 DC","color":"","subcolor":"","reserved_status":"0"},"_links":{"self":[{"href":"https:\/\/dev.freakuence.nl\/fr\/wp-json\/wp\/v2\/product\/344147","targetHints":{"allow":["GET"]}}],"collection":[{"href":"https:\/\/dev.freakuence.nl\/fr\/wp-json\/wp\/v2\/product"}],"about":[{"href":"https:\/\/dev.freakuence.nl\/fr\/wp-json\/wp\/v2\/types\/product"}],"wp:featuredmedia":[{"embeddable":true,"href":"https:\/\/dev.freakuence.nl\/fr\/wp-json\/wp\/v2\/media\/352152"}],"wp:attachment":[{"href":"https:\/\/dev.freakuence.nl\/fr\/wp-json\/wp\/v2\/media?parent=344147"}],"wp:term":[{"taxonomy":"product_brand","embeddable":true,"href":"https:\/\/dev.freakuence.nl\/fr\/wp-json\/wp\/v2\/product_brand?post=344147"},{"taxonomy":"product_cat","embeddable":true,"href":"https:\/\/dev.freakuence.nl\/fr\/wp-json\/wp\/v2\/product_cat?post=344147"},{"taxonomy":"product_tag","embeddable":true,"href":"https:\/\/dev.freakuence.nl\/fr\/wp-json\/wp\/v2\/product_tag?post=344147"}],"curies":[{"name":"wp","href":"https:\/\/api.w.org\/{rel}","templated":true}]}}