{"id":344152,"date":"2026-02-05T13:52:31","date_gmt":"2026-02-05T12:52:31","guid":{"rendered":"https:\/\/freakuence.nl\/product\/vincent-sp-61-2\/"},"modified":"2026-03-10T06:14:34","modified_gmt":"2026-03-10T05:14:34","slug":"vincent-sp-61-2","status":"publish","type":"product","link":"https:\/\/dev.freakuence.nl\/fr\/produit\/vincent-sp-61-2\/","title":{"rendered":"Vincent SP-61"},"content":{"rendered":"<div class=\"product-specifications-list\">\n<div class=\"specification-item row-header\"><span class=\"spec-content\"><strong>Description g\u00e9n\u00e9rale<\/strong><\/span><\/div>\n<div class=\"specification-item row-even\"><span class=\"spec-content\">Il fonctionnait encore correctement la derni\u00e8re fois qu&rsquo;il a \u00e9t\u00e9 utilis\u00e9, mais il n&rsquo;a pas \u00e9t\u00e9 allum\u00e9 depuis un certain temps.<\/span><\/div>\n<div class=\"specification-item row-odd\"><span class=\"spec-content\">Plus de bo\u00eete ni de manuel.<\/span><\/div>\n<div class=\"specification-item row-even\"><span class=\"spec-content\">Possibilit\u00e9 d&rsquo;enl\u00e8vement ou d&rsquo;exp\u00e9dition.<\/span><\/div>\n<div class=\"specification-item row-odd\"><span class=\"spec-content\">Les frais d&rsquo;exp\u00e9dition sont \u00e0 la charge de l&rsquo;acheteur.<\/span><\/div>\n<\/div>\n","protected":false},"excerpt":{"rendered":"<p>Description g\u00e9n\u00e9rale Il fonctionnait encore correctement la derni\u00e8re fois qu&rsquo;il a \u00e9t\u00e9 utilis\u00e9, mais il n&rsquo;a pas \u00e9t\u00e9 allum\u00e9 depuis un certain temps. Plus de bo\u00eete ni de manuel. Possibilit\u00e9 d&rsquo;enl\u00e8vement ou d&rsquo;exp\u00e9dition. Les frais d&rsquo;exp\u00e9dition sont \u00e0 la charge de l&rsquo;acheteur.<\/p>\n","protected":false},"featured_media":378359,"template":"","meta":{"_acf_changed":false,"inline_featured_image":false},"product_brand":[],"product_cat":[530,584],"product_tag":[533],"class_list":{"0":"post-344152","1":"product","2":"type-product","3":"status-publish","4":"has-post-thumbnail","6":"product_cat-amplificateurs","7":"product_cat-plateaux-tournants","8":"product_tag-used","10":"first","11":"onbackorder","12":"sold-individually","13":"taxable","14":"shipping-taxable","15":"purchasable","16":"product-type-simple"},"acf":{"website":true,"show_on_homepage":false,"brand_title":"Vincent","product_type":"SP-61","color":"","subcolor":"","reserved_status":"0"},"_links":{"self":[{"href":"https:\/\/dev.freakuence.nl\/fr\/wp-json\/wp\/v2\/product\/344152","targetHints":{"allow":["GET"]}}],"collection":[{"href":"https:\/\/dev.freakuence.nl\/fr\/wp-json\/wp\/v2\/product"}],"about":[{"href":"https:\/\/dev.freakuence.nl\/fr\/wp-json\/wp\/v2\/types\/product"}],"wp:featuredmedia":[{"embeddable":true,"href":"https:\/\/dev.freakuence.nl\/fr\/wp-json\/wp\/v2\/media\/378359"}],"wp:attachment":[{"href":"https:\/\/dev.freakuence.nl\/fr\/wp-json\/wp\/v2\/media?parent=344152"}],"wp:term":[{"taxonomy":"product_brand","embeddable":true,"href":"https:\/\/dev.freakuence.nl\/fr\/wp-json\/wp\/v2\/product_brand?post=344152"},{"taxonomy":"product_cat","embeddable":true,"href":"https:\/\/dev.freakuence.nl\/fr\/wp-json\/wp\/v2\/product_cat?post=344152"},{"taxonomy":"product_tag","embeddable":true,"href":"https:\/\/dev.freakuence.nl\/fr\/wp-json\/wp\/v2\/product_tag?post=344152"}],"curies":[{"name":"wp","href":"https:\/\/api.w.org\/{rel}","templated":true}]}}