{"id":344163,"date":"2026-02-05T13:50:30","date_gmt":"2026-02-05T12:50:30","guid":{"rendered":"https:\/\/freakuence.nl\/product\/hegel-h400-2\/"},"modified":"2026-04-08T20:16:53","modified_gmt":"2026-04-08T18:16:53","slug":"hegel-h400-2","status":"publish","type":"product","link":"https:\/\/dev.freakuence.nl\/fr\/produit\/hegel-h400-2\/","title":{"rendered":"Hegel H400"},"content":{"rendered":"<div class=\"product-specifications-list\">\n<div class=\"specification-item row-header\"><span class=\"spec-content\"><strong>Description Freakuence !<\/strong><\/span><\/div>\n<div class=\"specification-item row-even\"><span class=\"spec-content\">Amplificateur discret visuellement mais exub\u00e9rant dans la reproduction. Immacul\u00e9e, quelle que soit l&rsquo;intensit\u00e9 sonore. Le contr\u00f4le des basses fr\u00e9quences est superbe. Les m\u00e9diums et les aigus sont nets et riches en informations. Passez nous voir pour une d\u00e9monstration.    <\/span><\/div>\n<div class=\"specification-item row-odd\"><span class=\"spec-content\">Prix de vente : 6995.00<\/span><\/div>\n<div class=\"specification-item row-header\"><span class=\"spec-content\"><strong>D\u00e9tails<\/strong><\/span><\/div>\n<div class=\"specification-item row-even\"><span class=\"spec-content\">D\u00e9monstration de l&rsquo;importateur. Les mod\u00e8les d&rsquo;exposition n&rsquo;ont pratiquement pas d&rsquo;heures de fonctionnement, voire pas du tout (tous les produits ne peuvent pas \u00eatre allum\u00e9s en m\u00eame temps sur un stand d&rsquo;exposition). Ils sont sortis de leur bo\u00eete, expos\u00e9s et souvent envoy\u00e9s directement \u00e0 notre magasin. Avec toute la garantie officielle du fabricant !  <\/span><\/div>\n<div class=\"specification-item row-odd\"><span class=\"spec-content\">Nous sommes heureux de pouvoir en faire commerce. N&rsquo;h\u00e9sitez pas \u00e0 nous envoyer ce que vous avez de disponible, nous serons heureux d&rsquo;\u00e9valuer si nous pouvons le mettre en vente. <\/span><\/div>\n<div class=\"specification-item row-even\"><span class=\"spec-content\">Vous cherchez un autre mod\u00e8le de la s\u00e9rie actuelle de la marque ? Envoyez-nous un message !  Nous aimons en faire quelque chose d&rsquo;amusant.<\/span><\/div>\n<div class=\"specification-item row-header\"><span class=\"spec-content\"><strong>Description g\u00e9n\u00e9rale<\/strong><\/span><\/div>\n<div class=\"specification-item row-even\"><span class=\"spec-content\">Cet amplificateur offre une approche int\u00e9gr\u00e9e de l&rsquo;exp\u00e9rience musicale gr\u00e2ce \u00e0 ses caract\u00e9ristiques uniques. Avec un amplificateur de puissance d\u00e9livrant 2 x 250 watts sous 8 ohms, il offre des performances puissantes dans de nombreuses situations. L&rsquo;une des principales caract\u00e9ristiques techniques est la technologie brevet\u00e9e SoundEngine2, qui minimise la distorsion et maintient un son pur. Ce syst\u00e8me est \u00e9quip\u00e9 d&rsquo;une gamme d&rsquo;options de connectivit\u00e9, y compris des entr\u00e9es optiques, coaxiales et num\u00e9riques, et prend en charge le streaming Apple AirPlay2 et UPnP. Il comprend \u00e9galement des entr\u00e9es USB qui prennent en charge les signaux audio haute r\u00e9solution. Sa construction peu encombrante et sa pr\u00e9sentation discr\u00e8te garantissent une utilisation ais\u00e9e dans divers environnements. Il est livr\u00e9 avec une t\u00e9l\u00e9commande et prend en compte les besoins num\u00e9riques contemporains. L&rsquo;un de ses aspects les plus remarquables est l&rsquo;entr\u00e9e analogique \u00e9quilibr\u00e9e, qui offre une grande polyvalence dans la connexion de diff\u00e9rentes solutions musicales. Ce type de technologie est con\u00e7u pour traiter les sons analogiques et num\u00e9riques de mani\u00e8re \u00e9quilibr\u00e9e, sans compromettre l&rsquo;int\u00e9grit\u00e9 musicale.        <\/span><\/div>\n<div class=\"specification-item row-header\"><span class=\"spec-content\"><strong>Informations g\u00e9n\u00e9rales<\/strong><\/span><\/div>\n<div class=\"specification-item row-even\"><span class=\"spec-content\">Le Hegel H400 a \u00e9t\u00e9 con\u00e7u sous la direction de Bent Holter, fondateur et ing\u00e9nieur en chef de Hegel Music Systems. L&rsquo;amplificateur int\u00e9gr\u00e9 combine la technologie DualAmp avec DualPower, pour une distorsion minimale et une dynamique maximale. Il int\u00e8gre des blocs d&rsquo;alimentation tr\u00e8s sp\u00e9cifiques, des transformateurs toro\u00efdaux sur mesure et la technologie SoundEngine propre \u00e0 Hegel. Le coffret est en aluminium bross\u00e9, frais\u00e9 par CNC pour une plus grande rigidit\u00e9 et une faible r\u00e9sonance. Le c\u00e2blage interne a \u00e9t\u00e9 soigneusement choisi pour une transparence optimale du signal et un faible niveau de bruit.    <\/span><\/div>\n<div class=\"specification-item row-header\"><span class=\"spec-content\"><strong>Histoire de la marque<\/strong><\/span><\/div>\n<div class=\"specification-item row-even\"><span class=\"spec-content\">Hegel a \u00e9t\u00e9 fond\u00e9e en Norv\u00e8ge \u00e0 la fin des ann\u00e9es 1980 par Bent Holter. Dans le cadre de son projet de fin d&rsquo;\u00e9tudes \u00e0 l&rsquo;universit\u00e9 de technologie de Trondheim, il a mis au point une solution pour r\u00e9duire la distorsion dans les amplificateurs \u00e0 transistors. C&rsquo;est ainsi qu&rsquo;est n\u00e9e la technologie qui sera plus tard connue sous le nom de SoundEngine. En 1988, le nom Hegel a \u00e9t\u00e9 utilis\u00e9 pour la premi\u00e8re fois pour un amplificateur. Dans les ann\u00e9es 1990, l&rsquo;entreprise a lanc\u00e9 plusieurs lecteurs de CD et amplificateurs. En 1996, le premier amplificateur enti\u00e8rement sym\u00e9trique a \u00e9t\u00e9 introduit. Vers 2004, la marque a commenc\u00e9 \u00e0 d\u00e9velopper des convertisseurs DA. Plus tard, les produits ont \u00e9t\u00e9 \u00e9quip\u00e9s de capacit\u00e9s de mise en r\u00e9seau pour prendre en charge la lecture de musique num\u00e9rique. Hegel commercialise exclusivement ses propres produits \u00e9lectroniques, en d\u00e9veloppant elle-m\u00eame la conception des circuits et les logiciels n\u00e9cessaires. L&rsquo;entreprise assure la distribution internationale de ses produits depuis la Norv\u00e8ge.         <\/span><\/div>\n<\/div>\n","protected":false},"excerpt":{"rendered":"<p>Description Freakuence ! Amplificateur discret visuellement mais exub\u00e9rant dans la reproduction. Immacul\u00e9e, quelle que soit l&rsquo;intensit\u00e9 sonore. Le contr\u00f4le des basses fr\u00e9quences est superbe. Les m\u00e9diums et les aigus sont nets et riches en informations. Passez nous voir pour une d\u00e9monstration. Prix de vente : 6995.00 D\u00e9tails D\u00e9monstration de l&rsquo;importateur. Les mod\u00e8les d&rsquo;exposition n&rsquo;ont pratiquement [&hellip;]<\/p>\n","protected":false},"featured_media":386125,"template":"","meta":{"_acf_changed":false,"inline_featured_image":false},"product_brand":[],"product_cat":[530,745,773],"product_tag":[552],"class_list":{"0":"post-344163","1":"product","2":"type-product","3":"status-publish","4":"has-post-thumbnail","6":"product_cat-amplificateurs","7":"product_cat-amplificateurs-stereo","8":"product_cat-classe-a-amplificateurs-stereo-a-b","9":"product_tag-demo","10":"pa_kleur-noir","12":"first","13":"instock","14":"sold-individually","15":"purchasable","16":"product-type-simple"},"acf":{"website":true,"show_on_homepage":false,"brand_title":"Hegel","product_type":"H400","color":"Noir","subcolor":"","reserved_status":"0"},"_links":{"self":[{"href":"https:\/\/dev.freakuence.nl\/fr\/wp-json\/wp\/v2\/product\/344163","targetHints":{"allow":["GET"]}}],"collection":[{"href":"https:\/\/dev.freakuence.nl\/fr\/wp-json\/wp\/v2\/product"}],"about":[{"href":"https:\/\/dev.freakuence.nl\/fr\/wp-json\/wp\/v2\/types\/product"}],"wp:featuredmedia":[{"embeddable":true,"href":"https:\/\/dev.freakuence.nl\/fr\/wp-json\/wp\/v2\/media\/386125"}],"wp:attachment":[{"href":"https:\/\/dev.freakuence.nl\/fr\/wp-json\/wp\/v2\/media?parent=344163"}],"wp:term":[{"taxonomy":"product_brand","embeddable":true,"href":"https:\/\/dev.freakuence.nl\/fr\/wp-json\/wp\/v2\/product_brand?post=344163"},{"taxonomy":"product_cat","embeddable":true,"href":"https:\/\/dev.freakuence.nl\/fr\/wp-json\/wp\/v2\/product_cat?post=344163"},{"taxonomy":"product_tag","embeddable":true,"href":"https:\/\/dev.freakuence.nl\/fr\/wp-json\/wp\/v2\/product_tag?post=344163"}],"curies":[{"name":"wp","href":"https:\/\/api.w.org\/{rel}","templated":true}]}}