{"id":344169,"date":"2026-02-05T13:50:02","date_gmt":"2026-02-05T12:50:02","guid":{"rendered":"https:\/\/freakuence.nl\/product\/audioquest-yukon-xlr-150cm-demo\/"},"modified":"2026-03-10T06:18:02","modified_gmt":"2026-03-10T05:18:02","slug":"audioquest-yukon-xlr-150cm-demo","status":"publish","type":"product","link":"https:\/\/dev.freakuence.nl\/fr\/produit\/audioquest-yukon-xlr-150cm-demo\/","title":{"rendered":"AudioQuest Yukon XLR 150cm DEMO"},"content":{"rendered":"<div class=\"product-specifications-list\">\n<div class=\"specification-item row-header\"><span class=\"spec-content\"><strong>Description Freakuence !<\/strong><\/span><\/div>\n<div class=\"specification-item row-even\"><span class=\"spec-content\">Avec les bons c\u00e2bles dans votre installation, vous remarquerez que les d\u00e9tails de la musique sont plus clairs et que la dynamique est plus naturelle. C&rsquo;est comme si vos morceaux pr\u00e9f\u00e9r\u00e9s recevaient une nouvelle couche, sans que vous ayez \u00e0 changer quoi que ce soit \u00e0 votre \u00e9quipement. <\/span><\/div>\n<div class=\"specification-item row-odd\"><span class=\"spec-content\">Prix de vente au d\u00e9tail : 729,00<\/span><\/div>\n<div class=\"specification-item row-header\"><span class=\"spec-content\"><strong>D\u00e9tails<\/strong><\/span><\/div>\n<div class=\"specification-item row-even\"><span class=\"spec-content\">C&rsquo;est votre chance d&rsquo;obtenir enfin du mat\u00e9riel de d\u00e9monstration de la boutique la plus cool de l&rsquo;univers. Oui ! Pour cette raison, il vaut en r\u00e9alit\u00e9 beaucoup plus que le prix du neuf, mais nous allons nous retenir. Il n&rsquo;a \u00e9t\u00e9 utilis\u00e9 que pour des s\u00e9ances d&rsquo;\u00e9coute avec nos visiteurs et n&rsquo;a donc pas eu de propri\u00e9taire priv\u00e9. <\/span><\/div>\n<div class=\"specification-item row-odd\"><span class=\"spec-content\">Vous cherchez un autre mod\u00e8le de la s\u00e9rie actuelle de la marque ? Envoyez-nous un message !  Nous aimons en faire quelque chose d&rsquo;amusant.<\/span><\/div>\n<div class=\"specification-item row-even\"><span class=\"spec-content\">Produit TVA. Les entrepreneurs, les personnes en dehors de l&rsquo;UE, en profitent. <\/span><\/div>\n<div class=\"specification-item row-header\"><span class=\"spec-content\"><strong>Description g\u00e9n\u00e9rale<\/strong><\/span><\/div>\n<div class=\"specification-item row-even\"><span class=\"spec-content\">Le Yukon XLR d&rsquo;AudioQuest est un c\u00e2ble d&rsquo;interconnexion sym\u00e9trique con\u00e7u pour offrir une reproduction sonore claire et pr\u00e9cise. Gr\u00e2ce \u00e0 des mat\u00e9riaux de haute qualit\u00e9 et \u00e0 une construction soign\u00e9e, ce c\u00e2ble assure une connexion fiable entre vos \u00e9quipements audio. Le Yukon XLR convient \u00e0 diverses applications, telles que la connexion de pr\u00e9amplificateurs \u00e0 des amplificateurs ou de moniteurs de studio \u00e0 des consoles de mixage. Le c\u00e2ble mesure 150 cm de long, ce qui offre suffisamment de flexibilit\u00e9 pour diff\u00e9rentes configurations. En tant que mod\u00e8le de d\u00e9monstration, ce c\u00e2ble a \u00e9t\u00e9 utilis\u00e9 pr\u00e9c\u00e9demment, mais il est encore en excellent \u00e9tat pour am\u00e9liorer votre exp\u00e9rience audio.    <\/span><\/div>\n<div class=\"specification-item row-header\"><span class=\"spec-content\"><strong>Informations g\u00e9n\u00e9rales<\/strong><\/span><\/div>\n<div class=\"specification-item row-even\"><span class=\"spec-content\">Le c\u00e2ble XLR Yukon d&rsquo;AudioQuest est con\u00e7u avec des conducteurs solides en cuivre \u00e0 surface parfaite+ (PSC+) pour une puret\u00e9 exceptionnelle et un son doux et d\u00e9taill\u00e9. Le c\u00e2ble pr\u00e9sente une g\u00e9om\u00e9trie triangulaire et une isolation en poly\u00e9thyl\u00e8ne expans\u00e9 pour minimiser les interf\u00e9rences RF. Le syst\u00e8me de dissipation du bruit (NDS) \u00e0 base de carbone emp\u00eache la distorsion caus\u00e9e par les bruits de radiofr\u00e9quence. Con\u00e7u par Bill Low, fondateur d&rsquo;AudioQuest, qui croit en la minimisation de la distorsion \u00e0 tous les niveaux.   <\/span><\/div>\n<div class=\"specification-item row-header\"><span class=\"spec-content\"><strong>Histoire de la marque<\/strong><\/span><\/div>\n<div class=\"specification-item row-even\"><span class=\"spec-content\">AudioQuest a \u00e9t\u00e9 fond\u00e9e en 1980 par William E. Low en Californie, aux \u00c9tats-Unis. La marque a commenc\u00e9 par assembler manuellement des c\u00e2bles selon des m\u00e9thodes de conception sp\u00e9cifiques bas\u00e9es sur la minimisation de la distorsion.  Depuis, AudioQuest a d\u00e9velopp\u00e9 une gamme de produits qui comprend des c\u00e2bles d&rsquo;interconnexion, des c\u00e2bles de haut-parleurs, des c\u00e2bles num\u00e9riques et de r\u00e9seau, des produits d&rsquo;alimentation et des accessoires portables. Depuis le d\u00e9but, l&rsquo;entreprise s&rsquo;en tient \u00e0 l&rsquo;utilisation de c\u00e2bles directionnels et de conducteurs \u00e0 \u00e2me pleine. En 2012, AudioQuest a lanc\u00e9 le DragonFly, un convertisseur num\u00e9rique-analogique USB. Le d\u00e9veloppement des produits a lieu aux \u00c9tats-Unis, tandis que la production est en partie r\u00e9alis\u00e9e en Chine et ailleurs. AudioQuest applique une philosophie selon laquelle la s\u00e9lection des mat\u00e9riaux, la g\u00e9om\u00e9trie et la finition ont un impact direct sur les performances du c\u00e2ble.    <\/span><\/div>\n<\/div>\n","protected":false},"excerpt":{"rendered":"<p>Description Freakuence ! Avec les bons c\u00e2bles dans votre installation, vous remarquerez que les d\u00e9tails de la musique sont plus clairs et que la dynamique est plus naturelle. C&rsquo;est comme si vos morceaux pr\u00e9f\u00e9r\u00e9s recevaient une nouvelle couche, sans que vous ayez \u00e0 changer quoi que ce soit \u00e0 votre \u00e9quipement. Prix de vente au [&hellip;]<\/p>\n","protected":false},"featured_media":346746,"template":"","meta":{"_acf_changed":false,"inline_featured_image":false},"product_brand":[],"product_cat":[917],"product_tag":[],"class_list":{"0":"post-344169","1":"product","2":"type-product","3":"status-publish","4":"has-post-thumbnail","6":"product_cat-alle-producten","7":"pa_kleur-noir","9":"first","10":"instock","11":"sold-individually","12":"taxable","13":"shipping-taxable","14":"purchasable","15":"product-type-simple"},"acf":{"website":true,"show_on_homepage":false,"brand_title":"AudioQuest","product_type":"Yukon XLR 150cm DEMO","color":"Noir","subcolor":"","reserved_status":"0"},"_links":{"self":[{"href":"https:\/\/dev.freakuence.nl\/fr\/wp-json\/wp\/v2\/product\/344169","targetHints":{"allow":["GET"]}}],"collection":[{"href":"https:\/\/dev.freakuence.nl\/fr\/wp-json\/wp\/v2\/product"}],"about":[{"href":"https:\/\/dev.freakuence.nl\/fr\/wp-json\/wp\/v2\/types\/product"}],"wp:featuredmedia":[{"embeddable":true,"href":"https:\/\/dev.freakuence.nl\/fr\/wp-json\/wp\/v2\/media\/346746"}],"wp:attachment":[{"href":"https:\/\/dev.freakuence.nl\/fr\/wp-json\/wp\/v2\/media?parent=344169"}],"wp:term":[{"taxonomy":"product_brand","embeddable":true,"href":"https:\/\/dev.freakuence.nl\/fr\/wp-json\/wp\/v2\/product_brand?post=344169"},{"taxonomy":"product_cat","embeddable":true,"href":"https:\/\/dev.freakuence.nl\/fr\/wp-json\/wp\/v2\/product_cat?post=344169"},{"taxonomy":"product_tag","embeddable":true,"href":"https:\/\/dev.freakuence.nl\/fr\/wp-json\/wp\/v2\/product_tag?post=344169"}],"curies":[{"name":"wp","href":"https:\/\/api.w.org\/{rel}","templated":true}]}}