{"id":344177,"date":"2026-02-05T13:48:51","date_gmt":"2026-02-05T12:48:51","guid":{"rendered":"https:\/\/freakuence.nl\/product\/audioquest-thunderbird-xlr-150cm\/"},"modified":"2026-03-10T06:18:12","modified_gmt":"2026-03-10T05:18:12","slug":"audioquest-thunderbird-xlr-150cm","status":"publish","type":"product","link":"https:\/\/dev.freakuence.nl\/fr\/produit\/audioquest-thunderbird-xlr-150cm\/","title":{"rendered":"AudioQuest Thunderbird XLR 150cm"},"content":{"rendered":"<div class=\"product-specifications-list\">\n<div class=\"specification-item row-header\"><span class=\"spec-content\"><strong>Description Freakuence !<\/strong><\/span><\/div>\n<div class=\"specification-item row-even\"><span class=\"spec-content\">Ces c\u00e2bles offrent une restitution transparente et naturelle, avec une sc\u00e8ne sonore large et profonde. Les aigus sont clairs sans \u00eatre tranchants, tandis que les graves restent serr\u00e9s et contr\u00f4l\u00e9s. Les fr\u00e9quences moyennes sont reproduites avec d\u00e9tail et nuance, ce qui donne une pr\u00e9sentation \u00e9quilibr\u00e9e et r\u00e9aliste.  <\/span><\/div>\n<div class=\"specification-item row-odd\"><span class=\"spec-content\">Prix de vente au d\u00e9tail : 5 549,00<\/span><\/div>\n<div class=\"specification-item row-header\"><span class=\"spec-content\"><strong>D\u00e9tails<\/strong><\/span><\/div>\n<div class=\"specification-item row-even\"><span class=\"spec-content\">C&rsquo;est votre chance d&rsquo;obtenir enfin du mat\u00e9riel de d\u00e9monstration de la boutique la plus cool de l&rsquo;univers. Oui ! Pour cette raison, il vaut en r\u00e9alit\u00e9 beaucoup plus que le prix du neuf, mais nous allons nous retenir. Il n&rsquo;a \u00e9t\u00e9 utilis\u00e9 que pour des s\u00e9ances d&rsquo;\u00e9coute avec nos visiteurs et n&rsquo;a donc pas eu de propri\u00e9taire priv\u00e9. <\/span><\/div>\n<div class=\"specification-item row-odd\"><span class=\"spec-content\">Vous cherchez un autre mod\u00e8le de la s\u00e9rie actuelle de la marque ? Envoyez-nous un message !  Nous aimons en faire quelque chose d&rsquo;amusant.<\/span><\/div>\n<div class=\"specification-item row-even\"><span class=\"spec-content\">Produit TVA. Les entrepreneurs, les personnes en dehors de l&rsquo;UE, en profitent. <\/span><\/div>\n<div class=\"specification-item row-header\"><span class=\"spec-content\"><strong>Description g\u00e9n\u00e9rale<\/strong><\/span><\/div>\n<div class=\"specification-item row-even\"><span class=\"spec-content\">L&rsquo;AudioQuest Thunderbird XLR de<\/span><\/div>\n<div class=\"specification-item row-odd\"><span class=\"spec-content\">est un c\u00e2ble d&rsquo;interconnexion analogique de haute qualit\u00e9 con\u00e7u pour offrir aux audiophiles une exp\u00e9rience d&rsquo;\u00e9coute in\u00e9gal\u00e9e. L&rsquo;utilisation de conducteurs PSC+ (Perfect-Surface Copper+) permet de minimiser la distorsion du signal et de maximiser la puret\u00e9 du son. Le c\u00e2ble utilise la g\u00e9om\u00e9trie ZERO-Tech, qui garantit une r\u00e9duction lin\u00e9aire et \u00e0 large bande du bruit. En outre, le Thunderbird est \u00e9quip\u00e9 du syst\u00e8me de polarisation di\u00e9lectrique 72V (DBS), qui r\u00e9duit le bruit di\u00e9lectrique et pr\u00e9serve l&rsquo;int\u00e9grit\u00e9 du signal. L&rsquo;isolation FEP Air-Tube contribue \u00e0 minimiser les interf\u00e9rences de signal, tandis que le syst\u00e8me de dissipation du bruit de niveau 6, comprenant un r\u00e9seau maill\u00e9 carbone\/graph\u00e8ne et des conducteurs directionnels, supprime efficacement les bruits de radiofr\u00e9quence. Le c\u00e2ble est \u00e9quip\u00e9 de connecteurs XLR de haute qualit\u00e9 avec fiches Hanging-Silver over Red-Copper et de barillets de drainage RF plaqu\u00e9s cuivre, contribuant \u00e0 une transmission optimale du signal et \u00e0 une grande long\u00e9vit\u00e9. Gr\u00e2ce \u00e0 ces caract\u00e9ristiques, le c\u00e2ble AudioQuest Thunderbird XLR offre une qualit\u00e9 sonore exceptionnelle aux auditeurs exigeants.      <\/span><\/div>\n<div class=\"specification-item row-header\"><span class=\"spec-content\"><strong>Informations g\u00e9n\u00e9rales<\/strong><\/span><\/div>\n<div class=\"specification-item row-even\"><span class=\"spec-content\">L&rsquo;AudioQuest Thunderbird XLR est un c\u00e2ble d&rsquo;interconnexion haut de gamme con\u00e7u par l&rsquo;\u00e9quipe dirig\u00e9e par Bill Low. Le c\u00e2ble utilise des conducteurs solides PSC+ (Perfect-Surface Copper+) pour minimiser la distorsion, et le syst\u00e8me brevet\u00e9 Dialectric-Bias System (DBS) pour un champ \u00e9lectrique stable. Gr\u00e2ce au syst\u00e8me de dissipation du bruit carbone\/couche, les interf\u00e9rences RF sont efficacement supprim\u00e9es. La fabrication et la s\u00e9lection des mat\u00e9riaux sont effectu\u00e9es avec une grande pr\u00e9cision aux \u00c9tats-Unis.   <\/span><\/div>\n<div class=\"specification-item row-header\"><span class=\"spec-content\"><strong>Histoire de la marque<\/strong><\/span><\/div>\n<div class=\"specification-item row-even\"><span class=\"spec-content\">AudioQuest a \u00e9t\u00e9 fond\u00e9e en 1980 par William E. Low en Californie, aux \u00c9tats-Unis. La marque a commenc\u00e9 par assembler manuellement des c\u00e2bles selon des m\u00e9thodes de conception sp\u00e9cifiques bas\u00e9es sur la minimisation de la distorsion.  Depuis, AudioQuest a d\u00e9velopp\u00e9 une gamme de produits qui comprend des c\u00e2bles d&rsquo;interconnexion, des c\u00e2bles de haut-parleurs, des c\u00e2bles num\u00e9riques et de r\u00e9seau, des produits d&rsquo;alimentation et des accessoires portables. Depuis le d\u00e9but, l&rsquo;entreprise s&rsquo;en tient \u00e0 l&rsquo;utilisation de c\u00e2bles directionnels et de conducteurs \u00e0 \u00e2me pleine. En 2012, AudioQuest a lanc\u00e9 le DragonFly, un convertisseur num\u00e9rique-analogique USB. Le d\u00e9veloppement des produits a lieu aux \u00c9tats-Unis, tandis que la production est en partie r\u00e9alis\u00e9e en Chine et ailleurs. AudioQuest applique une philosophie selon laquelle la s\u00e9lection des mat\u00e9riaux, la g\u00e9om\u00e9trie et la finition ont un impact direct sur les performances du c\u00e2ble.    <\/span><\/div>\n<\/div>\n","protected":false},"excerpt":{"rendered":"<p>Description Freakuence ! Ces c\u00e2bles offrent une restitution transparente et naturelle, avec une sc\u00e8ne sonore large et profonde. Les aigus sont clairs sans \u00eatre tranchants, tandis que les graves restent serr\u00e9s et contr\u00f4l\u00e9s. Les fr\u00e9quences moyennes sont reproduites avec d\u00e9tail et nuance, ce qui donne une pr\u00e9sentation \u00e9quilibr\u00e9e et r\u00e9aliste. Prix de vente au d\u00e9tail [&hellip;]<\/p>\n","protected":false},"featured_media":346801,"template":"","meta":{"_acf_changed":false,"inline_featured_image":false},"product_brand":[],"product_cat":[917],"product_tag":[],"class_list":{"0":"post-344177","1":"product","2":"type-product","3":"status-publish","4":"has-post-thumbnail","6":"product_cat-alle-producten","7":"pa_kleur-noir","9":"first","10":"instock","11":"sold-individually","12":"taxable","13":"shipping-taxable","14":"purchasable","15":"product-type-simple"},"acf":{"website":true,"show_on_homepage":false,"brand_title":"AudioQuest","product_type":"Thunderbird XLR 150cm","color":"Noir","subcolor":"","reserved_status":"0"},"_links":{"self":[{"href":"https:\/\/dev.freakuence.nl\/fr\/wp-json\/wp\/v2\/product\/344177","targetHints":{"allow":["GET"]}}],"collection":[{"href":"https:\/\/dev.freakuence.nl\/fr\/wp-json\/wp\/v2\/product"}],"about":[{"href":"https:\/\/dev.freakuence.nl\/fr\/wp-json\/wp\/v2\/types\/product"}],"wp:featuredmedia":[{"embeddable":true,"href":"https:\/\/dev.freakuence.nl\/fr\/wp-json\/wp\/v2\/media\/346801"}],"wp:attachment":[{"href":"https:\/\/dev.freakuence.nl\/fr\/wp-json\/wp\/v2\/media?parent=344177"}],"wp:term":[{"taxonomy":"product_brand","embeddable":true,"href":"https:\/\/dev.freakuence.nl\/fr\/wp-json\/wp\/v2\/product_brand?post=344177"},{"taxonomy":"product_cat","embeddable":true,"href":"https:\/\/dev.freakuence.nl\/fr\/wp-json\/wp\/v2\/product_cat?post=344177"},{"taxonomy":"product_tag","embeddable":true,"href":"https:\/\/dev.freakuence.nl\/fr\/wp-json\/wp\/v2\/product_tag?post=344177"}],"curies":[{"name":"wp","href":"https:\/\/api.w.org\/{rel}","templated":true}]}}