{"id":344179,"date":"2026-02-05T13:48:07","date_gmt":"2026-02-05T12:48:07","guid":{"rendered":"https:\/\/freakuence.nl\/product\/audioquest-rocket-22-full-range-banban-silver-250cm-2\/"},"modified":"2026-03-10T06:18:21","modified_gmt":"2026-03-10T05:18:21","slug":"audioquest-rocket-22-full-range-banban-silver-250cm-2","status":"publish","type":"product","link":"https:\/\/dev.freakuence.nl\/fr\/produit\/audioquest-rocket-22-full-range-banban-silver-250cm-2\/","title":{"rendered":"AudioQuest Rocket 22 Full-Range banban silver 250cm"},"content":{"rendered":"<div class=\"product-specifications-list\">\n<div class=\"specification-item row-header\"><span class=\"spec-content\"><strong>Description Freakuence !<\/strong><\/span><\/div>\n<div class=\"specification-item row-even\"><span class=\"spec-content\">Le son est convivial et ouvert, avec une l\u00e9g\u00e8re accentuation des basses. L&rsquo;image st\u00e9r\u00e9o est l\u00e9g\u00e8rement moins large et profonde, et les d\u00e9tails sont donc plus proches les uns des autres. Il en r\u00e9sulte une exp\u00e9rience d&rsquo;\u00e9coute agr\u00e9able mais moins d\u00e9taill\u00e9e.  <\/span><\/div>\n<div class=\"specification-item row-odd\"><span class=\"spec-content\">Prix de vente au d\u00e9tail : 549,00<\/span><\/div>\n<div class=\"specification-item row-header\"><span class=\"spec-content\"><strong>D\u00e9tails<\/strong><\/span><\/div>\n<div class=\"specification-item row-even\"><span class=\"spec-content\">Le prix inclut la TVA. Entrepreneurs, profitez-en. <\/span><\/div>\n<div class=\"specification-item row-header\"><span class=\"spec-content\"><strong>Description g\u00e9n\u00e9rale<\/strong><\/span><\/div>\n<div class=\"specification-item row-even\"><span class=\"spec-content\">Le c\u00e2ble d&rsquo;enceinte AudioQuest Rocket 22 Full-Range de 2,5 m\u00e8tres avec fiches bananes argent\u00e9es est con\u00e7u pour offrir une reproduction sonore claire et pr\u00e9cise. Le c\u00e2ble utilise une combinaison de conducteurs en cuivre \u00e0 surface parfaite (PSC) et en cuivre \u00e0 grain long (LGC), ce qui permet de minimiser la distorsion du signal et d&rsquo;am\u00e9liorer la clart\u00e9. La construction concentrique semi-solide assure un positionnement coh\u00e9rent des conducteurs, ce qui contribue \u00e0 un son plus pur. La g\u00e9om\u00e9trie \u00e0 double paire spiral\u00e9e r\u00e9duit l&rsquo;inductance, ce qui am\u00e9liore la r\u00e9ponse en fr\u00e9quence sur l&rsquo;ensemble du spectre. Le c\u00e2ble est \u00e9quip\u00e9 de fiches bananes argent\u00e9es pour une connexion fiable.    <\/span><\/div>\n<div class=\"specification-item row-header\"><span class=\"spec-content\"><strong>Informations g\u00e9n\u00e9rales<\/strong><\/span><\/div>\n<div class=\"specification-item row-even\"><span class=\"spec-content\">L&rsquo;AudioQuest Rocket 22 Full-Range est con\u00e7u pour offrir un son pur et une faible distorsion. La conception du c\u00e2ble utilise des conducteurs en cuivre \u00e0 grain long (LGC) et en cuivre massif \u00e0 surface parfaite (PSC) pour un son plus doux et plus clair. La double g\u00e9om\u00e9trie Star-Quad minimise les interf\u00e9rences. La gaine est fabriqu\u00e9e dans un mat\u00e9riau robuste pour plus de flexibilit\u00e9 et de durabilit\u00e9. D\u00e9veloppement par l&rsquo;\u00e9quipe interne d&rsquo;AudioQuest dirig\u00e9e par Bill Low.    <\/span><\/div>\n<div class=\"specification-item row-header\"><span class=\"spec-content\"><strong>Histoire de la marque<\/strong><\/span><\/div>\n<div class=\"specification-item row-even\"><span class=\"spec-content\">AudioQuest a \u00e9t\u00e9 fond\u00e9e en 1980 par William E. Low en Californie, aux \u00c9tats-Unis. La marque a commenc\u00e9 par assembler manuellement des c\u00e2bles selon des m\u00e9thodes de conception sp\u00e9cifiques bas\u00e9es sur la minimisation de la distorsion.  Depuis, AudioQuest a d\u00e9velopp\u00e9 une gamme de produits qui comprend des c\u00e2bles d&rsquo;interconnexion, des c\u00e2bles de haut-parleurs, des c\u00e2bles num\u00e9riques et de r\u00e9seau, des produits d&rsquo;alimentation et des accessoires portables. Depuis le d\u00e9but, l&rsquo;entreprise s&rsquo;en tient \u00e0 l&rsquo;utilisation de c\u00e2bles directionnels et de conducteurs \u00e0 \u00e2me pleine. En 2012, AudioQuest a lanc\u00e9 le DragonFly, un convertisseur num\u00e9rique-analogique USB. Le d\u00e9veloppement des produits a lieu aux \u00c9tats-Unis, tandis que la production est en partie r\u00e9alis\u00e9e en Chine et ailleurs. AudioQuest applique une philosophie selon laquelle la s\u00e9lection des mat\u00e9riaux, la g\u00e9om\u00e9trie et la finition ont un impact direct sur les performances du c\u00e2ble.    <\/span><\/div>\n<\/div>\n","protected":false},"excerpt":{"rendered":"<p>Description Freakuence ! Le son est convivial et ouvert, avec une l\u00e9g\u00e8re accentuation des basses. L&rsquo;image st\u00e9r\u00e9o est l\u00e9g\u00e8rement moins large et profonde, et les d\u00e9tails sont donc plus proches les uns des autres. Il en r\u00e9sulte une exp\u00e9rience d&rsquo;\u00e9coute agr\u00e9able mais moins d\u00e9taill\u00e9e. Prix de vente au d\u00e9tail : 549,00 D\u00e9tails Le prix inclut [&hellip;]<\/p>\n","protected":false},"featured_media":346873,"template":"","meta":{"_acf_changed":false,"inline_featured_image":false},"product_brand":[],"product_cat":[917],"product_tag":[],"class_list":{"0":"post-344179","1":"product","2":"type-product","3":"status-publish","4":"has-post-thumbnail","6":"product_cat-alle-producten","7":"pa_kleur-noir","9":"first","10":"instock","11":"sold-individually","12":"taxable","13":"shipping-taxable","14":"purchasable","15":"product-type-simple"},"acf":{"website":true,"show_on_homepage":false,"brand_title":"AudioQuest","product_type":"Rocket 22 Full-Range ban<>ban silver 250cm","color":"Noir","subcolor":"","reserved_status":"0"},"_links":{"self":[{"href":"https:\/\/dev.freakuence.nl\/fr\/wp-json\/wp\/v2\/product\/344179","targetHints":{"allow":["GET"]}}],"collection":[{"href":"https:\/\/dev.freakuence.nl\/fr\/wp-json\/wp\/v2\/product"}],"about":[{"href":"https:\/\/dev.freakuence.nl\/fr\/wp-json\/wp\/v2\/types\/product"}],"wp:featuredmedia":[{"embeddable":true,"href":"https:\/\/dev.freakuence.nl\/fr\/wp-json\/wp\/v2\/media\/346873"}],"wp:attachment":[{"href":"https:\/\/dev.freakuence.nl\/fr\/wp-json\/wp\/v2\/media?parent=344179"}],"wp:term":[{"taxonomy":"product_brand","embeddable":true,"href":"https:\/\/dev.freakuence.nl\/fr\/wp-json\/wp\/v2\/product_brand?post=344179"},{"taxonomy":"product_cat","embeddable":true,"href":"https:\/\/dev.freakuence.nl\/fr\/wp-json\/wp\/v2\/product_cat?post=344179"},{"taxonomy":"product_tag","embeddable":true,"href":"https:\/\/dev.freakuence.nl\/fr\/wp-json\/wp\/v2\/product_tag?post=344179"}],"curies":[{"name":"wp","href":"https:\/\/api.w.org\/{rel}","templated":true}]}}