{"id":344287,"date":"2026-02-05T14:22:25","date_gmt":"2026-02-05T13:22:25","guid":{"rendered":"https:\/\/freakuence.nl\/product\/kef-r3-meta-2\/"},"modified":"2026-04-11T15:37:52","modified_gmt":"2026-04-11T13:37:52","slug":"kef-r3-meta-2","status":"publish","type":"product","link":"https:\/\/dev.freakuence.nl\/fr\/produit\/kef-r3-meta-2\/","title":{"rendered":"KEF R3 Meta"},"content":{"rendered":"<div class=\"product-specifications-list\">\n<div class=\"specification-item row-header\"><span class=\"spec-content\"><strong>Description Freakuence !<\/strong><\/span><\/div>\n<div class=\"specification-item row-even\"><span class=\"spec-content\">Moniteurs robustes de la gamme R de KEF. Ils jouent avec beaucoup de pression et de conviction dans les graves, avec des m\u00e9diums corrects et musicaux. La ligne R joue avec une distorsion \u00e9tonnamment faible.  <\/span><\/div>\n<div class=\"specification-item row-odd\"><span class=\"spec-content\">Prix de vente au d\u00e9tail : 2450.00<\/span><\/div>\n<div class=\"specification-item row-header\"><span class=\"spec-content\"><strong>D\u00e9tails<\/strong><\/span><\/div>\n<div class=\"specification-item row-even\"><span class=\"spec-content\">Utilis\u00e9 comme mod\u00e8le de d\u00e9monstration par le concessionnaire ou l&rsquo;importateur. Naturellement, les mod\u00e8les de d\u00e9monstration n&rsquo;ont pas eu de propri\u00e9taire priv\u00e9 et b\u00e9n\u00e9ficient de la garantie compl\u00e8te du fabricant. <\/span><\/div>\n<div class=\"specification-item row-odd\"><span class=\"spec-content\">Vous recherchez un autre type de la s\u00e9rie actuelle de la marque ou une autre couleur de ce mod\u00e8le ? Envoyez-nous un message avec votre demande de reprise \u00e9ventuelle ! Nous serions ravis d&rsquo;en faire quelque chose de bien.  <\/span><\/div>\n<div class=\"specification-item row-header\"><span class=\"spec-content\"><strong>Description g\u00e9n\u00e9rale<\/strong><\/span><\/div>\n<div class=\"specification-item row-even\"><span class=\"spec-content\">Le KEF R3 Meta est un haut-parleur biblioth\u00e8que \u00e0 trois voies qui excelle en termes de qualit\u00e9 sonore et de design. Gr\u00e2ce au r\u00e9seau de haut-parleurs Uni-Q\u00ae de 12e g\u00e9n\u00e9ration et \u00e0 la technologie d&rsquo;absorption par m\u00e9tamat\u00e9riaux (MAT\u2122), ce haut-parleur offre un son clair et naturel. Le haut-parleur de basses hybride en aluminium assure des basses serr\u00e9es et contr\u00f4l\u00e9es. Gr\u00e2ce \u00e0 la conception Uni-Q\u00ae, le son est uniform\u00e9ment r\u00e9parti, ce qui permet d&rsquo;obtenir un sweet spot plus large. La R3 Meta est disponible en plusieurs finitions, notamment en noir brillant, en blanc brillant, en noyer et dans une \u00e9dition sp\u00e9ciale indigo brillant. Gr\u00e2ce \u00e0 sa taille compacte et \u00e0 sa polyvalence, le R3 Meta convient aussi bien aux applications musicales qu&rsquo;au home cin\u00e9ma.     <\/span><\/div>\n<div class=\"specification-item row-header\"><span class=\"spec-content\"><strong>Informations g\u00e9n\u00e9rales<\/strong><\/span><\/div>\n<div class=\"specification-item row-even\"><span class=\"spec-content\">Le KEF R3 Meta est con\u00e7u selon la philosophie acoustique de KEF : un son clair et pr\u00e9cis avec une distorsion minimale. Le haut-parleur est \u00e9quip\u00e9 du tout dernier ensemble de haut-parleurs Uni-Q avec la technologie d&rsquo;absorption par m\u00e9tamat\u00e9riaux (MAT), qui absorbe les r\u00e9sonances ind\u00e9sirables jusqu&rsquo;\u00e0 99 %. Le coffret est renforc\u00e9 par la technologie Constrained Layer Damping pour r\u00e9duire les vibrations. D\u00e9velopp\u00e9 par l&rsquo;\u00e9quipe acoustique de KEF dirig\u00e9e par Jack Oclee-Brown.   <\/span><\/div>\n<div class=\"specification-item row-header\"><span class=\"spec-content\"><strong>Histoire de la marque<\/strong><\/span><\/div>\n<div class=\"specification-item row-even\"><span class=\"spec-content\">KEF a \u00e9t\u00e9 fond\u00e9e en 1961 \u00e0 Maidstone, dans le Kent, par Raymond Cooke, ancien chef de piste de la BBC. Le nom est d\u00e9riv\u00e9 de Kent Engineering &amp; Foundry, le site sur lequel se trouvait son premier si\u00e8ge social. Au cours de ses premi\u00e8res ann\u00e9es d&rsquo;existence, la soci\u00e9t\u00e9 a d\u00e9velopp\u00e9 des produits en utilisant des mat\u00e9riaux synth\u00e9tiques et des mod\u00e8les math\u00e9matiques. En 1973, KEF introduit le concept de r\u00e9f\u00e9rence, dans lequel chaque paire de syst\u00e8mes est appari\u00e9e \u00e9lectroniquement. Dans les ann\u00e9es 1980, KEF utilise les technologies num\u00e9riques pour optimiser la production. En 1988, le premier syst\u00e8me de mesure acoustique assist\u00e9 par ordinateur est utilis\u00e9. La technologie des haut-parleurs Uni-Q a \u00e9t\u00e9 introduite en 1988 et a depuis \u00e9t\u00e9 utilis\u00e9e dans plusieurs mod\u00e8les. KEF a collabor\u00e9 avec des designers externes, notamment Ross Lovegrove. En 2011, le Blade a \u00e9t\u00e9 lanc\u00e9, le premier mod\u00e8le bas\u00e9 sur le concept de source \u00e0 point unique. KEF poss\u00e8de des bureaux dans le monde entier, notamment \u00e0 Hong Kong, en Allemagne, en France, au Japon et aux \u00c9tats-Unis. Son si\u00e8ge social et son d\u00e9partement de recherche acoustique se trouvent \u00e0 Maidstone.          <\/span><\/div>\n<\/div>\n","protected":false},"excerpt":{"rendered":"<p>Description Freakuence ! Moniteurs robustes de la gamme R de KEF. Ils jouent avec beaucoup de pression et de conviction dans les graves, avec des m\u00e9diums corrects et musicaux. La ligne R joue avec une distorsion \u00e9tonnamment faible. Prix de vente au d\u00e9tail : 2450.00 D\u00e9tails Utilis\u00e9 comme mod\u00e8le de d\u00e9monstration par le concessionnaire ou [&hellip;]<\/p>\n","protected":false},"featured_media":398648,"template":"","meta":{"_acf_changed":false,"inline_featured_image":false},"product_brand":[],"product_cat":[709,543],"product_tag":[552],"class_list":{"0":"post-344287","1":"product","2":"type-product","3":"status-publish","4":"has-post-thumbnail","6":"product_cat-enceintes-de-bibliotheque","7":"product_cat-intervenants","8":"product_tag-demo","9":"pa_kleur-bleu","11":"first","12":"instock","13":"sold-individually","14":"taxable","15":"shipping-taxable","16":"purchasable","17":"product-type-simple"},"acf":{"website":true,"show_on_homepage":false,"brand_title":"KEF","product_type":"R3 Meta","color":"Bleu","subcolor":"Indigo","reserved_status":"0"},"_links":{"self":[{"href":"https:\/\/dev.freakuence.nl\/fr\/wp-json\/wp\/v2\/product\/344287","targetHints":{"allow":["GET"]}}],"collection":[{"href":"https:\/\/dev.freakuence.nl\/fr\/wp-json\/wp\/v2\/product"}],"about":[{"href":"https:\/\/dev.freakuence.nl\/fr\/wp-json\/wp\/v2\/types\/product"}],"wp:featuredmedia":[{"embeddable":true,"href":"https:\/\/dev.freakuence.nl\/fr\/wp-json\/wp\/v2\/media\/398648"}],"wp:attachment":[{"href":"https:\/\/dev.freakuence.nl\/fr\/wp-json\/wp\/v2\/media?parent=344287"}],"wp:term":[{"taxonomy":"product_brand","embeddable":true,"href":"https:\/\/dev.freakuence.nl\/fr\/wp-json\/wp\/v2\/product_brand?post=344287"},{"taxonomy":"product_cat","embeddable":true,"href":"https:\/\/dev.freakuence.nl\/fr\/wp-json\/wp\/v2\/product_cat?post=344287"},{"taxonomy":"product_tag","embeddable":true,"href":"https:\/\/dev.freakuence.nl\/fr\/wp-json\/wp\/v2\/product_tag?post=344287"}],"curies":[{"name":"wp","href":"https:\/\/api.w.org\/{rel}","templated":true}]}}