{"id":344303,"date":"2026-02-05T14:19:34","date_gmt":"2026-02-05T13:19:34","guid":{"rendered":"https:\/\/freakuence.nl\/product\/hifi-rose-rs520-2\/"},"modified":"2026-04-10T11:56:05","modified_gmt":"2026-04-10T09:56:05","slug":"hifi-rose-rs520-2","status":"publish","type":"product","link":"https:\/\/dev.freakuence.nl\/fr\/produit\/hifi-rose-rs520-2\/","title":{"rendered":"Hifi Rose RS520"},"content":{"rendered":"<div class=\"product-specifications-list\">\n<div class=\"specification-item row-header\"><span class=\"spec-content\"><strong>Description Freakuence !<\/strong><\/span><\/div>\n<div class=\"specification-item row-even\"><span class=\"spec-content\">Allez, sortez ! Vous ne pouvez pas passer \u00e0 c\u00f4t\u00e9 de ces objets. Ici, dans le magasin, ils ont beaucoup d&rsquo;attrait. Sur le plan sonore, bien s\u00fbr, vous devez l&rsquo;aimer. Beaucoup de puissance, beaucoup de d\u00e9tails, des m\u00e9diums clairs. C&rsquo;est ce dernier aspect qui pla\u00eet \u00e0 certains, tandis que d&rsquo;autres s&rsquo;en emparent et s&rsquo;y pr\u00e9cipitent. La puce DAC ES9038PRO int\u00e9gr\u00e9e minimise la distorsion et le bruit, ce qui permet de reproduire fid\u00e8lement le signal audio d&rsquo;origine. L&rsquo;amplificateur de classe D \u00e0 base de GaN FET offre une puissance de sortie \u00e9lev\u00e9e, ce qui lui permet d&rsquo;alimenter efficacement une grande vari\u00e9t\u00e9 de haut-parleurs.       <\/span><\/div>\n<div class=\"specification-item row-odd\"><span class=\"spec-content\">Prix de vente au d\u00e9tail : 3699.00<\/span><\/div>\n<div class=\"specification-item row-header\"><span class=\"spec-content\"><strong>Description g\u00e9n\u00e9rale<\/strong><\/span><\/div>\n<div class=\"specification-item row-even\"><span class=\"spec-content\">Ce syst\u00e8me int\u00e9gr\u00e9 combine un lecteur r\u00e9seau, un DAC et un amplificateur dans un seul bo\u00eetier. Il est dot\u00e9 d&rsquo;un large \u00e9cran tactile LCD de 12,6 pouces d&rsquo;une r\u00e9solution de 1920&#215;515 pixels, permettant une utilisation intuitive. La puce DAC ES9038PRO int\u00e9gr\u00e9e d&rsquo;ESS Technology garantit une faible distorsion harmonique totale et une plage dynamique de 140 dB. L&rsquo;amplificateur de classe AD utilise la technologie GaN FET et d\u00e9livre 250 watts par canal \u00e0 8 ohms. Le syst\u00e8me prend en charge divers services de streaming tels que Tidal, Qobuz et Spotify Connect, ainsi que la radio Internet et Rose Tube pour la lecture vid\u00e9o. Les options de connectivit\u00e9 comprennent des entr\u00e9es optiques et coaxiales, une entr\u00e9e ligne, un DAC USB et un eARC HDMI. Une sortie HDMI 2.0 est \u00e9galement disponible pour la vid\u00e9o jusqu&rsquo;\u00e0 une r\u00e9solution 4K \u00e0 60 Hz. Le bo\u00eetier est constitu\u00e9 d&rsquo;une seule pi\u00e8ce d&rsquo;aluminium, ce qui contribue \u00e0 sa durabilit\u00e9 et \u00e0 son design minimaliste.       <\/span><\/div>\n<div class=\"specification-item row-header\"><span class=\"spec-content\"><strong>Informations g\u00e9n\u00e9rales<\/strong><\/span><\/div>\n<div class=\"specification-item row-even\"><span class=\"spec-content\">Le Hifi Rose RS520 est con\u00e7u comme un streamer, un DAC et un amplificateur int\u00e9gr\u00e9 tout-en-un, en mettant l&rsquo;accent sur des performances audio de haute qualit\u00e9 ainsi que sur la facilit\u00e9 d&rsquo;utilisation. Bas\u00e9 sur la philosophie de conception de la simplicit\u00e9 et de la puret\u00e9 du signal, le RS520 int\u00e8gre un DAC ESS ES9038PRO et un puissant amplificateur de classe AD de 250W par canal. Le bo\u00eetier est fabriqu\u00e9 \u00e0 partir d&rsquo;un seul bloc d&rsquo;aluminium pour un amortissement optimal des vibrations. En interne, des chemins de signaux courts et des composants de haute qualit\u00e9 ont \u00e9t\u00e9 choisis. D\u00e9velopp\u00e9 en Cor\u00e9e du Sud par l&rsquo;\u00e9quipe R&amp;D de Hifi Rose.    <\/span><\/div>\n<div class=\"specification-item row-header\"><span class=\"spec-content\"><strong>Histoire de la marque<\/strong><\/span><\/div>\n<div class=\"specification-item row-even\"><span class=\"spec-content\">Hifi Rose est une marque de la soci\u00e9t\u00e9 sud-cor\u00e9enne Citech Co, Ltd, qui se consacre depuis 2017 au d\u00e9veloppement de composants audio de haute qualit\u00e9 dans la cat\u00e9gorie des streamers r\u00e9seau et des lecteurs tout-en-un. La marque utilise des plateformes mat\u00e9rielles et logicielles propri\u00e9taires, notamment le syst\u00e8me d&rsquo;exploitation ROSE OS bas\u00e9 sur Android. Les appareils de Hifi Rose utilisent un \u00e9cran tactile LCD int\u00e9gr\u00e9 sur toute la largeur de la face avant. Ce faisant, la marque prend en charge les services de streaming populaires tels que TIDAL, Qobuz et Apple Music. La lecture musicale s&rsquo;effectue via des sorties analogiques et num\u00e9riques, selon le mod\u00e8le. Le stockage local est possible via des unit\u00e9s de stockage internes ou des interfaces USB et MicroSD externes. Les appareils peuvent \u00e9galement servir de lecteur de CD en connectant un lecteur de CD-ROM externe. La lecture musicale est compatible avec les formats jusqu&rsquo;\u00e0 DSD512 et PCM 32 bits\/768 kHz.       <\/span><\/div>\n<\/div>\n","protected":false},"excerpt":{"rendered":"<p>Description Freakuence ! Allez, sortez ! Vous ne pouvez pas passer \u00e0 c\u00f4t\u00e9 de ces objets. Ici, dans le magasin, ils ont beaucoup d&rsquo;attrait. Sur le plan sonore, bien s\u00fbr, vous devez l&rsquo;aimer. Beaucoup de puissance, beaucoup de d\u00e9tails, des m\u00e9diums clairs. C&rsquo;est ce dernier aspect qui pla\u00eet \u00e0 certains, tandis que d&rsquo;autres s&rsquo;en emparent [&hellip;]<\/p>\n","protected":false},"featured_media":389134,"template":"","meta":{"_acf_changed":false,"inline_featured_image":false},"product_brand":[],"product_cat":[689,742],"product_tag":[565],"class_list":{"0":"post-344303","1":"product","2":"type-product","3":"status-publish","4":"has-post-thumbnail","6":"product_cat-sources-dinformation","7":"product_cat-streamers","8":"product_tag-nouveau","9":"pa_kleur-noir","11":"first","12":"outofstock","13":"sold-individually","14":"purchasable","15":"product-type-simple"},"acf":{"website":true,"show_on_homepage":false,"brand_title":"Hifi Rose","product_type":"RS520","color":"Noir","subcolor":"","reserved_status":"0"},"yoast_head":"<!-- This site is optimized with the Yoast SEO plugin v25.9 - https:\/\/yoast.com\/wordpress\/plugins\/seo\/ -->\n<title>Hifi Rose RS520 | Freakuence!<\/title>\n<meta name=\"description\" content=\"HiFi Rose RS520 : puissant streamer tout-en-un avec amplificateur 250W et DAC ES9038PRO. \u2713 HiFi neuf et d&#039;occasion \u2713 Note des clients : 4.9 sur 5 \u2713 Reprise \u2713 Session d&#039;\u00e9coute\" \/>\n<meta name=\"robots\" content=\"noindex, follow, max-snippet:-1, max-image-preview:large, max-video-preview:-1\" \/>\n<meta property=\"og:locale\" content=\"fr_FR\" \/>\n<meta property=\"og:type\" content=\"article\" \/>\n<meta property=\"og:title\" content=\"Hifi Rose RS520 | Freakuence!\" \/>\n<meta property=\"og:description\" content=\"HiFi Rose RS520 : puissant streamer tout-en-un avec amplificateur 250W et DAC ES9038PRO. \u2713 HiFi neuf et d&#039;occasion \u2713 Note des clients : 4.9 sur 5 \u2713 Reprise \u2713 Session d&#039;\u00e9coute\" \/>\n<meta property=\"og:url\" content=\"https:\/\/dev.freakuence.nl\/fr\/produit\/hifi-rose-rs520-2\/\" \/>\n<meta property=\"og:site_name\" content=\"Freakuence!\" \/>\n<meta property=\"article:modified_time\" content=\"2026-04-10T09:56:05+00:00\" \/>\n<meta property=\"og:image\" content=\"https:\/\/dev.freakuence.nl\/wp-content\/uploads\/2026\/04\/17690052300506-18735-IMG1253-1.jpg\" \/>\n\t<meta property=\"og:image:width\" content=\"1800\" \/>\n\t<meta property=\"og:image:height\" content=\"1200\" \/>\n\t<meta property=\"og:image:type\" content=\"image\/jpeg\" \/>\n<meta name=\"twitter:card\" content=\"summary_large_image\" \/>\n<script type=\"application\/ld+json\" class=\"yoast-schema-graph\">{\"@context\":\"https:\/\/schema.org\",\"@graph\":[{\"@type\":\"WebPage\",\"@id\":\"https:\/\/dev.freakuence.nl\/fr\/produit\/hifi-rose-rs520-2\/\",\"url\":\"https:\/\/dev.freakuence.nl\/fr\/produit\/hifi-rose-rs520-2\/\",\"name\":\"Hifi Rose RS520 | Freakuence!\",\"isPartOf\":{\"@id\":\"https:\/\/dev.freakuence.nl\/fr\/#website\"},\"primaryImageOfPage\":{\"@id\":\"https:\/\/dev.freakuence.nl\/fr\/produit\/hifi-rose-rs520-2\/#primaryimage\"},\"image\":{\"@id\":\"https:\/\/dev.freakuence.nl\/fr\/produit\/hifi-rose-rs520-2\/#primaryimage\"},\"thumbnailUrl\":\"https:\/\/dev.freakuence.nl\/wp-content\/uploads\/2026\/04\/17690052300506-18735-IMG1253-1.jpg\",\"datePublished\":\"2026-02-05T13:19:34+00:00\",\"dateModified\":\"2026-04-10T09:56:05+00:00\",\"description\":\"HiFi Rose RS520 : puissant streamer tout-en-un avec amplificateur 250W et DAC ES9038PRO. \u2713 HiFi neuf et d'occasion \u2713 Note des clients : 4.9 sur 5 \u2713 Reprise \u2713 Session d'\u00e9coute\",\"breadcrumb\":{\"@id\":\"https:\/\/dev.freakuence.nl\/fr\/produit\/hifi-rose-rs520-2\/#breadcrumb\"},\"inLanguage\":\"fr-FR\",\"potentialAction\":[{\"@type\":\"ReadAction\",\"target\":[\"https:\/\/dev.freakuence.nl\/fr\/produit\/hifi-rose-rs520-2\/\"]}]},{\"@type\":\"ImageObject\",\"inLanguage\":\"fr-FR\",\"@id\":\"https:\/\/dev.freakuence.nl\/fr\/produit\/hifi-rose-rs520-2\/#primaryimage\",\"url\":\"https:\/\/dev.freakuence.nl\/wp-content\/uploads\/2026\/04\/17690052300506-18735-IMG1253-1.jpg\",\"contentUrl\":\"https:\/\/dev.freakuence.nl\/wp-content\/uploads\/2026\/04\/17690052300506-18735-IMG1253-1.jpg\",\"width\":1800,\"height\":1200},{\"@type\":\"BreadcrumbList\",\"@id\":\"https:\/\/dev.freakuence.nl\/fr\/produit\/hifi-rose-rs520-2\/#breadcrumb\",\"itemListElement\":[{\"@type\":\"ListItem\",\"position\":1,\"name\":\"Accueil\",\"item\":\"https:\/\/dev.freakuence.nl\/fr\/\"},{\"@type\":\"ListItem\",\"position\":2,\"name\":\"Produits\",\"item\":\"https:\/\/dev.freakuence.nl\/fr\/produits\/\"},{\"@type\":\"ListItem\",\"position\":3,\"name\":\"Hifi Rose RS520\"}]},{\"@type\":\"WebSite\",\"@id\":\"https:\/\/dev.freakuence.nl\/fr\/#website\",\"url\":\"https:\/\/dev.freakuence.nl\/fr\/\",\"name\":\"Freakuence!\",\"description\":\"Freakuence!\",\"publisher\":{\"@id\":\"https:\/\/dev.freakuence.nl\/fr\/#organization\"},\"alternateName\":\"Freakuence\",\"potentialAction\":[{\"@type\":\"SearchAction\",\"target\":{\"@type\":\"EntryPoint\",\"urlTemplate\":\"https:\/\/dev.freakuence.nl\/fr\/?s={search_term_string}\"},\"query-input\":{\"@type\":\"PropertyValueSpecification\",\"valueRequired\":true,\"valueName\":\"search_term_string\"}}],\"inLanguage\":\"fr-FR\"},{\"@type\":\"Organization\",\"@id\":\"https:\/\/dev.freakuence.nl\/fr\/#organization\",\"name\":\"Freakuence !\",\"url\":\"https:\/\/dev.freakuence.nl\/fr\/\",\"logo\":{\"@type\":\"ImageObject\",\"inLanguage\":\"fr-FR\",\"@id\":\"https:\/\/dev.freakuence.nl\/fr\/#\/schema\/logo\/image\/\",\"url\":\"https:\/\/dev.freakuence.nl\/wp-content\/uploads\/2022\/05\/Brown_3_RGB_Freakuence-1.png\",\"contentUrl\":\"https:\/\/dev.freakuence.nl\/wp-content\/uploads\/2022\/05\/Brown_3_RGB_Freakuence-1.png\",\"width\":2560,\"height\":684,\"caption\":\"Freakuence !\"},\"image\":{\"@id\":\"https:\/\/dev.freakuence.nl\/fr\/#\/schema\/logo\/image\/\"},\"sameAs\":[\"https:\/\/www.instagram.com\/freakuence_notorious_audio\/\"]}]}<\/script>\n<!-- \/ Yoast SEO plugin. -->","yoast_head_json":{"title":"Hifi Rose RS520 | Freakuence!","description":"HiFi Rose RS520 : puissant streamer tout-en-un avec amplificateur 250W et DAC ES9038PRO. \u2713 HiFi neuf et d'occasion \u2713 Note des clients : 4.9 sur 5 \u2713 Reprise \u2713 Session d'\u00e9coute","robots":{"index":"noindex","follow":"follow","max-snippet":"max-snippet:-1","max-image-preview":"max-image-preview:large","max-video-preview":"max-video-preview:-1"},"og_locale":"fr_FR","og_type":"article","og_title":"Hifi Rose RS520 | Freakuence!","og_description":"HiFi Rose RS520 : puissant streamer tout-en-un avec amplificateur 250W et DAC ES9038PRO. \u2713 HiFi neuf et d'occasion \u2713 Note des clients : 4.9 sur 5 \u2713 Reprise \u2713 Session d'\u00e9coute","og_url":"https:\/\/dev.freakuence.nl\/fr\/produit\/hifi-rose-rs520-2\/","og_site_name":"Freakuence!","article_modified_time":"2026-04-10T09:56:05+00:00","og_image":[{"width":1800,"height":1200,"url":"https:\/\/dev.freakuence.nl\/wp-content\/uploads\/2026\/04\/17690052300506-18735-IMG1253-1.jpg","type":"image\/jpeg"}],"twitter_card":"summary_large_image","schema":{"@context":"https:\/\/schema.org","@graph":[{"@type":"WebPage","@id":"https:\/\/dev.freakuence.nl\/fr\/produit\/hifi-rose-rs520-2\/","url":"https:\/\/dev.freakuence.nl\/fr\/produit\/hifi-rose-rs520-2\/","name":"Hifi Rose RS520 | Freakuence!","isPartOf":{"@id":"https:\/\/dev.freakuence.nl\/fr\/#website"},"primaryImageOfPage":{"@id":"https:\/\/dev.freakuence.nl\/fr\/produit\/hifi-rose-rs520-2\/#primaryimage"},"image":{"@id":"https:\/\/dev.freakuence.nl\/fr\/produit\/hifi-rose-rs520-2\/#primaryimage"},"thumbnailUrl":"https:\/\/dev.freakuence.nl\/wp-content\/uploads\/2026\/04\/17690052300506-18735-IMG1253-1.jpg","datePublished":"2026-02-05T13:19:34+00:00","dateModified":"2026-04-10T09:56:05+00:00","description":"HiFi Rose RS520 : puissant streamer tout-en-un avec amplificateur 250W et DAC ES9038PRO. \u2713 HiFi neuf et d'occasion \u2713 Note des clients : 4.9 sur 5 \u2713 Reprise \u2713 Session d'\u00e9coute","breadcrumb":{"@id":"https:\/\/dev.freakuence.nl\/fr\/produit\/hifi-rose-rs520-2\/#breadcrumb"},"inLanguage":"fr-FR","potentialAction":[{"@type":"ReadAction","target":["https:\/\/dev.freakuence.nl\/fr\/produit\/hifi-rose-rs520-2\/"]}]},{"@type":"ImageObject","inLanguage":"fr-FR","@id":"https:\/\/dev.freakuence.nl\/fr\/produit\/hifi-rose-rs520-2\/#primaryimage","url":"https:\/\/dev.freakuence.nl\/wp-content\/uploads\/2026\/04\/17690052300506-18735-IMG1253-1.jpg","contentUrl":"https:\/\/dev.freakuence.nl\/wp-content\/uploads\/2026\/04\/17690052300506-18735-IMG1253-1.jpg","width":1800,"height":1200},{"@type":"BreadcrumbList","@id":"https:\/\/dev.freakuence.nl\/fr\/produit\/hifi-rose-rs520-2\/#breadcrumb","itemListElement":[{"@type":"ListItem","position":1,"name":"Accueil","item":"https:\/\/dev.freakuence.nl\/fr\/"},{"@type":"ListItem","position":2,"name":"Produits","item":"https:\/\/dev.freakuence.nl\/fr\/produits\/"},{"@type":"ListItem","position":3,"name":"Hifi Rose RS520"}]},{"@type":"WebSite","@id":"https:\/\/dev.freakuence.nl\/fr\/#website","url":"https:\/\/dev.freakuence.nl\/fr\/","name":"Freakuence!","description":"Freakuence!","publisher":{"@id":"https:\/\/dev.freakuence.nl\/fr\/#organization"},"alternateName":"Freakuence","potentialAction":[{"@type":"SearchAction","target":{"@type":"EntryPoint","urlTemplate":"https:\/\/dev.freakuence.nl\/fr\/?s={search_term_string}"},"query-input":{"@type":"PropertyValueSpecification","valueRequired":true,"valueName":"search_term_string"}}],"inLanguage":"fr-FR"},{"@type":"Organization","@id":"https:\/\/dev.freakuence.nl\/fr\/#organization","name":"Freakuence !","url":"https:\/\/dev.freakuence.nl\/fr\/","logo":{"@type":"ImageObject","inLanguage":"fr-FR","@id":"https:\/\/dev.freakuence.nl\/fr\/#\/schema\/logo\/image\/","url":"https:\/\/dev.freakuence.nl\/wp-content\/uploads\/2022\/05\/Brown_3_RGB_Freakuence-1.png","contentUrl":"https:\/\/dev.freakuence.nl\/wp-content\/uploads\/2022\/05\/Brown_3_RGB_Freakuence-1.png","width":2560,"height":684,"caption":"Freakuence !"},"image":{"@id":"https:\/\/dev.freakuence.nl\/fr\/#\/schema\/logo\/image\/"},"sameAs":["https:\/\/www.instagram.com\/freakuence_notorious_audio\/"]}]}},"_links":{"self":[{"href":"https:\/\/dev.freakuence.nl\/fr\/wp-json\/wp\/v2\/product\/344303","targetHints":{"allow":["GET"]}}],"collection":[{"href":"https:\/\/dev.freakuence.nl\/fr\/wp-json\/wp\/v2\/product"}],"about":[{"href":"https:\/\/dev.freakuence.nl\/fr\/wp-json\/wp\/v2\/types\/product"}],"wp:featuredmedia":[{"embeddable":true,"href":"https:\/\/dev.freakuence.nl\/fr\/wp-json\/wp\/v2\/media\/389134"}],"wp:attachment":[{"href":"https:\/\/dev.freakuence.nl\/fr\/wp-json\/wp\/v2\/media?parent=344303"}],"wp:term":[{"taxonomy":"product_brand","embeddable":true,"href":"https:\/\/dev.freakuence.nl\/fr\/wp-json\/wp\/v2\/product_brand?post=344303"},{"taxonomy":"product_cat","embeddable":true,"href":"https:\/\/dev.freakuence.nl\/fr\/wp-json\/wp\/v2\/product_cat?post=344303"},{"taxonomy":"product_tag","embeddable":true,"href":"https:\/\/dev.freakuence.nl\/fr\/wp-json\/wp\/v2\/product_tag?post=344303"}],"curies":[{"name":"wp","href":"https:\/\/api.w.org\/{rel}","templated":true}]}}