{"id":344371,"date":"2026-02-05T14:04:42","date_gmt":"2026-02-05T13:04:42","guid":{"rendered":"https:\/\/freakuence.nl\/product\/naim-nac-202-2\/"},"modified":"2026-04-10T15:10:47","modified_gmt":"2026-04-10T13:10:47","slug":"naim-nac-202-2","status":"publish","type":"product","link":"https:\/\/dev.freakuence.nl\/fr\/produit\/naim-nac-202-2\/","title":{"rendered":"Naim NAC-202"},"content":{"rendered":"<div class=\"product-specifications-list\">\n<div class=\"specification-item row-header\"><span class=\"spec-content\"><strong>Description Freakuence !<\/strong><\/span><\/div>\n<div class=\"specification-item row-even\"><span class=\"spec-content\">Le Naim NAC-202 se conduit avec une extr\u00e9mit\u00e9 sup\u00e9rieure raffin\u00e9e et sans aucune duret\u00e9&#8230;. en douceur, comme le fait Naim. M\u00eame lorsque la musique devient complexe.  <\/span><\/div>\n<div class=\"specification-item row-header\"><span class=\"spec-content\"><strong>D\u00e9tails<\/strong><\/span><\/div>\n<div class=\"specification-item row-even\"><span class=\"spec-content\">Ne vous inqui\u00e9tez pas ! Nous offrons une excellente garantie de 12 mois sur les produits usag\u00e9s. <\/span><\/div>\n<div class=\"specification-item row-header\"><span class=\"spec-content\"><strong>Description g\u00e9n\u00e9rale<\/strong><\/span><\/div>\n<div class=\"specification-item row-even\"><span class=\"spec-content\">Un pr\u00e9amplificateur Naim qui s&rsquo;appuie sur les conceptions pr\u00e9c\u00e9dentes. Il utilise des circuits imprim\u00e9s de type \u00ab\u00a0terre-\u00e9toile\u00a0\u00bb pour favoriser la transparence et pr\u00e9sente un circuit \u00e0 faible r\u00e9sonance. Il y a des options de connexion pour un pr\u00e9ampli phono StageLine et un bypass AV pour l&rsquo;int\u00e9gration avec un amplificateur AV externe. Pour l&rsquo;alimentation, un amplificateur de puissance NAP 200 peut \u00eatre utilis\u00e9, ou une alimentation s\u00e9par\u00e9e telle que le HiCap. Une alimentation NAPSC peut \u00eatre ajout\u00e9e pour piloter les circuits logiques et de contr\u00f4le. Seules des modifications minimes ont \u00e9t\u00e9 apport\u00e9es \u00e0 la production depuis son introduction, y compris une modification visant \u00e0 r\u00e9duire le bruit \u00e0 l&rsquo;allumage et \u00e0 l&rsquo;extinction. La t\u00e9l\u00e9commande a \u00e9t\u00e9 modifi\u00e9e au fil du temps, mais toute t\u00e9l\u00e9commande Narcom est compatible. L&rsquo;appareil offre une grande flexibilit\u00e9 pour les extensions et les mises \u00e0 jour futures.       <\/span><\/div>\n<div class=\"specification-item row-header\"><span class=\"spec-content\"><strong>Informations g\u00e9n\u00e9rales<\/strong><\/span><\/div>\n<div class=\"specification-item row-even\"><span class=\"spec-content\">Le Naim NAC 202 est con\u00e7u selon le principe du trajet minimal du signal de Naim, en gardant les circuits critiques aussi courts que possible pour minimiser les interf\u00e9rences. Le coffret est en aluminium lourd, pour contr\u00f4ler les microphones et les influences \u00e9lectromagn\u00e9tiques. Le concepteur Roy Gandy a m\u00e9ticuleusement travaill\u00e9 sur la mise \u00e0 la terre optimale et la s\u00e9paration des composants analogiques et num\u00e9riques. Le c\u00e2blage interne a \u00e9t\u00e9 s\u00e9lectionn\u00e9 manuellement et sp\u00e9cifiquement pour la qualit\u00e9 audio.   <\/span><\/div>\n<div class=\"specification-item row-header\"><span class=\"spec-content\"><strong>Histoire de la marque<\/strong><\/span><\/div>\n<div class=\"specification-item row-even\"><span class=\"spec-content\">Naim Audio a \u00e9t\u00e9 fond\u00e9e en 1973 par Julian Vereker, un ing\u00e9nieur britannique passionn\u00e9 d&rsquo;\u00e9lectronique et de musique. En 1985, la soci\u00e9t\u00e9 a re\u00e7u pour la premi\u00e8re fois le prestigieux Queen&rsquo;s Award, une reconnaissance qui lui a \u00e9t\u00e9 d\u00e9cern\u00e9e \u00e0 deux reprises par la suite. En 1991, la soci\u00e9t\u00e9 lance son premier lecteur de CD, le CDS, dot\u00e9 d&rsquo;un bo\u00eetier en deux parties pour de meilleures performances. En 2000, l&rsquo;amplificateur embl\u00e9matique NAP 500 a \u00e9t\u00e9 lanc\u00e9, suivi par le d\u00e9veloppement du syst\u00e8me d&rsquo;amplification Statement en 2014, une \u00e9tape importante dans l&rsquo;ing\u00e9nierie de l&rsquo;entreprise.   <\/span><\/div>\n<\/div>\n","protected":false},"excerpt":{"rendered":"<p>Description Freakuence ! Le Naim NAC-202 se conduit avec une extr\u00e9mit\u00e9 sup\u00e9rieure raffin\u00e9e et sans aucune duret\u00e9&#8230;. en douceur, comme le fait Naim. M\u00eame lorsque la musique devient complexe. D\u00e9tails Ne vous inqui\u00e9tez pas ! Nous offrons une excellente garantie de 12 mois sur les produits usag\u00e9s. Description g\u00e9n\u00e9rale Un pr\u00e9amplificateur Naim qui s&rsquo;appuie sur [&hellip;]<\/p>\n","protected":false},"featured_media":390437,"template":"","meta":{"_acf_changed":false,"inline_featured_image":false},"product_brand":[],"product_cat":[530,759,777],"product_tag":[533],"class_list":{"0":"post-344371","1":"product","2":"type-product","3":"status-publish","4":"has-post-thumbnail","6":"product_cat-amplificateurs","7":"product_cat-pre-amplificateurs","8":"product_cat-preamplificateurs-ordinaires","9":"product_tag-used","10":"pa_kleur-noir","12":"first","13":"instock","14":"sold-individually","15":"purchasable","16":"product-type-simple"},"acf":{"website":true,"show_on_homepage":false,"brand_title":"Naim","product_type":"NAC-202","color":"Noir","subcolor":"","reserved_status":"0"},"_links":{"self":[{"href":"https:\/\/dev.freakuence.nl\/fr\/wp-json\/wp\/v2\/product\/344371","targetHints":{"allow":["GET"]}}],"collection":[{"href":"https:\/\/dev.freakuence.nl\/fr\/wp-json\/wp\/v2\/product"}],"about":[{"href":"https:\/\/dev.freakuence.nl\/fr\/wp-json\/wp\/v2\/types\/product"}],"wp:featuredmedia":[{"embeddable":true,"href":"https:\/\/dev.freakuence.nl\/fr\/wp-json\/wp\/v2\/media\/390437"}],"wp:attachment":[{"href":"https:\/\/dev.freakuence.nl\/fr\/wp-json\/wp\/v2\/media?parent=344371"}],"wp:term":[{"taxonomy":"product_brand","embeddable":true,"href":"https:\/\/dev.freakuence.nl\/fr\/wp-json\/wp\/v2\/product_brand?post=344371"},{"taxonomy":"product_cat","embeddable":true,"href":"https:\/\/dev.freakuence.nl\/fr\/wp-json\/wp\/v2\/product_cat?post=344371"},{"taxonomy":"product_tag","embeddable":true,"href":"https:\/\/dev.freakuence.nl\/fr\/wp-json\/wp\/v2\/product_tag?post=344371"}],"curies":[{"name":"wp","href":"https:\/\/api.w.org\/{rel}","templated":true}]}}