{"id":344477,"date":"2026-02-05T13:57:26","date_gmt":"2026-02-05T12:57:26","guid":{"rendered":"https:\/\/freakuence.nl\/product\/arcam-sa45-2\/"},"modified":"2026-04-10T11:23:00","modified_gmt":"2026-04-10T09:23:00","slug":"arcam-sa45-2","status":"publish","type":"product","link":"https:\/\/dev.freakuence.nl\/fr\/produit\/arcam-sa45-2\/","title":{"rendered":"ARCAM SA45"},"content":{"rendered":"<div class=\"product-specifications-list\">\n<div class=\"specification-item row-header\"><span class=\"spec-content\"><strong>Description Freakuence !<\/strong><\/span><\/div>\n<div class=\"specification-item row-even\"><span class=\"spec-content\">Amplificateur pr\u00e9cis et puissant avec une touche chaleureuse. Avec l&rsquo;amplification en classe G, c&rsquo;est toujours la f\u00eate. \u00c0 faible volume, il joue en classe A, puis continue en classe AB. \u00c9quip\u00e9 d&rsquo;un dac s\u00e9rieux et d&rsquo;un syst\u00e8me de streaming.   <\/span><\/div>\n<div class=\"specification-item row-odd\"><span class=\"spec-content\">Prix de vente au d\u00e9tail : 4999.00<\/span><\/div>\n<div class=\"specification-item row-header\"><span class=\"spec-content\"><strong>Description g\u00e9n\u00e9rale<\/strong><\/span><\/div>\n<div class=\"specification-item row-even\"><span class=\"spec-content\">Ce syst\u00e8me d\u00e9livre une puissance de 2x 180W \u00e0 8\u03a9 et 2x 300W \u00e0 4\u03a9, avec une distorsion harmonique de 0,002% \u00e0 80% de la puissance. Il dispose de trois entr\u00e9es RCA, d&rsquo;une entr\u00e9e XLR et d&rsquo;entr\u00e9es phono MM et MC. Les entr\u00e9es num\u00e9riques comprennent des connexions HDMI eARC, deux coaxiales et deux optiques. Les formats de streaming pris en charge sont FLAC, WAV, AAC et DSD jusqu&rsquo;\u00e0 256. La connectivit\u00e9 sans fil est assur\u00e9e par Wi-Fi et Bluetooth 5.4. Le syst\u00e8me prend en charge Apple AirPlay, Google Cast, Spotify Connect et Tidal Connect. Un \u00e9cran haute r\u00e9solution de 8,8 pouces affiche les pochettes d&rsquo;album et les m\u00e9tadonn\u00e9es. En option, vous disposez de deux sorties subwoofer et de la fonction Dirac Live Room Correction. Dimensions : 432 x 390 x 140 mm ; poids : 17 kg.        <\/span><\/div>\n<div class=\"specification-item row-header\"><span class=\"spec-content\"><strong>Informations g\u00e9n\u00e9rales<\/strong><\/span><\/div>\n<div class=\"specification-item row-even\"><span class=\"spec-content\">L&rsquo;Arcam ST60 a \u00e9t\u00e9 con\u00e7u comme un DAC de streaming haut de gamme pour le m\u00e9lomane moderne. L&rsquo;\u00e9quipe de conception s&rsquo;est efforc\u00e9e d&rsquo;obtenir une qualit\u00e9 audio maximale et une grande facilit\u00e9 d&rsquo;utilisation. Les sections analogiques et num\u00e9riques sont enti\u00e8rement s\u00e9par\u00e9es en interne pour minimiser le bruit. Le ST60 utilise un DAC ESS Sabre, un bo\u00eetier en aluminium de haute qualit\u00e9 et des sorties XLR sym\u00e9triques. Con\u00e7u au Royaume-Uni pour compl\u00e9ter la s\u00e9rie HDA d&rsquo;Arcam.    <\/span><\/div>\n<div class=\"specification-item row-header\"><span class=\"spec-content\"><strong>Histoire de la marque<\/strong><\/span><\/div>\n<div class=\"specification-item row-even\"><span class=\"spec-content\">Arcam a \u00e9t\u00e9 fond\u00e9e en 1976 \u00e0 Cambridge, au Royaume-Uni. Le premier produit lanc\u00e9 par la soci\u00e9t\u00e9 a \u00e9t\u00e9 l&rsquo;A60, un amplificateur int\u00e9gr\u00e9 qui a acquis un statut d&rsquo;ic\u00f4ne et s&rsquo;est vendu \u00e0 plus de 30 000 exemplaires. Arcam a \u00e9largi sa gamme en 1986 avec le premier lecteur de CD enti\u00e8rement con\u00e7u et fabriqu\u00e9 au Royaume-Uni. En 1988, Arcam a lanc\u00e9 la Black Box, l&rsquo;un des premiers convertisseurs num\u00e9riques-analogiques (DAC) autonomes pour la lecture de CD. Dans les ann\u00e9es 1990, Arcam a lanc\u00e9 le Xeta 1, le premier amplificateur AV pour audiophiles, et a d\u00e9velopp\u00e9 le premier tuner DAB au monde pour un usage domestique en 1999.    <\/span><\/div>\n<\/div>\n","protected":false},"excerpt":{"rendered":"<p>Description Freakuence ! Amplificateur pr\u00e9cis et puissant avec une touche chaleureuse. Avec l&rsquo;amplification en classe G, c&rsquo;est toujours la f\u00eate. \u00c0 faible volume, il joue en classe A, puis continue en classe AB. \u00c9quip\u00e9 d&rsquo;un dac s\u00e9rieux et d&rsquo;un syst\u00e8me de streaming. Prix de vente au d\u00e9tail : 4999.00 Description g\u00e9n\u00e9rale Ce syst\u00e8me d\u00e9livre une [&hellip;]<\/p>\n","protected":false},"featured_media":387816,"template":"","meta":{"_acf_changed":false,"inline_featured_image":false},"product_brand":[],"product_cat":[917],"product_tag":[565],"class_list":{"0":"post-344477","1":"product","2":"type-product","3":"status-publish","4":"has-post-thumbnail","6":"product_cat-alle-producten","7":"product_tag-nouveau","8":"pa_kleur-noir","10":"first","11":"instock","12":"sold-individually","13":"taxable","14":"shipping-taxable","15":"purchasable","16":"product-type-simple"},"acf":{"website":true,"show_on_homepage":false,"brand_title":"ARCAM","product_type":"SA45","color":"Noir","subcolor":"","reserved_status":"0"},"_links":{"self":[{"href":"https:\/\/dev.freakuence.nl\/fr\/wp-json\/wp\/v2\/product\/344477","targetHints":{"allow":["GET"]}}],"collection":[{"href":"https:\/\/dev.freakuence.nl\/fr\/wp-json\/wp\/v2\/product"}],"about":[{"href":"https:\/\/dev.freakuence.nl\/fr\/wp-json\/wp\/v2\/types\/product"}],"wp:featuredmedia":[{"embeddable":true,"href":"https:\/\/dev.freakuence.nl\/fr\/wp-json\/wp\/v2\/media\/387816"}],"wp:attachment":[{"href":"https:\/\/dev.freakuence.nl\/fr\/wp-json\/wp\/v2\/media?parent=344477"}],"wp:term":[{"taxonomy":"product_brand","embeddable":true,"href":"https:\/\/dev.freakuence.nl\/fr\/wp-json\/wp\/v2\/product_brand?post=344477"},{"taxonomy":"product_cat","embeddable":true,"href":"https:\/\/dev.freakuence.nl\/fr\/wp-json\/wp\/v2\/product_cat?post=344477"},{"taxonomy":"product_tag","embeddable":true,"href":"https:\/\/dev.freakuence.nl\/fr\/wp-json\/wp\/v2\/product_tag?post=344477"}],"curies":[{"name":"wp","href":"https:\/\/api.w.org\/{rel}","templated":true}]}}