{"id":344781,"date":"2026-02-06T15:27:30","date_gmt":"2026-02-06T14:27:30","guid":{"rendered":"https:\/\/freakuence.nl\/product\/triode-luminous-84\/"},"modified":"2026-03-10T06:22:44","modified_gmt":"2026-03-10T05:22:44","slug":"triode-luminous-84","status":"publish","type":"product","link":"https:\/\/dev.freakuence.nl\/fr\/produit\/triode-luminous-84\/","title":{"rendered":"TRIODE Luminous 84"},"content":{"rendered":"<div class=\"product-specifications-list\">\n<div class=\"specification-item row-header\"><span class=\"spec-content\"><strong>Description Freakuence !<\/strong><\/span><\/div>\n<div class=\"specification-item row-even\"><span class=\"spec-content\">Magnifique ! S&rsquo;adapte \u00e0 tous les meubles. Pas grand, mais lourd. Cela promet quelque chose, avons-nous pens\u00e9. Et oui, nous l&rsquo;avons mis en marche et la musique est apparue imm\u00e9diatement. M\u00eame au d\u00e9marrage \u00e0 froid, mais plus tard, bien s\u00fbr, beaucoup plus puissante et plus pleine. Les tubes enchantent.      <\/span><\/div>\n<div class=\"specification-item row-odd\"><span class=\"spec-content\">Prix de vente au d\u00e9tail : 2 250,00<\/span><\/div>\n<div class=\"specification-item row-header\"><span class=\"spec-content\"><strong>Description g\u00e9n\u00e9rale<\/strong><\/span><\/div>\n<div class=\"specification-item row-even\"><span class=\"spec-content\">Le TRIODE Luminous 84 est un amplificateur int\u00e9gr\u00e9 \u00e0 tubes qui utilise des tubes EL84 dans une configuration push-pull en classe AB. Avec une puissance de sortie de 11 watts par canal, cet amplificateur offre une reproduction sonore chaleureuse et d\u00e9taill\u00e9e.   <\/p>\n<p>La gamme de fr\u00e9quences s&rsquo;\u00e9tend de 17 Hz \u00e0 70 kHz, garantissant un son riche et complet sur l&rsquo;ensemble du spectre. Le rapport signal\/bruit de 79 dB contribue \u00e0 une exp\u00e9rience d&rsquo;\u00e9coute claire et nette.   <\/p>\n<p>Avec trois entr\u00e9es ligne RCA et une entr\u00e9e phono MM, le Luminous 84 est polyvalent et permet de connecter diff\u00e9rentes sources audio. Il dispose \u00e9galement d&rsquo;une prise casque de 6,3 mm pour les s\u00e9ances d&rsquo;\u00e9coute personnelles.   <\/p>\n<p>La conception compacte avec des dimensions de 305 x 255 x 170 mm et un poids de 11,4 kg facilite l&rsquo;int\u00e9gration de l&rsquo;amplificateur dans diverses installations. Le cache-tube fourni offre une protection suppl\u00e9mentaire et contribue \u00e0 la durabilit\u00e9 de l&rsquo;appareil. <\/span><\/div>\n<div class=\"specification-item row-header\"><span class=\"spec-content\"><strong>Informations g\u00e9n\u00e9rales<\/strong><\/span><\/div>\n<div class=\"specification-item row-even\"><span class=\"spec-content\">Le TRIODE Luminous 84 est un amplificateur int\u00e9gr\u00e9 \u00e0 tubes fabriqu\u00e9 \u00e0 la main au Japon, con\u00e7u par Junichiro Yamazaki. L&rsquo;ampli utilise des tubes de puissance EL84 et excelle en termes de musicalit\u00e9 et de son naturel. Seuls des composants de haute qualit\u00e9 tels que des transformateurs Tamura, des r\u00e9sistances Kiwame et des condensateurs Vishay sont utilis\u00e9s. Le c\u00e2blage interne est enti\u00e8rement r\u00e9alis\u00e9 \u00e0 la main, en mode point \u00e0 point, pour un chemin de signal court et une puret\u00e9 maximale. Le bo\u00eetier est en aluminium bross\u00e9 et en bois, avec un accent mis sur le design japonais intemporel et la solidit\u00e9.    <\/span><\/div>\n<div class=\"specification-item row-header\"><span class=\"spec-content\"><strong>Histoire de la marque<\/strong><\/span><\/div>\n<div class=\"specification-item row-even\"><span class=\"spec-content\">Junichi Yamazaki raconte : Lorsque l&rsquo;appareil a \u00e9t\u00e9 mis sous tension, le filament du tube \u00e0 vide s&rsquo;\u00e9levant du corps principal a commenc\u00e9 \u00e0 briller faiblement. J&rsquo;ai pos\u00e9 l&rsquo;aiguille sur le disque et, tout en fixant la lumi\u00e8re de l&rsquo;amplificateur \u00e0 lampes, j&rsquo;ai \u00e9t\u00e9 enivr\u00e9 par la musique qui circulait dans la pi\u00e8ce. Le son de l&rsquo;ampli \u00e0 lampes, tr\u00e8s appr\u00e9ci\u00e9 des audiophiles \u00e0 l&rsquo;\u00e9poque, \u00e9tait doux et avait une texture musicale profonde, et c&rsquo;\u00e9tait le personnage principal de l&rsquo;ampli dans le pass\u00e9. Depuis les ann\u00e9es 1970, les amplificateurs \u00e0 transistors, qui pr\u00e9sentent les avantages d&rsquo;un rendement \u00e9lev\u00e9 et d&rsquo;un faible co\u00fbt, sont devenus courants, et l&rsquo;image des amplificateurs \u00e0 tubes \u00e0 vide co\u00fbteux s&rsquo;est impos\u00e9e comme un produit on\u00e9reux pour les passionn\u00e9s. \u00c0 cette \u00e9poque, Triode a d\u00e9velopp\u00e9 une gamme d&rsquo;amplificateurs \u00e0 tubes abordables, de l&rsquo;ordre de 100 000 yens [utiliser une couverture de cours], et a commenc\u00e9 \u00e0 attirer l&rsquo;attention d&rsquo;amateurs autres que les passionn\u00e9s.    <\/span><\/div>\n<\/div>\n","protected":false},"excerpt":{"rendered":"<p>Description Freakuence ! Magnifique ! S&rsquo;adapte \u00e0 tous les meubles. Pas grand, mais lourd. Cela promet quelque chose, avons-nous pens\u00e9. Et oui, nous l&rsquo;avons mis en marche et la musique est apparue imm\u00e9diatement. M\u00eame au d\u00e9marrage \u00e0 froid, mais plus tard, bien s\u00fbr, beaucoup plus puissante et plus pleine. Les tubes enchantent. Prix de vente [&hellip;]<\/p>\n","protected":false},"featured_media":374946,"template":"","meta":{"_acf_changed":false,"inline_featured_image":false},"product_brand":[],"product_cat":[530,556],"product_tag":[533],"class_list":{"0":"post-344781","1":"product","2":"type-product","3":"status-publish","4":"has-post-thumbnail","6":"product_cat-amplificateurs","7":"product_cat-amplificateurs-a-tubes","8":"product_tag-used","9":"pa_kleur-argent","11":"first","12":"instock","13":"sold-individually","14":"purchasable","15":"product-type-simple"},"acf":{"website":true,"show_on_homepage":false,"brand_title":"TRIODE","product_type":"Luminous 84","color":"Argent","subcolor":"","reserved_status":"1"},"yoast_head":"<!-- This site is optimized with the Yoast SEO plugin v25.9 - https:\/\/yoast.com\/wordpress\/plugins\/seo\/ -->\n<title>TRIODE Luminous 84 | Freakuence!<\/title>\n<meta name=\"description\" content=\"Triode Luminous 84 : amplificateur compact \u00e0 tubes EL84, sortie 2x11W, prise casque. \u2713 HiFi neuf et d&#039;occasion \u2713 Note des clients : 4.9 sur 5 \u2713 R\u00e9servez une s\u00e9ance d&#039;\u00e9coute !\" \/>\n<meta name=\"robots\" content=\"noindex, follow, max-snippet:-1, max-image-preview:large, max-video-preview:-1\" \/>\n<meta property=\"og:locale\" content=\"fr_FR\" \/>\n<meta property=\"og:type\" content=\"article\" \/>\n<meta property=\"og:title\" content=\"TRIODE Luminous 84 | Freakuence!\" \/>\n<meta property=\"og:description\" content=\"Triode Luminous 84 : amplificateur compact \u00e0 tubes EL84, sortie 2x11W, prise casque. \u2713 HiFi neuf et d&#039;occasion \u2713 Note des clients : 4.9 sur 5 \u2713 R\u00e9servez une s\u00e9ance d&#039;\u00e9coute !\" \/>\n<meta property=\"og:url\" content=\"https:\/\/dev.freakuence.nl\/fr\/produit\/triode-luminous-84\/\" \/>\n<meta property=\"og:site_name\" content=\"Freakuence!\" \/>\n<meta property=\"article:modified_time\" content=\"2026-03-10T05:22:44+00:00\" \/>\n<meta property=\"og:image\" content=\"https:\/\/dev.freakuence.nl\/wp-content\/uploads\/2026\/04\/17703880282534-18822-IMG0053.jpg\" \/>\n\t<meta property=\"og:image:width\" content=\"1920\" \/>\n\t<meta property=\"og:image:height\" content=\"1280\" \/>\n\t<meta property=\"og:image:type\" content=\"image\/jpeg\" \/>\n<meta name=\"twitter:card\" content=\"summary_large_image\" \/>\n<script type=\"application\/ld+json\" class=\"yoast-schema-graph\">{\"@context\":\"https:\/\/schema.org\",\"@graph\":[{\"@type\":\"WebPage\",\"@id\":\"https:\/\/dev.freakuence.nl\/fr\/produit\/triode-luminous-84\/\",\"url\":\"https:\/\/dev.freakuence.nl\/fr\/produit\/triode-luminous-84\/\",\"name\":\"TRIODE Luminous 84 | Freakuence!\",\"isPartOf\":{\"@id\":\"https:\/\/dev.freakuence.nl\/fr\/#website\"},\"primaryImageOfPage\":{\"@id\":\"https:\/\/dev.freakuence.nl\/fr\/produit\/triode-luminous-84\/#primaryimage\"},\"image\":{\"@id\":\"https:\/\/dev.freakuence.nl\/fr\/produit\/triode-luminous-84\/#primaryimage\"},\"thumbnailUrl\":\"https:\/\/dev.freakuence.nl\/wp-content\/uploads\/2026\/04\/17703880282534-18822-IMG0053.jpg\",\"datePublished\":\"2026-02-06T14:27:30+00:00\",\"dateModified\":\"2026-03-10T05:22:44+00:00\",\"description\":\"Triode Luminous 84 : amplificateur compact \u00e0 tubes EL84, sortie 2x11W, prise casque. \u2713 HiFi neuf et d'occasion \u2713 Note des clients : 4.9 sur 5 \u2713 R\u00e9servez une s\u00e9ance d'\u00e9coute !\",\"breadcrumb\":{\"@id\":\"https:\/\/dev.freakuence.nl\/fr\/produit\/triode-luminous-84\/#breadcrumb\"},\"inLanguage\":\"fr-FR\",\"potentialAction\":[{\"@type\":\"ReadAction\",\"target\":[\"https:\/\/dev.freakuence.nl\/fr\/produit\/triode-luminous-84\/\"]}]},{\"@type\":\"ImageObject\",\"inLanguage\":\"fr-FR\",\"@id\":\"https:\/\/dev.freakuence.nl\/fr\/produit\/triode-luminous-84\/#primaryimage\",\"url\":\"https:\/\/dev.freakuence.nl\/wp-content\/uploads\/2026\/04\/17703880282534-18822-IMG0053.jpg\",\"contentUrl\":\"https:\/\/dev.freakuence.nl\/wp-content\/uploads\/2026\/04\/17703880282534-18822-IMG0053.jpg\",\"width\":1920,\"height\":1280},{\"@type\":\"BreadcrumbList\",\"@id\":\"https:\/\/dev.freakuence.nl\/fr\/produit\/triode-luminous-84\/#breadcrumb\",\"itemListElement\":[{\"@type\":\"ListItem\",\"position\":1,\"name\":\"Accueil\",\"item\":\"https:\/\/dev.freakuence.nl\/fr\/\"},{\"@type\":\"ListItem\",\"position\":2,\"name\":\"Produits\",\"item\":\"https:\/\/dev.freakuence.nl\/fr\/produits\/\"},{\"@type\":\"ListItem\",\"position\":3,\"name\":\"TRIODE Luminous 84\"}]},{\"@type\":\"WebSite\",\"@id\":\"https:\/\/dev.freakuence.nl\/fr\/#website\",\"url\":\"https:\/\/dev.freakuence.nl\/fr\/\",\"name\":\"Freakuence!\",\"description\":\"Freakuence!\",\"publisher\":{\"@id\":\"https:\/\/dev.freakuence.nl\/fr\/#organization\"},\"alternateName\":\"Freakuence\",\"potentialAction\":[{\"@type\":\"SearchAction\",\"target\":{\"@type\":\"EntryPoint\",\"urlTemplate\":\"https:\/\/dev.freakuence.nl\/fr\/?s={search_term_string}\"},\"query-input\":{\"@type\":\"PropertyValueSpecification\",\"valueRequired\":true,\"valueName\":\"search_term_string\"}}],\"inLanguage\":\"fr-FR\"},{\"@type\":\"Organization\",\"@id\":\"https:\/\/dev.freakuence.nl\/fr\/#organization\",\"name\":\"Freakuence !\",\"url\":\"https:\/\/dev.freakuence.nl\/fr\/\",\"logo\":{\"@type\":\"ImageObject\",\"inLanguage\":\"fr-FR\",\"@id\":\"https:\/\/dev.freakuence.nl\/fr\/#\/schema\/logo\/image\/\",\"url\":\"https:\/\/dev.freakuence.nl\/wp-content\/uploads\/2022\/05\/Brown_3_RGB_Freakuence-1.png\",\"contentUrl\":\"https:\/\/dev.freakuence.nl\/wp-content\/uploads\/2022\/05\/Brown_3_RGB_Freakuence-1.png\",\"width\":2560,\"height\":684,\"caption\":\"Freakuence !\"},\"image\":{\"@id\":\"https:\/\/dev.freakuence.nl\/fr\/#\/schema\/logo\/image\/\"},\"sameAs\":[\"https:\/\/www.instagram.com\/freakuence_notorious_audio\/\"]}]}<\/script>\n<!-- \/ Yoast SEO plugin. -->","yoast_head_json":{"title":"TRIODE Luminous 84 | Freakuence!","description":"Triode Luminous 84 : amplificateur compact \u00e0 tubes EL84, sortie 2x11W, prise casque. \u2713 HiFi neuf et d'occasion \u2713 Note des clients : 4.9 sur 5 \u2713 R\u00e9servez une s\u00e9ance d'\u00e9coute !","robots":{"index":"noindex","follow":"follow","max-snippet":"max-snippet:-1","max-image-preview":"max-image-preview:large","max-video-preview":"max-video-preview:-1"},"og_locale":"fr_FR","og_type":"article","og_title":"TRIODE Luminous 84 | Freakuence!","og_description":"Triode Luminous 84 : amplificateur compact \u00e0 tubes EL84, sortie 2x11W, prise casque. \u2713 HiFi neuf et d'occasion \u2713 Note des clients : 4.9 sur 5 \u2713 R\u00e9servez une s\u00e9ance d'\u00e9coute !","og_url":"https:\/\/dev.freakuence.nl\/fr\/produit\/triode-luminous-84\/","og_site_name":"Freakuence!","article_modified_time":"2026-03-10T05:22:44+00:00","og_image":[{"width":1920,"height":1280,"url":"https:\/\/dev.freakuence.nl\/wp-content\/uploads\/2026\/04\/17703880282534-18822-IMG0053.jpg","type":"image\/jpeg"}],"twitter_card":"summary_large_image","schema":{"@context":"https:\/\/schema.org","@graph":[{"@type":"WebPage","@id":"https:\/\/dev.freakuence.nl\/fr\/produit\/triode-luminous-84\/","url":"https:\/\/dev.freakuence.nl\/fr\/produit\/triode-luminous-84\/","name":"TRIODE Luminous 84 | Freakuence!","isPartOf":{"@id":"https:\/\/dev.freakuence.nl\/fr\/#website"},"primaryImageOfPage":{"@id":"https:\/\/dev.freakuence.nl\/fr\/produit\/triode-luminous-84\/#primaryimage"},"image":{"@id":"https:\/\/dev.freakuence.nl\/fr\/produit\/triode-luminous-84\/#primaryimage"},"thumbnailUrl":"https:\/\/dev.freakuence.nl\/wp-content\/uploads\/2026\/04\/17703880282534-18822-IMG0053.jpg","datePublished":"2026-02-06T14:27:30+00:00","dateModified":"2026-03-10T05:22:44+00:00","description":"Triode Luminous 84 : amplificateur compact \u00e0 tubes EL84, sortie 2x11W, prise casque. \u2713 HiFi neuf et d'occasion \u2713 Note des clients : 4.9 sur 5 \u2713 R\u00e9servez une s\u00e9ance d'\u00e9coute !","breadcrumb":{"@id":"https:\/\/dev.freakuence.nl\/fr\/produit\/triode-luminous-84\/#breadcrumb"},"inLanguage":"fr-FR","potentialAction":[{"@type":"ReadAction","target":["https:\/\/dev.freakuence.nl\/fr\/produit\/triode-luminous-84\/"]}]},{"@type":"ImageObject","inLanguage":"fr-FR","@id":"https:\/\/dev.freakuence.nl\/fr\/produit\/triode-luminous-84\/#primaryimage","url":"https:\/\/dev.freakuence.nl\/wp-content\/uploads\/2026\/04\/17703880282534-18822-IMG0053.jpg","contentUrl":"https:\/\/dev.freakuence.nl\/wp-content\/uploads\/2026\/04\/17703880282534-18822-IMG0053.jpg","width":1920,"height":1280},{"@type":"BreadcrumbList","@id":"https:\/\/dev.freakuence.nl\/fr\/produit\/triode-luminous-84\/#breadcrumb","itemListElement":[{"@type":"ListItem","position":1,"name":"Accueil","item":"https:\/\/dev.freakuence.nl\/fr\/"},{"@type":"ListItem","position":2,"name":"Produits","item":"https:\/\/dev.freakuence.nl\/fr\/produits\/"},{"@type":"ListItem","position":3,"name":"TRIODE Luminous 84"}]},{"@type":"WebSite","@id":"https:\/\/dev.freakuence.nl\/fr\/#website","url":"https:\/\/dev.freakuence.nl\/fr\/","name":"Freakuence!","description":"Freakuence!","publisher":{"@id":"https:\/\/dev.freakuence.nl\/fr\/#organization"},"alternateName":"Freakuence","potentialAction":[{"@type":"SearchAction","target":{"@type":"EntryPoint","urlTemplate":"https:\/\/dev.freakuence.nl\/fr\/?s={search_term_string}"},"query-input":{"@type":"PropertyValueSpecification","valueRequired":true,"valueName":"search_term_string"}}],"inLanguage":"fr-FR"},{"@type":"Organization","@id":"https:\/\/dev.freakuence.nl\/fr\/#organization","name":"Freakuence !","url":"https:\/\/dev.freakuence.nl\/fr\/","logo":{"@type":"ImageObject","inLanguage":"fr-FR","@id":"https:\/\/dev.freakuence.nl\/fr\/#\/schema\/logo\/image\/","url":"https:\/\/dev.freakuence.nl\/wp-content\/uploads\/2022\/05\/Brown_3_RGB_Freakuence-1.png","contentUrl":"https:\/\/dev.freakuence.nl\/wp-content\/uploads\/2022\/05\/Brown_3_RGB_Freakuence-1.png","width":2560,"height":684,"caption":"Freakuence !"},"image":{"@id":"https:\/\/dev.freakuence.nl\/fr\/#\/schema\/logo\/image\/"},"sameAs":["https:\/\/www.instagram.com\/freakuence_notorious_audio\/"]}]}},"_links":{"self":[{"href":"https:\/\/dev.freakuence.nl\/fr\/wp-json\/wp\/v2\/product\/344781","targetHints":{"allow":["GET"]}}],"collection":[{"href":"https:\/\/dev.freakuence.nl\/fr\/wp-json\/wp\/v2\/product"}],"about":[{"href":"https:\/\/dev.freakuence.nl\/fr\/wp-json\/wp\/v2\/types\/product"}],"wp:featuredmedia":[{"embeddable":true,"href":"https:\/\/dev.freakuence.nl\/fr\/wp-json\/wp\/v2\/media\/374946"}],"wp:attachment":[{"href":"https:\/\/dev.freakuence.nl\/fr\/wp-json\/wp\/v2\/media?parent=344781"}],"wp:term":[{"taxonomy":"product_brand","embeddable":true,"href":"https:\/\/dev.freakuence.nl\/fr\/wp-json\/wp\/v2\/product_brand?post=344781"},{"taxonomy":"product_cat","embeddable":true,"href":"https:\/\/dev.freakuence.nl\/fr\/wp-json\/wp\/v2\/product_cat?post=344781"},{"taxonomy":"product_tag","embeddable":true,"href":"https:\/\/dev.freakuence.nl\/fr\/wp-json\/wp\/v2\/product_tag?post=344781"}],"curies":[{"name":"wp","href":"https:\/\/api.w.org\/{rel}","templated":true}]}}