{"id":344790,"date":"2026-02-06T15:32:13","date_gmt":"2026-02-06T14:32:13","guid":{"rendered":"https:\/\/freakuence.nl\/product\/isoacoustics-gaia-iii-2\/"},"modified":"2026-02-07T15:55:44","modified_gmt":"2026-02-07T14:55:44","slug":"isoacoustics-gaia-iii-2","status":"publish","type":"product","link":"https:\/\/dev.freakuence.nl\/fr\/produit\/isoacoustics-gaia-iii-2\/","title":{"rendered":"IsoAcoustics Gaia III"},"content":{"rendered":"<div class=\"product-specifications-list\">\n<div class=\"specification-item row-header\"><span class=\"spec-content\"><strong>Description Freakuence !<\/strong><\/span><\/div>\n<div class=\"specification-item row-even\"><span class=\"spec-content\">Avec ces pieds sous vos enceintes, le bas du spectre devient plus serr\u00e9 et la reproduction plus claire. Les d\u00e9tails ressortent mieux et l&rsquo;image st\u00e9r\u00e9o gagne en profondeur. Un r\u00e9glage subtil dont l&rsquo;effet est clairement perceptible.  <\/span><\/div>\n<div class=\"specification-item row-odd\"><span class=\"spec-content\">Prix de vente au d\u00e9tail : 478,00<\/span><\/div>\n<div class=\"specification-item row-header\"><span class=\"spec-content\"><strong>Description g\u00e9n\u00e9rale<\/strong><\/span><\/div>\n<div class=\"specification-item row-even\"><span class=\"spec-content\">Les pieds d&rsquo;isolation IsoAcoustics GAIA III sont con\u00e7us pour am\u00e9liorer les performances des enceintes sur pied et des subwoofers. Ils contribuent \u00e0 r\u00e9duire les vibrations structurelles et les r\u00e9flexions internes, ce qui permet d&rsquo;obtenir un son plus clair et plus ouvert. Le GAIA III convient aux enceintes et caissons de basse jusqu&rsquo;\u00e0 32 kg et est livr\u00e9 avec plusieurs adaptateurs filet\u00e9s pour faciliter l&rsquo;installation.  <\/span><\/div>\n<div class=\"specification-item row-header\"><span class=\"spec-content\"><strong>Informations g\u00e9n\u00e9rales<\/strong><\/span><\/div>\n<div class=\"specification-item row-even\"><span class=\"spec-content\">Le Gaia III d&rsquo;IsoAcoustics a \u00e9t\u00e9 d\u00e9velopp\u00e9 par l&rsquo;ing\u00e9nieur Dave Morrison, cofondateur de la marque et anciennement actif au sein de la cha\u00eene de t\u00e9l\u00e9vision canadienne CBC. Le Gaia III combine une enceinte en acier inoxydable con\u00e7ue avec pr\u00e9cision et un syst\u00e8me d&rsquo;amortissement interne qui isole les vibrations, rendant la lecture plus pure. Les pieds visent \u00e0 assurer une s\u00e9paration optimale entre l&rsquo;enceinte et le sol et conviennent \u00e0 des enceintes pesant jusqu&rsquo;\u00e0 32 kg chacune.  <\/span><\/div>\n<div class=\"specification-item row-header\"><span class=\"spec-content\"><strong>Histoire de la marque<\/strong><\/span><\/div>\n<div class=\"specification-item row-even\"><span class=\"spec-content\">IsoAcoustics Inc. fabrique et distribue des produits d&rsquo;isolation dans l&rsquo;industrie audio depuis janvier 2012. La technologie brevet\u00e9e d&rsquo;IsoAcoustics est bas\u00e9e sur des ann\u00e9es d&rsquo;exp\u00e9rience dans la conception et la construction de studios de radio et de t\u00e9l\u00e9vision. La force motrice est Dave Morrison, \u00e9troitement impliqu\u00e9 dans la planification et la construction de studios de radio et de t\u00e9l\u00e9vision \u00e0 la Soci\u00e9t\u00e9 Radio-Canada pendant pr\u00e8s de 20 ans. Dave Morrison faisait partie de l&rsquo;\u00e9quipe de conception qui a relev\u00e9 le d\u00e9fi de construire le plus grand centre multim\u00e9dia du monde \u00e0 Toronto : plus de 1,72 million de pieds carr\u00e9s, avec des studios d&rsquo;enregistrement pour le th\u00e9\u00e2tre, la musique et les ensembles de musique de chambre, les effets sp\u00e9ciaux, les \u00e9missions de radio et de t\u00e9l\u00e9vision. Le d\u00e9couplage \u00e0 un niveau \u00e9lev\u00e9 permet une reproduction plus serr\u00e9e&#8230; nous l&rsquo;adorons !     <\/span><\/div>\n<\/div>\n","protected":false},"excerpt":{"rendered":"<p>Description Freakuence ! Avec ces pieds sous vos enceintes, le bas du spectre devient plus serr\u00e9 et la reproduction plus claire. Les d\u00e9tails ressortent mieux et l&rsquo;image st\u00e9r\u00e9o gagne en profondeur. Un r\u00e9glage subtil dont l&rsquo;effet est clairement perceptible. Prix de vente au d\u00e9tail : 478,00 Description g\u00e9n\u00e9rale Les pieds d&rsquo;isolation IsoAcoustics GAIA III sont [&hellip;]<\/p>\n","protected":false},"featured_media":0,"template":"","meta":{"_acf_changed":false,"inline_featured_image":false},"product_brand":[],"product_cat":[345],"product_tag":[],"class_list":{"0":"post-344790","1":"product","2":"type-product","3":"status-publish","5":"product_cat-speakers","7":"first","8":"instock","9":"sold-individually","10":"purchasable","11":"product-type-simple"},"acf":{"website":true,"show_on_homepage":false,"brand_title":"IsoAcoustics","product_type":"Gaia III","color":"Chrome","subcolor":"","reserved_status":"1"},"_links":{"self":[{"href":"https:\/\/dev.freakuence.nl\/fr\/wp-json\/wp\/v2\/product\/344790","targetHints":{"allow":["GET"]}}],"collection":[{"href":"https:\/\/dev.freakuence.nl\/fr\/wp-json\/wp\/v2\/product"}],"about":[{"href":"https:\/\/dev.freakuence.nl\/fr\/wp-json\/wp\/v2\/types\/product"}],"wp:attachment":[{"href":"https:\/\/dev.freakuence.nl\/fr\/wp-json\/wp\/v2\/media?parent=344790"}],"wp:term":[{"taxonomy":"product_brand","embeddable":true,"href":"https:\/\/dev.freakuence.nl\/fr\/wp-json\/wp\/v2\/product_brand?post=344790"},{"taxonomy":"product_cat","embeddable":true,"href":"https:\/\/dev.freakuence.nl\/fr\/wp-json\/wp\/v2\/product_cat?post=344790"},{"taxonomy":"product_tag","embeddable":true,"href":"https:\/\/dev.freakuence.nl\/fr\/wp-json\/wp\/v2\/product_tag?post=344790"}],"curies":[{"name":"wp","href":"https:\/\/api.w.org\/{rel}","templated":true}]}}