{"id":344959,"date":"2026-02-06T16:17:16","date_gmt":"2026-02-06T15:17:16","guid":{"rendered":"https:\/\/freakuence.nl\/product\/naim-nap-200-dr\/"},"modified":"2026-04-10T15:16:38","modified_gmt":"2026-04-10T13:16:38","slug":"naim-nap-200-dr","status":"publish","type":"product","link":"https:\/\/dev.freakuence.nl\/fr\/produit\/naim-nap-200-dr\/","title":{"rendered":"Naim NAP 200 DR"},"content":{"rendered":"<div class=\"product-specifications-list\">\n<div class=\"specification-item row-header\"><span class=\"spec-content\"><strong>Description Freakuence !<\/strong><\/span><\/div>\n<div class=\"specification-item row-even\"><span class=\"spec-content\">70 watts stables par canal, sous 8 ohms. Amplificateur de puissance \u00e9pais dans un coffret mince. Un son tr\u00e8s rond et doux, sans perdre de vue les d\u00e9tails.  <\/span><\/div>\n<div class=\"specification-item row-header\"><span class=\"spec-content\"><strong>D\u00e9tails<\/strong><\/span><\/div>\n<div class=\"specification-item row-even\"><span class=\"spec-content\">Malheureusement, il n&rsquo;est pas comme neuf ! Un accident se produit dans un petit coin. Voir les photos.<\/span><\/div>\n<div class=\"specification-item row-odd\"><span class=\"spec-content\">Ne vous inqui\u00e9tez pas ! Nous offrons une excellente garantie de 12 mois sur les produits usag\u00e9s. <\/span><\/div>\n<div class=\"specification-item row-header\"><span class=\"spec-content\"><strong>Description g\u00e9n\u00e9rale<\/strong><\/span><\/div>\n<div class=\"specification-item row-even\"><span class=\"spec-content\">Cet amplificateur d\u00e9livre 70 watts par canal sous 8 ohms et b\u00e9n\u00e9ficie de la technologie DR de Naim pour une alimentation stable et r\u00e9guli\u00e8re. Le design comprend une ailette de refroidissement r\u00e9active et des connexions XLR sym\u00e9triques. Le bo\u00eetier est en aluminium anodis\u00e9, ce qui ajoute \u00e0 ses performances. D\u00e9velopp\u00e9 par Naim Audio, cet amplificateur est connu pour sa pr\u00e9cision musicale et sa fiabilit\u00e9.   <\/span><\/div>\n<div class=\"specification-item row-header\"><span class=\"spec-content\"><strong>Informations g\u00e9n\u00e9rales<\/strong><\/span><\/div>\n<div class=\"specification-item row-even\"><span class=\"spec-content\">L&rsquo;amplificateur Naim NAP 200 DR a \u00e9t\u00e9 d\u00e9velopp\u00e9 conform\u00e9ment \u00e0 la philosophie de base de Naim : la musicalit\u00e9 avant tout. Con\u00e7u par Steve Sells, ing\u00e9nieur chez Naim, il int\u00e8gre la technologie du NAP 500 et utilise une alimentation DR (Discrete Regulator) sp\u00e9cialement d\u00e9velopp\u00e9e pour une stabilit\u00e9 optimale. Le coffret est en aluminium lourd pour le blindage et la gestion thermique. Tout est assembl\u00e9 \u00e0 la main \u00e0 Salisbury, en Angleterre.   <\/span><\/div>\n<div class=\"specification-item row-header\"><span class=\"spec-content\"><strong>Histoire de la marque<\/strong><\/span><\/div>\n<div class=\"specification-item row-even\"><span class=\"spec-content\">Naim Audio a \u00e9t\u00e9 fond\u00e9e en 1973 par Julian Vereker, un ing\u00e9nieur britannique passionn\u00e9 d&rsquo;\u00e9lectronique et de musique. En 1985, la soci\u00e9t\u00e9 a re\u00e7u pour la premi\u00e8re fois le prestigieux Queen&rsquo;s Award, une reconnaissance qui lui a \u00e9t\u00e9 d\u00e9cern\u00e9e \u00e0 deux reprises par la suite. En 1991, la soci\u00e9t\u00e9 lance son premier lecteur de CD, le CDS, dot\u00e9 d&rsquo;un bo\u00eetier en deux parties pour de meilleures performances. En 2000, l&rsquo;amplificateur embl\u00e9matique NAP 500 a \u00e9t\u00e9 lanc\u00e9, suivi par le d\u00e9veloppement du syst\u00e8me d&rsquo;amplification Statement en 2014, une \u00e9tape importante dans l&rsquo;ing\u00e9nierie de l&rsquo;entreprise.   <\/span><\/div>\n<\/div>\n","protected":false},"excerpt":{"rendered":"<p>Description Freakuence ! 70 watts stables par canal, sous 8 ohms. Amplificateur de puissance \u00e9pais dans un coffret mince. Un son tr\u00e8s rond et doux, sans perdre de vue les d\u00e9tails. D\u00e9tails Malheureusement, il n&rsquo;est pas comme neuf ! Un accident se produit dans un petit coin. Voir les photos. Ne vous inqui\u00e9tez pas ! [&hellip;]<\/p>\n","protected":false},"featured_media":390648,"template":"","meta":{"_acf_changed":false,"inline_featured_image":false},"product_brand":[],"product_cat":[530,746,768],"product_tag":[533],"class_list":{"0":"post-344959","1":"product","2":"type-product","3":"status-publish","4":"has-post-thumbnail","6":"product_cat-amplificateurs","7":"product_cat-amplificateurs-de-puissance","8":"product_cat-classe-a-classe-a-b","9":"product_tag-used","10":"pa_kleur-noir","12":"first","13":"instock","14":"sold-individually","15":"purchasable","16":"product-type-simple"},"acf":{"website":true,"show_on_homepage":false,"brand_title":"Naim","product_type":"NAP 200 DR","color":"Noir","subcolor":"","reserved_status":"0"},"yoast_head":"<!-- This site is optimized with the Yoast SEO plugin v25.9 - https:\/\/yoast.com\/wordpress\/plugins\/seo\/ -->\n<title>Naim NAP 200 DR | Freakuence!<\/title>\n<meta name=\"description\" content=\"Naim NAP 200 DR : 70W par canal, puissant transformateur 300VA, alimentation interne pour les pr\u00e9amplificateurs Naim. \u2713 HiFi neuf et d&#039;occasion \u2713 Note du client : 4.9 sur 5 \u2713 Reprise \u2713 Session d&#039;\u00e9coute\" \/>\n<meta name=\"robots\" content=\"noindex, follow, max-snippet:-1, max-image-preview:large, max-video-preview:-1\" \/>\n<meta property=\"og:locale\" content=\"fr_FR\" \/>\n<meta property=\"og:type\" content=\"article\" \/>\n<meta property=\"og:title\" content=\"Naim NAP 200 DR | Freakuence!\" \/>\n<meta property=\"og:description\" content=\"Naim NAP 200 DR : 70W par canal, puissant transformateur 300VA, alimentation interne pour les pr\u00e9amplificateurs Naim. \u2713 HiFi neuf et d&#039;occasion \u2713 Note du client : 4.9 sur 5 \u2713 Reprise \u2713 Session d&#039;\u00e9coute\" \/>\n<meta property=\"og:url\" content=\"https:\/\/dev.freakuence.nl\/fr\/produit\/naim-nap-200-dr\/\" \/>\n<meta property=\"og:site_name\" content=\"Freakuence!\" \/>\n<meta property=\"article:modified_time\" content=\"2026-04-10T13:16:38+00:00\" \/>\n<meta property=\"og:image\" content=\"https:\/\/dev.freakuence.nl\/wp-content\/uploads\/2026\/04\/17703910190142-18910-IMG0271.jpg\" \/>\n\t<meta property=\"og:image:width\" content=\"1800\" \/>\n\t<meta property=\"og:image:height\" content=\"1200\" \/>\n\t<meta property=\"og:image:type\" content=\"image\/jpeg\" \/>\n<meta name=\"twitter:card\" content=\"summary_large_image\" \/>\n<script type=\"application\/ld+json\" class=\"yoast-schema-graph\">{\"@context\":\"https:\/\/schema.org\",\"@graph\":[{\"@type\":\"WebPage\",\"@id\":\"https:\/\/dev.freakuence.nl\/fr\/produit\/naim-nap-200-dr\/\",\"url\":\"https:\/\/dev.freakuence.nl\/fr\/produit\/naim-nap-200-dr\/\",\"name\":\"Naim NAP 200 DR | Freakuence!\",\"isPartOf\":{\"@id\":\"https:\/\/dev.freakuence.nl\/fr\/#website\"},\"primaryImageOfPage\":{\"@id\":\"https:\/\/dev.freakuence.nl\/fr\/produit\/naim-nap-200-dr\/#primaryimage\"},\"image\":{\"@id\":\"https:\/\/dev.freakuence.nl\/fr\/produit\/naim-nap-200-dr\/#primaryimage\"},\"thumbnailUrl\":\"https:\/\/dev.freakuence.nl\/wp-content\/uploads\/2026\/04\/17703910190142-18910-IMG0271.jpg\",\"datePublished\":\"2026-02-06T15:17:16+00:00\",\"dateModified\":\"2026-04-10T13:16:38+00:00\",\"description\":\"Naim NAP 200 DR : 70W par canal, puissant transformateur 300VA, alimentation interne pour les pr\u00e9amplificateurs Naim. \u2713 HiFi neuf et d'occasion \u2713 Note du client : 4.9 sur 5 \u2713 Reprise \u2713 Session d'\u00e9coute\",\"breadcrumb\":{\"@id\":\"https:\/\/dev.freakuence.nl\/fr\/produit\/naim-nap-200-dr\/#breadcrumb\"},\"inLanguage\":\"fr-FR\",\"potentialAction\":[{\"@type\":\"ReadAction\",\"target\":[\"https:\/\/dev.freakuence.nl\/fr\/produit\/naim-nap-200-dr\/\"]}]},{\"@type\":\"ImageObject\",\"inLanguage\":\"fr-FR\",\"@id\":\"https:\/\/dev.freakuence.nl\/fr\/produit\/naim-nap-200-dr\/#primaryimage\",\"url\":\"https:\/\/dev.freakuence.nl\/wp-content\/uploads\/2026\/04\/17703910190142-18910-IMG0271.jpg\",\"contentUrl\":\"https:\/\/dev.freakuence.nl\/wp-content\/uploads\/2026\/04\/17703910190142-18910-IMG0271.jpg\",\"width\":1800,\"height\":1200},{\"@type\":\"BreadcrumbList\",\"@id\":\"https:\/\/dev.freakuence.nl\/fr\/produit\/naim-nap-200-dr\/#breadcrumb\",\"itemListElement\":[{\"@type\":\"ListItem\",\"position\":1,\"name\":\"Accueil\",\"item\":\"https:\/\/dev.freakuence.nl\/fr\/\"},{\"@type\":\"ListItem\",\"position\":2,\"name\":\"Produits\",\"item\":\"https:\/\/dev.freakuence.nl\/fr\/produits\/\"},{\"@type\":\"ListItem\",\"position\":3,\"name\":\"Naim NAP 200 DR\"}]},{\"@type\":\"WebSite\",\"@id\":\"https:\/\/dev.freakuence.nl\/fr\/#website\",\"url\":\"https:\/\/dev.freakuence.nl\/fr\/\",\"name\":\"Freakuence!\",\"description\":\"Freakuence!\",\"publisher\":{\"@id\":\"https:\/\/dev.freakuence.nl\/fr\/#organization\"},\"alternateName\":\"Freakuence\",\"potentialAction\":[{\"@type\":\"SearchAction\",\"target\":{\"@type\":\"EntryPoint\",\"urlTemplate\":\"https:\/\/dev.freakuence.nl\/fr\/?s={search_term_string}\"},\"query-input\":{\"@type\":\"PropertyValueSpecification\",\"valueRequired\":true,\"valueName\":\"search_term_string\"}}],\"inLanguage\":\"fr-FR\"},{\"@type\":\"Organization\",\"@id\":\"https:\/\/dev.freakuence.nl\/fr\/#organization\",\"name\":\"Freakuence !\",\"url\":\"https:\/\/dev.freakuence.nl\/fr\/\",\"logo\":{\"@type\":\"ImageObject\",\"inLanguage\":\"fr-FR\",\"@id\":\"https:\/\/dev.freakuence.nl\/fr\/#\/schema\/logo\/image\/\",\"url\":\"https:\/\/dev.freakuence.nl\/wp-content\/uploads\/2022\/05\/Brown_3_RGB_Freakuence-1.png\",\"contentUrl\":\"https:\/\/dev.freakuence.nl\/wp-content\/uploads\/2022\/05\/Brown_3_RGB_Freakuence-1.png\",\"width\":2560,\"height\":684,\"caption\":\"Freakuence !\"},\"image\":{\"@id\":\"https:\/\/dev.freakuence.nl\/fr\/#\/schema\/logo\/image\/\"},\"sameAs\":[\"https:\/\/www.instagram.com\/freakuence_notorious_audio\/\"]}]}<\/script>\n<!-- \/ Yoast SEO plugin. -->","yoast_head_json":{"title":"Naim NAP 200 DR | Freakuence!","description":"Naim NAP 200 DR : 70W par canal, puissant transformateur 300VA, alimentation interne pour les pr\u00e9amplificateurs Naim. \u2713 HiFi neuf et d'occasion \u2713 Note du client : 4.9 sur 5 \u2713 Reprise \u2713 Session d'\u00e9coute","robots":{"index":"noindex","follow":"follow","max-snippet":"max-snippet:-1","max-image-preview":"max-image-preview:large","max-video-preview":"max-video-preview:-1"},"og_locale":"fr_FR","og_type":"article","og_title":"Naim NAP 200 DR | Freakuence!","og_description":"Naim NAP 200 DR : 70W par canal, puissant transformateur 300VA, alimentation interne pour les pr\u00e9amplificateurs Naim. \u2713 HiFi neuf et d'occasion \u2713 Note du client : 4.9 sur 5 \u2713 Reprise \u2713 Session d'\u00e9coute","og_url":"https:\/\/dev.freakuence.nl\/fr\/produit\/naim-nap-200-dr\/","og_site_name":"Freakuence!","article_modified_time":"2026-04-10T13:16:38+00:00","og_image":[{"width":1800,"height":1200,"url":"https:\/\/dev.freakuence.nl\/wp-content\/uploads\/2026\/04\/17703910190142-18910-IMG0271.jpg","type":"image\/jpeg"}],"twitter_card":"summary_large_image","schema":{"@context":"https:\/\/schema.org","@graph":[{"@type":"WebPage","@id":"https:\/\/dev.freakuence.nl\/fr\/produit\/naim-nap-200-dr\/","url":"https:\/\/dev.freakuence.nl\/fr\/produit\/naim-nap-200-dr\/","name":"Naim NAP 200 DR | Freakuence!","isPartOf":{"@id":"https:\/\/dev.freakuence.nl\/fr\/#website"},"primaryImageOfPage":{"@id":"https:\/\/dev.freakuence.nl\/fr\/produit\/naim-nap-200-dr\/#primaryimage"},"image":{"@id":"https:\/\/dev.freakuence.nl\/fr\/produit\/naim-nap-200-dr\/#primaryimage"},"thumbnailUrl":"https:\/\/dev.freakuence.nl\/wp-content\/uploads\/2026\/04\/17703910190142-18910-IMG0271.jpg","datePublished":"2026-02-06T15:17:16+00:00","dateModified":"2026-04-10T13:16:38+00:00","description":"Naim NAP 200 DR : 70W par canal, puissant transformateur 300VA, alimentation interne pour les pr\u00e9amplificateurs Naim. \u2713 HiFi neuf et d'occasion \u2713 Note du client : 4.9 sur 5 \u2713 Reprise \u2713 Session d'\u00e9coute","breadcrumb":{"@id":"https:\/\/dev.freakuence.nl\/fr\/produit\/naim-nap-200-dr\/#breadcrumb"},"inLanguage":"fr-FR","potentialAction":[{"@type":"ReadAction","target":["https:\/\/dev.freakuence.nl\/fr\/produit\/naim-nap-200-dr\/"]}]},{"@type":"ImageObject","inLanguage":"fr-FR","@id":"https:\/\/dev.freakuence.nl\/fr\/produit\/naim-nap-200-dr\/#primaryimage","url":"https:\/\/dev.freakuence.nl\/wp-content\/uploads\/2026\/04\/17703910190142-18910-IMG0271.jpg","contentUrl":"https:\/\/dev.freakuence.nl\/wp-content\/uploads\/2026\/04\/17703910190142-18910-IMG0271.jpg","width":1800,"height":1200},{"@type":"BreadcrumbList","@id":"https:\/\/dev.freakuence.nl\/fr\/produit\/naim-nap-200-dr\/#breadcrumb","itemListElement":[{"@type":"ListItem","position":1,"name":"Accueil","item":"https:\/\/dev.freakuence.nl\/fr\/"},{"@type":"ListItem","position":2,"name":"Produits","item":"https:\/\/dev.freakuence.nl\/fr\/produits\/"},{"@type":"ListItem","position":3,"name":"Naim NAP 200 DR"}]},{"@type":"WebSite","@id":"https:\/\/dev.freakuence.nl\/fr\/#website","url":"https:\/\/dev.freakuence.nl\/fr\/","name":"Freakuence!","description":"Freakuence!","publisher":{"@id":"https:\/\/dev.freakuence.nl\/fr\/#organization"},"alternateName":"Freakuence","potentialAction":[{"@type":"SearchAction","target":{"@type":"EntryPoint","urlTemplate":"https:\/\/dev.freakuence.nl\/fr\/?s={search_term_string}"},"query-input":{"@type":"PropertyValueSpecification","valueRequired":true,"valueName":"search_term_string"}}],"inLanguage":"fr-FR"},{"@type":"Organization","@id":"https:\/\/dev.freakuence.nl\/fr\/#organization","name":"Freakuence !","url":"https:\/\/dev.freakuence.nl\/fr\/","logo":{"@type":"ImageObject","inLanguage":"fr-FR","@id":"https:\/\/dev.freakuence.nl\/fr\/#\/schema\/logo\/image\/","url":"https:\/\/dev.freakuence.nl\/wp-content\/uploads\/2022\/05\/Brown_3_RGB_Freakuence-1.png","contentUrl":"https:\/\/dev.freakuence.nl\/wp-content\/uploads\/2022\/05\/Brown_3_RGB_Freakuence-1.png","width":2560,"height":684,"caption":"Freakuence !"},"image":{"@id":"https:\/\/dev.freakuence.nl\/fr\/#\/schema\/logo\/image\/"},"sameAs":["https:\/\/www.instagram.com\/freakuence_notorious_audio\/"]}]}},"_links":{"self":[{"href":"https:\/\/dev.freakuence.nl\/fr\/wp-json\/wp\/v2\/product\/344959","targetHints":{"allow":["GET"]}}],"collection":[{"href":"https:\/\/dev.freakuence.nl\/fr\/wp-json\/wp\/v2\/product"}],"about":[{"href":"https:\/\/dev.freakuence.nl\/fr\/wp-json\/wp\/v2\/types\/product"}],"wp:featuredmedia":[{"embeddable":true,"href":"https:\/\/dev.freakuence.nl\/fr\/wp-json\/wp\/v2\/media\/390648"}],"wp:attachment":[{"href":"https:\/\/dev.freakuence.nl\/fr\/wp-json\/wp\/v2\/media?parent=344959"}],"wp:term":[{"taxonomy":"product_brand","embeddable":true,"href":"https:\/\/dev.freakuence.nl\/fr\/wp-json\/wp\/v2\/product_brand?post=344959"},{"taxonomy":"product_cat","embeddable":true,"href":"https:\/\/dev.freakuence.nl\/fr\/wp-json\/wp\/v2\/product_cat?post=344959"},{"taxonomy":"product_tag","embeddable":true,"href":"https:\/\/dev.freakuence.nl\/fr\/wp-json\/wp\/v2\/product_tag?post=344959"}],"curies":[{"name":"wp","href":"https:\/\/api.w.org\/{rel}","templated":true}]}}