{"id":347454,"date":"2026-02-09T12:43:10","date_gmt":"2026-02-09T11:43:10","guid":{"rendered":"https:\/\/freakuence.nl\/product\/neat-momentum-sx5i\/"},"modified":"2026-04-10T15:17:25","modified_gmt":"2026-04-10T13:17:25","slug":"neat-momentum-sx5i","status":"publish","type":"product","link":"https:\/\/dev.freakuence.nl\/fr\/produit\/neat-momentum-sx5i\/","title":{"rendered":"Neat Momentum SX5i"},"content":{"rendered":"<div class=\"product-specifications-list\">\n<div class=\"specification-item row-header\"><span class=\"spec-content\"><strong>Description Freakuence !<\/strong><\/span><\/div>\n<div class=\"specification-item row-even\"><span class=\"spec-content\">Des armoires magnifiquement construites, en ce qui nous concerne. Un look classique. Et quel plaisir d&rsquo;\u00e9couter. Faites attention au placement et vous obtiendrez une image incroyablement serr\u00e9e et holographique. Ces choses peuvent faire beaucoup. Un \u00e9quilibre audacieux, tous les amplis contemporains ne les rendront pas heureux, mais nous aimons \u00e0 le penser.     <\/span><\/div>\n<div class=\"specification-item row-header\"><span class=\"spec-content\"><strong>Description g\u00e9n\u00e9rale<\/strong><\/span><\/div>\n<div class=\"specification-item row-even\"><span class=\"spec-content\">La Neat Momentum SX5i est une enceinte colonne qui utilise un syst\u00e8me bass-reflex isobarique \u00e0 2,5 voies. Ce syst\u00e8me comprend quatre haut-parleurs par enceinte, dont deux haut-parleurs de basse de 6,5 pouces dans une configuration de caisson de basse int\u00e9gr\u00e9.  <\/p>\n<p>La partie sup\u00e9rieure du caisson est isol\u00e9e de la partie subwoofer et contient un haut-parleur de grave\/m\u00e9dium et un tweeter SXT. Les haut-parleurs sont sp\u00e9cialement con\u00e7us pour Neat Acoustics et les r\u00e9seaux de croisement sont c\u00e2bl\u00e9s \u00e0 la main avec des composants de haute qualit\u00e9.  <\/p>\n<p>Le Momentum SX5i peut \u00eatre \u00e9quip\u00e9 du kit Neat Feet, qui offre une stabilit\u00e9 accrue et une pr\u00e9sentation plus nette.<\/span><\/div>\n<div class=\"specification-item row-header\"><span class=\"spec-content\"><strong>Informations g\u00e9n\u00e9rales<\/strong><\/span><\/div>\n<div class=\"specification-item row-even\"><span class=\"spec-content\">Con\u00e7ue par Bob Surgeoner, fondateur de Neat, la Neat Momentum SX5i associe un caisson de sol mince \u00e0 une technologie de pointe. Le tweeter est un v\u00e9ritable ruban, garantissant des aigus d\u00e9taill\u00e9s, tandis que la charge isobarique des basses, unique en son genre, assure des basses profondes et contr\u00f4l\u00e9es. Les c\u00e2bles internes sont soigneusement s\u00e9lectionn\u00e9s et chaque enceinte est assembl\u00e9e \u00e0 la main au Royaume-Uni.  <\/span><\/div>\n<div class=\"specification-item row-header\"><span class=\"spec-content\"><strong>Histoire de la marque<\/strong><\/span><\/div>\n<div class=\"specification-item row-even\"><span class=\"spec-content\">Neat a \u00e9t\u00e9 fond\u00e9 en 1989 par Bob Surgeoner, qui avait d\u00e9j\u00e0 \u00e0 l&rsquo;\u00e9poque des ann\u00e9es d&rsquo;exp\u00e9rience dans le domaine de l&rsquo;enregistrement, de la performance et de la production musicale. La premi\u00e8re enceinte de la marque a \u00e9t\u00e9 la Petite. Ce mod\u00e8le a \u00e9t\u00e9 d\u00e9velopp\u00e9 avec une combinaison sp\u00e9cifique de haut-parleurs, de conception de coffret et de configuration de crossover. En 1991, la Petite a \u00e9t\u00e9 pr\u00e9sent\u00e9e au salon Hi-Fi de Heathrow, avant d&rsquo;\u00eatre officiellement lanc\u00e9e sur le march\u00e9. Les enceintes sont fabriqu\u00e9es au Royaume-Uni. Au cours des ann\u00e9es suivantes, la marque a d\u00e9velopp\u00e9 plusieurs mod\u00e8les incluant des configurations isobares, utilisant des unit\u00e9s sp\u00e9cifiques pour les performances dans les basses fr\u00e9quences. Pour plusieurs mod\u00e8les, Neat utilise des tweeters et des composants \u00e9lectroniques fabriqu\u00e9s \u00e0 la main. L&rsquo;architecture et la configuration sont adapt\u00e9es \u00e0 chaque mod\u00e8le en fonction des caract\u00e9ristiques acoustiques telles que la distribution de l&rsquo;\u00e9nergie dans la pi\u00e8ce et la synchronisation. Tous les mod\u00e8les sont fabriqu\u00e9s \u00e0 la main, l&rsquo;ensemble du processus de conception et de fabrication se d\u00e9roulant \u00e0 Teesdale, dans le comt\u00e9 de Durham.        <\/span><\/div>\n<\/div>\n","protected":false},"excerpt":{"rendered":"<p>Description Freakuence ! Des armoires magnifiquement construites, en ce qui nous concerne. Un look classique. Et quel plaisir d&rsquo;\u00e9couter. Faites attention au placement et vous obtiendrez une image incroyablement serr\u00e9e et holographique. Ces choses peuvent faire beaucoup. Un \u00e9quilibre audacieux, tous les amplis contemporains ne les rendront pas heureux, mais nous aimons \u00e0 le penser. [&hellip;]<\/p>\n","protected":false},"featured_media":391041,"template":"","meta":{"_acf_changed":false,"inline_featured_image":false},"product_brand":[],"product_cat":[705,543],"product_tag":[533],"class_list":{"0":"post-347454","1":"product","2":"type-product","3":"status-publish","4":"has-post-thumbnail","6":"product_cat-haut-parleurs-de-colonne","7":"product_cat-intervenants","8":"product_tag-used","9":"pa_kleur-marron","11":"first","12":"instock","13":"sold-individually","14":"purchasable","15":"product-type-simple"},"acf":{"website":true,"show_on_homepage":false,"brand_title":"Neat","product_type":"Momentum SX5i","color":"Marron","subcolor":"","reserved_status":"0"},"yoast_head":"<!-- This site is optimized with the Yoast SEO plugin v25.9 - https:\/\/yoast.com\/wordpress\/plugins\/seo\/ -->\n<title>Neat Momentum SX5i | Freakuence!<\/title>\n<meta name=\"description\" content=\"Enceintes colonne Neat Momentum SX5i avec bass-reflex isobarique 2,5 voies pour des basses profondes et dynamiques et des aigus clairs. \u2713 HiFi neuf et d&#039;occasion \u2713 Note du client : 4.9 sur 5 \u2713 R\u00e9servez une session d&#039;\u00e9coute !\" \/>\n<meta name=\"robots\" content=\"noindex, follow, max-snippet:-1, max-image-preview:large, max-video-preview:-1\" \/>\n<meta property=\"og:locale\" content=\"fr_FR\" \/>\n<meta property=\"og:type\" content=\"article\" \/>\n<meta property=\"og:title\" content=\"Neat Momentum SX5i | Freakuence!\" \/>\n<meta property=\"og:description\" content=\"Enceintes colonne Neat Momentum SX5i avec bass-reflex isobarique 2,5 voies pour des basses profondes et dynamiques et des aigus clairs. \u2713 HiFi neuf et d&#039;occasion \u2713 Note du client : 4.9 sur 5 \u2713 R\u00e9servez une session d&#039;\u00e9coute !\" \/>\n<meta property=\"og:url\" content=\"https:\/\/dev.freakuence.nl\/fr\/produit\/neat-momentum-sx5i\/\" \/>\n<meta property=\"og:site_name\" content=\"Freakuence!\" \/>\n<meta property=\"article:modified_time\" content=\"2026-04-10T13:17:25+00:00\" \/>\n<meta property=\"og:image\" content=\"https:\/\/dev.freakuence.nl\/wp-content\/uploads\/2026\/04\/17706373632806-18960-IMG0547-scaled.jpg\" \/>\n\t<meta property=\"og:image:width\" content=\"1200\" \/>\n\t<meta property=\"og:image:height\" content=\"1800\" \/>\n\t<meta property=\"og:image:type\" content=\"image\/jpeg\" \/>\n<meta name=\"twitter:card\" content=\"summary_large_image\" \/>\n<script type=\"application\/ld+json\" class=\"yoast-schema-graph\">{\"@context\":\"https:\/\/schema.org\",\"@graph\":[{\"@type\":\"WebPage\",\"@id\":\"https:\/\/dev.freakuence.nl\/fr\/produit\/neat-momentum-sx5i\/\",\"url\":\"https:\/\/dev.freakuence.nl\/fr\/produit\/neat-momentum-sx5i\/\",\"name\":\"Neat Momentum SX5i | Freakuence!\",\"isPartOf\":{\"@id\":\"https:\/\/dev.freakuence.nl\/fr\/#website\"},\"primaryImageOfPage\":{\"@id\":\"https:\/\/dev.freakuence.nl\/fr\/produit\/neat-momentum-sx5i\/#primaryimage\"},\"image\":{\"@id\":\"https:\/\/dev.freakuence.nl\/fr\/produit\/neat-momentum-sx5i\/#primaryimage\"},\"thumbnailUrl\":\"https:\/\/dev.freakuence.nl\/wp-content\/uploads\/2026\/04\/17706373632806-18960-IMG0547-scaled.jpg\",\"datePublished\":\"2026-02-09T11:43:10+00:00\",\"dateModified\":\"2026-04-10T13:17:25+00:00\",\"description\":\"Enceintes colonne Neat Momentum SX5i avec bass-reflex isobarique 2,5 voies pour des basses profondes et dynamiques et des aigus clairs. \u2713 HiFi neuf et d'occasion \u2713 Note du client : 4.9 sur 5 \u2713 R\u00e9servez une session d'\u00e9coute !\",\"breadcrumb\":{\"@id\":\"https:\/\/dev.freakuence.nl\/fr\/produit\/neat-momentum-sx5i\/#breadcrumb\"},\"inLanguage\":\"fr-FR\",\"potentialAction\":[{\"@type\":\"ReadAction\",\"target\":[\"https:\/\/dev.freakuence.nl\/fr\/produit\/neat-momentum-sx5i\/\"]}]},{\"@type\":\"ImageObject\",\"inLanguage\":\"fr-FR\",\"@id\":\"https:\/\/dev.freakuence.nl\/fr\/produit\/neat-momentum-sx5i\/#primaryimage\",\"url\":\"https:\/\/dev.freakuence.nl\/wp-content\/uploads\/2026\/04\/17706373632806-18960-IMG0547-scaled.jpg\",\"contentUrl\":\"https:\/\/dev.freakuence.nl\/wp-content\/uploads\/2026\/04\/17706373632806-18960-IMG0547-scaled.jpg\",\"width\":1200,\"height\":1800},{\"@type\":\"BreadcrumbList\",\"@id\":\"https:\/\/dev.freakuence.nl\/fr\/produit\/neat-momentum-sx5i\/#breadcrumb\",\"itemListElement\":[{\"@type\":\"ListItem\",\"position\":1,\"name\":\"Accueil\",\"item\":\"https:\/\/dev.freakuence.nl\/fr\/\"},{\"@type\":\"ListItem\",\"position\":2,\"name\":\"Produits\",\"item\":\"https:\/\/dev.freakuence.nl\/fr\/produits\/\"},{\"@type\":\"ListItem\",\"position\":3,\"name\":\"Neat Momentum SX5i\"}]},{\"@type\":\"WebSite\",\"@id\":\"https:\/\/dev.freakuence.nl\/fr\/#website\",\"url\":\"https:\/\/dev.freakuence.nl\/fr\/\",\"name\":\"Freakuence!\",\"description\":\"Freakuence!\",\"publisher\":{\"@id\":\"https:\/\/dev.freakuence.nl\/fr\/#organization\"},\"alternateName\":\"Freakuence\",\"potentialAction\":[{\"@type\":\"SearchAction\",\"target\":{\"@type\":\"EntryPoint\",\"urlTemplate\":\"https:\/\/dev.freakuence.nl\/fr\/?s={search_term_string}\"},\"query-input\":{\"@type\":\"PropertyValueSpecification\",\"valueRequired\":true,\"valueName\":\"search_term_string\"}}],\"inLanguage\":\"fr-FR\"},{\"@type\":\"Organization\",\"@id\":\"https:\/\/dev.freakuence.nl\/fr\/#organization\",\"name\":\"Freakuence !\",\"url\":\"https:\/\/dev.freakuence.nl\/fr\/\",\"logo\":{\"@type\":\"ImageObject\",\"inLanguage\":\"fr-FR\",\"@id\":\"https:\/\/dev.freakuence.nl\/fr\/#\/schema\/logo\/image\/\",\"url\":\"https:\/\/dev.freakuence.nl\/wp-content\/uploads\/2022\/05\/Brown_3_RGB_Freakuence-1.png\",\"contentUrl\":\"https:\/\/dev.freakuence.nl\/wp-content\/uploads\/2022\/05\/Brown_3_RGB_Freakuence-1.png\",\"width\":2560,\"height\":684,\"caption\":\"Freakuence !\"},\"image\":{\"@id\":\"https:\/\/dev.freakuence.nl\/fr\/#\/schema\/logo\/image\/\"},\"sameAs\":[\"https:\/\/www.instagram.com\/freakuence_notorious_audio\/\"]}]}<\/script>\n<!-- \/ Yoast SEO plugin. -->","yoast_head_json":{"title":"Neat Momentum SX5i | Freakuence!","description":"Enceintes colonne Neat Momentum SX5i avec bass-reflex isobarique 2,5 voies pour des basses profondes et dynamiques et des aigus clairs. \u2713 HiFi neuf et d'occasion \u2713 Note du client : 4.9 sur 5 \u2713 R\u00e9servez une session d'\u00e9coute !","robots":{"index":"noindex","follow":"follow","max-snippet":"max-snippet:-1","max-image-preview":"max-image-preview:large","max-video-preview":"max-video-preview:-1"},"og_locale":"fr_FR","og_type":"article","og_title":"Neat Momentum SX5i | Freakuence!","og_description":"Enceintes colonne Neat Momentum SX5i avec bass-reflex isobarique 2,5 voies pour des basses profondes et dynamiques et des aigus clairs. \u2713 HiFi neuf et d'occasion \u2713 Note du client : 4.9 sur 5 \u2713 R\u00e9servez une session d'\u00e9coute !","og_url":"https:\/\/dev.freakuence.nl\/fr\/produit\/neat-momentum-sx5i\/","og_site_name":"Freakuence!","article_modified_time":"2026-04-10T13:17:25+00:00","og_image":[{"width":1200,"height":1800,"url":"https:\/\/dev.freakuence.nl\/wp-content\/uploads\/2026\/04\/17706373632806-18960-IMG0547-scaled.jpg","type":"image\/jpeg"}],"twitter_card":"summary_large_image","schema":{"@context":"https:\/\/schema.org","@graph":[{"@type":"WebPage","@id":"https:\/\/dev.freakuence.nl\/fr\/produit\/neat-momentum-sx5i\/","url":"https:\/\/dev.freakuence.nl\/fr\/produit\/neat-momentum-sx5i\/","name":"Neat Momentum SX5i | Freakuence!","isPartOf":{"@id":"https:\/\/dev.freakuence.nl\/fr\/#website"},"primaryImageOfPage":{"@id":"https:\/\/dev.freakuence.nl\/fr\/produit\/neat-momentum-sx5i\/#primaryimage"},"image":{"@id":"https:\/\/dev.freakuence.nl\/fr\/produit\/neat-momentum-sx5i\/#primaryimage"},"thumbnailUrl":"https:\/\/dev.freakuence.nl\/wp-content\/uploads\/2026\/04\/17706373632806-18960-IMG0547-scaled.jpg","datePublished":"2026-02-09T11:43:10+00:00","dateModified":"2026-04-10T13:17:25+00:00","description":"Enceintes colonne Neat Momentum SX5i avec bass-reflex isobarique 2,5 voies pour des basses profondes et dynamiques et des aigus clairs. \u2713 HiFi neuf et d'occasion \u2713 Note du client : 4.9 sur 5 \u2713 R\u00e9servez une session d'\u00e9coute !","breadcrumb":{"@id":"https:\/\/dev.freakuence.nl\/fr\/produit\/neat-momentum-sx5i\/#breadcrumb"},"inLanguage":"fr-FR","potentialAction":[{"@type":"ReadAction","target":["https:\/\/dev.freakuence.nl\/fr\/produit\/neat-momentum-sx5i\/"]}]},{"@type":"ImageObject","inLanguage":"fr-FR","@id":"https:\/\/dev.freakuence.nl\/fr\/produit\/neat-momentum-sx5i\/#primaryimage","url":"https:\/\/dev.freakuence.nl\/wp-content\/uploads\/2026\/04\/17706373632806-18960-IMG0547-scaled.jpg","contentUrl":"https:\/\/dev.freakuence.nl\/wp-content\/uploads\/2026\/04\/17706373632806-18960-IMG0547-scaled.jpg","width":1200,"height":1800},{"@type":"BreadcrumbList","@id":"https:\/\/dev.freakuence.nl\/fr\/produit\/neat-momentum-sx5i\/#breadcrumb","itemListElement":[{"@type":"ListItem","position":1,"name":"Accueil","item":"https:\/\/dev.freakuence.nl\/fr\/"},{"@type":"ListItem","position":2,"name":"Produits","item":"https:\/\/dev.freakuence.nl\/fr\/produits\/"},{"@type":"ListItem","position":3,"name":"Neat Momentum SX5i"}]},{"@type":"WebSite","@id":"https:\/\/dev.freakuence.nl\/fr\/#website","url":"https:\/\/dev.freakuence.nl\/fr\/","name":"Freakuence!","description":"Freakuence!","publisher":{"@id":"https:\/\/dev.freakuence.nl\/fr\/#organization"},"alternateName":"Freakuence","potentialAction":[{"@type":"SearchAction","target":{"@type":"EntryPoint","urlTemplate":"https:\/\/dev.freakuence.nl\/fr\/?s={search_term_string}"},"query-input":{"@type":"PropertyValueSpecification","valueRequired":true,"valueName":"search_term_string"}}],"inLanguage":"fr-FR"},{"@type":"Organization","@id":"https:\/\/dev.freakuence.nl\/fr\/#organization","name":"Freakuence !","url":"https:\/\/dev.freakuence.nl\/fr\/","logo":{"@type":"ImageObject","inLanguage":"fr-FR","@id":"https:\/\/dev.freakuence.nl\/fr\/#\/schema\/logo\/image\/","url":"https:\/\/dev.freakuence.nl\/wp-content\/uploads\/2022\/05\/Brown_3_RGB_Freakuence-1.png","contentUrl":"https:\/\/dev.freakuence.nl\/wp-content\/uploads\/2022\/05\/Brown_3_RGB_Freakuence-1.png","width":2560,"height":684,"caption":"Freakuence !"},"image":{"@id":"https:\/\/dev.freakuence.nl\/fr\/#\/schema\/logo\/image\/"},"sameAs":["https:\/\/www.instagram.com\/freakuence_notorious_audio\/"]}]}},"_links":{"self":[{"href":"https:\/\/dev.freakuence.nl\/fr\/wp-json\/wp\/v2\/product\/347454","targetHints":{"allow":["GET"]}}],"collection":[{"href":"https:\/\/dev.freakuence.nl\/fr\/wp-json\/wp\/v2\/product"}],"about":[{"href":"https:\/\/dev.freakuence.nl\/fr\/wp-json\/wp\/v2\/types\/product"}],"wp:featuredmedia":[{"embeddable":true,"href":"https:\/\/dev.freakuence.nl\/fr\/wp-json\/wp\/v2\/media\/391041"}],"wp:attachment":[{"href":"https:\/\/dev.freakuence.nl\/fr\/wp-json\/wp\/v2\/media?parent=347454"}],"wp:term":[{"taxonomy":"product_brand","embeddable":true,"href":"https:\/\/dev.freakuence.nl\/fr\/wp-json\/wp\/v2\/product_brand?post=347454"},{"taxonomy":"product_cat","embeddable":true,"href":"https:\/\/dev.freakuence.nl\/fr\/wp-json\/wp\/v2\/product_cat?post=347454"},{"taxonomy":"product_tag","embeddable":true,"href":"https:\/\/dev.freakuence.nl\/fr\/wp-json\/wp\/v2\/product_tag?post=347454"}],"curies":[{"name":"wp","href":"https:\/\/api.w.org\/{rel}","templated":true}]}}