{"id":348461,"date":"2026-02-12T13:35:06","date_gmt":"2026-02-12T12:35:06","guid":{"rendered":"https:\/\/freakuence.nl\/product\/jb-audio-peacock-monitor\/"},"modified":"2026-02-25T10:49:01","modified_gmt":"2026-02-25T09:49:01","slug":"jb-audio-peacock-monitor","status":"publish","type":"product","link":"https:\/\/dev.freakuence.nl\/fr\/produit\/jb-audio-peacock-monitor\/","title":{"rendered":"J&amp;B Audio Peacock Monitor"},"content":{"rendered":"<div class=\"product-specifications-list\">\n<div class=\"specification-item row-header\"><span class=\"spec-content\"><strong>Description Freakuence !<\/strong><\/span><\/div>\n<div class=\"specification-item row-even\"><span class=\"spec-content\">Belles enceintes, belles unit\u00e9s, belle sc\u00e8ne. Beaucoup de lecture, une aubaine absolue. Il n&rsquo;y a rien \u00e0 trouver \u00e0 son sujet, seulement des annonces pr\u00e9c\u00e9dentes sur le march\u00e9 de l&rsquo;occasion. Alors pourquoi l&rsquo;avoir \u00e9chang\u00e9 ? Parce que nous \u00e9tions tr\u00e8s curieux.    <\/span><\/div>\n<div class=\"specification-item row-odd\"><span class=\"spec-content\">Prix de vente au d\u00e9tail : 5 000,00<\/span><\/div>\n<div class=\"specification-item row-header\"><span class=\"spec-content\"><strong>D\u00e9tails<\/strong><\/span><\/div>\n<div class=\"specification-item row-even\"><span class=\"spec-content\">Les bords ont \u00e9t\u00e9 remplac\u00e9s par des professionnels ; ils se dess\u00e8chent avec le temps. Ces sp\u00e9cimens peuvent encore durer de nombreuses ann\u00e9es. <\/span><\/div>\n<\/div>\n","protected":false},"excerpt":{"rendered":"<p>Description Freakuence ! Belles enceintes, belles unit\u00e9s, belle sc\u00e8ne. Beaucoup de lecture, une aubaine absolue. Il n&rsquo;y a rien \u00e0 trouver \u00e0 son sujet, seulement des annonces pr\u00e9c\u00e9dentes sur le march\u00e9 de l&rsquo;occasion. Alors pourquoi l&rsquo;avoir \u00e9chang\u00e9 ? Parce que nous \u00e9tions tr\u00e8s curieux. Prix de vente au d\u00e9tail : 5 000,00 D\u00e9tails Les bords [&hellip;]<\/p>\n","protected":false},"featured_media":366901,"template":"","meta":{"_acf_changed":false,"inline_featured_image":false},"product_brand":[],"product_cat":[543],"product_tag":[533],"class_list":{"0":"post-348461","1":"product","2":"type-product","3":"status-publish","4":"has-post-thumbnail","6":"product_cat-intervenants","7":"product_tag-used","8":"pa_kleur-marron","10":"first","11":"instock","12":"sold-individually","13":"purchasable","14":"product-type-simple"},"acf":{"website":true,"show_on_homepage":false,"brand_title":"J&B Audio","product_type":"Pauw Monitor","color":"Marron","subcolor":"","reserved_status":"0"},"_links":{"self":[{"href":"https:\/\/dev.freakuence.nl\/fr\/wp-json\/wp\/v2\/product\/348461","targetHints":{"allow":["GET"]}}],"collection":[{"href":"https:\/\/dev.freakuence.nl\/fr\/wp-json\/wp\/v2\/product"}],"about":[{"href":"https:\/\/dev.freakuence.nl\/fr\/wp-json\/wp\/v2\/types\/product"}],"wp:featuredmedia":[{"embeddable":true,"href":"https:\/\/dev.freakuence.nl\/fr\/wp-json\/wp\/v2\/media\/366901"}],"wp:attachment":[{"href":"https:\/\/dev.freakuence.nl\/fr\/wp-json\/wp\/v2\/media?parent=348461"}],"wp:term":[{"taxonomy":"product_brand","embeddable":true,"href":"https:\/\/dev.freakuence.nl\/fr\/wp-json\/wp\/v2\/product_brand?post=348461"},{"taxonomy":"product_cat","embeddable":true,"href":"https:\/\/dev.freakuence.nl\/fr\/wp-json\/wp\/v2\/product_cat?post=348461"},{"taxonomy":"product_tag","embeddable":true,"href":"https:\/\/dev.freakuence.nl\/fr\/wp-json\/wp\/v2\/product_tag?post=348461"}],"curies":[{"name":"wp","href":"https:\/\/api.w.org\/{rel}","templated":true}]}}