{"id":348566,"date":"2026-02-12T13:45:55","date_gmt":"2026-02-12T12:45:55","guid":{"rendered":"https:\/\/freakuence.nl\/product\/maitre-trois-3\/"},"modified":"2026-04-10T15:46:03","modified_gmt":"2026-04-10T13:46:03","slug":"maitre-trois-3","status":"publish","type":"product","link":"https:\/\/dev.freakuence.nl\/fr\/produit\/maitre-trois-3\/","title":{"rendered":"Ma\u00eetre Trois"},"content":{"rendered":"<div class=\"product-specifications-list\">\n<div class=\"specification-item row-header\"><span class=\"spec-content\"><strong>Description Freakuence !<\/strong><\/span><\/div>\n<div class=\"specification-item row-even\"><span class=\"spec-content\">Des moniteurs d&rsquo;un aspect d\u00e9plorable sur les supports d&rsquo;origine. Avec les moniteurs, vous devez \u00eatre aspir\u00e9 par la musique, et oui, ces enceintes le font tr\u00e8s bien. Extr\u00eamement pr\u00e9cises et un vrai plaisir \u00e0 \u00e9couter. La folie des grandeurs !    \ud83d\ude42<\/span><\/div>\n<div class=\"specification-item row-odd\"><span class=\"spec-content\">Prix de vente au d\u00e9tail : 3000.00<\/span><\/div>\n<div class=\"specification-item row-header\"><span class=\"spec-content\"><strong>D\u00e9tails<\/strong><\/span><\/div>\n<div class=\"specification-item row-even\"><span class=\"spec-content\">Dommages, voir les photos !<\/span><\/div>\n<div class=\"specification-item row-header\"><span class=\"spec-content\"><strong>Description g\u00e9n\u00e9rale<\/strong><\/span><\/div>\n<div class=\"specification-item row-even\"><span class=\"spec-content\">Le Master Three est un haut-parleur de Dynamic Solutions. Avec une imp\u00e9dance de 8 Ohms et une sensibilit\u00e9 de 89 dB \u00e0 1 Watt\/1 m\u00e8tre, ce haut-parleur convient \u00e0 diverses installations audio. Le design de l&rsquo;\u00e9tag\u00e8re permet de placer le haut-parleur sur une vari\u00e9t\u00e9 de surfaces. La finition RAL 5004 conf\u00e8re \u00e0 l&rsquo;enceinte un aspect sp\u00e9cifique.   <\/span><\/div>\n<div class=\"specification-item row-header\"><span class=\"spec-content\"><strong>Histoire de la marque<\/strong><\/span><\/div>\n<div class=\"specification-item row-even\"><span class=\"spec-content\">Master a \u00e9t\u00e9 fond\u00e9e en 1973 et s&rsquo;est depuis lors forg\u00e9e une solide position dans le domaine des \u00e9quipements sonores de haute qualit\u00e9. Les fondateurs de la marque ont commenc\u00e9 leur voyage avec la vision de d\u00e9velopper des syst\u00e8mes sonores de haute qualit\u00e9 et techniquement avanc\u00e9s. Au fil des ans, Master s&rsquo;est concentr\u00e9 sur la production et le d\u00e9veloppement d&rsquo;appareils qui r\u00e9pondent aux exigences des professionnels et des amateurs de technologie du son. Bien que les premi\u00e8res conceptions se soient concentr\u00e9es sur les aspects fondamentaux de la reproduction sonore, la marque s&rsquo;est rapidement fait conna\u00eetre pour son approche approfondie de la qualit\u00e9 du son et de la pr\u00e9cision technique. Sans se focaliser sur les aspects commerciaux, Master a affin\u00e9 ses gammes de produits au fil des ans, en mettant toujours l&rsquo;accent sur les processus de d\u00e9veloppement internes.    <\/span><\/div>\n<\/div>\n","protected":false},"excerpt":{"rendered":"<p>Description Freakuence ! Des moniteurs d&rsquo;un aspect d\u00e9plorable sur les supports d&rsquo;origine. Avec les moniteurs, vous devez \u00eatre aspir\u00e9 par la musique, et oui, ces enceintes le font tr\u00e8s bien. Extr\u00eamement pr\u00e9cises et un vrai plaisir \u00e0 \u00e9couter. La folie des grandeurs ! \ud83d\ude42 Prix de vente au d\u00e9tail : 3000.00 D\u00e9tails Dommages, voir les [&hellip;]<\/p>\n","protected":false},"featured_media":391364,"template":"","meta":{"_acf_changed":false,"inline_featured_image":false},"product_brand":[],"product_cat":[709,543],"product_tag":[533],"class_list":{"0":"post-348566","1":"product","2":"type-product","3":"status-publish","4":"has-post-thumbnail","6":"product_cat-enceintes-de-bibliotheque","7":"product_cat-intervenants","8":"product_tag-used","9":"pa_kleur-bleu","11":"first","12":"instock","13":"sold-individually","14":"purchasable","15":"product-type-simple"},"acf":{"website":true,"show_on_homepage":false,"brand_title":"Master","product_type":"Three","color":"Bleu","subcolor":"","reserved_status":"0"},"_links":{"self":[{"href":"https:\/\/dev.freakuence.nl\/fr\/wp-json\/wp\/v2\/product\/348566","targetHints":{"allow":["GET"]}}],"collection":[{"href":"https:\/\/dev.freakuence.nl\/fr\/wp-json\/wp\/v2\/product"}],"about":[{"href":"https:\/\/dev.freakuence.nl\/fr\/wp-json\/wp\/v2\/types\/product"}],"wp:featuredmedia":[{"embeddable":true,"href":"https:\/\/dev.freakuence.nl\/fr\/wp-json\/wp\/v2\/media\/391364"}],"wp:attachment":[{"href":"https:\/\/dev.freakuence.nl\/fr\/wp-json\/wp\/v2\/media?parent=348566"}],"wp:term":[{"taxonomy":"product_brand","embeddable":true,"href":"https:\/\/dev.freakuence.nl\/fr\/wp-json\/wp\/v2\/product_brand?post=348566"},{"taxonomy":"product_cat","embeddable":true,"href":"https:\/\/dev.freakuence.nl\/fr\/wp-json\/wp\/v2\/product_cat?post=348566"},{"taxonomy":"product_tag","embeddable":true,"href":"https:\/\/dev.freakuence.nl\/fr\/wp-json\/wp\/v2\/product_tag?post=348566"}],"curies":[{"name":"wp","href":"https:\/\/api.w.org\/{rel}","templated":true}]}}