{"id":348569,"date":"2026-02-12T13:49:08","date_gmt":"2026-02-12T12:49:08","guid":{"rendered":"https:\/\/freakuence.nl\/product\/klipsch-r-820f\/"},"modified":"2026-04-10T15:16:47","modified_gmt":"2026-04-10T13:16:47","slug":"klipsch-r-820f","status":"publish","type":"product","link":"https:\/\/dev.freakuence.nl\/fr\/produit\/klipsch-r-820f\/","title":{"rendered":"Klipsch R-820F"},"content":{"rendered":"<div class=\"product-specifications-list\">\n<div class=\"specification-item row-header\"><span class=\"spec-content\"><strong>Description Freakuence !<\/strong><\/span><\/div>\n<div class=\"specification-item row-even\"><span class=\"spec-content\">Une colonne au jeu particuli\u00e8rement ouvert, avec une base grave solide. Le m\u00e9dium et l&rsquo;aigu sont tr\u00e8s a\u00e9r\u00e9s, elle joue avec une grande facilit\u00e9. Note : elle vous permet \u00e9galement d&rsquo;entendre ce que vous lui donnez. Un bon amplificateur et une bonne source sont donc recommand\u00e9s ! N&rsquo;h\u00e9sitez pas \u00e0 demander conseil.    <\/span><\/div>\n<div class=\"specification-item row-header\"><span class=\"spec-content\"><strong>D\u00e9tails<\/strong><\/span><\/div>\n<div class=\"specification-item row-even\"><span class=\"spec-content\">Dommages, voir les photos !<\/span><\/div>\n<div class=\"specification-item row-header\"><span class=\"spec-content\"><strong>Description g\u00e9n\u00e9rale<\/strong><\/span><\/div>\n<div class=\"specification-item row-even\"><span class=\"spec-content\">Les enceintes colonnes Klipsch R-820F allient un design \u00e9l\u00e9gant \u00e0 des performances audio impressionnantes. Gr\u00e2ce \u00e0 la technologie exclusive de pavillon Tractrix\u00ae 90\u00b0 x 90\u00b0, la plage des hautes fr\u00e9quences est dirig\u00e9e avec pr\u00e9cision vers l&rsquo;auditeur, garantissant une reproduction claire et dynamique des films et de la musique. Le tweeter en aluminium LTS (Linear Travel Suspension) minimise la distorsion, tandis que les woofers en graphite moul\u00e9 par injection (IMG) produisent des basses profondes et tendues. Le port Tractrix\u00ae orient\u00e9 vers l&rsquo;arri\u00e8re optimise le flux d&rsquo;air, r\u00e9duisant les turbulences ind\u00e9sirables et la distorsion dans les basses fr\u00e9quences. L&rsquo;enceinte est fabriqu\u00e9e en MDF renforc\u00e9, ce qui minimise les vibrations et contribue \u00e0 une reproduction sonore pr\u00e9cise. Gr\u00e2ce \u00e0 leurs performances polyvalentes, les enceintes R-820F conviennent \u00e0 une grande vari\u00e9t\u00e9 d&rsquo;environnements d&rsquo;\u00e9coute et de genres musicaux.     <\/span><\/div>\n<div class=\"specification-item row-header\"><span class=\"spec-content\"><strong>Informations g\u00e9n\u00e9rales<\/strong><\/span><\/div>\n<div class=\"specification-item row-even\"><span class=\"spec-content\">La Klipsch R-820F est con\u00e7ue avec l&rsquo;expertise acoustique l\u00e9gendaire de Klipsch, bas\u00e9e sur la philosophie du fondateur Paul W. Klipsch de haute efficacit\u00e9, de faible distorsion et de directivit\u00e9 contr\u00f4l\u00e9e. L&rsquo;enceinte utilise un pavillon Tractrix 90\u00b0 x 90\u00b0, associ\u00e9 \u00e0 un tweeter LTS en aluminium de 1&Prime; et \u00e0 deux woofers IMG de 8&Prime;. L&rsquo;enceinte est fabriqu\u00e9e en MDF avec une finition en vinyle r\u00e9sistant aux rayures. Klipsch utilise un c\u00e2blage interne en cuivre pour une transmission optimale du signal. Con\u00e7u \u00e0 Indianapolis, aux \u00c9tats-Unis.    <\/span><\/div>\n<div class=\"specification-item row-header\"><span class=\"spec-content\"><strong>Histoire de la marque<\/strong><\/span><\/div>\n<div class=\"specification-item row-even\"><span class=\"spec-content\">Klipsch a \u00e9t\u00e9 fond\u00e9 en 1946 par Paul W. Klipsch \u00e0 Hope, dans l&rsquo;Arkansas. Le premier haut-parleur de la marque, le Klipschorn, a \u00e9t\u00e9 mis au point la m\u00eame ann\u00e9e et n&rsquo;a jamais cess\u00e9 d&rsquo;\u00eatre produit depuis. Pendant des d\u00e9cennies, Klipsch a continu\u00e9 \u00e0 produire dans la grange en bois d&rsquo;origine, qui a ensuite \u00e9t\u00e9 transform\u00e9e en mus\u00e9e. Au fil des ans, l&rsquo;entreprise a \u00e9largi sa gamme de produits avec de nombreux mod\u00e8les d&rsquo;enceintes, notamment des mod\u00e8les sur pied, des mod\u00e8les de biblioth\u00e8que et des mod\u00e8les encastr\u00e9s. La marque utilise des technologies telles que les pavillons tractrix et les tweeters \u00e0 d\u00f4me en aluminium. Au d\u00e9but des ann\u00e9es 2000, le si\u00e8ge social a d\u00e9m\u00e9nag\u00e9 \u00e0 Indianapolis, dans l&rsquo;Indiana. Klipsch fabrique encore certains mod\u00e8les dans l&rsquo;usine d&rsquo;origine \u00e0 Hope. En 2011, Klipsch fait partie de la soci\u00e9t\u00e9 am\u00e9ricaine Voxx International.       <\/span><\/div>\n<\/div>\n","protected":false},"excerpt":{"rendered":"<p>Description Freakuence ! Une colonne au jeu particuli\u00e8rement ouvert, avec une base grave solide. Le m\u00e9dium et l&rsquo;aigu sont tr\u00e8s a\u00e9r\u00e9s, elle joue avec une grande facilit\u00e9. Note : elle vous permet \u00e9galement d&rsquo;entendre ce que vous lui donnez. Un bon amplificateur et une bonne source sont donc recommand\u00e9s ! N&rsquo;h\u00e9sitez pas \u00e0 demander conseil. [&hellip;]<\/p>\n","protected":false},"featured_media":390931,"template":"","meta":{"_acf_changed":false,"inline_featured_image":false},"product_brand":[],"product_cat":[705,543],"product_tag":[533],"class_list":{"0":"post-348569","1":"product","2":"type-product","3":"status-publish","4":"has-post-thumbnail","6":"product_cat-haut-parleurs-de-colonne","7":"product_cat-intervenants","8":"product_tag-used","9":"pa_kleur-noir","11":"first","12":"instock","13":"sold-individually","14":"purchasable","15":"product-type-simple"},"acf":{"website":true,"show_on_homepage":false,"brand_title":"Klipsch","product_type":"R-820F","color":"Noir","subcolor":"","reserved_status":"0"},"_links":{"self":[{"href":"https:\/\/dev.freakuence.nl\/fr\/wp-json\/wp\/v2\/product\/348569","targetHints":{"allow":["GET"]}}],"collection":[{"href":"https:\/\/dev.freakuence.nl\/fr\/wp-json\/wp\/v2\/product"}],"about":[{"href":"https:\/\/dev.freakuence.nl\/fr\/wp-json\/wp\/v2\/types\/product"}],"wp:featuredmedia":[{"embeddable":true,"href":"https:\/\/dev.freakuence.nl\/fr\/wp-json\/wp\/v2\/media\/390931"}],"wp:attachment":[{"href":"https:\/\/dev.freakuence.nl\/fr\/wp-json\/wp\/v2\/media?parent=348569"}],"wp:term":[{"taxonomy":"product_brand","embeddable":true,"href":"https:\/\/dev.freakuence.nl\/fr\/wp-json\/wp\/v2\/product_brand?post=348569"},{"taxonomy":"product_cat","embeddable":true,"href":"https:\/\/dev.freakuence.nl\/fr\/wp-json\/wp\/v2\/product_cat?post=348569"},{"taxonomy":"product_tag","embeddable":true,"href":"https:\/\/dev.freakuence.nl\/fr\/wp-json\/wp\/v2\/product_tag?post=348569"}],"curies":[{"name":"wp","href":"https:\/\/api.w.org\/{rel}","templated":true}]}}