{"id":348575,"date":"2026-02-12T13:53:43","date_gmt":"2026-02-12T12:53:43","guid":{"rendered":"https:\/\/freakuence.nl\/product\/devore-fidelity-o-baby\/"},"modified":"2026-04-08T18:34:50","modified_gmt":"2026-04-08T16:34:50","slug":"devore-fidelity-o-baby","status":"publish","type":"product","link":"https:\/\/dev.freakuence.nl\/fr\/produit\/devore-fidelity-o-baby\/","title":{"rendered":"DeVore Fidelity O\/Baby"},"content":{"rendered":"<div class=\"product-specifications-list\">\n<div class=\"specification-item row-header\"><span class=\"spec-content\"><strong>Description Freakuence !<\/strong><\/span><\/div>\n<div class=\"specification-item row-even\"><span class=\"spec-content\">A noter ! Malgr\u00e9 son nom, le O\/Baby est extr\u00eamement mature. L&rsquo;image est gigantesque, le bas du spectre vous d\u00e9concertera. Les m\u00e9diums sont r\u00e9els, particuli\u00e8rement s\u00e9duisants. Pour ce que cela vaut, nous pensons que c&rsquo;est particuli\u00e8rement bon.    <\/span><\/div>\n<div class=\"specification-item row-odd\"><span class=\"spec-content\">Prix de vente : 6875.00<\/span><\/div>\n<div class=\"specification-item row-header\"><span class=\"spec-content\"><strong>D\u00e9tails<\/strong><\/span><\/div>\n<div class=\"specification-item row-even\"><span class=\"spec-content\">C&rsquo;est votre chance d&rsquo;obtenir enfin du mat\u00e9riel de d\u00e9monstration du magasin le plus cool de la plan\u00e8te. Oui ! Pour cette raison, il vaut en r\u00e9alit\u00e9 beaucoup plus que le prix du neuf, mais nous allons nous retenir. Il n&rsquo;a \u00e9t\u00e9 utilis\u00e9 que pour des s\u00e9ances d&rsquo;\u00e9coute avec nos visiteurs et n&rsquo;a donc pas eu de propri\u00e9taire priv\u00e9. <\/span><\/div>\n<div class=\"specification-item row-odd\"><span class=\"spec-content\">Y compris les tribunes.<\/span><\/div>\n<div class=\"specification-item row-even\"><span class=\"spec-content\">Nous sommes heureux de pouvoir en faire commerce. N&rsquo;h\u00e9sitez pas \u00e0 nous envoyer ce que vous avez de disponible, nous serons heureux d&rsquo;\u00e9valuer si nous pouvons le mettre en vente. <\/span><\/div>\n<div class=\"specification-item row-header\"><span class=\"spec-content\"><strong>Description g\u00e9n\u00e9rale<\/strong><\/span><\/div>\n<div class=\"specification-item row-even\"><span class=\"spec-content\">La DeVore Fidelity O\/Baby est une enceinte compacte qui incarne l&rsquo;essence de la grande O\/96. Avec une largeur de 37,5 cm et une hauteur de 58,5 cm sans pied, elle s&rsquo;int\u00e8gre sans effort dans une grande vari\u00e9t\u00e9 d&rsquo;espaces.  Le design comprend un tweeter \u00e0 d\u00f4me textile de 19 mm, plac\u00e9 dans un subtil pavillon encastr\u00e9 dans le panneau avant, et un woofer de 178 mm en papier allemand non couch\u00e9, similaire \u00e0 ceux des O\/96 et O\/R\u00e9f\u00e9rence.  <\/p>\n<p>Le O\/Baby offre un son ouvert et spacieux avec une r\u00e9ponse dans les basses \u00e9tonnamment profonde pour sa taille. Le r\u00e9glage des composants garantit une exp\u00e9rience d&rsquo;\u00e9coute naturelle et immersive.  Le haut-parleur est con\u00e7u pour s&rsquo;int\u00e9grer facilement dans diverses installations et convient \u00e0 une grande vari\u00e9t\u00e9 de genres musicaux.  <\/p>\n<p>Un pied en ch\u00eane massif est disponible en option, qui non seulement compl\u00e8te l&rsquo;esth\u00e9tique, mais contribue \u00e9galement au positionnement et aux performances optimales de l&rsquo;enceinte.<\/span><\/div>\n<div class=\"specification-item row-header\"><span class=\"spec-content\"><strong>Informations g\u00e9n\u00e9rales<\/strong><\/span><\/div>\n<div class=\"specification-item row-even\"><span class=\"spec-content\">L&rsquo;enceinte O\/Baby de DeVore Fidelity a \u00e9t\u00e9 con\u00e7ue par John DeVore comme une version compacte de l&rsquo;enceinte O\/96. Il s&rsquo;agit d&rsquo;un mod\u00e8le \u00e0 deux voies avec un woofer de 7 pouces en papier et un tweeter \u00e0 d\u00f4me en soie, tous deux adapt\u00e9s \u00e0 cette enceinte. Le coffret est en contreplaqu\u00e9 de bouleau avec placage de noyer, enti\u00e8rement fabriqu\u00e9 \u00e0 la main \u00e0 Brooklyn. Le c\u00e2blage interne est de haute qualit\u00e9 et soigneusement r\u00e9gl\u00e9 pour une coh\u00e9rence maximale. La philosophie tourne autour du son naturel et de l&rsquo;efficacit\u00e9 avec un design qui peut \u00eatre facilement aliment\u00e9 par des amplificateurs \u00e0 tubes.    <\/span><\/div>\n<div class=\"specification-item row-header\"><span class=\"spec-content\"><strong>Histoire de la marque<\/strong><\/span><\/div>\n<div class=\"specification-item row-even\"><span class=\"spec-content\">DeVore Fidelity a \u00e9t\u00e9 fond\u00e9e en 2000 par John DeVore \u00e0 Brooklyn, New York. La marque d\u00e9veloppe et fabrique des enceintes acoustiques sp\u00e9cialement con\u00e7ues pour fonctionner avec des amplificateurs \u00e0 tubes. Les mod\u00e8les sont en grande partie fabriqu\u00e9s \u00e0 la main dans un atelier situ\u00e9 dans le Brooklyn Navy Yard. DeVore Fidelity utilise des mat\u00e9riaux tels que des placages qui sont pos\u00e9s et finis en interne. Les enceintes de la marque utilisent des haut-parleurs internes ou des haut-parleurs personnalis\u00e9s produits exclusivement pour DeVore. Chaque mod\u00e8le fait l&rsquo;objet de tests d&rsquo;\u00e9coute et de r\u00e9glages approfondis dans une salle d&rsquo;\u00e9coute permanente d\u00e9di\u00e9e. Tous les mod\u00e8les sont con\u00e7us, fabriqu\u00e9s, test\u00e9s et emball\u00e9s au m\u00eame endroit. DeVore Fidelity adopte une approche produit o\u00f9 chaque mod\u00e8le est d\u00e9velopp\u00e9 individuellement, plut\u00f4t qu&rsquo;un syst\u00e8me fixe de s\u00e9ries ou de g\u00e9n\u00e9rations de produits.       <\/span><\/div>\n<\/div>\n","protected":false},"excerpt":{"rendered":"<p>Description Freakuence ! A noter ! Malgr\u00e9 son nom, le O\/Baby est extr\u00eamement mature. L&rsquo;image est gigantesque, le bas du spectre vous d\u00e9concertera. Les m\u00e9diums sont r\u00e9els, particuli\u00e8rement s\u00e9duisants. Pour ce que cela vaut, nous pensons que c&rsquo;est particuli\u00e8rement bon. Prix de vente : 6875.00 D\u00e9tails C&rsquo;est votre chance d&rsquo;obtenir enfin du mat\u00e9riel de d\u00e9monstration [&hellip;]<\/p>\n","protected":false},"featured_media":383636,"template":"","meta":{"_acf_changed":false,"inline_featured_image":false},"product_brand":[],"product_cat":[705,543],"product_tag":[570],"class_list":{"0":"post-348575","1":"product","2":"type-product","3":"status-publish","4":"has-post-thumbnail","6":"product_cat-haut-parleurs-de-colonne","7":"product_cat-intervenants","8":"product_tag-freakdemo","9":"pa_kleur-marron","11":"first","12":"instock","13":"sold-individually","14":"taxable","15":"shipping-taxable","16":"purchasable","17":"product-type-simple"},"acf":{"website":true,"show_on_homepage":false,"brand_title":"DeVore Fidelity","product_type":"O\/Baby","color":"Marron","subcolor":"Ch\u00eane blanc","reserved_status":"0"},"yoast_head":"<!-- This site is optimized with the Yoast SEO plugin v25.9 - https:\/\/yoast.com\/wordpress\/plugins\/seo\/ -->\n<title>DeVore Fidelity O\/Baby | Freakuence!<\/title>\n<meta name=\"description\" content=\"DeVore Fidelity O\/Baby : enceinte compacte avec un gros son et une tonalit\u00e9 naturelle. \u2713 HiFi neuf et d&#039;occasion \u2713 Note des clients : 4,9 sur 5 \u2713 R\u00e9servez une s\u00e9ance d&#039;\u00e9coute !\" \/>\n<meta name=\"robots\" content=\"noindex, follow, max-snippet:-1, max-image-preview:large, max-video-preview:-1\" \/>\n<meta property=\"og:locale\" content=\"fr_FR\" \/>\n<meta property=\"og:type\" content=\"article\" \/>\n<meta property=\"og:title\" content=\"DeVore Fidelity O\/Baby | Freakuence!\" \/>\n<meta property=\"og:description\" content=\"DeVore Fidelity O\/Baby : enceinte compacte avec un gros son et une tonalit\u00e9 naturelle. \u2713 HiFi neuf et d&#039;occasion \u2713 Note des clients : 4,9 sur 5 \u2713 R\u00e9servez une s\u00e9ance d&#039;\u00e9coute !\" \/>\n<meta property=\"og:url\" content=\"https:\/\/dev.freakuence.nl\/fr\/produit\/devore-fidelity-o-baby\/\" \/>\n<meta property=\"og:site_name\" content=\"Freakuence!\" \/>\n<meta property=\"article:modified_time\" content=\"2026-04-08T16:34:50+00:00\" \/>\n<meta property=\"og:image\" content=\"https:\/\/dev.freakuence.nl\/wp-content\/uploads\/2026\/04\/17708074817298-17924-IMG0785.jpg\" \/>\n\t<meta property=\"og:image:width\" content=\"1800\" \/>\n\t<meta property=\"og:image:height\" content=\"1200\" \/>\n\t<meta property=\"og:image:type\" content=\"image\/jpeg\" \/>\n<meta name=\"twitter:card\" content=\"summary_large_image\" \/>\n<script type=\"application\/ld+json\" class=\"yoast-schema-graph\">{\"@context\":\"https:\/\/schema.org\",\"@graph\":[{\"@type\":\"WebPage\",\"@id\":\"https:\/\/dev.freakuence.nl\/fr\/produit\/devore-fidelity-o-baby\/\",\"url\":\"https:\/\/dev.freakuence.nl\/fr\/produit\/devore-fidelity-o-baby\/\",\"name\":\"DeVore Fidelity O\/Baby | Freakuence!\",\"isPartOf\":{\"@id\":\"https:\/\/dev.freakuence.nl\/fr\/#website\"},\"primaryImageOfPage\":{\"@id\":\"https:\/\/dev.freakuence.nl\/fr\/produit\/devore-fidelity-o-baby\/#primaryimage\"},\"image\":{\"@id\":\"https:\/\/dev.freakuence.nl\/fr\/produit\/devore-fidelity-o-baby\/#primaryimage\"},\"thumbnailUrl\":\"https:\/\/dev.freakuence.nl\/wp-content\/uploads\/2026\/04\/17708074817298-17924-IMG0785.jpg\",\"datePublished\":\"2026-02-12T12:53:43+00:00\",\"dateModified\":\"2026-04-08T16:34:50+00:00\",\"description\":\"DeVore Fidelity O\/Baby : enceinte compacte avec un gros son et une tonalit\u00e9 naturelle. \u2713 HiFi neuf et d'occasion \u2713 Note des clients : 4,9 sur 5 \u2713 R\u00e9servez une s\u00e9ance d'\u00e9coute !\",\"breadcrumb\":{\"@id\":\"https:\/\/dev.freakuence.nl\/fr\/produit\/devore-fidelity-o-baby\/#breadcrumb\"},\"inLanguage\":\"fr-FR\",\"potentialAction\":[{\"@type\":\"ReadAction\",\"target\":[\"https:\/\/dev.freakuence.nl\/fr\/produit\/devore-fidelity-o-baby\/\"]}]},{\"@type\":\"ImageObject\",\"inLanguage\":\"fr-FR\",\"@id\":\"https:\/\/dev.freakuence.nl\/fr\/produit\/devore-fidelity-o-baby\/#primaryimage\",\"url\":\"https:\/\/dev.freakuence.nl\/wp-content\/uploads\/2026\/04\/17708074817298-17924-IMG0785.jpg\",\"contentUrl\":\"https:\/\/dev.freakuence.nl\/wp-content\/uploads\/2026\/04\/17708074817298-17924-IMG0785.jpg\",\"width\":1800,\"height\":1200},{\"@type\":\"BreadcrumbList\",\"@id\":\"https:\/\/dev.freakuence.nl\/fr\/produit\/devore-fidelity-o-baby\/#breadcrumb\",\"itemListElement\":[{\"@type\":\"ListItem\",\"position\":1,\"name\":\"Accueil\",\"item\":\"https:\/\/dev.freakuence.nl\/fr\/\"},{\"@type\":\"ListItem\",\"position\":2,\"name\":\"Produits\",\"item\":\"https:\/\/dev.freakuence.nl\/fr\/produits\/\"},{\"@type\":\"ListItem\",\"position\":3,\"name\":\"DeVore Fidelity O\/Baby\"}]},{\"@type\":\"WebSite\",\"@id\":\"https:\/\/dev.freakuence.nl\/fr\/#website\",\"url\":\"https:\/\/dev.freakuence.nl\/fr\/\",\"name\":\"Freakuence!\",\"description\":\"Freakuence!\",\"publisher\":{\"@id\":\"https:\/\/dev.freakuence.nl\/fr\/#organization\"},\"alternateName\":\"Freakuence\",\"potentialAction\":[{\"@type\":\"SearchAction\",\"target\":{\"@type\":\"EntryPoint\",\"urlTemplate\":\"https:\/\/dev.freakuence.nl\/fr\/?s={search_term_string}\"},\"query-input\":{\"@type\":\"PropertyValueSpecification\",\"valueRequired\":true,\"valueName\":\"search_term_string\"}}],\"inLanguage\":\"fr-FR\"},{\"@type\":\"Organization\",\"@id\":\"https:\/\/dev.freakuence.nl\/fr\/#organization\",\"name\":\"Freakuence !\",\"url\":\"https:\/\/dev.freakuence.nl\/fr\/\",\"logo\":{\"@type\":\"ImageObject\",\"inLanguage\":\"fr-FR\",\"@id\":\"https:\/\/dev.freakuence.nl\/fr\/#\/schema\/logo\/image\/\",\"url\":\"https:\/\/dev.freakuence.nl\/wp-content\/uploads\/2022\/05\/Brown_3_RGB_Freakuence-1.png\",\"contentUrl\":\"https:\/\/dev.freakuence.nl\/wp-content\/uploads\/2022\/05\/Brown_3_RGB_Freakuence-1.png\",\"width\":2560,\"height\":684,\"caption\":\"Freakuence !\"},\"image\":{\"@id\":\"https:\/\/dev.freakuence.nl\/fr\/#\/schema\/logo\/image\/\"},\"sameAs\":[\"https:\/\/www.instagram.com\/freakuence_notorious_audio\/\"]}]}<\/script>\n<!-- \/ Yoast SEO plugin. -->","yoast_head_json":{"title":"DeVore Fidelity O\/Baby | Freakuence!","description":"DeVore Fidelity O\/Baby : enceinte compacte avec un gros son et une tonalit\u00e9 naturelle. \u2713 HiFi neuf et d'occasion \u2713 Note des clients : 4,9 sur 5 \u2713 R\u00e9servez une s\u00e9ance d'\u00e9coute !","robots":{"index":"noindex","follow":"follow","max-snippet":"max-snippet:-1","max-image-preview":"max-image-preview:large","max-video-preview":"max-video-preview:-1"},"og_locale":"fr_FR","og_type":"article","og_title":"DeVore Fidelity O\/Baby | Freakuence!","og_description":"DeVore Fidelity O\/Baby : enceinte compacte avec un gros son et une tonalit\u00e9 naturelle. \u2713 HiFi neuf et d'occasion \u2713 Note des clients : 4,9 sur 5 \u2713 R\u00e9servez une s\u00e9ance d'\u00e9coute !","og_url":"https:\/\/dev.freakuence.nl\/fr\/produit\/devore-fidelity-o-baby\/","og_site_name":"Freakuence!","article_modified_time":"2026-04-08T16:34:50+00:00","og_image":[{"width":1800,"height":1200,"url":"https:\/\/dev.freakuence.nl\/wp-content\/uploads\/2026\/04\/17708074817298-17924-IMG0785.jpg","type":"image\/jpeg"}],"twitter_card":"summary_large_image","schema":{"@context":"https:\/\/schema.org","@graph":[{"@type":"WebPage","@id":"https:\/\/dev.freakuence.nl\/fr\/produit\/devore-fidelity-o-baby\/","url":"https:\/\/dev.freakuence.nl\/fr\/produit\/devore-fidelity-o-baby\/","name":"DeVore Fidelity O\/Baby | Freakuence!","isPartOf":{"@id":"https:\/\/dev.freakuence.nl\/fr\/#website"},"primaryImageOfPage":{"@id":"https:\/\/dev.freakuence.nl\/fr\/produit\/devore-fidelity-o-baby\/#primaryimage"},"image":{"@id":"https:\/\/dev.freakuence.nl\/fr\/produit\/devore-fidelity-o-baby\/#primaryimage"},"thumbnailUrl":"https:\/\/dev.freakuence.nl\/wp-content\/uploads\/2026\/04\/17708074817298-17924-IMG0785.jpg","datePublished":"2026-02-12T12:53:43+00:00","dateModified":"2026-04-08T16:34:50+00:00","description":"DeVore Fidelity O\/Baby : enceinte compacte avec un gros son et une tonalit\u00e9 naturelle. \u2713 HiFi neuf et d'occasion \u2713 Note des clients : 4,9 sur 5 \u2713 R\u00e9servez une s\u00e9ance d'\u00e9coute !","breadcrumb":{"@id":"https:\/\/dev.freakuence.nl\/fr\/produit\/devore-fidelity-o-baby\/#breadcrumb"},"inLanguage":"fr-FR","potentialAction":[{"@type":"ReadAction","target":["https:\/\/dev.freakuence.nl\/fr\/produit\/devore-fidelity-o-baby\/"]}]},{"@type":"ImageObject","inLanguage":"fr-FR","@id":"https:\/\/dev.freakuence.nl\/fr\/produit\/devore-fidelity-o-baby\/#primaryimage","url":"https:\/\/dev.freakuence.nl\/wp-content\/uploads\/2026\/04\/17708074817298-17924-IMG0785.jpg","contentUrl":"https:\/\/dev.freakuence.nl\/wp-content\/uploads\/2026\/04\/17708074817298-17924-IMG0785.jpg","width":1800,"height":1200},{"@type":"BreadcrumbList","@id":"https:\/\/dev.freakuence.nl\/fr\/produit\/devore-fidelity-o-baby\/#breadcrumb","itemListElement":[{"@type":"ListItem","position":1,"name":"Accueil","item":"https:\/\/dev.freakuence.nl\/fr\/"},{"@type":"ListItem","position":2,"name":"Produits","item":"https:\/\/dev.freakuence.nl\/fr\/produits\/"},{"@type":"ListItem","position":3,"name":"DeVore Fidelity O\/Baby"}]},{"@type":"WebSite","@id":"https:\/\/dev.freakuence.nl\/fr\/#website","url":"https:\/\/dev.freakuence.nl\/fr\/","name":"Freakuence!","description":"Freakuence!","publisher":{"@id":"https:\/\/dev.freakuence.nl\/fr\/#organization"},"alternateName":"Freakuence","potentialAction":[{"@type":"SearchAction","target":{"@type":"EntryPoint","urlTemplate":"https:\/\/dev.freakuence.nl\/fr\/?s={search_term_string}"},"query-input":{"@type":"PropertyValueSpecification","valueRequired":true,"valueName":"search_term_string"}}],"inLanguage":"fr-FR"},{"@type":"Organization","@id":"https:\/\/dev.freakuence.nl\/fr\/#organization","name":"Freakuence !","url":"https:\/\/dev.freakuence.nl\/fr\/","logo":{"@type":"ImageObject","inLanguage":"fr-FR","@id":"https:\/\/dev.freakuence.nl\/fr\/#\/schema\/logo\/image\/","url":"https:\/\/dev.freakuence.nl\/wp-content\/uploads\/2022\/05\/Brown_3_RGB_Freakuence-1.png","contentUrl":"https:\/\/dev.freakuence.nl\/wp-content\/uploads\/2022\/05\/Brown_3_RGB_Freakuence-1.png","width":2560,"height":684,"caption":"Freakuence !"},"image":{"@id":"https:\/\/dev.freakuence.nl\/fr\/#\/schema\/logo\/image\/"},"sameAs":["https:\/\/www.instagram.com\/freakuence_notorious_audio\/"]}]}},"_links":{"self":[{"href":"https:\/\/dev.freakuence.nl\/fr\/wp-json\/wp\/v2\/product\/348575","targetHints":{"allow":["GET"]}}],"collection":[{"href":"https:\/\/dev.freakuence.nl\/fr\/wp-json\/wp\/v2\/product"}],"about":[{"href":"https:\/\/dev.freakuence.nl\/fr\/wp-json\/wp\/v2\/types\/product"}],"wp:featuredmedia":[{"embeddable":true,"href":"https:\/\/dev.freakuence.nl\/fr\/wp-json\/wp\/v2\/media\/383636"}],"wp:attachment":[{"href":"https:\/\/dev.freakuence.nl\/fr\/wp-json\/wp\/v2\/media?parent=348575"}],"wp:term":[{"taxonomy":"product_brand","embeddable":true,"href":"https:\/\/dev.freakuence.nl\/fr\/wp-json\/wp\/v2\/product_brand?post=348575"},{"taxonomy":"product_cat","embeddable":true,"href":"https:\/\/dev.freakuence.nl\/fr\/wp-json\/wp\/v2\/product_cat?post=348575"},{"taxonomy":"product_tag","embeddable":true,"href":"https:\/\/dev.freakuence.nl\/fr\/wp-json\/wp\/v2\/product_tag?post=348575"}],"curies":[{"name":"wp","href":"https:\/\/api.w.org\/{rel}","templated":true}]}}