{"id":355635,"date":"2026-02-27T09:43:16","date_gmt":"2026-02-27T08:43:16","guid":{"rendered":"https:\/\/freakuence.nl\/product\/merrill-audio-element-116-2\/"},"modified":"2026-04-10T15:47:30","modified_gmt":"2026-04-10T13:47:30","slug":"merrill-audio-element-116-2","status":"publish","type":"product","link":"https:\/\/dev.freakuence.nl\/fr\/produit\/merrill-audio-element-116-2\/","title":{"rendered":"Merrill Audio Element 116"},"content":{"rendered":"<div class=\"product-specifications-list\">\n<div class=\"specification-item row-header\"><span class=\"spec-content\"><strong>Description Freakuence !<\/strong><\/span><\/div>\n<div class=\"specification-item row-even\"><span class=\"spec-content\">Des perles ! Tr\u00e8s stables. Et rapides qu&rsquo;elles sont. Le timing est sublime. Les positions sont \u00e9galement tr\u00e8s pr\u00e9cises.     Et le son est merveilleusement plein.<\/span><\/div>\n<div class=\"specification-item row-odd\"><span class=\"spec-content\">Prix de vente au d\u00e9tail : 27000.00<\/span><\/div>\n<div class=\"specification-item row-header\"><span class=\"spec-content\"><strong>D\u00e9tails<\/strong><\/span><\/div>\n<div class=\"specification-item row-even\"><span class=\"spec-content\">Ils sont mont\u00e9s sur des amortisseurs IsoAcoustics. Quelques petites taches, voir les photos ! <\/span><\/div>\n<div class=\"specification-item row-header\"><span class=\"spec-content\"><strong>Description g\u00e9n\u00e9rale<\/strong><\/span><\/div>\n<div class=\"specification-item row-even\"><span class=\"spec-content\">Les amplificateurs de puissance monoblocs Merrill Audio Element 116 combinent une technologie avanc\u00e9e avec un design \u00e9l\u00e9gant. Ils utilisent des transistors en nitrure de gallium (GaN), connus pour leur rapidit\u00e9 et leur efficacit\u00e9. Il en r\u00e9sulte une reproduction d\u00e9taill\u00e9e et pr\u00e9cise de la musique. La conception sans larsen contribue \u00e0 un son transparent et naturel. Le coffret est fini en nickel brillant avec des touches d&rsquo;or rose, ce qui lui conf\u00e8re un aspect \u00e9l\u00e9gant. Les amplificateurs sont dot\u00e9s de composants de haute qualit\u00e9, tels que des connexions d&rsquo;alimentation plaqu\u00e9es rhodium et des bornes de haut-parleur en cuivre pur. Ils sont con\u00e7us pour piloter une large gamme d&rsquo;enceintes et offrent une reproduction sonore puissante et contr\u00f4l\u00e9e. Les amplificateurs Element 116 conviennent aux auditeurs qui recherchent une combinaison de sophistication technique et d&rsquo;attrait esth\u00e9tique.       <\/span><\/div>\n<div class=\"specification-item row-header\"><span class=\"spec-content\"><strong>Informations g\u00e9n\u00e9rales<\/strong><\/span><\/div>\n<div class=\"specification-item row-even\"><span class=\"spec-content\">Le Merrill Audio Element 116 a \u00e9t\u00e9 con\u00e7u dans un souci de transparence et de rapidit\u00e9 maximales, en utilisant la plateforme d&rsquo;amplification propri\u00e9taire ZXOL sans contre-r\u00e9action globale. L&rsquo;\u00e9quipe de conception dirig\u00e9e par Merrill Wettasinghe a choisi des transistors GaN FET extr\u00eamement rapides et une architecture enti\u00e8rement \u00e9quilibr\u00e9e. Le bo\u00eetier est en aluminium massif pour un blindage optimal et un amortissement des vibrations.  <\/span><\/div>\n<div class=\"specification-item row-header\"><span class=\"spec-content\"><strong>Histoire de la marque<\/strong><\/span><\/div>\n<div class=\"specification-item row-even\"><span class=\"spec-content\">Merrill Audio a \u00e9t\u00e9 fond\u00e9e en 2011 par Merrill Wettasinghe dans le New Jersey, aux \u00c9tats-Unis. Avant de cr\u00e9er Merrill Audio, M. Wettasinghe a travaill\u00e9 comme ing\u00e9nieur dans des entreprises telles que Hewlett-Packard et Sun Microsystems. Merrill Audio a d\u00e9velopp\u00e9 une gamme de produits comprenant des monoblocs, des amplificateurs st\u00e9r\u00e9o et des pr\u00e9amplificateurs. L&rsquo;entreprise utilise notamment des transistors GaN, des ch\u00e2ssis en aluminium massif et des alimentations sans transformateur. Plusieurs mod\u00e8les de la marque portent des appellations telles que Element 118, Element 116 et Element 114. Les produits Merrill Audio sont fabriqu\u00e9s aux \u00c9tats-Unis. L&rsquo;entreprise cite la coh\u00e9rence de phase, la vitesse et le faible niveau de bruit comme objectifs de conception de ses produits \u00e9lectroniques.      <\/span><\/div>\n<\/div>\n","protected":false},"excerpt":{"rendered":"<p>Description Freakuence ! Des perles ! Tr\u00e8s stables. Et rapides qu&rsquo;elles sont. Le timing est sublime. Les positions sont \u00e9galement tr\u00e8s pr\u00e9cises. Et le son est merveilleusement plein. Prix de vente au d\u00e9tail : 27000.00 D\u00e9tails Ils sont mont\u00e9s sur des amortisseurs IsoAcoustics. Quelques petites taches, voir les photos ! Description g\u00e9n\u00e9rale Les amplificateurs de [&hellip;]<\/p>\n","protected":false},"featured_media":374862,"template":"","meta":{"_acf_changed":false,"inline_featured_image":false},"product_brand":[],"product_cat":[530,746,768],"product_tag":[533],"class_list":{"0":"post-355635","1":"product","2":"type-product","3":"status-publish","4":"has-post-thumbnail","6":"product_cat-amplificateurs","7":"product_cat-amplificateurs-de-puissance","8":"product_cat-classe-a-classe-a-b","9":"product_tag-used","11":"first","12":"instock","13":"sold-individually","14":"purchasable","15":"product-type-simple"},"acf":{"website":true,"show_on_homepage":false,"brand_title":"Merrill Audio","product_type":"Element 116","color":"","subcolor":"","reserved_status":"0"},"yoast_head":"<!-- This site is optimized with the Yoast SEO plugin v25.9 - https:\/\/yoast.com\/wordpress\/plugins\/seo\/ -->\n<title>Merrill Audio Element 116 | Freakuence!<\/title>\n<meta name=\"description\" content=\"Monoblocs Merrill Audio Element 116 : une vitesse et une pr\u00e9cision in\u00e9gal\u00e9es pour une exp\u00e9rience d&#039;\u00e9coute immersive. \u2713 HiFi neuf et d&#039;occasion \u2713 Note du client : 4.9 sur 5 \u2713 Reprise \u2713 Session d&#039;\u00e9coute\" \/>\n<meta name=\"robots\" content=\"noindex, follow, max-snippet:-1, max-image-preview:large, max-video-preview:-1\" \/>\n<meta property=\"og:locale\" content=\"fr_FR\" \/>\n<meta property=\"og:type\" content=\"article\" \/>\n<meta property=\"og:title\" content=\"Merrill Audio Element 116 | Freakuence!\" \/>\n<meta property=\"og:description\" content=\"Monoblocs Merrill Audio Element 116 : une vitesse et une pr\u00e9cision in\u00e9gal\u00e9es pour une exp\u00e9rience d&#039;\u00e9coute immersive. \u2713 HiFi neuf et d&#039;occasion \u2713 Note du client : 4.9 sur 5 \u2713 Reprise \u2713 Session d&#039;\u00e9coute\" \/>\n<meta property=\"og:url\" content=\"https:\/\/dev.freakuence.nl\/fr\/produit\/merrill-audio-element-116-2\/\" \/>\n<meta property=\"og:site_name\" content=\"Freakuence!\" \/>\n<meta property=\"article:modified_time\" content=\"2026-04-10T13:47:30+00:00\" \/>\n<meta property=\"og:image\" content=\"https:\/\/dev.freakuence.nl\/wp-content\/uploads\/2026\/04\/17721883146651-19059-IMG1341.jpg\" \/>\n\t<meta property=\"og:image:width\" content=\"1920\" \/>\n\t<meta property=\"og:image:height\" content=\"1280\" \/>\n\t<meta property=\"og:image:type\" content=\"image\/jpeg\" \/>\n<meta name=\"twitter:card\" content=\"summary_large_image\" \/>\n<script type=\"application\/ld+json\" class=\"yoast-schema-graph\">{\"@context\":\"https:\/\/schema.org\",\"@graph\":[{\"@type\":\"WebPage\",\"@id\":\"https:\/\/dev.freakuence.nl\/fr\/produit\/merrill-audio-element-116-2\/\",\"url\":\"https:\/\/dev.freakuence.nl\/fr\/produit\/merrill-audio-element-116-2\/\",\"name\":\"Merrill Audio Element 116 | Freakuence!\",\"isPartOf\":{\"@id\":\"https:\/\/dev.freakuence.nl\/fr\/#website\"},\"primaryImageOfPage\":{\"@id\":\"https:\/\/dev.freakuence.nl\/fr\/produit\/merrill-audio-element-116-2\/#primaryimage\"},\"image\":{\"@id\":\"https:\/\/dev.freakuence.nl\/fr\/produit\/merrill-audio-element-116-2\/#primaryimage\"},\"thumbnailUrl\":\"https:\/\/dev.freakuence.nl\/wp-content\/uploads\/2026\/04\/17721883146651-19059-IMG1341.jpg\",\"datePublished\":\"2026-02-27T08:43:16+00:00\",\"dateModified\":\"2026-04-10T13:47:30+00:00\",\"description\":\"Monoblocs Merrill Audio Element 116 : une vitesse et une pr\u00e9cision in\u00e9gal\u00e9es pour une exp\u00e9rience d'\u00e9coute immersive. \u2713 HiFi neuf et d'occasion \u2713 Note du client : 4.9 sur 5 \u2713 Reprise \u2713 Session d'\u00e9coute\",\"breadcrumb\":{\"@id\":\"https:\/\/dev.freakuence.nl\/fr\/produit\/merrill-audio-element-116-2\/#breadcrumb\"},\"inLanguage\":\"fr-FR\",\"potentialAction\":[{\"@type\":\"ReadAction\",\"target\":[\"https:\/\/dev.freakuence.nl\/fr\/produit\/merrill-audio-element-116-2\/\"]}]},{\"@type\":\"ImageObject\",\"inLanguage\":\"fr-FR\",\"@id\":\"https:\/\/dev.freakuence.nl\/fr\/produit\/merrill-audio-element-116-2\/#primaryimage\",\"url\":\"https:\/\/dev.freakuence.nl\/wp-content\/uploads\/2026\/04\/17721883146651-19059-IMG1341.jpg\",\"contentUrl\":\"https:\/\/dev.freakuence.nl\/wp-content\/uploads\/2026\/04\/17721883146651-19059-IMG1341.jpg\",\"width\":1920,\"height\":1280},{\"@type\":\"BreadcrumbList\",\"@id\":\"https:\/\/dev.freakuence.nl\/fr\/produit\/merrill-audio-element-116-2\/#breadcrumb\",\"itemListElement\":[{\"@type\":\"ListItem\",\"position\":1,\"name\":\"Accueil\",\"item\":\"https:\/\/dev.freakuence.nl\/fr\/\"},{\"@type\":\"ListItem\",\"position\":2,\"name\":\"Produits\",\"item\":\"https:\/\/dev.freakuence.nl\/fr\/produits\/\"},{\"@type\":\"ListItem\",\"position\":3,\"name\":\"Merrill Audio Element 116\"}]},{\"@type\":\"WebSite\",\"@id\":\"https:\/\/dev.freakuence.nl\/fr\/#website\",\"url\":\"https:\/\/dev.freakuence.nl\/fr\/\",\"name\":\"Freakuence!\",\"description\":\"Freakuence!\",\"publisher\":{\"@id\":\"https:\/\/dev.freakuence.nl\/fr\/#organization\"},\"alternateName\":\"Freakuence\",\"potentialAction\":[{\"@type\":\"SearchAction\",\"target\":{\"@type\":\"EntryPoint\",\"urlTemplate\":\"https:\/\/dev.freakuence.nl\/fr\/?s={search_term_string}\"},\"query-input\":{\"@type\":\"PropertyValueSpecification\",\"valueRequired\":true,\"valueName\":\"search_term_string\"}}],\"inLanguage\":\"fr-FR\"},{\"@type\":\"Organization\",\"@id\":\"https:\/\/dev.freakuence.nl\/fr\/#organization\",\"name\":\"Freakuence !\",\"url\":\"https:\/\/dev.freakuence.nl\/fr\/\",\"logo\":{\"@type\":\"ImageObject\",\"inLanguage\":\"fr-FR\",\"@id\":\"https:\/\/dev.freakuence.nl\/fr\/#\/schema\/logo\/image\/\",\"url\":\"https:\/\/dev.freakuence.nl\/wp-content\/uploads\/2022\/05\/Brown_3_RGB_Freakuence-1.png\",\"contentUrl\":\"https:\/\/dev.freakuence.nl\/wp-content\/uploads\/2022\/05\/Brown_3_RGB_Freakuence-1.png\",\"width\":2560,\"height\":684,\"caption\":\"Freakuence !\"},\"image\":{\"@id\":\"https:\/\/dev.freakuence.nl\/fr\/#\/schema\/logo\/image\/\"},\"sameAs\":[\"https:\/\/www.instagram.com\/freakuence_notorious_audio\/\"]}]}<\/script>\n<!-- \/ Yoast SEO plugin. -->","yoast_head_json":{"title":"Merrill Audio Element 116 | Freakuence!","description":"Monoblocs Merrill Audio Element 116 : une vitesse et une pr\u00e9cision in\u00e9gal\u00e9es pour une exp\u00e9rience d'\u00e9coute immersive. \u2713 HiFi neuf et d'occasion \u2713 Note du client : 4.9 sur 5 \u2713 Reprise \u2713 Session d'\u00e9coute","robots":{"index":"noindex","follow":"follow","max-snippet":"max-snippet:-1","max-image-preview":"max-image-preview:large","max-video-preview":"max-video-preview:-1"},"og_locale":"fr_FR","og_type":"article","og_title":"Merrill Audio Element 116 | Freakuence!","og_description":"Monoblocs Merrill Audio Element 116 : une vitesse et une pr\u00e9cision in\u00e9gal\u00e9es pour une exp\u00e9rience d'\u00e9coute immersive. \u2713 HiFi neuf et d'occasion \u2713 Note du client : 4.9 sur 5 \u2713 Reprise \u2713 Session d'\u00e9coute","og_url":"https:\/\/dev.freakuence.nl\/fr\/produit\/merrill-audio-element-116-2\/","og_site_name":"Freakuence!","article_modified_time":"2026-04-10T13:47:30+00:00","og_image":[{"width":1920,"height":1280,"url":"https:\/\/dev.freakuence.nl\/wp-content\/uploads\/2026\/04\/17721883146651-19059-IMG1341.jpg","type":"image\/jpeg"}],"twitter_card":"summary_large_image","schema":{"@context":"https:\/\/schema.org","@graph":[{"@type":"WebPage","@id":"https:\/\/dev.freakuence.nl\/fr\/produit\/merrill-audio-element-116-2\/","url":"https:\/\/dev.freakuence.nl\/fr\/produit\/merrill-audio-element-116-2\/","name":"Merrill Audio Element 116 | Freakuence!","isPartOf":{"@id":"https:\/\/dev.freakuence.nl\/fr\/#website"},"primaryImageOfPage":{"@id":"https:\/\/dev.freakuence.nl\/fr\/produit\/merrill-audio-element-116-2\/#primaryimage"},"image":{"@id":"https:\/\/dev.freakuence.nl\/fr\/produit\/merrill-audio-element-116-2\/#primaryimage"},"thumbnailUrl":"https:\/\/dev.freakuence.nl\/wp-content\/uploads\/2026\/04\/17721883146651-19059-IMG1341.jpg","datePublished":"2026-02-27T08:43:16+00:00","dateModified":"2026-04-10T13:47:30+00:00","description":"Monoblocs Merrill Audio Element 116 : une vitesse et une pr\u00e9cision in\u00e9gal\u00e9es pour une exp\u00e9rience d'\u00e9coute immersive. \u2713 HiFi neuf et d'occasion \u2713 Note du client : 4.9 sur 5 \u2713 Reprise \u2713 Session d'\u00e9coute","breadcrumb":{"@id":"https:\/\/dev.freakuence.nl\/fr\/produit\/merrill-audio-element-116-2\/#breadcrumb"},"inLanguage":"fr-FR","potentialAction":[{"@type":"ReadAction","target":["https:\/\/dev.freakuence.nl\/fr\/produit\/merrill-audio-element-116-2\/"]}]},{"@type":"ImageObject","inLanguage":"fr-FR","@id":"https:\/\/dev.freakuence.nl\/fr\/produit\/merrill-audio-element-116-2\/#primaryimage","url":"https:\/\/dev.freakuence.nl\/wp-content\/uploads\/2026\/04\/17721883146651-19059-IMG1341.jpg","contentUrl":"https:\/\/dev.freakuence.nl\/wp-content\/uploads\/2026\/04\/17721883146651-19059-IMG1341.jpg","width":1920,"height":1280},{"@type":"BreadcrumbList","@id":"https:\/\/dev.freakuence.nl\/fr\/produit\/merrill-audio-element-116-2\/#breadcrumb","itemListElement":[{"@type":"ListItem","position":1,"name":"Accueil","item":"https:\/\/dev.freakuence.nl\/fr\/"},{"@type":"ListItem","position":2,"name":"Produits","item":"https:\/\/dev.freakuence.nl\/fr\/produits\/"},{"@type":"ListItem","position":3,"name":"Merrill Audio Element 116"}]},{"@type":"WebSite","@id":"https:\/\/dev.freakuence.nl\/fr\/#website","url":"https:\/\/dev.freakuence.nl\/fr\/","name":"Freakuence!","description":"Freakuence!","publisher":{"@id":"https:\/\/dev.freakuence.nl\/fr\/#organization"},"alternateName":"Freakuence","potentialAction":[{"@type":"SearchAction","target":{"@type":"EntryPoint","urlTemplate":"https:\/\/dev.freakuence.nl\/fr\/?s={search_term_string}"},"query-input":{"@type":"PropertyValueSpecification","valueRequired":true,"valueName":"search_term_string"}}],"inLanguage":"fr-FR"},{"@type":"Organization","@id":"https:\/\/dev.freakuence.nl\/fr\/#organization","name":"Freakuence !","url":"https:\/\/dev.freakuence.nl\/fr\/","logo":{"@type":"ImageObject","inLanguage":"fr-FR","@id":"https:\/\/dev.freakuence.nl\/fr\/#\/schema\/logo\/image\/","url":"https:\/\/dev.freakuence.nl\/wp-content\/uploads\/2022\/05\/Brown_3_RGB_Freakuence-1.png","contentUrl":"https:\/\/dev.freakuence.nl\/wp-content\/uploads\/2022\/05\/Brown_3_RGB_Freakuence-1.png","width":2560,"height":684,"caption":"Freakuence !"},"image":{"@id":"https:\/\/dev.freakuence.nl\/fr\/#\/schema\/logo\/image\/"},"sameAs":["https:\/\/www.instagram.com\/freakuence_notorious_audio\/"]}]}},"_links":{"self":[{"href":"https:\/\/dev.freakuence.nl\/fr\/wp-json\/wp\/v2\/product\/355635","targetHints":{"allow":["GET"]}}],"collection":[{"href":"https:\/\/dev.freakuence.nl\/fr\/wp-json\/wp\/v2\/product"}],"about":[{"href":"https:\/\/dev.freakuence.nl\/fr\/wp-json\/wp\/v2\/types\/product"}],"wp:featuredmedia":[{"embeddable":true,"href":"https:\/\/dev.freakuence.nl\/fr\/wp-json\/wp\/v2\/media\/374862"}],"wp:attachment":[{"href":"https:\/\/dev.freakuence.nl\/fr\/wp-json\/wp\/v2\/media?parent=355635"}],"wp:term":[{"taxonomy":"product_brand","embeddable":true,"href":"https:\/\/dev.freakuence.nl\/fr\/wp-json\/wp\/v2\/product_brand?post=355635"},{"taxonomy":"product_cat","embeddable":true,"href":"https:\/\/dev.freakuence.nl\/fr\/wp-json\/wp\/v2\/product_cat?post=355635"},{"taxonomy":"product_tag","embeddable":true,"href":"https:\/\/dev.freakuence.nl\/fr\/wp-json\/wp\/v2\/product_tag?post=355635"}],"curies":[{"name":"wp","href":"https:\/\/api.w.org\/{rel}","templated":true}]}}