{"id":355671,"date":"2026-02-27T09:52:41","date_gmt":"2026-02-27T08:52:41","guid":{"rendered":"https:\/\/freakuence.nl\/product\/ps-audio-m700\/"},"modified":"2026-04-14T12:36:24","modified_gmt":"2026-04-14T10:36:24","slug":"ps-audio-m700","status":"publish","type":"product","link":"https:\/\/dev.freakuence.nl\/fr\/produit\/ps-audio-m700\/","title":{"rendered":"PS Audio M700"},"content":{"rendered":"<div class=\"product-specifications-list\">\n<div class=\"specification-item row-header\"><span class=\"spec-content\"><strong>Description Freakuence !<\/strong><\/span><\/div>\n<div class=\"specification-item row-even\"><span class=\"spec-content\">Doublement d\u00e9licieux. On ne voit pas les monos PSAudio surgir aux Pays-Bas. Nous sommes donc heureux. Les M700 offrent une lecture neutre et d\u00e9taill\u00e9e sans le caract\u00e8re typique de la classe D. Le son est doux et peut \u00eatre d\u00e9crit comme semblable \u00e0 celui d&rsquo;une lampe. Le son est doux et peut \u00eatre d\u00e9crit comme un tube. M\u00eame \u00e0 des volumes \u00e9lev\u00e9s, tout reste sous contr\u00f4le sans aucune contrainte. L&rsquo;ensemble M700 est id\u00e9al pour ceux qui recherchent une restitution puissante, transparente mais douce.      <\/span><\/div>\n<div class=\"specification-item row-header\"><span class=\"spec-content\"><strong>D\u00e9tails<\/strong><\/span><\/div>\n<div class=\"specification-item row-even\"><span class=\"spec-content\">Num\u00e9ros de s\u00e9rie ;<\/span><\/div>\n<div class=\"specification-item row-odd\"><span class=\"spec-content\">SS7-A-7G0077<\/span><\/div>\n<div class=\"specification-item row-even\"><span class=\"spec-content\">SS7-A-7G0080<\/span><\/div>\n<div class=\"specification-item row-header\"><span class=\"spec-content\"><strong>Description g\u00e9n\u00e9rale<\/strong><\/span><\/div>\n<div class=\"specification-item row-even\"><span class=\"spec-content\">Le PS Audio M700 est un amplificateur de puissance monobloc qui excelle en puissance et en pr\u00e9cision. Avec une puissance de 350 watts sous 8 ohms et 700 watts sous 4 ohms, le PS Audio M700 offre sans effort une reproduction sonore dynamique et d\u00e9taill\u00e9e. Gr\u00e2ce \u00e0 la combinaison d&rsquo;une entr\u00e9e de cellule analogique de classe A et d&rsquo;un \u00e9tage de sortie de classe D, le PS Audio M700 offre une sc\u00e8ne sonore riche et chaleureuse avec une image st\u00e9r\u00e9o impressionnante.  <\/p>\n<p>Le PS Audio M700 est con\u00e7u pour piloter les enceintes avec facilit\u00e9, m\u00eame lors de passages musicaux complexes. Le facteur d&rsquo;amortissement \u00e9lev\u00e9 assure un contr\u00f4le \u00e9troit des enceintes, ce qui permet une reproduction pr\u00e9cise et vivante de la musique. Qu&rsquo;il s&rsquo;agisse de nuances subtiles ou de dynamiques puissantes, le PS Audio M700 offre une exp\u00e9rience d&rsquo;\u00e9coute immersive.  <\/p>\n<p>Vous \u00eates curieux de conna\u00eetre les performances du PS Audio M700 ? Planifiez une s\u00e9ance d&rsquo;\u00e9coute pour d\u00e9couvrir cet amplificateur de puissance par vous-m\u00eame, le comparer \u00e0 d&rsquo;autres mod\u00e8les ou discuter des possibilit\u00e9s de reprise. <\/span><\/div>\n<div class=\"specification-item row-header\"><span class=\"spec-content\"><strong>Informations g\u00e9n\u00e9rales<\/strong><\/span><\/div>\n<div class=\"specification-item row-even\"><span class=\"spec-content\">Les monoblocs PS Audio M700 sont con\u00e7us dans un souci de puret\u00e9 sonore et d&rsquo;efficacit\u00e9. L&rsquo;ing\u00e9nieur Darren Myers a contribu\u00e9 \u00e0 la conception, qui utilise un \u00e9tage de sortie de classe D coupl\u00e9 \u00e0 une entr\u00e9e analogique de classe A. Des mat\u00e9riaux haut de gamme, tels que des condensateurs de haute qualit\u00e9 et un c\u00e2blage interne en cuivre pur, garantissent un d\u00e9bit de signal optimal. Le bo\u00eetier robuste en aluminium est \u00e0 la fois esth\u00e9tique et efficace sur le plan thermique. La fabrication a lieu aux \u00c9tats-Unis, \u00e0 partir de composants soigneusement s\u00e9lectionn\u00e9s aupr\u00e8s de fournisseurs internationaux.    <\/span><\/div>\n<div class=\"specification-item row-header\"><span class=\"spec-content\"><strong>Histoire de la marque<\/strong><\/span><\/div>\n<div class=\"specification-item row-even\"><span class=\"spec-content\">PS Audio a \u00e9t\u00e9 fond\u00e9 en 1973 par Paul McGowan et Stan Warren. Le premier produit \u00e9tait un pr\u00e9amplificateur phono vendu en kit sous le nom de \u00ab\u00a0PS\u00a0\u00bb, d&rsquo;apr\u00e8s les initiales des fondateurs. Au fil des ans, PS Audio a d\u00e9velopp\u00e9, entre autres, des DAC autonomes, des produits de puissance, des syst\u00e8mes de transport num\u00e9rique et des composants audio. L&rsquo;entreprise fabrique son mat\u00e9riel \u00e0 Boulder, dans le Colorado, aux \u00c9tats-Unis. PS Audio est responsable de produits tels que la s\u00e9rie DirectStream DAC, PWD (PerfectWave DAC), les r\u00e9g\u00e9n\u00e9rateurs Power Plant et la ligne de produits Stellar. La conception et le d\u00e9veloppement ont lieu en interne, y compris l&rsquo;utilisation de la technologie FPGA dans les circuits num\u00e9riques. Le fondateur Paul McGowan entretient \u00e9galement une cha\u00eene vid\u00e9o quotidienne et un blog traitant de sujets techniques li\u00e9s \u00e0 la reproduction sonore. PS Audio documente publiquement sa philosophie de conception et ses produits sous cette forme.       <\/span><\/div>\n<\/div>\n","protected":false},"excerpt":{"rendered":"<p>Description Freakuence ! Doublement d\u00e9licieux. On ne voit pas les monos PSAudio surgir aux Pays-Bas. Nous sommes donc heureux. Les M700 offrent une lecture neutre et d\u00e9taill\u00e9e sans le caract\u00e8re typique de la classe D. Le son est doux et peut \u00eatre d\u00e9crit comme semblable \u00e0 celui d&rsquo;une lampe. Le son est doux et peut [&hellip;]<\/p>\n","protected":false},"featured_media":403915,"template":"","meta":{"_acf_changed":false,"inline_featured_image":false},"product_brand":[],"product_cat":[530,747,746],"product_tag":[533],"class_list":{"0":"post-355671","1":"product","2":"type-product","3":"status-publish","4":"has-post-thumbnail","6":"product_cat-amplificateurs","7":"product_cat-amplificateurs-de-classe-d","8":"product_cat-amplificateurs-de-puissance","9":"product_tag-used","10":"pa_kleur-noir","12":"first","13":"instock","14":"sold-individually","15":"purchasable","16":"product-type-simple"},"acf":{"website":true,"show_on_homepage":false,"brand_title":"PS Audio","product_type":"M700","color":"Noir","subcolor":"","reserved_status":"1"},"yoast_head":"<!-- This site is optimized with the Yoast SEO plugin v25.9 - https:\/\/yoast.com\/wordpress\/plugins\/seo\/ -->\n<title>PS Audio M700 | Freakuence!<\/title>\n<meta name=\"description\" content=\"PS Audio M700 amplificateur monobloc : puissance 700W, conception hybride classe A\/D, contr\u00f4le in\u00e9gal\u00e9. \u2713 HiFi neuf et d&#039;occasion \u2713 Note du client : 4.9 sur 5 \u2713 Reprise \u2713 Session d&#039;\u00e9coute\" \/>\n<meta name=\"robots\" content=\"noindex, follow, max-snippet:-1, max-image-preview:large, max-video-preview:-1\" \/>\n<meta property=\"og:locale\" content=\"fr_FR\" \/>\n<meta property=\"og:type\" content=\"article\" \/>\n<meta property=\"og:title\" content=\"PS Audio M700 | Freakuence!\" \/>\n<meta property=\"og:description\" content=\"PS Audio M700 amplificateur monobloc : puissance 700W, conception hybride classe A\/D, contr\u00f4le in\u00e9gal\u00e9. \u2713 HiFi neuf et d&#039;occasion \u2713 Note du client : 4.9 sur 5 \u2713 Reprise \u2713 Session d&#039;\u00e9coute\" \/>\n<meta property=\"og:url\" content=\"https:\/\/dev.freakuence.nl\/fr\/produit\/ps-audio-m700\/\" \/>\n<meta property=\"og:site_name\" content=\"Freakuence!\" \/>\n<meta property=\"article:modified_time\" content=\"2026-04-14T10:36:24+00:00\" \/>\n<meta property=\"og:image\" content=\"https:\/\/dev.freakuence.nl\/wp-content\/uploads\/2026\/04\/17721885327765-19073-IMG1513-3.jpg\" \/>\n\t<meta property=\"og:image:width\" content=\"1800\" \/>\n\t<meta property=\"og:image:height\" content=\"1200\" \/>\n\t<meta property=\"og:image:type\" content=\"image\/jpeg\" \/>\n<meta name=\"twitter:card\" content=\"summary_large_image\" \/>\n<script type=\"application\/ld+json\" class=\"yoast-schema-graph\">{\"@context\":\"https:\/\/schema.org\",\"@graph\":[{\"@type\":\"WebPage\",\"@id\":\"https:\/\/dev.freakuence.nl\/fr\/produit\/ps-audio-m700\/\",\"url\":\"https:\/\/dev.freakuence.nl\/fr\/produit\/ps-audio-m700\/\",\"name\":\"PS Audio M700 | Freakuence!\",\"isPartOf\":{\"@id\":\"https:\/\/dev.freakuence.nl\/fr\/#website\"},\"primaryImageOfPage\":{\"@id\":\"https:\/\/dev.freakuence.nl\/fr\/produit\/ps-audio-m700\/#primaryimage\"},\"image\":{\"@id\":\"https:\/\/dev.freakuence.nl\/fr\/produit\/ps-audio-m700\/#primaryimage\"},\"thumbnailUrl\":\"https:\/\/dev.freakuence.nl\/wp-content\/uploads\/2026\/04\/17721885327765-19073-IMG1513-3.jpg\",\"datePublished\":\"2026-02-27T08:52:41+00:00\",\"dateModified\":\"2026-04-14T10:36:24+00:00\",\"description\":\"PS Audio M700 amplificateur monobloc : puissance 700W, conception hybride classe A\/D, contr\u00f4le in\u00e9gal\u00e9. \u2713 HiFi neuf et d'occasion \u2713 Note du client : 4.9 sur 5 \u2713 Reprise \u2713 Session d'\u00e9coute\",\"breadcrumb\":{\"@id\":\"https:\/\/dev.freakuence.nl\/fr\/produit\/ps-audio-m700\/#breadcrumb\"},\"inLanguage\":\"fr-FR\",\"potentialAction\":[{\"@type\":\"ReadAction\",\"target\":[\"https:\/\/dev.freakuence.nl\/fr\/produit\/ps-audio-m700\/\"]}]},{\"@type\":\"ImageObject\",\"inLanguage\":\"fr-FR\",\"@id\":\"https:\/\/dev.freakuence.nl\/fr\/produit\/ps-audio-m700\/#primaryimage\",\"url\":\"https:\/\/dev.freakuence.nl\/wp-content\/uploads\/2026\/04\/17721885327765-19073-IMG1513-3.jpg\",\"contentUrl\":\"https:\/\/dev.freakuence.nl\/wp-content\/uploads\/2026\/04\/17721885327765-19073-IMG1513-3.jpg\",\"width\":1800,\"height\":1200},{\"@type\":\"BreadcrumbList\",\"@id\":\"https:\/\/dev.freakuence.nl\/fr\/produit\/ps-audio-m700\/#breadcrumb\",\"itemListElement\":[{\"@type\":\"ListItem\",\"position\":1,\"name\":\"Accueil\",\"item\":\"https:\/\/dev.freakuence.nl\/fr\/\"},{\"@type\":\"ListItem\",\"position\":2,\"name\":\"Produits\",\"item\":\"https:\/\/dev.freakuence.nl\/fr\/produits\/\"},{\"@type\":\"ListItem\",\"position\":3,\"name\":\"PS Audio M700\"}]},{\"@type\":\"WebSite\",\"@id\":\"https:\/\/dev.freakuence.nl\/fr\/#website\",\"url\":\"https:\/\/dev.freakuence.nl\/fr\/\",\"name\":\"Freakuence!\",\"description\":\"Freakuence!\",\"publisher\":{\"@id\":\"https:\/\/dev.freakuence.nl\/fr\/#organization\"},\"alternateName\":\"Freakuence\",\"potentialAction\":[{\"@type\":\"SearchAction\",\"target\":{\"@type\":\"EntryPoint\",\"urlTemplate\":\"https:\/\/dev.freakuence.nl\/fr\/?s={search_term_string}\"},\"query-input\":{\"@type\":\"PropertyValueSpecification\",\"valueRequired\":true,\"valueName\":\"search_term_string\"}}],\"inLanguage\":\"fr-FR\"},{\"@type\":\"Organization\",\"@id\":\"https:\/\/dev.freakuence.nl\/fr\/#organization\",\"name\":\"Freakuence !\",\"url\":\"https:\/\/dev.freakuence.nl\/fr\/\",\"logo\":{\"@type\":\"ImageObject\",\"inLanguage\":\"fr-FR\",\"@id\":\"https:\/\/dev.freakuence.nl\/fr\/#\/schema\/logo\/image\/\",\"url\":\"https:\/\/dev.freakuence.nl\/wp-content\/uploads\/2022\/05\/Brown_3_RGB_Freakuence-1.png\",\"contentUrl\":\"https:\/\/dev.freakuence.nl\/wp-content\/uploads\/2022\/05\/Brown_3_RGB_Freakuence-1.png\",\"width\":2560,\"height\":684,\"caption\":\"Freakuence !\"},\"image\":{\"@id\":\"https:\/\/dev.freakuence.nl\/fr\/#\/schema\/logo\/image\/\"},\"sameAs\":[\"https:\/\/www.instagram.com\/freakuence_notorious_audio\/\"]}]}<\/script>\n<!-- \/ Yoast SEO plugin. -->","yoast_head_json":{"title":"PS Audio M700 | Freakuence!","description":"PS Audio M700 amplificateur monobloc : puissance 700W, conception hybride classe A\/D, contr\u00f4le in\u00e9gal\u00e9. \u2713 HiFi neuf et d'occasion \u2713 Note du client : 4.9 sur 5 \u2713 Reprise \u2713 Session d'\u00e9coute","robots":{"index":"noindex","follow":"follow","max-snippet":"max-snippet:-1","max-image-preview":"max-image-preview:large","max-video-preview":"max-video-preview:-1"},"og_locale":"fr_FR","og_type":"article","og_title":"PS Audio M700 | Freakuence!","og_description":"PS Audio M700 amplificateur monobloc : puissance 700W, conception hybride classe A\/D, contr\u00f4le in\u00e9gal\u00e9. \u2713 HiFi neuf et d'occasion \u2713 Note du client : 4.9 sur 5 \u2713 Reprise \u2713 Session d'\u00e9coute","og_url":"https:\/\/dev.freakuence.nl\/fr\/produit\/ps-audio-m700\/","og_site_name":"Freakuence!","article_modified_time":"2026-04-14T10:36:24+00:00","og_image":[{"width":1800,"height":1200,"url":"https:\/\/dev.freakuence.nl\/wp-content\/uploads\/2026\/04\/17721885327765-19073-IMG1513-3.jpg","type":"image\/jpeg"}],"twitter_card":"summary_large_image","schema":{"@context":"https:\/\/schema.org","@graph":[{"@type":"WebPage","@id":"https:\/\/dev.freakuence.nl\/fr\/produit\/ps-audio-m700\/","url":"https:\/\/dev.freakuence.nl\/fr\/produit\/ps-audio-m700\/","name":"PS Audio M700 | Freakuence!","isPartOf":{"@id":"https:\/\/dev.freakuence.nl\/fr\/#website"},"primaryImageOfPage":{"@id":"https:\/\/dev.freakuence.nl\/fr\/produit\/ps-audio-m700\/#primaryimage"},"image":{"@id":"https:\/\/dev.freakuence.nl\/fr\/produit\/ps-audio-m700\/#primaryimage"},"thumbnailUrl":"https:\/\/dev.freakuence.nl\/wp-content\/uploads\/2026\/04\/17721885327765-19073-IMG1513-3.jpg","datePublished":"2026-02-27T08:52:41+00:00","dateModified":"2026-04-14T10:36:24+00:00","description":"PS Audio M700 amplificateur monobloc : puissance 700W, conception hybride classe A\/D, contr\u00f4le in\u00e9gal\u00e9. \u2713 HiFi neuf et d'occasion \u2713 Note du client : 4.9 sur 5 \u2713 Reprise \u2713 Session d'\u00e9coute","breadcrumb":{"@id":"https:\/\/dev.freakuence.nl\/fr\/produit\/ps-audio-m700\/#breadcrumb"},"inLanguage":"fr-FR","potentialAction":[{"@type":"ReadAction","target":["https:\/\/dev.freakuence.nl\/fr\/produit\/ps-audio-m700\/"]}]},{"@type":"ImageObject","inLanguage":"fr-FR","@id":"https:\/\/dev.freakuence.nl\/fr\/produit\/ps-audio-m700\/#primaryimage","url":"https:\/\/dev.freakuence.nl\/wp-content\/uploads\/2026\/04\/17721885327765-19073-IMG1513-3.jpg","contentUrl":"https:\/\/dev.freakuence.nl\/wp-content\/uploads\/2026\/04\/17721885327765-19073-IMG1513-3.jpg","width":1800,"height":1200},{"@type":"BreadcrumbList","@id":"https:\/\/dev.freakuence.nl\/fr\/produit\/ps-audio-m700\/#breadcrumb","itemListElement":[{"@type":"ListItem","position":1,"name":"Accueil","item":"https:\/\/dev.freakuence.nl\/fr\/"},{"@type":"ListItem","position":2,"name":"Produits","item":"https:\/\/dev.freakuence.nl\/fr\/produits\/"},{"@type":"ListItem","position":3,"name":"PS Audio M700"}]},{"@type":"WebSite","@id":"https:\/\/dev.freakuence.nl\/fr\/#website","url":"https:\/\/dev.freakuence.nl\/fr\/","name":"Freakuence!","description":"Freakuence!","publisher":{"@id":"https:\/\/dev.freakuence.nl\/fr\/#organization"},"alternateName":"Freakuence","potentialAction":[{"@type":"SearchAction","target":{"@type":"EntryPoint","urlTemplate":"https:\/\/dev.freakuence.nl\/fr\/?s={search_term_string}"},"query-input":{"@type":"PropertyValueSpecification","valueRequired":true,"valueName":"search_term_string"}}],"inLanguage":"fr-FR"},{"@type":"Organization","@id":"https:\/\/dev.freakuence.nl\/fr\/#organization","name":"Freakuence !","url":"https:\/\/dev.freakuence.nl\/fr\/","logo":{"@type":"ImageObject","inLanguage":"fr-FR","@id":"https:\/\/dev.freakuence.nl\/fr\/#\/schema\/logo\/image\/","url":"https:\/\/dev.freakuence.nl\/wp-content\/uploads\/2022\/05\/Brown_3_RGB_Freakuence-1.png","contentUrl":"https:\/\/dev.freakuence.nl\/wp-content\/uploads\/2022\/05\/Brown_3_RGB_Freakuence-1.png","width":2560,"height":684,"caption":"Freakuence !"},"image":{"@id":"https:\/\/dev.freakuence.nl\/fr\/#\/schema\/logo\/image\/"},"sameAs":["https:\/\/www.instagram.com\/freakuence_notorious_audio\/"]}]}},"_links":{"self":[{"href":"https:\/\/dev.freakuence.nl\/fr\/wp-json\/wp\/v2\/product\/355671","targetHints":{"allow":["GET"]}}],"collection":[{"href":"https:\/\/dev.freakuence.nl\/fr\/wp-json\/wp\/v2\/product"}],"about":[{"href":"https:\/\/dev.freakuence.nl\/fr\/wp-json\/wp\/v2\/types\/product"}],"wp:featuredmedia":[{"embeddable":true,"href":"https:\/\/dev.freakuence.nl\/fr\/wp-json\/wp\/v2\/media\/403915"}],"wp:attachment":[{"href":"https:\/\/dev.freakuence.nl\/fr\/wp-json\/wp\/v2\/media?parent=355671"}],"wp:term":[{"taxonomy":"product_brand","embeddable":true,"href":"https:\/\/dev.freakuence.nl\/fr\/wp-json\/wp\/v2\/product_brand?post=355671"},{"taxonomy":"product_cat","embeddable":true,"href":"https:\/\/dev.freakuence.nl\/fr\/wp-json\/wp\/v2\/product_cat?post=355671"},{"taxonomy":"product_tag","embeddable":true,"href":"https:\/\/dev.freakuence.nl\/fr\/wp-json\/wp\/v2\/product_tag?post=355671"}],"curies":[{"name":"wp","href":"https:\/\/api.w.org\/{rel}","templated":true}]}}