{"id":355682,"date":"2026-02-27T09:54:50","date_gmt":"2026-02-27T08:54:50","guid":{"rendered":"https:\/\/freakuence.nl\/product\/ps-audio-stellar-gaincell-dac\/"},"modified":"2026-02-27T11:37:47","modified_gmt":"2026-02-27T10:37:47","slug":"ps-audio-stellar-gaincell-dac","status":"publish","type":"product","link":"https:\/\/dev.freakuence.nl\/fr\/produit\/ps-audio-stellar-gaincell-dac\/","title":{"rendered":"PS Audio Stellar GainCell DAC"},"content":{"rendered":"<div class=\"product-specifications-list\">\n<div class=\"specification-item row-header\"><span class=\"spec-content\"><strong>Description Freakuence !<\/strong><\/span><\/div>\n<div class=\"specification-item row-even\"><span class=\"spec-content\">Un dac qui fonctionne vraiment bien comme un pr\u00e9ampli. Le souhait de tous ceux qui n&rsquo;en ont pas (une d\u00e9claration commerciale pour le livre). Le PS Audio Stellar GainCell DAC combine un convertisseur DA avec un pr\u00e9amplificateur. L&rsquo;appareil utilise la technologie GainCell, qui permet de r\u00e9gler le volume sans circuit suppl\u00e9mentaire sur le trajet du signal. Il en r\u00e9sulte une transmission pure du signal. Mais le son n&rsquo;est pas en reste ! Plein et riche, comme ce fabricant souhaite toujours le faire.      <\/span><\/div>\n<div class=\"specification-item row-header\"><span class=\"spec-content\"><strong>Description g\u00e9n\u00e9rale<\/strong><\/span><\/div>\n<div class=\"specification-item row-even\"><span class=\"spec-content\">Le PS Audio Stellar GainCell DAC est une combinaison polyvalente d&rsquo;un convertisseur num\u00e9rique-analogique et d&rsquo;un pr\u00e9amplificateur analogique. Ce DAC utilise l&rsquo;architecture ESS Sabre32-bit Hyperstream et dispose d&rsquo;un \u00e9tage de sortie analogique de classe A enti\u00e8rement \u00e9quilibr\u00e9. Gr\u00e2ce \u00e0 la technologie Digital Lens, les donn\u00e9es num\u00e9riques entrantes sont reclock\u00e9es et le jitter est r\u00e9duit, ce qui permet d&rsquo;obtenir une sc\u00e8ne sonore claire et d\u00e9taill\u00e9e.    <\/p>\n<p>Gr\u00e2ce \u00e0 la prise en charge de diverses sources num\u00e9riques, notamment DSD et PCM, et \u00e0 des connexions telles que I\u00b2S, coaxiale, optique et USB, le Stellar GainCell DAC offre une grande souplesse dans la connexion de divers appareils. Le contr\u00f4le de volume analogique GainCell permet un contr\u00f4le pr\u00e9cis et sans perte du volume sans circuit suppl\u00e9mentaire dans le chemin du signal.   <\/p>\n<p>La combinaison d&rsquo;un DAC de haute qualit\u00e9 et d&rsquo;un pr\u00e9amplificateur de classe A dans le PS Audio Stellar GainCell DAC assure une reproduction dynamique et d\u00e9taill\u00e9e de la musique. L&rsquo;image st\u00e9r\u00e9o est pr\u00e9cise et le son est riche et plein, contribuant \u00e0 une exp\u00e9rience d&rsquo;\u00e9coute immersive. <\/p>\n<p>Vous \u00eates curieux de conna\u00eetre les performances du PS Audio Stellar GainCell DAC ? Planifiez une s\u00e9ance d&rsquo;\u00e9coute dans notre salle d&rsquo;\u00e9coute pour d\u00e9couvrir la qualit\u00e9 du son par vous-m\u00eame. <\/span><\/div>\n<div class=\"specification-item row-header\"><span class=\"spec-content\"><strong>Informations g\u00e9n\u00e9rales<\/strong><\/span><\/div>\n<div class=\"specification-item row-even\"><span class=\"spec-content\">Le PS Audio Stellar GainCell DAC combine un contr\u00f4le de volume analogique GainCell avec un convertisseur num\u00e9rique-analogique. Con\u00e7u par Darren Myers, il vise un chemin de signal non color\u00e9. Les mat\u00e9riaux sont soigneusement choisis pour une qualit\u00e9 sonore optimale, comme les \u00e9tages de sortie MOSFET discrets. Le coffret est en aluminium massif, ce qui contribue au contr\u00f4le de la r\u00e9sonance. La fabrication a lieu \u00e0 Boulder, dans le Colorado, avec une attention particuli\u00e8re \u00e0 chaque d\u00e9tail pour garantir un son haut de gamme.    <\/span><\/div>\n<div class=\"specification-item row-header\"><span class=\"spec-content\"><strong>Histoire de la marque<\/strong><\/span><\/div>\n<div class=\"specification-item row-even\"><span class=\"spec-content\">PS Audio a \u00e9t\u00e9 fond\u00e9 en 1973 par Paul McGowan et Stan Warren. Le premier produit \u00e9tait un pr\u00e9amplificateur phono vendu en kit sous le nom de \u00ab\u00a0PS\u00a0\u00bb, d&rsquo;apr\u00e8s les initiales des fondateurs. Au fil des ans, PS Audio a d\u00e9velopp\u00e9, entre autres, des DAC autonomes, des produits de puissance, des syst\u00e8mes de transport num\u00e9rique et des composants audio. L&rsquo;entreprise fabrique son mat\u00e9riel \u00e0 Boulder, dans le Colorado, aux \u00c9tats-Unis. PS Audio est responsable de produits tels que la s\u00e9rie DirectStream DAC, PWD (PerfectWave DAC), les r\u00e9g\u00e9n\u00e9rateurs Power Plant et la ligne de produits Stellar. La conception et le d\u00e9veloppement ont lieu en interne, y compris l&rsquo;utilisation de la technologie FPGA dans les circuits num\u00e9riques. Le fondateur Paul McGowan entretient \u00e9galement une cha\u00eene vid\u00e9o quotidienne et un blog traitant de sujets techniques li\u00e9s \u00e0 la reproduction sonore. PS Audio documente publiquement sa philosophie de conception et ses produits sous cette forme.       <\/span><\/div>\n<\/div>\n","protected":false},"excerpt":{"rendered":"<p>Description Freakuence ! Un dac qui fonctionne vraiment bien comme un pr\u00e9ampli. Le souhait de tous ceux qui n&rsquo;en ont pas (une d\u00e9claration commerciale pour le livre). Le PS Audio Stellar GainCell DAC combine un convertisseur DA avec un pr\u00e9amplificateur. L&rsquo;appareil utilise la technologie GainCell, qui permet de r\u00e9gler le volume sans circuit suppl\u00e9mentaire sur [&hellip;]<\/p>\n","protected":false},"featured_media":355989,"template":"","meta":{"_acf_changed":false,"inline_featured_image":false},"product_brand":[],"product_cat":[548,689],"product_tag":[533],"class_list":{"0":"post-355682","1":"product","2":"type-product","3":"status-publish","4":"has-post-thumbnail","6":"product_cat-dac-et-streamers","7":"product_cat-sources-dinformation","8":"product_tag-used","9":"pa_kleur-noir","11":"first","12":"instock","13":"sold-individually","14":"purchasable","15":"product-type-simple"},"acf":{"website":true,"show_on_homepage":false,"brand_title":"PS Audio","product_type":"Stellar GainCell DAC","color":"Noir","subcolor":"","reserved_status":"0"},"_links":{"self":[{"href":"https:\/\/dev.freakuence.nl\/fr\/wp-json\/wp\/v2\/product\/355682","targetHints":{"allow":["GET"]}}],"collection":[{"href":"https:\/\/dev.freakuence.nl\/fr\/wp-json\/wp\/v2\/product"}],"about":[{"href":"https:\/\/dev.freakuence.nl\/fr\/wp-json\/wp\/v2\/types\/product"}],"wp:featuredmedia":[{"embeddable":true,"href":"https:\/\/dev.freakuence.nl\/fr\/wp-json\/wp\/v2\/media\/355989"}],"wp:attachment":[{"href":"https:\/\/dev.freakuence.nl\/fr\/wp-json\/wp\/v2\/media?parent=355682"}],"wp:term":[{"taxonomy":"product_brand","embeddable":true,"href":"https:\/\/dev.freakuence.nl\/fr\/wp-json\/wp\/v2\/product_brand?post=355682"},{"taxonomy":"product_cat","embeddable":true,"href":"https:\/\/dev.freakuence.nl\/fr\/wp-json\/wp\/v2\/product_cat?post=355682"},{"taxonomy":"product_tag","embeddable":true,"href":"https:\/\/dev.freakuence.nl\/fr\/wp-json\/wp\/v2\/product_tag?post=355682"}],"curies":[{"name":"wp","href":"https:\/\/api.w.org\/{rel}","templated":true}]}}