{"id":355829,"date":"2026-02-27T10:47:15","date_gmt":"2026-02-27T09:47:15","guid":{"rendered":"https:\/\/freakuence.nl\/product\/synthesis-roma-510-ac-signature\/"},"modified":"2026-04-10T15:48:25","modified_gmt":"2026-04-10T13:48:25","slug":"synthesis-roma-510-ac-signature","status":"publish","type":"product","link":"https:\/\/dev.freakuence.nl\/fr\/produit\/synthesis-roma-510-ac-signature\/","title":{"rendered":"Synthesis Roma 510 AC Signature"},"content":{"rendered":"<div class=\"product-specifications-list\">\n<div class=\"specification-item row-header\"><span class=\"spec-content\"><strong>Description Freakuence !<\/strong><\/span><\/div>\n<div class=\"specification-item row-even\"><span class=\"spec-content\">Le Synthesis Roma 510 AC Signature offre une reproduction chaleureuse et naturelle avec une sc\u00e8ne sonore large et profonde. Les m\u00e9diums sont riches et d\u00e9taill\u00e9s, tandis que les aigus sont clairs et doux. La dynamique est vive et r\u00e9active, offrant une exp\u00e9rience immersive. La reproduction des basses fr\u00e9quences est serr\u00e9e et contr\u00f4l\u00e9e, sans \u00eatre \u00e9crasante. Tout cela en fait un excellent choix pour les amateurs de diff\u00e9rents styles de musique.    <\/span><\/div>\n<div class=\"specification-item row-odd\"><span class=\"spec-content\">Prix de vente au d\u00e9tail : 6150.00<\/span><\/div>\n<div class=\"specification-item row-header\"><span class=\"spec-content\"><strong>D\u00e9tails<\/strong><\/span><\/div>\n<div class=\"specification-item row-even\"><span class=\"spec-content\">L&rsquo;unit\u00e9 date de janvier 2026 et a \u00e9t\u00e9 \u00e9chang\u00e9e ici \u00e0 la mi-f\u00e9vrier.<\/span><\/div>\n<div class=\"specification-item row-header\"><span class=\"spec-content\"><strong>Description g\u00e9n\u00e9rale<\/strong><\/span><\/div>\n<div class=\"specification-item row-even\"><span class=\"spec-content\">Le Synthesis Roma 510 AC Signature est un amplificateur int\u00e9gr\u00e9 \u00e0 tubes qui associe l&rsquo;artisanat italien \u00e0 des performances audio de haute qualit\u00e9. Avec une configuration push-pull de tubes KT88, cet amplificateur offre une sc\u00e8ne sonore puissante et dynamique, caract\u00e9ris\u00e9e par des d\u00e9tails et une image st\u00e9r\u00e9o large.  <\/p>\n<p>Cet amplificateur est \u00e9quip\u00e9 d&rsquo;entr\u00e9es RCA et XLR, ainsi que d&rsquo;une entr\u00e9e phono adapt\u00e9e aux \u00e9l\u00e9ments MM et MC, ce qui garantit des options de connexion polyvalentes. L&rsquo;utilisation de transformateurs toro\u00efdaux contribue \u00e0 l&rsquo;efficacit\u00e9 de l&rsquo;alimentation \u00e9lectrique et minimise les interf\u00e9rences, ce qui se traduit par une reproduction sonore pure.  <\/p>\n<p>Avec le Synthesis Roma 510 AC Signature, vous disposez d&rsquo;un amplificateur qui donne vie \u00e0 votre collection musicale. Planifiez une s\u00e9ance d&rsquo;\u00e9coute pour d\u00e9couvrir par vous-m\u00eame la dynamique impressionnante et la sc\u00e8ne sonore d\u00e9taill\u00e9e. <\/span><\/div>\n<div class=\"specification-item row-header\"><span class=\"spec-content\"><strong>Informations g\u00e9n\u00e9rales<\/strong><\/span><\/div>\n<div class=\"specification-item row-even\"><span class=\"spec-content\">Le Synthesis Roma 510 AC Signature est un amplificateur int\u00e9gr\u00e9 \u00e0 tubes connu pour son son chaud et dynamique. Con\u00e7u par les ing\u00e9nieurs de Synthesis, cet amplificateur incarne la passion italienne pour la musique et l&rsquo;artisanat. Le coffret est fabriqu\u00e9 avec des mat\u00e9riaux robustes et une finition \u00e9l\u00e9gante. Des composants de haute qualit\u00e9, tels que les tubes de puissance EL34 et les tubes de pr\u00e9ampli ECC88, garantissent un son clair et puissant. Le c\u00e2blage interne est r\u00e9alis\u00e9 \u00e0 la main, ce qui garantit une perte de signal minimale et un son pur. Les m\u00e9thodes de production combinent des techniques traditionnelles et des technologies innovantes pour garantir des performances optimales.     <\/span><\/div>\n<div class=\"specification-item row-header\"><span class=\"spec-content\"><strong>Histoire de la marque<\/strong><\/span><\/div>\n<div class=\"specification-item row-even\"><span class=\"spec-content\">Synthesis Art in Music a \u00e9t\u00e9 fond\u00e9e en 1992 par Luigi Lorenzon. L&rsquo;entreprise est bas\u00e9e \u00e0 Morrovalle, en Italie, Via Vanvitelli 14\/A. Synthesis produit plusieurs gammes de produits, notamment les s\u00e9ries Roma, Action, Metropolis et FCO, ainsi que des accessoires tels que des c\u00e2bles d&rsquo;alimentation. Tous les produits sont fabriqu\u00e9s \u00e0 la main en Italie.   <\/span><\/div>\n<\/div>\n","protected":false},"excerpt":{"rendered":"<p>Description Freakuence ! Le Synthesis Roma 510 AC Signature offre une reproduction chaleureuse et naturelle avec une sc\u00e8ne sonore large et profonde. Les m\u00e9diums sont riches et d\u00e9taill\u00e9s, tandis que les aigus sont clairs et doux. La dynamique est vive et r\u00e9active, offrant une exp\u00e9rience immersive. La reproduction des basses fr\u00e9quences est serr\u00e9e et contr\u00f4l\u00e9e, [&hellip;]<\/p>\n","protected":false},"featured_media":391419,"template":"","meta":{"_acf_changed":false,"inline_featured_image":false},"product_brand":[],"product_cat":[530,556,745],"product_tag":[533],"class_list":{"0":"post-355829","1":"product","2":"type-product","3":"status-publish","4":"has-post-thumbnail","6":"product_cat-amplificateurs","7":"product_cat-amplificateurs-a-tubes","8":"product_cat-amplificateurs-stereo","9":"product_tag-used","10":"pa_kleur-noir","12":"first","13":"instock","14":"sold-individually","15":"purchasable","16":"product-type-simple"},"acf":{"website":true,"show_on_homepage":false,"brand_title":"Synthesis","product_type":"Roma 510 AC Signature","color":"Noir","subcolor":"","reserved_status":"0"},"yoast_head":"<!-- This site is optimized with the Yoast SEO plugin v25.9 - https:\/\/yoast.com\/wordpress\/plugins\/seo\/ -->\n<title>Synthesis Roma 510 AC Signature | Freakuence!<\/title>\n<meta name=\"description\" content=\"Synthesis Roma 510AC Signature : amplificateur \u00e0 tubes 80W avec tubes KT88, entr\u00e9e XLR et phono MM\/MC. \u2713 HiFi neuf et d&#039;occasion \u2713 Note du client : 4.9 sur 5 \u2713 Reprise \u2713 Session d&#039;\u00e9coute\" \/>\n<meta name=\"robots\" content=\"noindex, follow, max-snippet:-1, max-image-preview:large, max-video-preview:-1\" \/>\n<meta property=\"og:locale\" content=\"fr_FR\" \/>\n<meta property=\"og:type\" content=\"article\" \/>\n<meta property=\"og:title\" content=\"Synthesis Roma 510 AC Signature | Freakuence!\" \/>\n<meta property=\"og:description\" content=\"Synthesis Roma 510AC Signature : amplificateur \u00e0 tubes 80W avec tubes KT88, entr\u00e9e XLR et phono MM\/MC. \u2713 HiFi neuf et d&#039;occasion \u2713 Note du client : 4.9 sur 5 \u2713 Reprise \u2713 Session d&#039;\u00e9coute\" \/>\n<meta property=\"og:url\" content=\"https:\/\/dev.freakuence.nl\/fr\/produit\/synthesis-roma-510-ac-signature\/\" \/>\n<meta property=\"og:site_name\" content=\"Freakuence!\" \/>\n<meta property=\"article:modified_time\" content=\"2026-04-10T13:48:25+00:00\" \/>\n<meta property=\"og:image\" content=\"https:\/\/dev.freakuence.nl\/wp-content\/uploads\/2026\/04\/17721891176682-19042-IMG1845.jpg\" \/>\n\t<meta property=\"og:image:width\" content=\"1800\" \/>\n\t<meta property=\"og:image:height\" content=\"1200\" \/>\n\t<meta property=\"og:image:type\" content=\"image\/jpeg\" \/>\n<meta name=\"twitter:card\" content=\"summary_large_image\" \/>\n<script type=\"application\/ld+json\" class=\"yoast-schema-graph\">{\"@context\":\"https:\/\/schema.org\",\"@graph\":[{\"@type\":\"WebPage\",\"@id\":\"https:\/\/dev.freakuence.nl\/fr\/produit\/synthesis-roma-510-ac-signature\/\",\"url\":\"https:\/\/dev.freakuence.nl\/fr\/produit\/synthesis-roma-510-ac-signature\/\",\"name\":\"Synthesis Roma 510 AC Signature | Freakuence!\",\"isPartOf\":{\"@id\":\"https:\/\/dev.freakuence.nl\/fr\/#website\"},\"primaryImageOfPage\":{\"@id\":\"https:\/\/dev.freakuence.nl\/fr\/produit\/synthesis-roma-510-ac-signature\/#primaryimage\"},\"image\":{\"@id\":\"https:\/\/dev.freakuence.nl\/fr\/produit\/synthesis-roma-510-ac-signature\/#primaryimage\"},\"thumbnailUrl\":\"https:\/\/dev.freakuence.nl\/wp-content\/uploads\/2026\/04\/17721891176682-19042-IMG1845.jpg\",\"datePublished\":\"2026-02-27T09:47:15+00:00\",\"dateModified\":\"2026-04-10T13:48:25+00:00\",\"description\":\"Synthesis Roma 510AC Signature : amplificateur \u00e0 tubes 80W avec tubes KT88, entr\u00e9e XLR et phono MM\/MC. \u2713 HiFi neuf et d'occasion \u2713 Note du client : 4.9 sur 5 \u2713 Reprise \u2713 Session d'\u00e9coute\",\"breadcrumb\":{\"@id\":\"https:\/\/dev.freakuence.nl\/fr\/produit\/synthesis-roma-510-ac-signature\/#breadcrumb\"},\"inLanguage\":\"fr-FR\",\"potentialAction\":[{\"@type\":\"ReadAction\",\"target\":[\"https:\/\/dev.freakuence.nl\/fr\/produit\/synthesis-roma-510-ac-signature\/\"]}]},{\"@type\":\"ImageObject\",\"inLanguage\":\"fr-FR\",\"@id\":\"https:\/\/dev.freakuence.nl\/fr\/produit\/synthesis-roma-510-ac-signature\/#primaryimage\",\"url\":\"https:\/\/dev.freakuence.nl\/wp-content\/uploads\/2026\/04\/17721891176682-19042-IMG1845.jpg\",\"contentUrl\":\"https:\/\/dev.freakuence.nl\/wp-content\/uploads\/2026\/04\/17721891176682-19042-IMG1845.jpg\",\"width\":1800,\"height\":1200},{\"@type\":\"BreadcrumbList\",\"@id\":\"https:\/\/dev.freakuence.nl\/fr\/produit\/synthesis-roma-510-ac-signature\/#breadcrumb\",\"itemListElement\":[{\"@type\":\"ListItem\",\"position\":1,\"name\":\"Accueil\",\"item\":\"https:\/\/dev.freakuence.nl\/fr\/\"},{\"@type\":\"ListItem\",\"position\":2,\"name\":\"Produits\",\"item\":\"https:\/\/dev.freakuence.nl\/fr\/produits\/\"},{\"@type\":\"ListItem\",\"position\":3,\"name\":\"Synthesis Roma 510 AC Signature\"}]},{\"@type\":\"WebSite\",\"@id\":\"https:\/\/dev.freakuence.nl\/fr\/#website\",\"url\":\"https:\/\/dev.freakuence.nl\/fr\/\",\"name\":\"Freakuence!\",\"description\":\"Freakuence!\",\"publisher\":{\"@id\":\"https:\/\/dev.freakuence.nl\/fr\/#organization\"},\"alternateName\":\"Freakuence\",\"potentialAction\":[{\"@type\":\"SearchAction\",\"target\":{\"@type\":\"EntryPoint\",\"urlTemplate\":\"https:\/\/dev.freakuence.nl\/fr\/?s={search_term_string}\"},\"query-input\":{\"@type\":\"PropertyValueSpecification\",\"valueRequired\":true,\"valueName\":\"search_term_string\"}}],\"inLanguage\":\"fr-FR\"},{\"@type\":\"Organization\",\"@id\":\"https:\/\/dev.freakuence.nl\/fr\/#organization\",\"name\":\"Freakuence !\",\"url\":\"https:\/\/dev.freakuence.nl\/fr\/\",\"logo\":{\"@type\":\"ImageObject\",\"inLanguage\":\"fr-FR\",\"@id\":\"https:\/\/dev.freakuence.nl\/fr\/#\/schema\/logo\/image\/\",\"url\":\"https:\/\/dev.freakuence.nl\/wp-content\/uploads\/2022\/05\/Brown_3_RGB_Freakuence-1.png\",\"contentUrl\":\"https:\/\/dev.freakuence.nl\/wp-content\/uploads\/2022\/05\/Brown_3_RGB_Freakuence-1.png\",\"width\":2560,\"height\":684,\"caption\":\"Freakuence !\"},\"image\":{\"@id\":\"https:\/\/dev.freakuence.nl\/fr\/#\/schema\/logo\/image\/\"},\"sameAs\":[\"https:\/\/www.instagram.com\/freakuence_notorious_audio\/\"]}]}<\/script>\n<!-- \/ Yoast SEO plugin. -->","yoast_head_json":{"title":"Synthesis Roma 510 AC Signature | Freakuence!","description":"Synthesis Roma 510AC Signature : amplificateur \u00e0 tubes 80W avec tubes KT88, entr\u00e9e XLR et phono MM\/MC. \u2713 HiFi neuf et d'occasion \u2713 Note du client : 4.9 sur 5 \u2713 Reprise \u2713 Session d'\u00e9coute","robots":{"index":"noindex","follow":"follow","max-snippet":"max-snippet:-1","max-image-preview":"max-image-preview:large","max-video-preview":"max-video-preview:-1"},"og_locale":"fr_FR","og_type":"article","og_title":"Synthesis Roma 510 AC Signature | Freakuence!","og_description":"Synthesis Roma 510AC Signature : amplificateur \u00e0 tubes 80W avec tubes KT88, entr\u00e9e XLR et phono MM\/MC. \u2713 HiFi neuf et d'occasion \u2713 Note du client : 4.9 sur 5 \u2713 Reprise \u2713 Session d'\u00e9coute","og_url":"https:\/\/dev.freakuence.nl\/fr\/produit\/synthesis-roma-510-ac-signature\/","og_site_name":"Freakuence!","article_modified_time":"2026-04-10T13:48:25+00:00","og_image":[{"width":1800,"height":1200,"url":"https:\/\/dev.freakuence.nl\/wp-content\/uploads\/2026\/04\/17721891176682-19042-IMG1845.jpg","type":"image\/jpeg"}],"twitter_card":"summary_large_image","schema":{"@context":"https:\/\/schema.org","@graph":[{"@type":"WebPage","@id":"https:\/\/dev.freakuence.nl\/fr\/produit\/synthesis-roma-510-ac-signature\/","url":"https:\/\/dev.freakuence.nl\/fr\/produit\/synthesis-roma-510-ac-signature\/","name":"Synthesis Roma 510 AC Signature | Freakuence!","isPartOf":{"@id":"https:\/\/dev.freakuence.nl\/fr\/#website"},"primaryImageOfPage":{"@id":"https:\/\/dev.freakuence.nl\/fr\/produit\/synthesis-roma-510-ac-signature\/#primaryimage"},"image":{"@id":"https:\/\/dev.freakuence.nl\/fr\/produit\/synthesis-roma-510-ac-signature\/#primaryimage"},"thumbnailUrl":"https:\/\/dev.freakuence.nl\/wp-content\/uploads\/2026\/04\/17721891176682-19042-IMG1845.jpg","datePublished":"2026-02-27T09:47:15+00:00","dateModified":"2026-04-10T13:48:25+00:00","description":"Synthesis Roma 510AC Signature : amplificateur \u00e0 tubes 80W avec tubes KT88, entr\u00e9e XLR et phono MM\/MC. \u2713 HiFi neuf et d'occasion \u2713 Note du client : 4.9 sur 5 \u2713 Reprise \u2713 Session d'\u00e9coute","breadcrumb":{"@id":"https:\/\/dev.freakuence.nl\/fr\/produit\/synthesis-roma-510-ac-signature\/#breadcrumb"},"inLanguage":"fr-FR","potentialAction":[{"@type":"ReadAction","target":["https:\/\/dev.freakuence.nl\/fr\/produit\/synthesis-roma-510-ac-signature\/"]}]},{"@type":"ImageObject","inLanguage":"fr-FR","@id":"https:\/\/dev.freakuence.nl\/fr\/produit\/synthesis-roma-510-ac-signature\/#primaryimage","url":"https:\/\/dev.freakuence.nl\/wp-content\/uploads\/2026\/04\/17721891176682-19042-IMG1845.jpg","contentUrl":"https:\/\/dev.freakuence.nl\/wp-content\/uploads\/2026\/04\/17721891176682-19042-IMG1845.jpg","width":1800,"height":1200},{"@type":"BreadcrumbList","@id":"https:\/\/dev.freakuence.nl\/fr\/produit\/synthesis-roma-510-ac-signature\/#breadcrumb","itemListElement":[{"@type":"ListItem","position":1,"name":"Accueil","item":"https:\/\/dev.freakuence.nl\/fr\/"},{"@type":"ListItem","position":2,"name":"Produits","item":"https:\/\/dev.freakuence.nl\/fr\/produits\/"},{"@type":"ListItem","position":3,"name":"Synthesis Roma 510 AC Signature"}]},{"@type":"WebSite","@id":"https:\/\/dev.freakuence.nl\/fr\/#website","url":"https:\/\/dev.freakuence.nl\/fr\/","name":"Freakuence!","description":"Freakuence!","publisher":{"@id":"https:\/\/dev.freakuence.nl\/fr\/#organization"},"alternateName":"Freakuence","potentialAction":[{"@type":"SearchAction","target":{"@type":"EntryPoint","urlTemplate":"https:\/\/dev.freakuence.nl\/fr\/?s={search_term_string}"},"query-input":{"@type":"PropertyValueSpecification","valueRequired":true,"valueName":"search_term_string"}}],"inLanguage":"fr-FR"},{"@type":"Organization","@id":"https:\/\/dev.freakuence.nl\/fr\/#organization","name":"Freakuence !","url":"https:\/\/dev.freakuence.nl\/fr\/","logo":{"@type":"ImageObject","inLanguage":"fr-FR","@id":"https:\/\/dev.freakuence.nl\/fr\/#\/schema\/logo\/image\/","url":"https:\/\/dev.freakuence.nl\/wp-content\/uploads\/2022\/05\/Brown_3_RGB_Freakuence-1.png","contentUrl":"https:\/\/dev.freakuence.nl\/wp-content\/uploads\/2022\/05\/Brown_3_RGB_Freakuence-1.png","width":2560,"height":684,"caption":"Freakuence !"},"image":{"@id":"https:\/\/dev.freakuence.nl\/fr\/#\/schema\/logo\/image\/"},"sameAs":["https:\/\/www.instagram.com\/freakuence_notorious_audio\/"]}]}},"_links":{"self":[{"href":"https:\/\/dev.freakuence.nl\/fr\/wp-json\/wp\/v2\/product\/355829","targetHints":{"allow":["GET"]}}],"collection":[{"href":"https:\/\/dev.freakuence.nl\/fr\/wp-json\/wp\/v2\/product"}],"about":[{"href":"https:\/\/dev.freakuence.nl\/fr\/wp-json\/wp\/v2\/types\/product"}],"wp:featuredmedia":[{"embeddable":true,"href":"https:\/\/dev.freakuence.nl\/fr\/wp-json\/wp\/v2\/media\/391419"}],"wp:attachment":[{"href":"https:\/\/dev.freakuence.nl\/fr\/wp-json\/wp\/v2\/media?parent=355829"}],"wp:term":[{"taxonomy":"product_brand","embeddable":true,"href":"https:\/\/dev.freakuence.nl\/fr\/wp-json\/wp\/v2\/product_brand?post=355829"},{"taxonomy":"product_cat","embeddable":true,"href":"https:\/\/dev.freakuence.nl\/fr\/wp-json\/wp\/v2\/product_cat?post=355829"},{"taxonomy":"product_tag","embeddable":true,"href":"https:\/\/dev.freakuence.nl\/fr\/wp-json\/wp\/v2\/product_tag?post=355829"}],"curies":[{"name":"wp","href":"https:\/\/api.w.org\/{rel}","templated":true}]}}