{"id":357115,"date":"2026-02-27T16:13:32","date_gmt":"2026-02-27T15:13:32","guid":{"rendered":"https:\/\/freakuence.nl\/product\/moon-250i-v1\/"},"modified":"2026-04-08T20:18:41","modified_gmt":"2026-04-08T18:18:41","slug":"moon-250i-v1","status":"publish","type":"product","link":"https:\/\/dev.freakuence.nl\/fr\/produit\/moon-250i-v1\/","title":{"rendered":"Moon 250i v1"},"content":{"rendered":"<div class=\"product-specifications-list\">\n<div class=\"specification-item row-header\"><span class=\"spec-content\"><strong>Description Freakuence !<\/strong><\/span><\/div>\n<div class=\"specification-item row-even\"><span class=\"spec-content\">La lune tourne autour de la terre et la lune tourne autour de la musique. De la po\u00e9sie extraterrestre, fantastique, belle m\u00eame. Le Moon 250i v1 est un amplificateur qui g\u00e2te vos oreilles avec une reproduction riche et naturelle. Le morceau &lsquo;Hercules&rsquo; d&rsquo;Elton John, par exemple, sonne merveilleusement bien, avec sa guitare acoustique, sa batterie et son piano qui ont tous leur place. Les morceaux plus rudes, comme ceux d&rsquo;Entombed, sont restitu\u00e9s en douceur. Cet appareil sait comment pr\u00e9senter la musique de telle mani\u00e8re que vous souhaiterez que tout le monde sorte de la pi\u00e8ce pour continuer \u00e0 \u00e9couter.     <\/span><\/div>\n<div class=\"specification-item row-header\"><span class=\"spec-content\"><strong>Description g\u00e9n\u00e9rale<\/strong><\/span><\/div>\n<div class=\"specification-item row-even\"><span class=\"spec-content\">Le Moon 250i v1 est un amplificateur int\u00e9gr\u00e9 connu pour sa reproduction sonore pr\u00e9cise et ses performances dynamiques. Avec six entr\u00e9es ligne, dont un mini-jack 3,5 mm pratique en fa\u00e7ade pour les lecteurs de musique portables, le Moon 250i v1 offre des options de connexion polyvalentes. Il y a \u00e9galement une prise casque sur le panneau avant. MOON&rsquo;s proprietary bipolar output transistors provide enhanced bass response and accurate sound reproduction.    La conception sans ailettes de refroidissement et le ch\u00e2ssis en aluminium contribuent \u00e0 une dissipation efficace de la chaleur et \u00e0 une longue dur\u00e9e de vie.  <\/p>\n<p>Le Moon 250i v1 offre une sc\u00e8ne sonore puissante et d\u00e9taill\u00e9e, donnant vie \u00e0 la musique avec une image st\u00e9r\u00e9o large et des nuances subtiles. L&rsquo;amplificateur est con\u00e7u pour minimiser les vibrations externes, ce qui permet d&rsquo;obtenir un son propre et sans distorsion.  Avec une faible consommation d&rsquo;\u00e9nergie et une construction robuste, le Moon 250i v1 est un choix fiable pour les amateurs d&rsquo;audio de haute qualit\u00e9.  <\/p>\n<p>Vous \u00eates curieux de conna\u00eetre les performances du Moon 250i v1 ? Planifiez une s\u00e9ance d&rsquo;\u00e9coute dans notre salle d&rsquo;\u00e9coute ou contactez-nous pour discuter des options de reprise. <\/span><\/div>\n<div class=\"specification-item row-header\"><span class=\"spec-content\"><strong>Informations g\u00e9n\u00e9rales<\/strong><\/span><\/div>\n<div class=\"specification-item row-even\"><span class=\"spec-content\">Le Moon 250i v1 est un amplificateur st\u00e9r\u00e9o de la soci\u00e9t\u00e9 audio canadienne Simaudio. Sa philosophie de conception est ax\u00e9e sur la pr\u00e9cision, la durabilit\u00e9 et l&rsquo;engagement \u00e9motionnel envers la musique. L&rsquo;amplificateur utilise des composants de haute qualit\u00e9 et des techniques avanc\u00e9es, comme un circuit asym\u00e9trique enti\u00e8rement \u00e9quilibr\u00e9 pour une reproduction sonore plus pure. Le bo\u00eetier est en aluminium, ce qui garantit une dissipation thermique et une isolation \u00e9lectromagn\u00e9tique optimales. Le c\u00e2blage interne est pr\u00e9cis et robuste. Simaudio fabrique et assemble tous ses produits au Canada, avec un grand souci du d\u00e9tail et de la qualit\u00e9.     <\/span><\/div>\n<div class=\"specification-item row-header\"><span class=\"spec-content\"><strong>Histoire de la marque<\/strong><\/span><\/div>\n<div class=\"specification-item row-even\"><span class=\"spec-content\">Simaudio, fond\u00e9e en 1980, est une entreprise canadienne qui con\u00e7oit et fabrique des \u00e9quipements audio. Bas\u00e9e \u00e0 Boucherville, au Qu\u00e9bec, l&rsquo;entreprise fabrique tous ses produits au Canada. Simaudio offre une garantie de 10 ans sur ses produits. En 2023, l&rsquo;entreprise lance la collection North, une gamme d&rsquo;appareils audio r\u00e9sultant d&rsquo;ann\u00e9es de recherche et de d\u00e9veloppement dans les domaines de l&rsquo;audio, de l&rsquo;\u00e9lectronique, des mat\u00e9riaux et des proc\u00e9d\u00e9s de fabrication.   <\/span><\/div>\n<\/div>\n","protected":false},"excerpt":{"rendered":"<p>Description Freakuence ! La lune tourne autour de la terre et la lune tourne autour de la musique. De la po\u00e9sie extraterrestre, fantastique, belle m\u00eame. Le Moon 250i v1 est un amplificateur qui g\u00e2te vos oreilles avec une reproduction riche et naturelle. Le morceau &lsquo;Hercules&rsquo; d&rsquo;Elton John, par exemple, sonne merveilleusement bien, avec sa guitare [&hellip;]<\/p>\n","protected":false},"featured_media":386307,"template":"","meta":{"_acf_changed":false,"inline_featured_image":false},"product_brand":[],"product_cat":[530,745,773],"product_tag":[533],"class_list":{"0":"post-357115","1":"product","2":"type-product","3":"status-publish","4":"has-post-thumbnail","6":"product_cat-amplificateurs","7":"product_cat-amplificateurs-stereo","8":"product_cat-classe-a-amplificateurs-stereo-a-b","9":"product_tag-used","10":"pa_kleur-noir","12":"first","13":"instock","14":"sold-individually","15":"purchasable","16":"product-type-simple"},"acf":{"website":true,"show_on_homepage":false,"brand_title":"Moon","product_type":"250i v1","color":"Noir","subcolor":"","reserved_status":"0"},"yoast_head":"<!-- This site is optimized with the Yoast SEO plugin v25.9 - https:\/\/yoast.com\/wordpress\/plugins\/seo\/ -->\n<title>Moon 250i v1 | Freakuence!<\/title>\n<meta name=\"description\" content=\"Moon 250i v1 : puissant amplificateur int\u00e9gr\u00e9 avec 50W par canal, 6 entr\u00e9es et un son de haute qualit\u00e9. \u2713 HiFi neuf et d&#039;occasion \u2713 Note du client : 4.9 sur 5 \u2713 Reprise \u2713 Session d&#039;\u00e9coute\" \/>\n<meta name=\"robots\" content=\"noindex, follow, max-snippet:-1, max-image-preview:large, max-video-preview:-1\" \/>\n<meta property=\"og:locale\" content=\"fr_FR\" \/>\n<meta property=\"og:type\" content=\"article\" \/>\n<meta property=\"og:title\" content=\"Moon 250i v1 | Freakuence!\" \/>\n<meta property=\"og:description\" content=\"Moon 250i v1 : puissant amplificateur int\u00e9gr\u00e9 avec 50W par canal, 6 entr\u00e9es et un son de haute qualit\u00e9. \u2713 HiFi neuf et d&#039;occasion \u2713 Note du client : 4.9 sur 5 \u2713 Reprise \u2713 Session d&#039;\u00e9coute\" \/>\n<meta property=\"og:url\" content=\"https:\/\/dev.freakuence.nl\/fr\/produit\/moon-250i-v1\/\" \/>\n<meta property=\"og:site_name\" content=\"Freakuence!\" \/>\n<meta property=\"article:modified_time\" content=\"2026-04-08T18:18:41+00:00\" \/>\n<meta property=\"og:image\" content=\"https:\/\/dev.freakuence.nl\/wp-content\/uploads\/2026\/04\/17722051896360-18704-IMG1671.jpg\" \/>\n\t<meta property=\"og:image:width\" content=\"1800\" \/>\n\t<meta property=\"og:image:height\" content=\"1200\" \/>\n\t<meta property=\"og:image:type\" content=\"image\/jpeg\" \/>\n<meta name=\"twitter:card\" content=\"summary_large_image\" \/>\n<script type=\"application\/ld+json\" class=\"yoast-schema-graph\">{\"@context\":\"https:\/\/schema.org\",\"@graph\":[{\"@type\":\"WebPage\",\"@id\":\"https:\/\/dev.freakuence.nl\/fr\/produit\/moon-250i-v1\/\",\"url\":\"https:\/\/dev.freakuence.nl\/fr\/produit\/moon-250i-v1\/\",\"name\":\"Moon 250i v1 | Freakuence!\",\"isPartOf\":{\"@id\":\"https:\/\/dev.freakuence.nl\/fr\/#website\"},\"primaryImageOfPage\":{\"@id\":\"https:\/\/dev.freakuence.nl\/fr\/produit\/moon-250i-v1\/#primaryimage\"},\"image\":{\"@id\":\"https:\/\/dev.freakuence.nl\/fr\/produit\/moon-250i-v1\/#primaryimage\"},\"thumbnailUrl\":\"https:\/\/dev.freakuence.nl\/wp-content\/uploads\/2026\/04\/17722051896360-18704-IMG1671.jpg\",\"datePublished\":\"2026-02-27T15:13:32+00:00\",\"dateModified\":\"2026-04-08T18:18:41+00:00\",\"description\":\"Moon 250i v1 : puissant amplificateur int\u00e9gr\u00e9 avec 50W par canal, 6 entr\u00e9es et un son de haute qualit\u00e9. \u2713 HiFi neuf et d'occasion \u2713 Note du client : 4.9 sur 5 \u2713 Reprise \u2713 Session d'\u00e9coute\",\"breadcrumb\":{\"@id\":\"https:\/\/dev.freakuence.nl\/fr\/produit\/moon-250i-v1\/#breadcrumb\"},\"inLanguage\":\"fr-FR\",\"potentialAction\":[{\"@type\":\"ReadAction\",\"target\":[\"https:\/\/dev.freakuence.nl\/fr\/produit\/moon-250i-v1\/\"]}]},{\"@type\":\"ImageObject\",\"inLanguage\":\"fr-FR\",\"@id\":\"https:\/\/dev.freakuence.nl\/fr\/produit\/moon-250i-v1\/#primaryimage\",\"url\":\"https:\/\/dev.freakuence.nl\/wp-content\/uploads\/2026\/04\/17722051896360-18704-IMG1671.jpg\",\"contentUrl\":\"https:\/\/dev.freakuence.nl\/wp-content\/uploads\/2026\/04\/17722051896360-18704-IMG1671.jpg\",\"width\":1800,\"height\":1200},{\"@type\":\"BreadcrumbList\",\"@id\":\"https:\/\/dev.freakuence.nl\/fr\/produit\/moon-250i-v1\/#breadcrumb\",\"itemListElement\":[{\"@type\":\"ListItem\",\"position\":1,\"name\":\"Accueil\",\"item\":\"https:\/\/dev.freakuence.nl\/fr\/\"},{\"@type\":\"ListItem\",\"position\":2,\"name\":\"Produits\",\"item\":\"https:\/\/dev.freakuence.nl\/fr\/produits\/\"},{\"@type\":\"ListItem\",\"position\":3,\"name\":\"Moon 250i v1\"}]},{\"@type\":\"WebSite\",\"@id\":\"https:\/\/dev.freakuence.nl\/fr\/#website\",\"url\":\"https:\/\/dev.freakuence.nl\/fr\/\",\"name\":\"Freakuence!\",\"description\":\"Freakuence!\",\"publisher\":{\"@id\":\"https:\/\/dev.freakuence.nl\/fr\/#organization\"},\"alternateName\":\"Freakuence\",\"potentialAction\":[{\"@type\":\"SearchAction\",\"target\":{\"@type\":\"EntryPoint\",\"urlTemplate\":\"https:\/\/dev.freakuence.nl\/fr\/?s={search_term_string}\"},\"query-input\":{\"@type\":\"PropertyValueSpecification\",\"valueRequired\":true,\"valueName\":\"search_term_string\"}}],\"inLanguage\":\"fr-FR\"},{\"@type\":\"Organization\",\"@id\":\"https:\/\/dev.freakuence.nl\/fr\/#organization\",\"name\":\"Freakuence !\",\"url\":\"https:\/\/dev.freakuence.nl\/fr\/\",\"logo\":{\"@type\":\"ImageObject\",\"inLanguage\":\"fr-FR\",\"@id\":\"https:\/\/dev.freakuence.nl\/fr\/#\/schema\/logo\/image\/\",\"url\":\"https:\/\/dev.freakuence.nl\/wp-content\/uploads\/2022\/05\/Brown_3_RGB_Freakuence-1.png\",\"contentUrl\":\"https:\/\/dev.freakuence.nl\/wp-content\/uploads\/2022\/05\/Brown_3_RGB_Freakuence-1.png\",\"width\":2560,\"height\":684,\"caption\":\"Freakuence !\"},\"image\":{\"@id\":\"https:\/\/dev.freakuence.nl\/fr\/#\/schema\/logo\/image\/\"},\"sameAs\":[\"https:\/\/www.instagram.com\/freakuence_notorious_audio\/\"]}]}<\/script>\n<!-- \/ Yoast SEO plugin. -->","yoast_head_json":{"title":"Moon 250i v1 | Freakuence!","description":"Moon 250i v1 : puissant amplificateur int\u00e9gr\u00e9 avec 50W par canal, 6 entr\u00e9es et un son de haute qualit\u00e9. \u2713 HiFi neuf et d'occasion \u2713 Note du client : 4.9 sur 5 \u2713 Reprise \u2713 Session d'\u00e9coute","robots":{"index":"noindex","follow":"follow","max-snippet":"max-snippet:-1","max-image-preview":"max-image-preview:large","max-video-preview":"max-video-preview:-1"},"og_locale":"fr_FR","og_type":"article","og_title":"Moon 250i v1 | Freakuence!","og_description":"Moon 250i v1 : puissant amplificateur int\u00e9gr\u00e9 avec 50W par canal, 6 entr\u00e9es et un son de haute qualit\u00e9. \u2713 HiFi neuf et d'occasion \u2713 Note du client : 4.9 sur 5 \u2713 Reprise \u2713 Session d'\u00e9coute","og_url":"https:\/\/dev.freakuence.nl\/fr\/produit\/moon-250i-v1\/","og_site_name":"Freakuence!","article_modified_time":"2026-04-08T18:18:41+00:00","og_image":[{"width":1800,"height":1200,"url":"https:\/\/dev.freakuence.nl\/wp-content\/uploads\/2026\/04\/17722051896360-18704-IMG1671.jpg","type":"image\/jpeg"}],"twitter_card":"summary_large_image","schema":{"@context":"https:\/\/schema.org","@graph":[{"@type":"WebPage","@id":"https:\/\/dev.freakuence.nl\/fr\/produit\/moon-250i-v1\/","url":"https:\/\/dev.freakuence.nl\/fr\/produit\/moon-250i-v1\/","name":"Moon 250i v1 | Freakuence!","isPartOf":{"@id":"https:\/\/dev.freakuence.nl\/fr\/#website"},"primaryImageOfPage":{"@id":"https:\/\/dev.freakuence.nl\/fr\/produit\/moon-250i-v1\/#primaryimage"},"image":{"@id":"https:\/\/dev.freakuence.nl\/fr\/produit\/moon-250i-v1\/#primaryimage"},"thumbnailUrl":"https:\/\/dev.freakuence.nl\/wp-content\/uploads\/2026\/04\/17722051896360-18704-IMG1671.jpg","datePublished":"2026-02-27T15:13:32+00:00","dateModified":"2026-04-08T18:18:41+00:00","description":"Moon 250i v1 : puissant amplificateur int\u00e9gr\u00e9 avec 50W par canal, 6 entr\u00e9es et un son de haute qualit\u00e9. \u2713 HiFi neuf et d'occasion \u2713 Note du client : 4.9 sur 5 \u2713 Reprise \u2713 Session d'\u00e9coute","breadcrumb":{"@id":"https:\/\/dev.freakuence.nl\/fr\/produit\/moon-250i-v1\/#breadcrumb"},"inLanguage":"fr-FR","potentialAction":[{"@type":"ReadAction","target":["https:\/\/dev.freakuence.nl\/fr\/produit\/moon-250i-v1\/"]}]},{"@type":"ImageObject","inLanguage":"fr-FR","@id":"https:\/\/dev.freakuence.nl\/fr\/produit\/moon-250i-v1\/#primaryimage","url":"https:\/\/dev.freakuence.nl\/wp-content\/uploads\/2026\/04\/17722051896360-18704-IMG1671.jpg","contentUrl":"https:\/\/dev.freakuence.nl\/wp-content\/uploads\/2026\/04\/17722051896360-18704-IMG1671.jpg","width":1800,"height":1200},{"@type":"BreadcrumbList","@id":"https:\/\/dev.freakuence.nl\/fr\/produit\/moon-250i-v1\/#breadcrumb","itemListElement":[{"@type":"ListItem","position":1,"name":"Accueil","item":"https:\/\/dev.freakuence.nl\/fr\/"},{"@type":"ListItem","position":2,"name":"Produits","item":"https:\/\/dev.freakuence.nl\/fr\/produits\/"},{"@type":"ListItem","position":3,"name":"Moon 250i v1"}]},{"@type":"WebSite","@id":"https:\/\/dev.freakuence.nl\/fr\/#website","url":"https:\/\/dev.freakuence.nl\/fr\/","name":"Freakuence!","description":"Freakuence!","publisher":{"@id":"https:\/\/dev.freakuence.nl\/fr\/#organization"},"alternateName":"Freakuence","potentialAction":[{"@type":"SearchAction","target":{"@type":"EntryPoint","urlTemplate":"https:\/\/dev.freakuence.nl\/fr\/?s={search_term_string}"},"query-input":{"@type":"PropertyValueSpecification","valueRequired":true,"valueName":"search_term_string"}}],"inLanguage":"fr-FR"},{"@type":"Organization","@id":"https:\/\/dev.freakuence.nl\/fr\/#organization","name":"Freakuence !","url":"https:\/\/dev.freakuence.nl\/fr\/","logo":{"@type":"ImageObject","inLanguage":"fr-FR","@id":"https:\/\/dev.freakuence.nl\/fr\/#\/schema\/logo\/image\/","url":"https:\/\/dev.freakuence.nl\/wp-content\/uploads\/2022\/05\/Brown_3_RGB_Freakuence-1.png","contentUrl":"https:\/\/dev.freakuence.nl\/wp-content\/uploads\/2022\/05\/Brown_3_RGB_Freakuence-1.png","width":2560,"height":684,"caption":"Freakuence !"},"image":{"@id":"https:\/\/dev.freakuence.nl\/fr\/#\/schema\/logo\/image\/"},"sameAs":["https:\/\/www.instagram.com\/freakuence_notorious_audio\/"]}]}},"_links":{"self":[{"href":"https:\/\/dev.freakuence.nl\/fr\/wp-json\/wp\/v2\/product\/357115","targetHints":{"allow":["GET"]}}],"collection":[{"href":"https:\/\/dev.freakuence.nl\/fr\/wp-json\/wp\/v2\/product"}],"about":[{"href":"https:\/\/dev.freakuence.nl\/fr\/wp-json\/wp\/v2\/types\/product"}],"wp:featuredmedia":[{"embeddable":true,"href":"https:\/\/dev.freakuence.nl\/fr\/wp-json\/wp\/v2\/media\/386307"}],"wp:attachment":[{"href":"https:\/\/dev.freakuence.nl\/fr\/wp-json\/wp\/v2\/media?parent=357115"}],"wp:term":[{"taxonomy":"product_brand","embeddable":true,"href":"https:\/\/dev.freakuence.nl\/fr\/wp-json\/wp\/v2\/product_brand?post=357115"},{"taxonomy":"product_cat","embeddable":true,"href":"https:\/\/dev.freakuence.nl\/fr\/wp-json\/wp\/v2\/product_cat?post=357115"},{"taxonomy":"product_tag","embeddable":true,"href":"https:\/\/dev.freakuence.nl\/fr\/wp-json\/wp\/v2\/product_tag?post=357115"}],"curies":[{"name":"wp","href":"https:\/\/api.w.org\/{rel}","templated":true}]}}