{"id":359063,"date":"2026-03-06T13:47:21","date_gmt":"2026-03-06T12:47:21","guid":{"rendered":"https:\/\/freakuence.nl\/product\/amplificateur-a-tubes-pink-faun-1x50-2\/"},"modified":"2026-04-10T15:47:00","modified_gmt":"2026-04-10T13:47:00","slug":"amplificateur-a-tubes-pink-faun-1x50-2","status":"publish","type":"product","link":"https:\/\/dev.freakuence.nl\/fr\/produit\/amplificateur-a-tubes-pink-faun-1x50-2\/","title":{"rendered":"Amplificateur \u00e0 tubes Pink Faun 1&#215;50"},"content":{"rendered":"<div class=\"product-specifications-list\">\n<div class=\"specification-item row-header\"><span class=\"spec-content\"><strong>Description Freakuence !<\/strong><\/span><\/div>\n<div class=\"specification-item row-even\"><span class=\"spec-content\">Deux fr\u00e9gates musicales puissantes et arm\u00e9es. La violence, mais sous forme de musicalit\u00e9. Ces amplificateurs \u00e0 tubes ont \u00e9t\u00e9 construits en petit nombre et sont donc rarement propos\u00e9s. Tr\u00e8s puissants ! Joliment arrondis.    <\/span><\/div>\n<div class=\"specification-item row-header\"><span class=\"spec-content\"><strong>D\u00e9tails<\/strong><\/span><\/div>\n<div class=\"specification-item row-even\"><span class=\"spec-content\">Dommages, voir les photos !<\/span><\/div>\n<div class=\"specification-item row-header\"><span class=\"spec-content\"><strong>Description g\u00e9n\u00e9rale<\/strong><\/span><\/div>\n<div class=\"specification-item row-even\"><span class=\"spec-content\">L&rsquo;amplificateur \u00e0 tubes Pink Faun 1&#215;50 est un amplificateur \u00e0 tubes mono connu pour ses performances musicales et sa qualit\u00e9 de fabrication. De conception \u00e9quilibr\u00e9e, cet amplificateur offre une reproduction sonore chaleureuse et d\u00e9taill\u00e9e. Le Tube Amp 1&#215;50 est fabriqu\u00e9 \u00e0 la main et utilise des composants de haute qualit\u00e9, ce qui contribue \u00e0 sa fiabilit\u00e9 et \u00e0 sa durabilit\u00e9. Cet amplificateur est con\u00e7u pour fonctionner en toute transparence avec diff\u00e9rents syst\u00e8mes de haut-parleurs, ce qui le rend adapt\u00e9 \u00e0 diff\u00e9rents environnements d&rsquo;\u00e9coute. L&rsquo;association de la technologie traditionnelle des tubes et de mat\u00e9riaux soigneusement s\u00e9lectionn\u00e9s permet d&rsquo;obtenir une exp\u00e9rience d&rsquo;\u00e9coute authentique et immersive.    <\/span><\/div>\n<div class=\"specification-item row-header\"><span class=\"spec-content\"><strong>Histoire de la marque<\/strong><\/span><\/div>\n<div class=\"specification-item row-even\"><span class=\"spec-content\">Pink Faun est une soci\u00e9t\u00e9 n\u00e9erlandaise qui se consacre aujourd&rsquo;hui uniquement \u00e0 la reproduction de musique num\u00e9rique avec une approche analogique. L&rsquo;entreprise con\u00e7oit des \u00e9quipements de musique num\u00e9rique comme des composants analogiques, combinant les avantages techniques du domaine num\u00e9rique avec la musicalit\u00e9 de l&rsquo;analogique. Pink Faun vise \u00e0 ce que les fichiers musicaux provenant d&rsquo;un environnement num\u00e9rique contr\u00f4l\u00e9 soient reproduits de mani\u00e8re analogique par des haut-parleurs ou des casques. L&rsquo;entreprise est bas\u00e9e \u00e0 Wageningen, aux Pays-Bas.   <\/span><\/div>\n<\/div>\n","protected":false},"excerpt":{"rendered":"<p>Description Freakuence ! Deux fr\u00e9gates musicales puissantes et arm\u00e9es. La violence, mais sous forme de musicalit\u00e9. Ces amplificateurs \u00e0 tubes ont \u00e9t\u00e9 construits en petit nombre et sont donc rarement propos\u00e9s. Tr\u00e8s puissants ! Joliment arrondis. D\u00e9tails Dommages, voir les photos ! Description g\u00e9n\u00e9rale L&rsquo;amplificateur \u00e0 tubes Pink Faun 1&#215;50 est un amplificateur \u00e0 tubes [&hellip;]<\/p>\n","protected":false},"featured_media":391601,"template":"","meta":{"_acf_changed":false,"inline_featured_image":false},"product_brand":[],"product_cat":[530,556,745],"product_tag":[533],"class_list":{"0":"post-359063","1":"product","2":"type-product","3":"status-publish","4":"has-post-thumbnail","6":"product_cat-amplificateurs","7":"product_cat-amplificateurs-a-tubes","8":"product_cat-amplificateurs-stereo","9":"product_tag-used","10":"pa_kleur-noir","12":"first","13":"instock","14":"sold-individually","15":"purchasable","16":"product-type-simple"},"acf":{"website":true,"show_on_homepage":false,"brand_title":"Pink Faun","product_type":"Tube Amp 1x50","color":"Noir","subcolor":"","reserved_status":"0"},"yoast_head":"<!-- This site is optimized with the Yoast SEO plugin v25.9 - https:\/\/yoast.com\/wordpress\/plugins\/seo\/ -->\n<title>Amplificateur \u00e0 tubes Pink Faun 1x50 | Freakuence!<\/title>\n<meta name=\"description\" content=\"Pink Faun Tube Amp 1x50 : puissant amplificateur \u00e0 tubes au son chaud et musical. \u2713 HiFi neuf et d&#039;occasion \u2713 Note des clients : 4.9 sur 5 \u2713 Reprise \u2713 Session d&#039;\u00e9coute\" \/>\n<meta name=\"robots\" content=\"noindex, follow, max-snippet:-1, max-image-preview:large, max-video-preview:-1\" \/>\n<meta property=\"og:locale\" content=\"fr_FR\" \/>\n<meta property=\"og:type\" content=\"article\" \/>\n<meta property=\"og:title\" content=\"Amplificateur \u00e0 tubes Pink Faun 1x50 | Freakuence!\" \/>\n<meta property=\"og:description\" content=\"Pink Faun Tube Amp 1x50 : puissant amplificateur \u00e0 tubes au son chaud et musical. \u2713 HiFi neuf et d&#039;occasion \u2713 Note des clients : 4.9 sur 5 \u2713 Reprise \u2713 Session d&#039;\u00e9coute\" \/>\n<meta property=\"og:url\" content=\"https:\/\/dev.freakuence.nl\/fr\/produit\/amplificateur-a-tubes-pink-faun-1x50-2\/\" \/>\n<meta property=\"og:site_name\" content=\"Freakuence!\" \/>\n<meta property=\"article:modified_time\" content=\"2026-04-10T13:47:00+00:00\" \/>\n<meta property=\"og:image\" content=\"https:\/\/dev.freakuence.nl\/wp-content\/uploads\/2026\/04\/17728025116670-19075-IMG2001.jpg\" \/>\n\t<meta property=\"og:image:width\" content=\"1800\" \/>\n\t<meta property=\"og:image:height\" content=\"1200\" \/>\n\t<meta property=\"og:image:type\" content=\"image\/jpeg\" \/>\n<meta name=\"twitter:card\" content=\"summary_large_image\" \/>\n<script type=\"application\/ld+json\" class=\"yoast-schema-graph\">{\"@context\":\"https:\/\/schema.org\",\"@graph\":[{\"@type\":\"WebPage\",\"@id\":\"https:\/\/dev.freakuence.nl\/fr\/produit\/amplificateur-a-tubes-pink-faun-1x50-2\/\",\"url\":\"https:\/\/dev.freakuence.nl\/fr\/produit\/amplificateur-a-tubes-pink-faun-1x50-2\/\",\"name\":\"Amplificateur \u00e0 tubes Pink Faun 1x50 | Freakuence!\",\"isPartOf\":{\"@id\":\"https:\/\/dev.freakuence.nl\/fr\/#website\"},\"primaryImageOfPage\":{\"@id\":\"https:\/\/dev.freakuence.nl\/fr\/produit\/amplificateur-a-tubes-pink-faun-1x50-2\/#primaryimage\"},\"image\":{\"@id\":\"https:\/\/dev.freakuence.nl\/fr\/produit\/amplificateur-a-tubes-pink-faun-1x50-2\/#primaryimage\"},\"thumbnailUrl\":\"https:\/\/dev.freakuence.nl\/wp-content\/uploads\/2026\/04\/17728025116670-19075-IMG2001.jpg\",\"datePublished\":\"2026-03-06T12:47:21+00:00\",\"dateModified\":\"2026-04-10T13:47:00+00:00\",\"description\":\"Pink Faun Tube Amp 1x50 : puissant amplificateur \u00e0 tubes au son chaud et musical. \u2713 HiFi neuf et d'occasion \u2713 Note des clients : 4.9 sur 5 \u2713 Reprise \u2713 Session d'\u00e9coute\",\"breadcrumb\":{\"@id\":\"https:\/\/dev.freakuence.nl\/fr\/produit\/amplificateur-a-tubes-pink-faun-1x50-2\/#breadcrumb\"},\"inLanguage\":\"fr-FR\",\"potentialAction\":[{\"@type\":\"ReadAction\",\"target\":[\"https:\/\/dev.freakuence.nl\/fr\/produit\/amplificateur-a-tubes-pink-faun-1x50-2\/\"]}]},{\"@type\":\"ImageObject\",\"inLanguage\":\"fr-FR\",\"@id\":\"https:\/\/dev.freakuence.nl\/fr\/produit\/amplificateur-a-tubes-pink-faun-1x50-2\/#primaryimage\",\"url\":\"https:\/\/dev.freakuence.nl\/wp-content\/uploads\/2026\/04\/17728025116670-19075-IMG2001.jpg\",\"contentUrl\":\"https:\/\/dev.freakuence.nl\/wp-content\/uploads\/2026\/04\/17728025116670-19075-IMG2001.jpg\",\"width\":1800,\"height\":1200},{\"@type\":\"BreadcrumbList\",\"@id\":\"https:\/\/dev.freakuence.nl\/fr\/produit\/amplificateur-a-tubes-pink-faun-1x50-2\/#breadcrumb\",\"itemListElement\":[{\"@type\":\"ListItem\",\"position\":1,\"name\":\"Accueil\",\"item\":\"https:\/\/dev.freakuence.nl\/fr\/\"},{\"@type\":\"ListItem\",\"position\":2,\"name\":\"Produits\",\"item\":\"https:\/\/dev.freakuence.nl\/fr\/produits\/\"},{\"@type\":\"ListItem\",\"position\":3,\"name\":\"Pink Faun Tube Amp 1x50\"}]},{\"@type\":\"WebSite\",\"@id\":\"https:\/\/dev.freakuence.nl\/fr\/#website\",\"url\":\"https:\/\/dev.freakuence.nl\/fr\/\",\"name\":\"Freakuence!\",\"description\":\"Freakuence!\",\"publisher\":{\"@id\":\"https:\/\/dev.freakuence.nl\/fr\/#organization\"},\"alternateName\":\"Freakuence\",\"potentialAction\":[{\"@type\":\"SearchAction\",\"target\":{\"@type\":\"EntryPoint\",\"urlTemplate\":\"https:\/\/dev.freakuence.nl\/fr\/?s={search_term_string}\"},\"query-input\":{\"@type\":\"PropertyValueSpecification\",\"valueRequired\":true,\"valueName\":\"search_term_string\"}}],\"inLanguage\":\"fr-FR\"},{\"@type\":\"Organization\",\"@id\":\"https:\/\/dev.freakuence.nl\/fr\/#organization\",\"name\":\"Freakuence !\",\"url\":\"https:\/\/dev.freakuence.nl\/fr\/\",\"logo\":{\"@type\":\"ImageObject\",\"inLanguage\":\"fr-FR\",\"@id\":\"https:\/\/dev.freakuence.nl\/fr\/#\/schema\/logo\/image\/\",\"url\":\"https:\/\/dev.freakuence.nl\/wp-content\/uploads\/2022\/05\/Brown_3_RGB_Freakuence-1.png\",\"contentUrl\":\"https:\/\/dev.freakuence.nl\/wp-content\/uploads\/2022\/05\/Brown_3_RGB_Freakuence-1.png\",\"width\":2560,\"height\":684,\"caption\":\"Freakuence !\"},\"image\":{\"@id\":\"https:\/\/dev.freakuence.nl\/fr\/#\/schema\/logo\/image\/\"},\"sameAs\":[\"https:\/\/www.instagram.com\/freakuence_notorious_audio\/\"]}]}<\/script>\n<!-- \/ Yoast SEO plugin. -->","yoast_head_json":{"title":"Amplificateur \u00e0 tubes Pink Faun 1x50 | Freakuence!","description":"Pink Faun Tube Amp 1x50 : puissant amplificateur \u00e0 tubes au son chaud et musical. \u2713 HiFi neuf et d'occasion \u2713 Note des clients : 4.9 sur 5 \u2713 Reprise \u2713 Session d'\u00e9coute","robots":{"index":"noindex","follow":"follow","max-snippet":"max-snippet:-1","max-image-preview":"max-image-preview:large","max-video-preview":"max-video-preview:-1"},"og_locale":"fr_FR","og_type":"article","og_title":"Amplificateur \u00e0 tubes Pink Faun 1x50 | Freakuence!","og_description":"Pink Faun Tube Amp 1x50 : puissant amplificateur \u00e0 tubes au son chaud et musical. \u2713 HiFi neuf et d'occasion \u2713 Note des clients : 4.9 sur 5 \u2713 Reprise \u2713 Session d'\u00e9coute","og_url":"https:\/\/dev.freakuence.nl\/fr\/produit\/amplificateur-a-tubes-pink-faun-1x50-2\/","og_site_name":"Freakuence!","article_modified_time":"2026-04-10T13:47:00+00:00","og_image":[{"width":1800,"height":1200,"url":"https:\/\/dev.freakuence.nl\/wp-content\/uploads\/2026\/04\/17728025116670-19075-IMG2001.jpg","type":"image\/jpeg"}],"twitter_card":"summary_large_image","schema":{"@context":"https:\/\/schema.org","@graph":[{"@type":"WebPage","@id":"https:\/\/dev.freakuence.nl\/fr\/produit\/amplificateur-a-tubes-pink-faun-1x50-2\/","url":"https:\/\/dev.freakuence.nl\/fr\/produit\/amplificateur-a-tubes-pink-faun-1x50-2\/","name":"Amplificateur \u00e0 tubes Pink Faun 1x50 | Freakuence!","isPartOf":{"@id":"https:\/\/dev.freakuence.nl\/fr\/#website"},"primaryImageOfPage":{"@id":"https:\/\/dev.freakuence.nl\/fr\/produit\/amplificateur-a-tubes-pink-faun-1x50-2\/#primaryimage"},"image":{"@id":"https:\/\/dev.freakuence.nl\/fr\/produit\/amplificateur-a-tubes-pink-faun-1x50-2\/#primaryimage"},"thumbnailUrl":"https:\/\/dev.freakuence.nl\/wp-content\/uploads\/2026\/04\/17728025116670-19075-IMG2001.jpg","datePublished":"2026-03-06T12:47:21+00:00","dateModified":"2026-04-10T13:47:00+00:00","description":"Pink Faun Tube Amp 1x50 : puissant amplificateur \u00e0 tubes au son chaud et musical. \u2713 HiFi neuf et d'occasion \u2713 Note des clients : 4.9 sur 5 \u2713 Reprise \u2713 Session d'\u00e9coute","breadcrumb":{"@id":"https:\/\/dev.freakuence.nl\/fr\/produit\/amplificateur-a-tubes-pink-faun-1x50-2\/#breadcrumb"},"inLanguage":"fr-FR","potentialAction":[{"@type":"ReadAction","target":["https:\/\/dev.freakuence.nl\/fr\/produit\/amplificateur-a-tubes-pink-faun-1x50-2\/"]}]},{"@type":"ImageObject","inLanguage":"fr-FR","@id":"https:\/\/dev.freakuence.nl\/fr\/produit\/amplificateur-a-tubes-pink-faun-1x50-2\/#primaryimage","url":"https:\/\/dev.freakuence.nl\/wp-content\/uploads\/2026\/04\/17728025116670-19075-IMG2001.jpg","contentUrl":"https:\/\/dev.freakuence.nl\/wp-content\/uploads\/2026\/04\/17728025116670-19075-IMG2001.jpg","width":1800,"height":1200},{"@type":"BreadcrumbList","@id":"https:\/\/dev.freakuence.nl\/fr\/produit\/amplificateur-a-tubes-pink-faun-1x50-2\/#breadcrumb","itemListElement":[{"@type":"ListItem","position":1,"name":"Accueil","item":"https:\/\/dev.freakuence.nl\/fr\/"},{"@type":"ListItem","position":2,"name":"Produits","item":"https:\/\/dev.freakuence.nl\/fr\/produits\/"},{"@type":"ListItem","position":3,"name":"Pink Faun Tube Amp 1x50"}]},{"@type":"WebSite","@id":"https:\/\/dev.freakuence.nl\/fr\/#website","url":"https:\/\/dev.freakuence.nl\/fr\/","name":"Freakuence!","description":"Freakuence!","publisher":{"@id":"https:\/\/dev.freakuence.nl\/fr\/#organization"},"alternateName":"Freakuence","potentialAction":[{"@type":"SearchAction","target":{"@type":"EntryPoint","urlTemplate":"https:\/\/dev.freakuence.nl\/fr\/?s={search_term_string}"},"query-input":{"@type":"PropertyValueSpecification","valueRequired":true,"valueName":"search_term_string"}}],"inLanguage":"fr-FR"},{"@type":"Organization","@id":"https:\/\/dev.freakuence.nl\/fr\/#organization","name":"Freakuence !","url":"https:\/\/dev.freakuence.nl\/fr\/","logo":{"@type":"ImageObject","inLanguage":"fr-FR","@id":"https:\/\/dev.freakuence.nl\/fr\/#\/schema\/logo\/image\/","url":"https:\/\/dev.freakuence.nl\/wp-content\/uploads\/2022\/05\/Brown_3_RGB_Freakuence-1.png","contentUrl":"https:\/\/dev.freakuence.nl\/wp-content\/uploads\/2022\/05\/Brown_3_RGB_Freakuence-1.png","width":2560,"height":684,"caption":"Freakuence !"},"image":{"@id":"https:\/\/dev.freakuence.nl\/fr\/#\/schema\/logo\/image\/"},"sameAs":["https:\/\/www.instagram.com\/freakuence_notorious_audio\/"]}]}},"_links":{"self":[{"href":"https:\/\/dev.freakuence.nl\/fr\/wp-json\/wp\/v2\/product\/359063","targetHints":{"allow":["GET"]}}],"collection":[{"href":"https:\/\/dev.freakuence.nl\/fr\/wp-json\/wp\/v2\/product"}],"about":[{"href":"https:\/\/dev.freakuence.nl\/fr\/wp-json\/wp\/v2\/types\/product"}],"wp:featuredmedia":[{"embeddable":true,"href":"https:\/\/dev.freakuence.nl\/fr\/wp-json\/wp\/v2\/media\/391601"}],"wp:attachment":[{"href":"https:\/\/dev.freakuence.nl\/fr\/wp-json\/wp\/v2\/media?parent=359063"}],"wp:term":[{"taxonomy":"product_brand","embeddable":true,"href":"https:\/\/dev.freakuence.nl\/fr\/wp-json\/wp\/v2\/product_brand?post=359063"},{"taxonomy":"product_cat","embeddable":true,"href":"https:\/\/dev.freakuence.nl\/fr\/wp-json\/wp\/v2\/product_cat?post=359063"},{"taxonomy":"product_tag","embeddable":true,"href":"https:\/\/dev.freakuence.nl\/fr\/wp-json\/wp\/v2\/product_tag?post=359063"}],"curies":[{"name":"wp","href":"https:\/\/api.w.org\/{rel}","templated":true}]}}