{"id":359396,"date":"2026-03-06T14:04:46","date_gmt":"2026-03-06T13:04:46","guid":{"rendered":"https:\/\/freakuence.nl\/product\/living-sounds-audio-warp-1\/"},"modified":"2026-04-08T14:45:59","modified_gmt":"2026-04-08T12:45:59","slug":"living-sounds-audio-warp-1","status":"publish","type":"product","link":"https:\/\/dev.freakuence.nl\/fr\/produit\/living-sounds-audio-warp-1\/","title":{"rendered":"Living Sounds Audio Warp 1"},"content":{"rendered":"<div class=\"product-specifications-list\">\n<div class=\"specification-item row-header\"><span class=\"spec-content\"><strong>Description Freakuence !<\/strong><\/span><\/div>\n<div class=\"specification-item row-even\"><span class=\"spec-content\">Qu&rsquo;est-ce que c&rsquo;est encore ? De la puissance dans une petite enceinte. La Warp 1 traverse le pont sans coloration suppl\u00e9mentaire ni chaleur excessive. La clart\u00e9 et la reproduction des d\u00e9tails sont imm\u00e9diatement perceptibles ; des nuances subtiles. Les basses sont serr\u00e9es et puissantes, mais jamais exag\u00e9r\u00e9es, et les moyennes et hautes fr\u00e9quences sont claires comme du cristal sans \u00eatre tranchantes.<\/span><\/div>\n<div class=\"specification-item row-header\"><span class=\"spec-content\"><strong>Description g\u00e9n\u00e9rale<\/strong><\/span><\/div>\n<div class=\"specification-item row-even\"><span class=\"spec-content\">Le Living Sounds Audio Warp 1 est un amplificateur de puissance st\u00e9r\u00e9o qui offre une sc\u00e8ne sonore puissante et d\u00e9taill\u00e9e. Avec une puissance de sortie de 150 watts par canal sous 8 ohms et de 250 watts sous 4 ohms, cet amplificateur offre suffisamment de puissance pour une grande vari\u00e9t\u00e9 de syst\u00e8mes de haut-parleurs.  <\/p>\n<p>Gr\u00e2ce \u00e0 la technologie avanc\u00e9e de classe D, le Warp 1 assure une reproduction musicale pr\u00e9cise, avec une image st\u00e9r\u00e9o large et une r\u00e9ponse dynamique. L&rsquo;amplificateur est \u00e9quip\u00e9 d&rsquo;entr\u00e9es sym\u00e9triques et asym\u00e9triques, ce qui offre une grande flexibilit\u00e9 lors de la connexion de diff\u00e9rentes sources audio.  <\/p>\n<p>Vous voulez d\u00e9couvrir les performances du Living Sounds Audio Warp 1 par vous-m\u00eame ? Planifiez une s\u00e9ance d&rsquo;\u00e9coute dans notre salle d&rsquo;\u00e9coute ou contactez-nous pour discuter des options d&rsquo;\u00e9change. <\/span><\/div>\n<div class=\"specification-item row-header\"><span class=\"spec-content\"><strong>Informations g\u00e9n\u00e9rales<\/strong><\/span><\/div>\n<div class=\"specification-item row-even\"><span class=\"spec-content\">Living Sounds Audio (LSA) pr\u00e9sente le Warp 1, un amplificateur moderne qui allie design et performance. D\u00e9velopp\u00e9 par des ing\u00e9nieurs exp\u00e9riment\u00e9s, LSA met l&rsquo;accent sur un son de haute qualit\u00e9 avec un design simpliste. Le Warp 1 utilise des composants soigneusement s\u00e9lectionn\u00e9s, notamment des condensateurs et des r\u00e9sistances audiophiles, pour garantir un son pur. Le bo\u00eetier est en aluminium robuste, ce qui offre non seulement une grande durabilit\u00e9, mais r\u00e9duit \u00e9galement les vibrations ind\u00e9sirables. La conception interne vise \u00e0 obtenir le chemin de signal le plus court possible, le c\u00e2blage interne \u00e9tant soumis \u00e0 des normes de qualit\u00e9 strictes. Cette philosophie du \u00ab\u00a0moins, c&rsquo;est plus\u00a0\u00bb permet de pr\u00e9server la pr\u00e9cision et la dynamique musicales.     <\/span><\/div>\n<div class=\"specification-item row-header\"><span class=\"spec-content\"><strong>Histoire de la marque<\/strong><\/span><\/div>\n<div class=\"specification-item row-even\"><span class=\"spec-content\">Fond\u00e9e par Mark Schifter, la soci\u00e9t\u00e9 Living Sounds Audio (LSA) s&rsquo;est fait un nom ces derni\u00e8res ann\u00e9es gr\u00e2ce \u00e0 ses \u00e9quipements audio distinctifs. Situ\u00e9e aux \u00c9tats-Unis, l&rsquo;entreprise se concentre sur le d\u00e9veloppement et la production de produits de haute qualit\u00e9. LSA combine des m\u00e9thodes de production traditionnelles avec des technologies modernes, ce qui a permis de cr\u00e9er une large gamme de produits qui ont attir\u00e9 l&rsquo;attention du monde entier. La marque s&rsquo;efforce de trouver un \u00e9quilibre entre le design visuel et les performances techniques. LSA a lanc\u00e9 un nombre consid\u00e9rable de mod\u00e8les dans diff\u00e9rentes gammes de prix. L&rsquo;attention port\u00e9e aux d\u00e9tails et l&rsquo;utilisation de mat\u00e9riaux soigneusement s\u00e9lectionn\u00e9s jouent un r\u00f4le crucial dans le d\u00e9veloppement des produits. Leur approche a donn\u00e9 lieu \u00e0 plusieurs collaborations avec d&rsquo;autres marques de l&rsquo;industrie, ce qui a contribu\u00e9 \u00e0 leur r\u00e9putation.      <\/span><\/div>\n<\/div>\n","protected":false},"excerpt":{"rendered":"<p>Description Freakuence ! Qu&rsquo;est-ce que c&rsquo;est encore ? De la puissance dans une petite enceinte. La Warp 1 traverse le pont sans coloration suppl\u00e9mentaire ni chaleur excessive. La clart\u00e9 et la reproduction des d\u00e9tails sont imm\u00e9diatement perceptibles ; des nuances subtiles. Les basses sont serr\u00e9es et puissantes, mais jamais exag\u00e9r\u00e9es, et les moyennes et hautes [&hellip;]<\/p>\n","protected":false},"featured_media":380688,"template":"","meta":{"_acf_changed":false,"inline_featured_image":false},"product_brand":[],"product_cat":[530,746,768],"product_tag":[533],"class_list":{"0":"post-359396","1":"product","2":"type-product","3":"status-publish","4":"has-post-thumbnail","6":"product_cat-amplificateurs","7":"product_cat-amplificateurs-de-puissance","8":"product_cat-classe-a-classe-a-b","9":"product_tag-used","10":"pa_kleur-noir","12":"first","13":"instock","14":"sold-individually","15":"purchasable","16":"product-type-simple"},"acf":{"website":true,"show_on_homepage":false,"brand_title":"Living Sounds Audio","product_type":"Warp 1","color":"Noir","subcolor":"","reserved_status":"0"},"yoast_head":"<!-- This site is optimized with the Yoast SEO plugin v25.9 - https:\/\/yoast.com\/wordpress\/plugins\/seo\/ -->\n<title>Living Sounds Audio Warp 1 | Freakuence!<\/title>\n<meta name=\"description\" content=\"Living Sounds Audio Warp 1 : amplificateur de puissance puissant et \u00e9conome en \u00e9nergie avec d&#039;excellentes critiques. \u2713 HiFi neuve et d&#039;occasion \u2713 Note du client : 4.9 sur 5 \u2713 Reprise \u2713 Session d&#039;\u00e9coute\" \/>\n<meta name=\"robots\" content=\"noindex, follow, max-snippet:-1, max-image-preview:large, max-video-preview:-1\" \/>\n<meta property=\"og:locale\" content=\"fr_FR\" \/>\n<meta property=\"og:type\" content=\"article\" \/>\n<meta property=\"og:title\" content=\"Living Sounds Audio Warp 1 | Freakuence!\" \/>\n<meta property=\"og:description\" content=\"Living Sounds Audio Warp 1 : amplificateur de puissance puissant et \u00e9conome en \u00e9nergie avec d&#039;excellentes critiques. \u2713 HiFi neuve et d&#039;occasion \u2713 Note du client : 4.9 sur 5 \u2713 Reprise \u2713 Session d&#039;\u00e9coute\" \/>\n<meta property=\"og:url\" content=\"https:\/\/dev.freakuence.nl\/fr\/produit\/living-sounds-audio-warp-1\/\" \/>\n<meta property=\"og:site_name\" content=\"Freakuence!\" \/>\n<meta property=\"article:modified_time\" content=\"2026-04-08T12:45:59+00:00\" \/>\n<meta property=\"og:image\" content=\"https:\/\/dev.freakuence.nl\/wp-content\/uploads\/2026\/04\/17726416058553-16318-IMG2295.jpg\" \/>\n\t<meta property=\"og:image:width\" content=\"1800\" \/>\n\t<meta property=\"og:image:height\" content=\"1200\" \/>\n\t<meta property=\"og:image:type\" content=\"image\/jpeg\" \/>\n<meta name=\"twitter:card\" content=\"summary_large_image\" \/>\n<script type=\"application\/ld+json\" class=\"yoast-schema-graph\">{\"@context\":\"https:\/\/schema.org\",\"@graph\":[{\"@type\":\"WebPage\",\"@id\":\"https:\/\/dev.freakuence.nl\/fr\/produit\/living-sounds-audio-warp-1\/\",\"url\":\"https:\/\/dev.freakuence.nl\/fr\/produit\/living-sounds-audio-warp-1\/\",\"name\":\"Living Sounds Audio Warp 1 | Freakuence!\",\"isPartOf\":{\"@id\":\"https:\/\/dev.freakuence.nl\/fr\/#website\"},\"primaryImageOfPage\":{\"@id\":\"https:\/\/dev.freakuence.nl\/fr\/produit\/living-sounds-audio-warp-1\/#primaryimage\"},\"image\":{\"@id\":\"https:\/\/dev.freakuence.nl\/fr\/produit\/living-sounds-audio-warp-1\/#primaryimage\"},\"thumbnailUrl\":\"https:\/\/dev.freakuence.nl\/wp-content\/uploads\/2026\/04\/17726416058553-16318-IMG2295.jpg\",\"datePublished\":\"2026-03-06T13:04:46+00:00\",\"dateModified\":\"2026-04-08T12:45:59+00:00\",\"description\":\"Living Sounds Audio Warp 1 : amplificateur de puissance puissant et \u00e9conome en \u00e9nergie avec d'excellentes critiques. \u2713 HiFi neuve et d'occasion \u2713 Note du client : 4.9 sur 5 \u2713 Reprise \u2713 Session d'\u00e9coute\",\"breadcrumb\":{\"@id\":\"https:\/\/dev.freakuence.nl\/fr\/produit\/living-sounds-audio-warp-1\/#breadcrumb\"},\"inLanguage\":\"fr-FR\",\"potentialAction\":[{\"@type\":\"ReadAction\",\"target\":[\"https:\/\/dev.freakuence.nl\/fr\/produit\/living-sounds-audio-warp-1\/\"]}]},{\"@type\":\"ImageObject\",\"inLanguage\":\"fr-FR\",\"@id\":\"https:\/\/dev.freakuence.nl\/fr\/produit\/living-sounds-audio-warp-1\/#primaryimage\",\"url\":\"https:\/\/dev.freakuence.nl\/wp-content\/uploads\/2026\/04\/17726416058553-16318-IMG2295.jpg\",\"contentUrl\":\"https:\/\/dev.freakuence.nl\/wp-content\/uploads\/2026\/04\/17726416058553-16318-IMG2295.jpg\",\"width\":1800,\"height\":1200},{\"@type\":\"BreadcrumbList\",\"@id\":\"https:\/\/dev.freakuence.nl\/fr\/produit\/living-sounds-audio-warp-1\/#breadcrumb\",\"itemListElement\":[{\"@type\":\"ListItem\",\"position\":1,\"name\":\"Accueil\",\"item\":\"https:\/\/dev.freakuence.nl\/fr\/\"},{\"@type\":\"ListItem\",\"position\":2,\"name\":\"Produits\",\"item\":\"https:\/\/dev.freakuence.nl\/fr\/produits\/\"},{\"@type\":\"ListItem\",\"position\":3,\"name\":\"Living Sounds Audio Warp 1\"}]},{\"@type\":\"WebSite\",\"@id\":\"https:\/\/dev.freakuence.nl\/fr\/#website\",\"url\":\"https:\/\/dev.freakuence.nl\/fr\/\",\"name\":\"Freakuence!\",\"description\":\"Freakuence!\",\"publisher\":{\"@id\":\"https:\/\/dev.freakuence.nl\/fr\/#organization\"},\"alternateName\":\"Freakuence\",\"potentialAction\":[{\"@type\":\"SearchAction\",\"target\":{\"@type\":\"EntryPoint\",\"urlTemplate\":\"https:\/\/dev.freakuence.nl\/fr\/?s={search_term_string}\"},\"query-input\":{\"@type\":\"PropertyValueSpecification\",\"valueRequired\":true,\"valueName\":\"search_term_string\"}}],\"inLanguage\":\"fr-FR\"},{\"@type\":\"Organization\",\"@id\":\"https:\/\/dev.freakuence.nl\/fr\/#organization\",\"name\":\"Freakuence !\",\"url\":\"https:\/\/dev.freakuence.nl\/fr\/\",\"logo\":{\"@type\":\"ImageObject\",\"inLanguage\":\"fr-FR\",\"@id\":\"https:\/\/dev.freakuence.nl\/fr\/#\/schema\/logo\/image\/\",\"url\":\"https:\/\/dev.freakuence.nl\/wp-content\/uploads\/2022\/05\/Brown_3_RGB_Freakuence-1.png\",\"contentUrl\":\"https:\/\/dev.freakuence.nl\/wp-content\/uploads\/2022\/05\/Brown_3_RGB_Freakuence-1.png\",\"width\":2560,\"height\":684,\"caption\":\"Freakuence !\"},\"image\":{\"@id\":\"https:\/\/dev.freakuence.nl\/fr\/#\/schema\/logo\/image\/\"},\"sameAs\":[\"https:\/\/www.instagram.com\/freakuence_notorious_audio\/\"]}]}<\/script>\n<!-- \/ Yoast SEO plugin. -->","yoast_head_json":{"title":"Living Sounds Audio Warp 1 | Freakuence!","description":"Living Sounds Audio Warp 1 : amplificateur de puissance puissant et \u00e9conome en \u00e9nergie avec d'excellentes critiques. \u2713 HiFi neuve et d'occasion \u2713 Note du client : 4.9 sur 5 \u2713 Reprise \u2713 Session d'\u00e9coute","robots":{"index":"noindex","follow":"follow","max-snippet":"max-snippet:-1","max-image-preview":"max-image-preview:large","max-video-preview":"max-video-preview:-1"},"og_locale":"fr_FR","og_type":"article","og_title":"Living Sounds Audio Warp 1 | Freakuence!","og_description":"Living Sounds Audio Warp 1 : amplificateur de puissance puissant et \u00e9conome en \u00e9nergie avec d'excellentes critiques. \u2713 HiFi neuve et d'occasion \u2713 Note du client : 4.9 sur 5 \u2713 Reprise \u2713 Session d'\u00e9coute","og_url":"https:\/\/dev.freakuence.nl\/fr\/produit\/living-sounds-audio-warp-1\/","og_site_name":"Freakuence!","article_modified_time":"2026-04-08T12:45:59+00:00","og_image":[{"width":1800,"height":1200,"url":"https:\/\/dev.freakuence.nl\/wp-content\/uploads\/2026\/04\/17726416058553-16318-IMG2295.jpg","type":"image\/jpeg"}],"twitter_card":"summary_large_image","schema":{"@context":"https:\/\/schema.org","@graph":[{"@type":"WebPage","@id":"https:\/\/dev.freakuence.nl\/fr\/produit\/living-sounds-audio-warp-1\/","url":"https:\/\/dev.freakuence.nl\/fr\/produit\/living-sounds-audio-warp-1\/","name":"Living Sounds Audio Warp 1 | Freakuence!","isPartOf":{"@id":"https:\/\/dev.freakuence.nl\/fr\/#website"},"primaryImageOfPage":{"@id":"https:\/\/dev.freakuence.nl\/fr\/produit\/living-sounds-audio-warp-1\/#primaryimage"},"image":{"@id":"https:\/\/dev.freakuence.nl\/fr\/produit\/living-sounds-audio-warp-1\/#primaryimage"},"thumbnailUrl":"https:\/\/dev.freakuence.nl\/wp-content\/uploads\/2026\/04\/17726416058553-16318-IMG2295.jpg","datePublished":"2026-03-06T13:04:46+00:00","dateModified":"2026-04-08T12:45:59+00:00","description":"Living Sounds Audio Warp 1 : amplificateur de puissance puissant et \u00e9conome en \u00e9nergie avec d'excellentes critiques. \u2713 HiFi neuve et d'occasion \u2713 Note du client : 4.9 sur 5 \u2713 Reprise \u2713 Session d'\u00e9coute","breadcrumb":{"@id":"https:\/\/dev.freakuence.nl\/fr\/produit\/living-sounds-audio-warp-1\/#breadcrumb"},"inLanguage":"fr-FR","potentialAction":[{"@type":"ReadAction","target":["https:\/\/dev.freakuence.nl\/fr\/produit\/living-sounds-audio-warp-1\/"]}]},{"@type":"ImageObject","inLanguage":"fr-FR","@id":"https:\/\/dev.freakuence.nl\/fr\/produit\/living-sounds-audio-warp-1\/#primaryimage","url":"https:\/\/dev.freakuence.nl\/wp-content\/uploads\/2026\/04\/17726416058553-16318-IMG2295.jpg","contentUrl":"https:\/\/dev.freakuence.nl\/wp-content\/uploads\/2026\/04\/17726416058553-16318-IMG2295.jpg","width":1800,"height":1200},{"@type":"BreadcrumbList","@id":"https:\/\/dev.freakuence.nl\/fr\/produit\/living-sounds-audio-warp-1\/#breadcrumb","itemListElement":[{"@type":"ListItem","position":1,"name":"Accueil","item":"https:\/\/dev.freakuence.nl\/fr\/"},{"@type":"ListItem","position":2,"name":"Produits","item":"https:\/\/dev.freakuence.nl\/fr\/produits\/"},{"@type":"ListItem","position":3,"name":"Living Sounds Audio Warp 1"}]},{"@type":"WebSite","@id":"https:\/\/dev.freakuence.nl\/fr\/#website","url":"https:\/\/dev.freakuence.nl\/fr\/","name":"Freakuence!","description":"Freakuence!","publisher":{"@id":"https:\/\/dev.freakuence.nl\/fr\/#organization"},"alternateName":"Freakuence","potentialAction":[{"@type":"SearchAction","target":{"@type":"EntryPoint","urlTemplate":"https:\/\/dev.freakuence.nl\/fr\/?s={search_term_string}"},"query-input":{"@type":"PropertyValueSpecification","valueRequired":true,"valueName":"search_term_string"}}],"inLanguage":"fr-FR"},{"@type":"Organization","@id":"https:\/\/dev.freakuence.nl\/fr\/#organization","name":"Freakuence !","url":"https:\/\/dev.freakuence.nl\/fr\/","logo":{"@type":"ImageObject","inLanguage":"fr-FR","@id":"https:\/\/dev.freakuence.nl\/fr\/#\/schema\/logo\/image\/","url":"https:\/\/dev.freakuence.nl\/wp-content\/uploads\/2022\/05\/Brown_3_RGB_Freakuence-1.png","contentUrl":"https:\/\/dev.freakuence.nl\/wp-content\/uploads\/2022\/05\/Brown_3_RGB_Freakuence-1.png","width":2560,"height":684,"caption":"Freakuence !"},"image":{"@id":"https:\/\/dev.freakuence.nl\/fr\/#\/schema\/logo\/image\/"},"sameAs":["https:\/\/www.instagram.com\/freakuence_notorious_audio\/"]}]}},"_links":{"self":[{"href":"https:\/\/dev.freakuence.nl\/fr\/wp-json\/wp\/v2\/product\/359396","targetHints":{"allow":["GET"]}}],"collection":[{"href":"https:\/\/dev.freakuence.nl\/fr\/wp-json\/wp\/v2\/product"}],"about":[{"href":"https:\/\/dev.freakuence.nl\/fr\/wp-json\/wp\/v2\/types\/product"}],"wp:featuredmedia":[{"embeddable":true,"href":"https:\/\/dev.freakuence.nl\/fr\/wp-json\/wp\/v2\/media\/380688"}],"wp:attachment":[{"href":"https:\/\/dev.freakuence.nl\/fr\/wp-json\/wp\/v2\/media?parent=359396"}],"wp:term":[{"taxonomy":"product_brand","embeddable":true,"href":"https:\/\/dev.freakuence.nl\/fr\/wp-json\/wp\/v2\/product_brand?post=359396"},{"taxonomy":"product_cat","embeddable":true,"href":"https:\/\/dev.freakuence.nl\/fr\/wp-json\/wp\/v2\/product_cat?post=359396"},{"taxonomy":"product_tag","embeddable":true,"href":"https:\/\/dev.freakuence.nl\/fr\/wp-json\/wp\/v2\/product_tag?post=359396"}],"curies":[{"name":"wp","href":"https:\/\/api.w.org\/{rel}","templated":true}]}}