{"id":359803,"date":"2026-03-06T14:13:48","date_gmt":"2026-03-06T13:13:48","guid":{"rendered":"https:\/\/freakuence.nl\/product\/revel-performa-m126be\/"},"modified":"2026-03-06T14:13:48","modified_gmt":"2026-03-06T13:13:48","slug":"revel-performa-m126be","status":"publish","type":"product","link":"https:\/\/dev.freakuence.nl\/fr\/produit\/revel-performa-m126be\/","title":{"rendered":"Revel Performa M126BE"},"content":{"rendered":"<div class=\"product-specifications-list\">\n<div class=\"specification-item row-header\"><span class=\"spec-content\"><strong>Description Freakuence !<\/strong><\/span><\/div>\n<div class=\"specification-item row-even\"><span class=\"spec-content\">L&rsquo;air et l&rsquo;espace ! C&rsquo;est ce qu&rsquo;ils font. Le M126Be est une centrale compacte qui offre \u00e0 vos oreilles un niveau de d\u00e9tail sans pr\u00e9c\u00e9dent. La pr\u00e9sentation est claire et pr\u00e9cise, rendant m\u00eame les enregistrements les plus complexes sans effort. Les m\u00e9diums sont purs et subtils. Les aigus sont nets et perspicaces, sans \u00eatre trop durs.     <\/span><\/div>\n<div class=\"specification-item row-header\"><span class=\"spec-content\"><strong>D\u00e9tails<\/strong><\/span><\/div>\n<div class=\"specification-item row-even\"><span class=\"spec-content\">Malheureusement, il n&rsquo;est pas comme neuf ! Un accident se produit dans un petit coin. Voir les photos.<\/span><\/div>\n<div class=\"specification-item row-header\"><span class=\"spec-content\"><strong>Description g\u00e9n\u00e9rale<\/strong><\/span><\/div>\n<div class=\"specification-item row-even\"><span class=\"spec-content\">La Revel Performa M126Be est une enceinte biblioth\u00e8que 2 voies qui excelle dans la reproduction du son et des d\u00e9tails. Avec un tweeter \u00e0 d\u00f4me en b\u00e9ryllium de 1 pouce et un woofer de 6,5 pouces \u00e0 c\u00f4ne en aluminium DCC (Deep Ceramic Composite), cette enceinte d\u00e9livre une image sonore claire et pr\u00e9cise. Le guide d&rsquo;ondes \u00e0 lentille acoustique de cinqui\u00e8me g\u00e9n\u00e9ration assure une int\u00e9gration parfaite entre les haut-parleurs, ce qui permet d&rsquo;obtenir une image st\u00e9r\u00e9o large et coh\u00e9rente.    <\/p>\n<p>Les r\u00e9seaux de crossover avanc\u00e9s du Revel Performa M126Be utilisent des condensateurs \u00e0 film et des inductances \u00e0 air de haute qualit\u00e9, contribuant \u00e0 am\u00e9liorer la dynamique et \u00e0 r\u00e9duire la distorsion. Cela garantit un son d\u00e9taill\u00e9 et \u00e9quilibr\u00e9, reproduisant \u00e0 la fois les nuances subtiles et les passages puissants avec pr\u00e9cision.   <\/p>\n<p>Vous \u00eates curieux de conna\u00eetre les performances de l&rsquo;enceinte Revel Performa M126Be ? Planifiez une session d&rsquo;\u00e9coute pour d\u00e9couvrir cette enceinte par vous-m\u00eame ou contactez-nous pour discuter des options de reprise. <\/span><\/div>\n<div class=\"specification-item row-header\"><span class=\"spec-content\"><strong>Informations g\u00e9n\u00e9rales<\/strong><\/span><\/div>\n<div class=\"specification-item row-even\"><span class=\"spec-content\">La Revel Performa M126BE est une enceinte de haute qualit\u00e9 con\u00e7ue par l&rsquo;\u00e9quipe d&rsquo;ing\u00e9nieurs dirig\u00e9e par Kevin Voecks. L&rsquo;enceinte utilise un tweeter en b\u00e9ryllium, connu pour sa l\u00e9g\u00e8ret\u00e9 et sa rigidit\u00e9, pour une reproduction sonore pr\u00e9cise. Le woofer est en aluminium rev\u00eatu de c\u00e9ramique, ce qui contribue \u00e0 une r\u00e9ponse pr\u00e9cise dans les basses. Le coffret est optimis\u00e9 pour les performances acoustiques et utilise des renforts internes pour minimiser les vibrations. Le c\u00e2blage interne est de haute qualit\u00e9 pour \u00e9viter toute perte de signal.    <\/span><\/div>\n<div class=\"specification-item row-header\"><span class=\"spec-content\"><strong>Histoire de la marque<\/strong><\/span><\/div>\n<div class=\"specification-item row-even\"><span class=\"spec-content\">Revel a \u00e9t\u00e9 fond\u00e9 en 1996 dans le cadre des Laboratoires audio Madrigal. Le d\u00e9veloppement des produits a commenc\u00e9 par des mesures approfondies et des tests d&rsquo;\u00e9coute afin de minimiser la variabilit\u00e9 de la perception. En 2002, Revel a \u00e9t\u00e9 int\u00e9gr\u00e9 \u00e0 Harman International. Apr\u00e8s l&rsquo;acquisition, la soci\u00e9t\u00e9 a poursuivi ses proc\u00e9dures de conception et de test existantes, en utilisant les installations de test de Harman, y compris un laboratoire acoustique de pointe avec de nombreux instruments de mesure brevet\u00e9s. Le d\u00e9veloppement des produits est bas\u00e9 sur des mesures, des tests d&rsquo;\u00e9coute comparatifs et des \u00e9valuations en double aveugle. La conception et le r\u00e9glage comprennent l&rsquo;utilisation d&rsquo;un protocole de r\u00e9f\u00e9rence standard qui mesure la r\u00e9ponse en fr\u00e9quence, le comportement en mati\u00e8re de rayonnement et la distorsion. Les produits sont test\u00e9s dans des salles d&rsquo;\u00e9coute d\u00e9di\u00e9es avec des plateformes de haut-parleurs rotatives, ce qui \u00e9limine l&rsquo;influence de l&#8217;emplacement et de la position dans les tests d&rsquo;\u00e9coute. Cette m\u00e9thode est un \u00e9l\u00e9ment cl\u00e9 du processus de d\u00e9veloppement depuis sa cr\u00e9ation.       <\/span><\/div>\n<\/div>\n","protected":false},"excerpt":{"rendered":"<p>Description Freakuence ! L&rsquo;air et l&rsquo;espace ! C&rsquo;est ce qu&rsquo;ils font. Le M126Be est une centrale compacte qui offre \u00e0 vos oreilles un niveau de d\u00e9tail sans pr\u00e9c\u00e9dent. La pr\u00e9sentation est claire et pr\u00e9cise, rendant m\u00eame les enregistrements les plus complexes sans effort. Les m\u00e9diums sont purs et subtils. Les aigus sont nets et perspicaces, [&hellip;]<\/p>\n","protected":false},"featured_media":387222,"template":"","meta":{"_acf_changed":false,"inline_featured_image":false},"product_brand":[],"product_cat":[543],"product_tag":[533],"class_list":{"0":"post-359803","1":"product","2":"type-product","3":"status-publish","4":"has-post-thumbnail","6":"product_cat-intervenants","7":"product_tag-used","9":"first","10":"instock","11":"sold-individually","12":"purchasable","13":"product-type-simple"},"acf":{"website":true,"show_on_homepage":false,"brand_title":"Revel","product_type":"Performa M126BE","color":"","subcolor":"","reserved_status":"1"},"yoast_head":"<!-- This site is optimized with the Yoast SEO plugin v25.9 - https:\/\/yoast.com\/wordpress\/plugins\/seo\/ -->\n<title>Revel Performa M126BE | Freakuence!<\/title>\n<meta name=\"description\" content=\"Revel Performa M126BE : enceintes biblioth\u00e8que premium avec tweeter en b\u00e9ryllium pour une clart\u00e9 in\u00e9gal\u00e9e. \u2713 HiFi neuf et d&#039;occasion \u2713 Note du client : 4.9 sur 5 \u2713 Reprise \u2713 Session d&#039;\u00e9coute\" \/>\n<meta name=\"robots\" content=\"noindex, follow, max-snippet:-1, max-image-preview:large, max-video-preview:-1\" \/>\n<meta property=\"og:locale\" content=\"fr_FR\" \/>\n<meta property=\"og:type\" content=\"article\" \/>\n<meta property=\"og:title\" content=\"Revel Performa M126BE | Freakuence!\" \/>\n<meta property=\"og:description\" content=\"Revel Performa M126BE : enceintes biblioth\u00e8que premium avec tweeter en b\u00e9ryllium pour une clart\u00e9 in\u00e9gal\u00e9e. \u2713 HiFi neuf et d&#039;occasion \u2713 Note du client : 4.9 sur 5 \u2713 Reprise \u2713 Session d&#039;\u00e9coute\" \/>\n<meta property=\"og:url\" content=\"https:\/\/dev.freakuence.nl\/fr\/produit\/revel-performa-m126be\/\" \/>\n<meta property=\"og:site_name\" content=\"Freakuence!\" \/>\n<meta property=\"og:image\" content=\"https:\/\/dev.freakuence.nl\/wp-content\/uploads\/2026\/04\/17726479756152-19033-IMG2525-scaled.jpg\" \/>\n\t<meta property=\"og:image:width\" content=\"1200\" \/>\n\t<meta property=\"og:image:height\" content=\"1800\" \/>\n\t<meta property=\"og:image:type\" content=\"image\/jpeg\" \/>\n<meta name=\"twitter:card\" content=\"summary_large_image\" \/>\n<script type=\"application\/ld+json\" class=\"yoast-schema-graph\">{\"@context\":\"https:\/\/schema.org\",\"@graph\":[{\"@type\":\"WebPage\",\"@id\":\"https:\/\/dev.freakuence.nl\/fr\/produit\/revel-performa-m126be\/\",\"url\":\"https:\/\/dev.freakuence.nl\/fr\/produit\/revel-performa-m126be\/\",\"name\":\"Revel Performa M126BE | Freakuence!\",\"isPartOf\":{\"@id\":\"https:\/\/dev.freakuence.nl\/fr\/#website\"},\"primaryImageOfPage\":{\"@id\":\"https:\/\/dev.freakuence.nl\/fr\/produit\/revel-performa-m126be\/#primaryimage\"},\"image\":{\"@id\":\"https:\/\/dev.freakuence.nl\/fr\/produit\/revel-performa-m126be\/#primaryimage\"},\"thumbnailUrl\":\"https:\/\/dev.freakuence.nl\/wp-content\/uploads\/2026\/04\/17726479756152-19033-IMG2525-scaled.jpg\",\"datePublished\":\"2026-03-06T13:13:48+00:00\",\"description\":\"Revel Performa M126BE : enceintes biblioth\u00e8que premium avec tweeter en b\u00e9ryllium pour une clart\u00e9 in\u00e9gal\u00e9e. \u2713 HiFi neuf et d'occasion \u2713 Note du client : 4.9 sur 5 \u2713 Reprise \u2713 Session d'\u00e9coute\",\"breadcrumb\":{\"@id\":\"https:\/\/dev.freakuence.nl\/fr\/produit\/revel-performa-m126be\/#breadcrumb\"},\"inLanguage\":\"fr-FR\",\"potentialAction\":[{\"@type\":\"ReadAction\",\"target\":[\"https:\/\/dev.freakuence.nl\/fr\/produit\/revel-performa-m126be\/\"]}]},{\"@type\":\"ImageObject\",\"inLanguage\":\"fr-FR\",\"@id\":\"https:\/\/dev.freakuence.nl\/fr\/produit\/revel-performa-m126be\/#primaryimage\",\"url\":\"https:\/\/dev.freakuence.nl\/wp-content\/uploads\/2026\/04\/17726479756152-19033-IMG2525-scaled.jpg\",\"contentUrl\":\"https:\/\/dev.freakuence.nl\/wp-content\/uploads\/2026\/04\/17726479756152-19033-IMG2525-scaled.jpg\",\"width\":1200,\"height\":1800},{\"@type\":\"BreadcrumbList\",\"@id\":\"https:\/\/dev.freakuence.nl\/fr\/produit\/revel-performa-m126be\/#breadcrumb\",\"itemListElement\":[{\"@type\":\"ListItem\",\"position\":1,\"name\":\"Accueil\",\"item\":\"https:\/\/dev.freakuence.nl\/fr\/\"},{\"@type\":\"ListItem\",\"position\":2,\"name\":\"Produits\",\"item\":\"https:\/\/dev.freakuence.nl\/fr\/produits\/\"},{\"@type\":\"ListItem\",\"position\":3,\"name\":\"Revel Performa M126BE\"}]},{\"@type\":\"WebSite\",\"@id\":\"https:\/\/dev.freakuence.nl\/fr\/#website\",\"url\":\"https:\/\/dev.freakuence.nl\/fr\/\",\"name\":\"Freakuence!\",\"description\":\"Freakuence!\",\"publisher\":{\"@id\":\"https:\/\/dev.freakuence.nl\/fr\/#organization\"},\"alternateName\":\"Freakuence\",\"potentialAction\":[{\"@type\":\"SearchAction\",\"target\":{\"@type\":\"EntryPoint\",\"urlTemplate\":\"https:\/\/dev.freakuence.nl\/fr\/?s={search_term_string}\"},\"query-input\":{\"@type\":\"PropertyValueSpecification\",\"valueRequired\":true,\"valueName\":\"search_term_string\"}}],\"inLanguage\":\"fr-FR\"},{\"@type\":\"Organization\",\"@id\":\"https:\/\/dev.freakuence.nl\/fr\/#organization\",\"name\":\"Freakuence !\",\"url\":\"https:\/\/dev.freakuence.nl\/fr\/\",\"logo\":{\"@type\":\"ImageObject\",\"inLanguage\":\"fr-FR\",\"@id\":\"https:\/\/dev.freakuence.nl\/fr\/#\/schema\/logo\/image\/\",\"url\":\"https:\/\/dev.freakuence.nl\/wp-content\/uploads\/2022\/05\/Brown_3_RGB_Freakuence-1.png\",\"contentUrl\":\"https:\/\/dev.freakuence.nl\/wp-content\/uploads\/2022\/05\/Brown_3_RGB_Freakuence-1.png\",\"width\":2560,\"height\":684,\"caption\":\"Freakuence !\"},\"image\":{\"@id\":\"https:\/\/dev.freakuence.nl\/fr\/#\/schema\/logo\/image\/\"},\"sameAs\":[\"https:\/\/www.instagram.com\/freakuence_notorious_audio\/\"]}]}<\/script>\n<!-- \/ Yoast SEO plugin. -->","yoast_head_json":{"title":"Revel Performa M126BE | Freakuence!","description":"Revel Performa M126BE : enceintes biblioth\u00e8que premium avec tweeter en b\u00e9ryllium pour une clart\u00e9 in\u00e9gal\u00e9e. \u2713 HiFi neuf et d'occasion \u2713 Note du client : 4.9 sur 5 \u2713 Reprise \u2713 Session d'\u00e9coute","robots":{"index":"noindex","follow":"follow","max-snippet":"max-snippet:-1","max-image-preview":"max-image-preview:large","max-video-preview":"max-video-preview:-1"},"og_locale":"fr_FR","og_type":"article","og_title":"Revel Performa M126BE | Freakuence!","og_description":"Revel Performa M126BE : enceintes biblioth\u00e8que premium avec tweeter en b\u00e9ryllium pour une clart\u00e9 in\u00e9gal\u00e9e. \u2713 HiFi neuf et d'occasion \u2713 Note du client : 4.9 sur 5 \u2713 Reprise \u2713 Session d'\u00e9coute","og_url":"https:\/\/dev.freakuence.nl\/fr\/produit\/revel-performa-m126be\/","og_site_name":"Freakuence!","og_image":[{"width":1200,"height":1800,"url":"https:\/\/dev.freakuence.nl\/wp-content\/uploads\/2026\/04\/17726479756152-19033-IMG2525-scaled.jpg","type":"image\/jpeg"}],"twitter_card":"summary_large_image","schema":{"@context":"https:\/\/schema.org","@graph":[{"@type":"WebPage","@id":"https:\/\/dev.freakuence.nl\/fr\/produit\/revel-performa-m126be\/","url":"https:\/\/dev.freakuence.nl\/fr\/produit\/revel-performa-m126be\/","name":"Revel Performa M126BE | Freakuence!","isPartOf":{"@id":"https:\/\/dev.freakuence.nl\/fr\/#website"},"primaryImageOfPage":{"@id":"https:\/\/dev.freakuence.nl\/fr\/produit\/revel-performa-m126be\/#primaryimage"},"image":{"@id":"https:\/\/dev.freakuence.nl\/fr\/produit\/revel-performa-m126be\/#primaryimage"},"thumbnailUrl":"https:\/\/dev.freakuence.nl\/wp-content\/uploads\/2026\/04\/17726479756152-19033-IMG2525-scaled.jpg","datePublished":"2026-03-06T13:13:48+00:00","description":"Revel Performa M126BE : enceintes biblioth\u00e8que premium avec tweeter en b\u00e9ryllium pour une clart\u00e9 in\u00e9gal\u00e9e. \u2713 HiFi neuf et d'occasion \u2713 Note du client : 4.9 sur 5 \u2713 Reprise \u2713 Session d'\u00e9coute","breadcrumb":{"@id":"https:\/\/dev.freakuence.nl\/fr\/produit\/revel-performa-m126be\/#breadcrumb"},"inLanguage":"fr-FR","potentialAction":[{"@type":"ReadAction","target":["https:\/\/dev.freakuence.nl\/fr\/produit\/revel-performa-m126be\/"]}]},{"@type":"ImageObject","inLanguage":"fr-FR","@id":"https:\/\/dev.freakuence.nl\/fr\/produit\/revel-performa-m126be\/#primaryimage","url":"https:\/\/dev.freakuence.nl\/wp-content\/uploads\/2026\/04\/17726479756152-19033-IMG2525-scaled.jpg","contentUrl":"https:\/\/dev.freakuence.nl\/wp-content\/uploads\/2026\/04\/17726479756152-19033-IMG2525-scaled.jpg","width":1200,"height":1800},{"@type":"BreadcrumbList","@id":"https:\/\/dev.freakuence.nl\/fr\/produit\/revel-performa-m126be\/#breadcrumb","itemListElement":[{"@type":"ListItem","position":1,"name":"Accueil","item":"https:\/\/dev.freakuence.nl\/fr\/"},{"@type":"ListItem","position":2,"name":"Produits","item":"https:\/\/dev.freakuence.nl\/fr\/produits\/"},{"@type":"ListItem","position":3,"name":"Revel Performa M126BE"}]},{"@type":"WebSite","@id":"https:\/\/dev.freakuence.nl\/fr\/#website","url":"https:\/\/dev.freakuence.nl\/fr\/","name":"Freakuence!","description":"Freakuence!","publisher":{"@id":"https:\/\/dev.freakuence.nl\/fr\/#organization"},"alternateName":"Freakuence","potentialAction":[{"@type":"SearchAction","target":{"@type":"EntryPoint","urlTemplate":"https:\/\/dev.freakuence.nl\/fr\/?s={search_term_string}"},"query-input":{"@type":"PropertyValueSpecification","valueRequired":true,"valueName":"search_term_string"}}],"inLanguage":"fr-FR"},{"@type":"Organization","@id":"https:\/\/dev.freakuence.nl\/fr\/#organization","name":"Freakuence !","url":"https:\/\/dev.freakuence.nl\/fr\/","logo":{"@type":"ImageObject","inLanguage":"fr-FR","@id":"https:\/\/dev.freakuence.nl\/fr\/#\/schema\/logo\/image\/","url":"https:\/\/dev.freakuence.nl\/wp-content\/uploads\/2022\/05\/Brown_3_RGB_Freakuence-1.png","contentUrl":"https:\/\/dev.freakuence.nl\/wp-content\/uploads\/2022\/05\/Brown_3_RGB_Freakuence-1.png","width":2560,"height":684,"caption":"Freakuence !"},"image":{"@id":"https:\/\/dev.freakuence.nl\/fr\/#\/schema\/logo\/image\/"},"sameAs":["https:\/\/www.instagram.com\/freakuence_notorious_audio\/"]}]}},"_links":{"self":[{"href":"https:\/\/dev.freakuence.nl\/fr\/wp-json\/wp\/v2\/product\/359803","targetHints":{"allow":["GET"]}}],"collection":[{"href":"https:\/\/dev.freakuence.nl\/fr\/wp-json\/wp\/v2\/product"}],"about":[{"href":"https:\/\/dev.freakuence.nl\/fr\/wp-json\/wp\/v2\/types\/product"}],"wp:featuredmedia":[{"embeddable":true,"href":"https:\/\/dev.freakuence.nl\/fr\/wp-json\/wp\/v2\/media\/387222"}],"wp:attachment":[{"href":"https:\/\/dev.freakuence.nl\/fr\/wp-json\/wp\/v2\/media?parent=359803"}],"wp:term":[{"taxonomy":"product_brand","embeddable":true,"href":"https:\/\/dev.freakuence.nl\/fr\/wp-json\/wp\/v2\/product_brand?post=359803"},{"taxonomy":"product_cat","embeddable":true,"href":"https:\/\/dev.freakuence.nl\/fr\/wp-json\/wp\/v2\/product_cat?post=359803"},{"taxonomy":"product_tag","embeddable":true,"href":"https:\/\/dev.freakuence.nl\/fr\/wp-json\/wp\/v2\/product_tag?post=359803"}],"curies":[{"name":"wp","href":"https:\/\/api.w.org\/{rel}","templated":true}]}}