{"id":359805,"date":"2026-03-06T14:02:36","date_gmt":"2026-03-06T13:02:36","guid":{"rendered":"https:\/\/freakuence.nl\/product\/melco-s100-bb-v2\/"},"modified":"2026-04-08T11:15:15","modified_gmt":"2026-04-08T09:15:15","slug":"melco-s100-bb-v2","status":"publish","type":"product","link":"https:\/\/dev.freakuence.nl\/fr\/produit\/melco-s100-bb-v2\/","title":{"rendered":"Melco S100-BB\/V2"},"content":{"rendered":"<div class=\"product-specifications-list\">\n<div class=\"specification-item row-header\"><span class=\"spec-content\"><strong>Description Freakuence !<\/strong><\/span><\/div>\n<div class=\"specification-item row-even\"><span class=\"spec-content\">Interrupteur particuli\u00e8rement bon\/silencieux. L&rsquo;alimentation est construite avec des \u00e9lectrolytiques de haute qualit\u00e9. Plusieurs ports pour des usages multiples.  <\/span><\/div>\n<div class=\"specification-item row-odd\"><span class=\"spec-content\">Prix de vente au d\u00e9tail : 2499.00<\/span><\/div>\n<div class=\"specification-item row-header\"><span class=\"spec-content\"><strong>D\u00e9tails<\/strong><\/span><\/div>\n<div class=\"specification-item row-even\"><span class=\"spec-content\">Le prix inclut la TVA. Entrepreneurs, profitez-en. <\/span><\/div>\n<div class=\"specification-item row-odd\"><span class=\"spec-content\">Dommages, voir les photos !<\/span><\/div>\n<div class=\"specification-item row-header\"><span class=\"spec-content\"><strong>Description g\u00e9n\u00e9rale<\/strong><\/span><\/div>\n<div class=\"specification-item row-even\"><span class=\"spec-content\">Le Melco S100-BB\/V2 est un commutateur r\u00e9seau de haute qualit\u00e9 con\u00e7u sp\u00e9cifiquement pour les applications audiophiles. Contrairement aux commutateurs informatiques standard, le Melco S100-BB\/V2 offre une architecture avanc\u00e9e avec deux ports RJ45 de 100 Mb pour une qualit\u00e9 audio optimale et six ports RJ45 de 1 Gb pour les appareils avec des flux de donn\u00e9es \u00e9lev\u00e9s, tels qu&rsquo;un processeur Roon Core.  <\/p>\n<p>Ce commutateur r\u00e9seau est dot\u00e9 de deux ports SFP pour les composants en fibre optique compatibles, ce qui garantit une transmission de donn\u00e9es stable et fiable. L&rsquo;alimentation am\u00e9lior\u00e9e et l&rsquo;utilisation de condensateurs de qualit\u00e9 audio contribuent \u00e0 r\u00e9duire le bruit au minimum, ce qui se traduit par une sc\u00e8ne sonore claire et d\u00e9taill\u00e9e.  <\/p>\n<p>Le robuste bo\u00eetier en acier du Melco S100-BB\/V2 assure une stabilit\u00e9 m\u00e9canique qui contribue \u00e0 la performance globale du syst\u00e8me. Avec ce commutateur r\u00e9seau, vous tirez le meilleur parti de votre collection de musique num\u00e9rique et b\u00e9n\u00e9ficiez d&rsquo;une lecture dynamique et pr\u00e9cise.  <\/p>\n<p>Curieux de conna\u00eetre l&rsquo;impact du Melco S100-BB\/V2 sur votre exp\u00e9rience d&rsquo;\u00e9coute ? Planifiez une s\u00e9ance d&rsquo;\u00e9coute dans notre salle d&rsquo;\u00e9coute ou contactez-nous pour discuter des possibilit\u00e9s. <\/span><\/div>\n<div class=\"specification-item row-header\"><span class=\"spec-content\"><strong>Informations g\u00e9n\u00e9rales<\/strong><\/span><\/div>\n<div class=\"specification-item row-even\"><span class=\"spec-content\">Le Melco S100-BB\/V2 est con\u00e7u pour offrir une qualit\u00e9 sonore optimale. La philosophie de conception vise \u00e0 minimiser les pertes de donn\u00e9es et les interf\u00e9rences. L&rsquo;appareil utilise des mat\u00e9riaux et des composants de haute qualit\u00e9, tels que des condensateurs \u00e0 faible bruit et des horloges de pr\u00e9cision. Le c\u00e2blage interne est soigneusement s\u00e9lectionn\u00e9 pour minimiser les interf\u00e9rences. Le bo\u00eetier robuste r\u00e9duit les vibrations et les r\u00e9sonances. La production a lieu au Japon, o\u00f9 le savoir-faire est essentiel. Aucun nom d&rsquo;ing\u00e9nieur n&rsquo;a \u00e9t\u00e9 divulgu\u00e9.      <\/span><\/div>\n<div class=\"specification-item row-header\"><span class=\"spec-content\"><strong>Histoire de la marque<\/strong><\/span><\/div>\n<div class=\"specification-item row-even\"><span class=\"spec-content\">Melco a \u00e9t\u00e9 fond\u00e9e au Japon en 1975 par Makoto Maki. En 1980, la soci\u00e9t\u00e9 a introduit une table tournante au Royaume-Uni. En 1981, Melco est entr\u00e9e sur le march\u00e9 des p\u00e9riph\u00e9riques informatiques avec un graveur EEPROM. Le nom \u00ab\u00a0Melco\u00a0\u00bb signifie \u00ab\u00a0Maki Engineering Laboratory Company\u00a0\u00bb. Buffalo\u00a0\u00bb est d\u00e9riv\u00e9 de l&rsquo;un des premiers produits de la soci\u00e9t\u00e9, une m\u00e9moire tampon d&rsquo;imprimante, et fait \u00e9galement r\u00e9f\u00e9rence au bison am\u00e9ricain. Melco Holdings Inc. a \u00e9t\u00e9 fond\u00e9e en 1986 et compte actuellement 16 filiales. Buffalo Inc. est l&rsquo;une des marques les plus connues de la soci\u00e9t\u00e9. Les filiales de Melco produisent divers mat\u00e9riels informatiques, notamment des modules de m\u00e9moire, des produits USB, des lecteurs CD-ROM\/DVD-RW, des disques durs, des produits de mise en r\u00e9seau et des \u00e9crans LCD. En outre, une filiale au Japon offre des services tels que l&rsquo;installation Internet, la maintenance informatique et l&rsquo;\u00e9ducation. Melco a \u00e9galement introduit des disques durs \u00e0 semi-conducteurs sur le march\u00e9 japonais. Buffalo Technology (USA) est la filiale nord-am\u00e9ricaine, bas\u00e9e \u00e0 Austin, au Texas. L&rsquo;entreprise est \u00e0 l&rsquo;origine de plusieurs technologies.             <\/span><\/div>\n<\/div>\n","protected":false},"excerpt":{"rendered":"<p>Description Freakuence ! Interrupteur particuli\u00e8rement bon\/silencieux. L&rsquo;alimentation est construite avec des \u00e9lectrolytiques de haute qualit\u00e9. Plusieurs ports pour des usages multiples. Prix de vente au d\u00e9tail : 2499.00 D\u00e9tails Le prix inclut la TVA. Entrepreneurs, profitez-en. Dommages, voir les photos ! Description g\u00e9n\u00e9rale Le Melco S100-BB\/V2 est un commutateur r\u00e9seau de haute qualit\u00e9 con\u00e7u sp\u00e9cifiquement [&hellip;]<\/p>\n","protected":false},"featured_media":379654,"template":"","meta":{"_acf_changed":false,"inline_featured_image":false},"product_brand":[],"product_cat":[701],"product_tag":[565],"class_list":{"0":"post-359805","1":"product","2":"type-product","3":"status-publish","4":"has-post-thumbnail","6":"product_cat-ameliorations","7":"product_tag-nouveau","8":"pa_kleur-noir","10":"first","11":"instock","12":"sold-individually","13":"taxable","14":"shipping-taxable","15":"purchasable","16":"product-type-simple"},"acf":{"website":true,"show_on_homepage":false,"brand_title":"Melco","product_type":"S100-BB\/V2","color":"Noir","subcolor":"","reserved_status":"0"},"_links":{"self":[{"href":"https:\/\/dev.freakuence.nl\/fr\/wp-json\/wp\/v2\/product\/359805","targetHints":{"allow":["GET"]}}],"collection":[{"href":"https:\/\/dev.freakuence.nl\/fr\/wp-json\/wp\/v2\/product"}],"about":[{"href":"https:\/\/dev.freakuence.nl\/fr\/wp-json\/wp\/v2\/types\/product"}],"wp:featuredmedia":[{"embeddable":true,"href":"https:\/\/dev.freakuence.nl\/fr\/wp-json\/wp\/v2\/media\/379654"}],"wp:attachment":[{"href":"https:\/\/dev.freakuence.nl\/fr\/wp-json\/wp\/v2\/media?parent=359805"}],"wp:term":[{"taxonomy":"product_brand","embeddable":true,"href":"https:\/\/dev.freakuence.nl\/fr\/wp-json\/wp\/v2\/product_brand?post=359805"},{"taxonomy":"product_cat","embeddable":true,"href":"https:\/\/dev.freakuence.nl\/fr\/wp-json\/wp\/v2\/product_cat?post=359805"},{"taxonomy":"product_tag","embeddable":true,"href":"https:\/\/dev.freakuence.nl\/fr\/wp-json\/wp\/v2\/product_tag?post=359805"}],"curies":[{"name":"wp","href":"https:\/\/api.w.org\/{rel}","templated":true}]}}