{"id":365102,"date":"2026-03-12T08:04:05","date_gmt":"2026-03-12T07:04:05","guid":{"rendered":"https:\/\/freakuence.nl\/product\/cable-usb-factice\/"},"modified":"2026-03-12T08:04:05","modified_gmt":"2026-03-12T07:04:05","slug":"cable-usb-factice","status":"publish","type":"product","link":"https:\/\/dev.freakuence.nl\/fr\/produit\/cable-usb-factice\/","title":{"rendered":"C\u00e2ble USB factice"},"content":{"rendered":"<div class=\"product-specifications-list\">\n<div class=\"specification-item row-header\"><span class=\"spec-content\"><strong>Description g\u00e9n\u00e9rale<\/strong><\/span><\/div>\n<div class=\"specification-item row-even\"><span class=\"spec-content\">C\u00e2ble d&rsquo;extension USB pratique, adapt\u00e9 \u00e0 une utilisation dans ou sous un bureau.<\/span><\/div>\n<div class=\"specification-item row-odd\"><span class=\"spec-content\">Id\u00e9al pour connecter facilement des appareils tels que le t\u00e9l\u00e9phone, le casque ou des accessoires sans avoir \u00e0 passer derri\u00e8re l&rsquo;ordinateur ou le bureau.<\/span><\/div>\n<div class=\"specification-item row-even\"><span class=\"spec-content\">Le c\u00e2ble est flexible et convient \u00e0 une utilisation quotidienne au bureau ou \u00e0 la maison.<\/span><\/div>\n<div class=\"specification-item row-odd\"><span class=\"spec-content\">Souvent utilis\u00e9 en combinaison avec des bureaux dot\u00e9s de connecteurs USB int\u00e9gr\u00e9s ou de passe-c\u00e2bles.<\/span><\/div>\n<div class=\"specification-item row-even\"><span class=\"spec-content\">\u2714 Convient pour la charge et les donn\u00e9es<\/span><\/div>\n<div class=\"specification-item row-odd\"><span class=\"spec-content\">Se dissimule facilement sur ou sous le bureau<\/span><\/div>\n<div class=\"specification-item row-even\"><span class=\"spec-content\">\u2714 Connecteur USB standard<\/span><\/div>\n<div class=\"specification-item row-odd\"><span class=\"spec-content\">Le produit est neuf et n&rsquo;a pas \u00e9t\u00e9 utilis\u00e9.<\/span><\/div>\n<div class=\"specification-item row-header\"><span class=\"spec-content\"><strong>Histoire de la marque<\/strong><\/span><\/div>\n<div class=\"specification-item row-even\"><span class=\"spec-content\">Pas de marque.<\/span><\/div>\n<\/div>\n","protected":false},"excerpt":{"rendered":"<p>Description g\u00e9n\u00e9rale C\u00e2ble d&rsquo;extension USB pratique, adapt\u00e9 \u00e0 une utilisation dans ou sous un bureau. Id\u00e9al pour connecter facilement des appareils tels que le t\u00e9l\u00e9phone, le casque ou des accessoires sans avoir \u00e0 passer derri\u00e8re l&rsquo;ordinateur ou le bureau. Le c\u00e2ble est flexible et convient \u00e0 une utilisation quotidienne au bureau ou \u00e0 la maison. [&hellip;]<\/p>\n","protected":false},"featured_media":0,"template":"","meta":{"_acf_changed":false,"inline_featured_image":false},"product_brand":[],"product_cat":[345],"product_tag":[],"class_list":{"0":"post-365102","1":"product","2":"type-product","3":"status-publish","5":"product_cat-speakers","7":"first","8":"instock","9":"sold-individually","10":"taxable","11":"shipping-taxable","12":"purchasable","13":"product-type-simple"},"acf":{"website":true,"show_on_homepage":false,"brand_title":"Dummy","product_type":"USB kabel","color":"","subcolor":"","reserved_status":"0"},"yoast_head":"<!-- This site is optimized with the Yoast SEO plugin v25.9 - https:\/\/yoast.com\/wordpress\/plugins\/seo\/ -->\n<title>C\u00e2ble USB factice | Freakuence!<\/title>\n<meta name=\"robots\" content=\"noindex, follow, max-snippet:-1, max-image-preview:large, max-video-preview:-1\" \/>\n<meta property=\"og:locale\" content=\"fr_FR\" \/>\n<meta property=\"og:type\" content=\"article\" \/>\n<meta property=\"og:title\" content=\"C\u00e2ble USB factice | Freakuence!\" \/>\n<meta property=\"og:description\" content=\"Description g\u00e9n\u00e9rale C\u00e2ble d&rsquo;extension USB pratique, adapt\u00e9 \u00e0 une utilisation dans ou sous un bureau. Id\u00e9al pour connecter facilement des appareils tels que le t\u00e9l\u00e9phone, le casque ou des accessoires sans avoir \u00e0 passer derri\u00e8re l&rsquo;ordinateur ou le bureau. Le c\u00e2ble est flexible et convient \u00e0 une utilisation quotidienne au bureau ou \u00e0 la maison. [&hellip;]\" \/>\n<meta property=\"og:url\" content=\"https:\/\/dev.freakuence.nl\/fr\/produit\/cable-usb-factice\/\" \/>\n<meta property=\"og:site_name\" content=\"Freakuence!\" \/>\n<meta name=\"twitter:card\" content=\"summary_large_image\" \/>\n<script type=\"application\/ld+json\" class=\"yoast-schema-graph\">{\"@context\":\"https:\/\/schema.org\",\"@graph\":[{\"@type\":\"WebPage\",\"@id\":\"https:\/\/dev.freakuence.nl\/fr\/produit\/cable-usb-factice\/\",\"url\":\"https:\/\/dev.freakuence.nl\/fr\/produit\/cable-usb-factice\/\",\"name\":\"C\u00e2ble USB factice | Freakuence!\",\"isPartOf\":{\"@id\":\"https:\/\/dev.freakuence.nl\/fr\/#website\"},\"datePublished\":\"2026-03-12T07:04:05+00:00\",\"breadcrumb\":{\"@id\":\"https:\/\/dev.freakuence.nl\/fr\/produit\/cable-usb-factice\/#breadcrumb\"},\"inLanguage\":\"fr-FR\",\"potentialAction\":[{\"@type\":\"ReadAction\",\"target\":[\"https:\/\/dev.freakuence.nl\/fr\/produit\/cable-usb-factice\/\"]}]},{\"@type\":\"BreadcrumbList\",\"@id\":\"https:\/\/dev.freakuence.nl\/fr\/produit\/cable-usb-factice\/#breadcrumb\",\"itemListElement\":[{\"@type\":\"ListItem\",\"position\":1,\"name\":\"Accueil\",\"item\":\"https:\/\/dev.freakuence.nl\/fr\/\"},{\"@type\":\"ListItem\",\"position\":2,\"name\":\"Produits\",\"item\":\"https:\/\/dev.freakuence.nl\/fr\/produits\/\"},{\"@type\":\"ListItem\",\"position\":3,\"name\":\"Dummy USB kabel\"}]},{\"@type\":\"WebSite\",\"@id\":\"https:\/\/dev.freakuence.nl\/fr\/#website\",\"url\":\"https:\/\/dev.freakuence.nl\/fr\/\",\"name\":\"Freakuence!\",\"description\":\"Freakuence!\",\"publisher\":{\"@id\":\"https:\/\/dev.freakuence.nl\/fr\/#organization\"},\"alternateName\":\"Freakuence\",\"potentialAction\":[{\"@type\":\"SearchAction\",\"target\":{\"@type\":\"EntryPoint\",\"urlTemplate\":\"https:\/\/dev.freakuence.nl\/fr\/?s={search_term_string}\"},\"query-input\":{\"@type\":\"PropertyValueSpecification\",\"valueRequired\":true,\"valueName\":\"search_term_string\"}}],\"inLanguage\":\"fr-FR\"},{\"@type\":\"Organization\",\"@id\":\"https:\/\/dev.freakuence.nl\/fr\/#organization\",\"name\":\"Freakuence !\",\"url\":\"https:\/\/dev.freakuence.nl\/fr\/\",\"logo\":{\"@type\":\"ImageObject\",\"inLanguage\":\"fr-FR\",\"@id\":\"https:\/\/dev.freakuence.nl\/fr\/#\/schema\/logo\/image\/\",\"url\":\"https:\/\/dev.freakuence.nl\/wp-content\/uploads\/2022\/05\/Brown_3_RGB_Freakuence-1.png\",\"contentUrl\":\"https:\/\/dev.freakuence.nl\/wp-content\/uploads\/2022\/05\/Brown_3_RGB_Freakuence-1.png\",\"width\":2560,\"height\":684,\"caption\":\"Freakuence !\"},\"image\":{\"@id\":\"https:\/\/dev.freakuence.nl\/fr\/#\/schema\/logo\/image\/\"},\"sameAs\":[\"https:\/\/www.instagram.com\/freakuence_notorious_audio\/\"]}]}<\/script>\n<!-- \/ Yoast SEO plugin. -->","yoast_head_json":{"title":"C\u00e2ble USB factice | Freakuence!","robots":{"index":"noindex","follow":"follow","max-snippet":"max-snippet:-1","max-image-preview":"max-image-preview:large","max-video-preview":"max-video-preview:-1"},"og_locale":"fr_FR","og_type":"article","og_title":"C\u00e2ble USB factice | Freakuence!","og_description":"Description g\u00e9n\u00e9rale C\u00e2ble d&rsquo;extension USB pratique, adapt\u00e9 \u00e0 une utilisation dans ou sous un bureau. Id\u00e9al pour connecter facilement des appareils tels que le t\u00e9l\u00e9phone, le casque ou des accessoires sans avoir \u00e0 passer derri\u00e8re l&rsquo;ordinateur ou le bureau. Le c\u00e2ble est flexible et convient \u00e0 une utilisation quotidienne au bureau ou \u00e0 la maison. [&hellip;]","og_url":"https:\/\/dev.freakuence.nl\/fr\/produit\/cable-usb-factice\/","og_site_name":"Freakuence!","twitter_card":"summary_large_image","schema":{"@context":"https:\/\/schema.org","@graph":[{"@type":"WebPage","@id":"https:\/\/dev.freakuence.nl\/fr\/produit\/cable-usb-factice\/","url":"https:\/\/dev.freakuence.nl\/fr\/produit\/cable-usb-factice\/","name":"C\u00e2ble USB factice | Freakuence!","isPartOf":{"@id":"https:\/\/dev.freakuence.nl\/fr\/#website"},"datePublished":"2026-03-12T07:04:05+00:00","breadcrumb":{"@id":"https:\/\/dev.freakuence.nl\/fr\/produit\/cable-usb-factice\/#breadcrumb"},"inLanguage":"fr-FR","potentialAction":[{"@type":"ReadAction","target":["https:\/\/dev.freakuence.nl\/fr\/produit\/cable-usb-factice\/"]}]},{"@type":"BreadcrumbList","@id":"https:\/\/dev.freakuence.nl\/fr\/produit\/cable-usb-factice\/#breadcrumb","itemListElement":[{"@type":"ListItem","position":1,"name":"Accueil","item":"https:\/\/dev.freakuence.nl\/fr\/"},{"@type":"ListItem","position":2,"name":"Produits","item":"https:\/\/dev.freakuence.nl\/fr\/produits\/"},{"@type":"ListItem","position":3,"name":"Dummy USB kabel"}]},{"@type":"WebSite","@id":"https:\/\/dev.freakuence.nl\/fr\/#website","url":"https:\/\/dev.freakuence.nl\/fr\/","name":"Freakuence!","description":"Freakuence!","publisher":{"@id":"https:\/\/dev.freakuence.nl\/fr\/#organization"},"alternateName":"Freakuence","potentialAction":[{"@type":"SearchAction","target":{"@type":"EntryPoint","urlTemplate":"https:\/\/dev.freakuence.nl\/fr\/?s={search_term_string}"},"query-input":{"@type":"PropertyValueSpecification","valueRequired":true,"valueName":"search_term_string"}}],"inLanguage":"fr-FR"},{"@type":"Organization","@id":"https:\/\/dev.freakuence.nl\/fr\/#organization","name":"Freakuence !","url":"https:\/\/dev.freakuence.nl\/fr\/","logo":{"@type":"ImageObject","inLanguage":"fr-FR","@id":"https:\/\/dev.freakuence.nl\/fr\/#\/schema\/logo\/image\/","url":"https:\/\/dev.freakuence.nl\/wp-content\/uploads\/2022\/05\/Brown_3_RGB_Freakuence-1.png","contentUrl":"https:\/\/dev.freakuence.nl\/wp-content\/uploads\/2022\/05\/Brown_3_RGB_Freakuence-1.png","width":2560,"height":684,"caption":"Freakuence !"},"image":{"@id":"https:\/\/dev.freakuence.nl\/fr\/#\/schema\/logo\/image\/"},"sameAs":["https:\/\/www.instagram.com\/freakuence_notorious_audio\/"]}]}},"_links":{"self":[{"href":"https:\/\/dev.freakuence.nl\/fr\/wp-json\/wp\/v2\/product\/365102","targetHints":{"allow":["GET"]}}],"collection":[{"href":"https:\/\/dev.freakuence.nl\/fr\/wp-json\/wp\/v2\/product"}],"about":[{"href":"https:\/\/dev.freakuence.nl\/fr\/wp-json\/wp\/v2\/types\/product"}],"wp:attachment":[{"href":"https:\/\/dev.freakuence.nl\/fr\/wp-json\/wp\/v2\/media?parent=365102"}],"wp:term":[{"taxonomy":"product_brand","embeddable":true,"href":"https:\/\/dev.freakuence.nl\/fr\/wp-json\/wp\/v2\/product_brand?post=365102"},{"taxonomy":"product_cat","embeddable":true,"href":"https:\/\/dev.freakuence.nl\/fr\/wp-json\/wp\/v2\/product_cat?post=365102"},{"taxonomy":"product_tag","embeddable":true,"href":"https:\/\/dev.freakuence.nl\/fr\/wp-json\/wp\/v2\/product_tag?post=365102"}],"curies":[{"name":"wp","href":"https:\/\/api.w.org\/{rel}","templated":true}]}}