{"id":365107,"date":"2026-03-12T09:20:06","date_gmt":"2026-03-12T08:20:06","guid":{"rendered":"https:\/\/freakuence.nl\/product\/vanderveen-ul40-s2p\/"},"modified":"2026-03-12T09:20:06","modified_gmt":"2026-03-12T08:20:06","slug":"vanderveen-ul40-s2p","status":"publish","type":"product","link":"https:\/\/dev.freakuence.nl\/fr\/produit\/vanderveen-ul40-s2p\/","title":{"rendered":"Vanderveen uL40-s2p"},"content":{"rendered":"<div class=\"product-specifications-list\">\n<div class=\"specification-item row-header\"><span class=\"spec-content\"><strong>Description Freakuence !<\/strong><\/span><\/div>\n<div class=\"specification-item row-even\"><span class=\"spec-content\">Fantaisie ! Se gratter derri\u00e8re les oreilles. Garder l&rsquo;argent dans la poche. Plus pour moins. Et d&rsquo;autres d\u00e9clarations et r\u00e9flexions de ce genre sont applicables. Cette chose fait de la musique. Il joue avec puissance et conviction, et c&rsquo;est \u00e0 ce moment-l\u00e0 qu&rsquo;on le remarque le mieux Dans un grand orchestre symphonique. Le circuit imprim\u00e9 et les composants sont neufs, l&rsquo;amplificateur a \u00e9t\u00e9 enti\u00e8rement reconstruit par un habitu\u00e9 de l&rsquo;atelier. Transformateurs de pointe ! Ces transformateurs Plitron con\u00e7us par Vanderveen sont tr\u00e8s appr\u00e9ci\u00e9s dans le monde entier. De nouveaux tubes 6550 ont \u00e9t\u00e9 install\u00e9s. En interne, L. Iefhebber a utilis\u00e9 du fil d&rsquo;or et d&rsquo;argent Siltech. La soudure \u00e0 l&rsquo;argent WBT a \u00e9t\u00e9 utilis\u00e9e pour les connexions du circuit imprim\u00e9. Une commande de polarisation audio TentLabs (maintenant r\u00e9gl\u00e9e pour le 6550). Le contr\u00f4le de la polarisation de TentLab co\u00fbte plus de 200 euros, et le TentLabs E-choke environ 60 euros. Sans parler du reste. Il est construit en mode triode. Quoi qu&rsquo;il en soit, nous nous tairons sur le reste.      <\/span><\/div>\n<\/div>\n","protected":false},"excerpt":{"rendered":"<p>Description Freakuence ! Fantaisie ! Se gratter derri\u00e8re les oreilles. Garder l&rsquo;argent dans la poche. Plus pour moins. Et d&rsquo;autres d\u00e9clarations et r\u00e9flexions de ce genre sont applicables. Cette chose fait de la musique. Il joue avec puissance et conviction, et c&rsquo;est \u00e0 ce moment-l\u00e0 qu&rsquo;on le remarque le mieux Dans un grand orchestre symphonique. [&hellip;]<\/p>\n","protected":false},"featured_media":0,"template":"","meta":{"_acf_changed":false,"inline_featured_image":false},"product_brand":[],"product_cat":[345],"product_tag":[],"class_list":{"0":"post-365107","1":"product","2":"type-product","3":"status-publish","5":"product_cat-speakers","7":"first","8":"instock","9":"sold-individually","10":"purchasable","11":"product-type-simple"},"acf":{"website":true,"show_on_homepage":false,"brand_title":"Vanderveen","product_type":"uL40-s2p","color":"","subcolor":"","reserved_status":"0"},"yoast_head":"<!-- This site is optimized with the Yoast SEO plugin v25.9 - https:\/\/yoast.com\/wordpress\/plugins\/seo\/ -->\n<title>Vanderveen uL40-s2p | Freakuence!<\/title>\n<meta name=\"robots\" content=\"noindex, follow, max-snippet:-1, max-image-preview:large, max-video-preview:-1\" \/>\n<meta property=\"og:locale\" content=\"fr_FR\" \/>\n<meta property=\"og:type\" content=\"article\" \/>\n<meta property=\"og:title\" content=\"Vanderveen uL40-s2p | Freakuence!\" \/>\n<meta property=\"og:description\" content=\"Description Freakuence ! Fantaisie ! Se gratter derri\u00e8re les oreilles. Garder l&rsquo;argent dans la poche. Plus pour moins. Et d&rsquo;autres d\u00e9clarations et r\u00e9flexions de ce genre sont applicables. Cette chose fait de la musique. Il joue avec puissance et conviction, et c&rsquo;est \u00e0 ce moment-l\u00e0 qu&rsquo;on le remarque le mieux Dans un grand orchestre symphonique. [&hellip;]\" \/>\n<meta property=\"og:url\" content=\"https:\/\/dev.freakuence.nl\/fr\/produit\/vanderveen-ul40-s2p\/\" \/>\n<meta property=\"og:site_name\" content=\"Freakuence!\" \/>\n<meta name=\"twitter:card\" content=\"summary_large_image\" \/>\n<script type=\"application\/ld+json\" class=\"yoast-schema-graph\">{\"@context\":\"https:\/\/schema.org\",\"@graph\":[{\"@type\":\"WebPage\",\"@id\":\"https:\/\/dev.freakuence.nl\/fr\/produit\/vanderveen-ul40-s2p\/\",\"url\":\"https:\/\/dev.freakuence.nl\/fr\/produit\/vanderveen-ul40-s2p\/\",\"name\":\"Vanderveen uL40-s2p | Freakuence!\",\"isPartOf\":{\"@id\":\"https:\/\/dev.freakuence.nl\/fr\/#website\"},\"datePublished\":\"2026-03-12T08:20:06+00:00\",\"breadcrumb\":{\"@id\":\"https:\/\/dev.freakuence.nl\/fr\/produit\/vanderveen-ul40-s2p\/#breadcrumb\"},\"inLanguage\":\"fr-FR\",\"potentialAction\":[{\"@type\":\"ReadAction\",\"target\":[\"https:\/\/dev.freakuence.nl\/fr\/produit\/vanderveen-ul40-s2p\/\"]}]},{\"@type\":\"BreadcrumbList\",\"@id\":\"https:\/\/dev.freakuence.nl\/fr\/produit\/vanderveen-ul40-s2p\/#breadcrumb\",\"itemListElement\":[{\"@type\":\"ListItem\",\"position\":1,\"name\":\"Accueil\",\"item\":\"https:\/\/dev.freakuence.nl\/fr\/\"},{\"@type\":\"ListItem\",\"position\":2,\"name\":\"Produits\",\"item\":\"https:\/\/dev.freakuence.nl\/fr\/produits\/\"},{\"@type\":\"ListItem\",\"position\":3,\"name\":\"Vanderveen uL40-s2p\"}]},{\"@type\":\"WebSite\",\"@id\":\"https:\/\/dev.freakuence.nl\/fr\/#website\",\"url\":\"https:\/\/dev.freakuence.nl\/fr\/\",\"name\":\"Freakuence!\",\"description\":\"Freakuence!\",\"publisher\":{\"@id\":\"https:\/\/dev.freakuence.nl\/fr\/#organization\"},\"alternateName\":\"Freakuence\",\"potentialAction\":[{\"@type\":\"SearchAction\",\"target\":{\"@type\":\"EntryPoint\",\"urlTemplate\":\"https:\/\/dev.freakuence.nl\/fr\/?s={search_term_string}\"},\"query-input\":{\"@type\":\"PropertyValueSpecification\",\"valueRequired\":true,\"valueName\":\"search_term_string\"}}],\"inLanguage\":\"fr-FR\"},{\"@type\":\"Organization\",\"@id\":\"https:\/\/dev.freakuence.nl\/fr\/#organization\",\"name\":\"Freakuence !\",\"url\":\"https:\/\/dev.freakuence.nl\/fr\/\",\"logo\":{\"@type\":\"ImageObject\",\"inLanguage\":\"fr-FR\",\"@id\":\"https:\/\/dev.freakuence.nl\/fr\/#\/schema\/logo\/image\/\",\"url\":\"https:\/\/dev.freakuence.nl\/wp-content\/uploads\/2022\/05\/Brown_3_RGB_Freakuence-1.png\",\"contentUrl\":\"https:\/\/dev.freakuence.nl\/wp-content\/uploads\/2022\/05\/Brown_3_RGB_Freakuence-1.png\",\"width\":2560,\"height\":684,\"caption\":\"Freakuence !\"},\"image\":{\"@id\":\"https:\/\/dev.freakuence.nl\/fr\/#\/schema\/logo\/image\/\"},\"sameAs\":[\"https:\/\/www.instagram.com\/freakuence_notorious_audio\/\"]}]}<\/script>\n<!-- \/ Yoast SEO plugin. -->","yoast_head_json":{"title":"Vanderveen uL40-s2p | Freakuence!","robots":{"index":"noindex","follow":"follow","max-snippet":"max-snippet:-1","max-image-preview":"max-image-preview:large","max-video-preview":"max-video-preview:-1"},"og_locale":"fr_FR","og_type":"article","og_title":"Vanderveen uL40-s2p | Freakuence!","og_description":"Description Freakuence ! Fantaisie ! Se gratter derri\u00e8re les oreilles. Garder l&rsquo;argent dans la poche. Plus pour moins. Et d&rsquo;autres d\u00e9clarations et r\u00e9flexions de ce genre sont applicables. Cette chose fait de la musique. Il joue avec puissance et conviction, et c&rsquo;est \u00e0 ce moment-l\u00e0 qu&rsquo;on le remarque le mieux Dans un grand orchestre symphonique. [&hellip;]","og_url":"https:\/\/dev.freakuence.nl\/fr\/produit\/vanderveen-ul40-s2p\/","og_site_name":"Freakuence!","twitter_card":"summary_large_image","schema":{"@context":"https:\/\/schema.org","@graph":[{"@type":"WebPage","@id":"https:\/\/dev.freakuence.nl\/fr\/produit\/vanderveen-ul40-s2p\/","url":"https:\/\/dev.freakuence.nl\/fr\/produit\/vanderveen-ul40-s2p\/","name":"Vanderveen uL40-s2p | Freakuence!","isPartOf":{"@id":"https:\/\/dev.freakuence.nl\/fr\/#website"},"datePublished":"2026-03-12T08:20:06+00:00","breadcrumb":{"@id":"https:\/\/dev.freakuence.nl\/fr\/produit\/vanderveen-ul40-s2p\/#breadcrumb"},"inLanguage":"fr-FR","potentialAction":[{"@type":"ReadAction","target":["https:\/\/dev.freakuence.nl\/fr\/produit\/vanderveen-ul40-s2p\/"]}]},{"@type":"BreadcrumbList","@id":"https:\/\/dev.freakuence.nl\/fr\/produit\/vanderveen-ul40-s2p\/#breadcrumb","itemListElement":[{"@type":"ListItem","position":1,"name":"Accueil","item":"https:\/\/dev.freakuence.nl\/fr\/"},{"@type":"ListItem","position":2,"name":"Produits","item":"https:\/\/dev.freakuence.nl\/fr\/produits\/"},{"@type":"ListItem","position":3,"name":"Vanderveen uL40-s2p"}]},{"@type":"WebSite","@id":"https:\/\/dev.freakuence.nl\/fr\/#website","url":"https:\/\/dev.freakuence.nl\/fr\/","name":"Freakuence!","description":"Freakuence!","publisher":{"@id":"https:\/\/dev.freakuence.nl\/fr\/#organization"},"alternateName":"Freakuence","potentialAction":[{"@type":"SearchAction","target":{"@type":"EntryPoint","urlTemplate":"https:\/\/dev.freakuence.nl\/fr\/?s={search_term_string}"},"query-input":{"@type":"PropertyValueSpecification","valueRequired":true,"valueName":"search_term_string"}}],"inLanguage":"fr-FR"},{"@type":"Organization","@id":"https:\/\/dev.freakuence.nl\/fr\/#organization","name":"Freakuence !","url":"https:\/\/dev.freakuence.nl\/fr\/","logo":{"@type":"ImageObject","inLanguage":"fr-FR","@id":"https:\/\/dev.freakuence.nl\/fr\/#\/schema\/logo\/image\/","url":"https:\/\/dev.freakuence.nl\/wp-content\/uploads\/2022\/05\/Brown_3_RGB_Freakuence-1.png","contentUrl":"https:\/\/dev.freakuence.nl\/wp-content\/uploads\/2022\/05\/Brown_3_RGB_Freakuence-1.png","width":2560,"height":684,"caption":"Freakuence !"},"image":{"@id":"https:\/\/dev.freakuence.nl\/fr\/#\/schema\/logo\/image\/"},"sameAs":["https:\/\/www.instagram.com\/freakuence_notorious_audio\/"]}]}},"_links":{"self":[{"href":"https:\/\/dev.freakuence.nl\/fr\/wp-json\/wp\/v2\/product\/365107","targetHints":{"allow":["GET"]}}],"collection":[{"href":"https:\/\/dev.freakuence.nl\/fr\/wp-json\/wp\/v2\/product"}],"about":[{"href":"https:\/\/dev.freakuence.nl\/fr\/wp-json\/wp\/v2\/types\/product"}],"wp:attachment":[{"href":"https:\/\/dev.freakuence.nl\/fr\/wp-json\/wp\/v2\/media?parent=365107"}],"wp:term":[{"taxonomy":"product_brand","embeddable":true,"href":"https:\/\/dev.freakuence.nl\/fr\/wp-json\/wp\/v2\/product_brand?post=365107"},{"taxonomy":"product_cat","embeddable":true,"href":"https:\/\/dev.freakuence.nl\/fr\/wp-json\/wp\/v2\/product_cat?post=365107"},{"taxonomy":"product_tag","embeddable":true,"href":"https:\/\/dev.freakuence.nl\/fr\/wp-json\/wp\/v2\/product_tag?post=365107"}],"curies":[{"name":"wp","href":"https:\/\/api.w.org\/{rel}","templated":true}]}}