{"id":365893,"date":"2026-03-16T13:24:56","date_gmt":"2026-03-16T12:24:56","guid":{"rendered":"https:\/\/freakuence.nl\/product\/monitor-audio-platinum-300-3g\/"},"modified":"2026-03-26T10:04:14","modified_gmt":"2026-03-26T09:04:14","slug":"monitor-audio-platinum-300-3g","status":"publish","type":"product","link":"https:\/\/dev.freakuence.nl\/fr\/produit\/monitor-audio-platinum-300-3g\/","title":{"rendered":"Monitor Audio Platinum 300 3G"},"content":{"rendered":"<div class=\"product-specifications-list\">\n<div class=\"specification-item row-header\"><span class=\"spec-content\"><strong>Description Freakuence !<\/strong><\/span><\/div>\n<div class=\"specification-item row-even\"><span class=\"spec-content\">Une tr\u00e8s grande enceinte. La reproduction des graves est superbe, les percussions tr\u00e8s naturelles. Des tweeters de pointe pour un aigu clair et d\u00e9taill\u00e9, avec une perception claire de l&rsquo;acoustique de la salle d&rsquo;enregistrement. Avec un grave bien soutenu, ils viennent avec une reproduction pleine et naturelle des m\u00e9diums. Le placement des instruments et des voix est pr\u00e9cis, chaque d\u00e9tail est perceptible.    <\/span><\/div>\n<div class=\"specification-item row-odd\"><span class=\"spec-content\">Prix de vente au d\u00e9tail : 14000.00<\/span><\/div>\n<div class=\"specification-item row-header\"><span class=\"spec-content\"><strong>D\u00e9tails<\/strong><\/span><\/div>\n<div class=\"specification-item row-even\"><span class=\"spec-content\">L&rsquo;ensemble date de 2026 et nous l&rsquo;avons fourni en tant que revendeur.<\/span><\/div>\n<div class=\"specification-item row-odd\"><span class=\"spec-content\">Comme nous sommes revendeurs de cette marque, nous sommes heureux de vous offrir la garantie compl\u00e8te du revendeur sur ce produit particulier ! Pourquoi ? Nous sommes confiants et cette assurance vous rendra la vie plus agr\u00e9able.  <\/span><\/div>\n<div class=\"specification-item row-even\"><span class=\"spec-content\">Nous sommes heureux de pouvoir en faire commerce. N&rsquo;h\u00e9sitez pas \u00e0 nous envoyer ce que vous avez de disponible, nous serons heureux d&rsquo;\u00e9valuer si nous pouvons le mettre en vente. <\/span><\/div>\n<div class=\"specification-item row-header\"><span class=\"spec-content\"><strong>Description g\u00e9n\u00e9rale<\/strong><\/span><\/div>\n<div class=\"specification-item row-even\"><span class=\"spec-content\">La Monitor Audio Platinum 300 3G est une enceinte colonne \u00e0 trois voies qui offre une exp\u00e9rience d&rsquo;\u00e9coute impressionnante. Gr\u00e2ce \u00e0 la combinaison d&rsquo;un tweeter MPD III, d&rsquo;un haut-parleur de milieu de gamme RDT III de 4 pouces et de deux haut-parleurs de basse RDT III de 8 pouces, cette enceinte offre une sc\u00e8ne sonore large et d\u00e9taill\u00e9e. Le tweeter MPD III assure une reproduction claire et pr\u00e9cise des hautes fr\u00e9quences, tandis que les haut-parleurs RDT III contribuent \u00e0 une r\u00e9ponse serr\u00e9e et contr\u00f4l\u00e9e des basses. L&rsquo;enceinte a \u00e9t\u00e9 soigneusement con\u00e7ue avec des panneaux MDF incurv\u00e9s et renforc\u00e9s, ce qui donne une construction rigide qui minimise les r\u00e9sonances. Pesant 53,6 kg chacune et mesurant 113,1 cm de haut, 42,9 cm de large et 52,5 cm de profondeur, la Platinum 300 3G est une enceinte robuste qui fonctionne parfaitement dans les installations st\u00e9r\u00e9o et home cin\u00e9ma.    <\/span><\/div>\n<div class=\"specification-item row-header\"><span class=\"spec-content\"><strong>Informations g\u00e9n\u00e9rales<\/strong><\/span><\/div>\n<div class=\"specification-item row-even\"><span class=\"spec-content\">La Monitor Audio Platinum 300 3G est le fleuron de la troisi\u00e8me g\u00e9n\u00e9ration de la s\u00e9rie Platinum. Con\u00e7ue par l&rsquo;ing\u00e9nieur en chef Dean Hartley, cette enceinte allie la pr\u00e9cision de la hi-fi britannique \u00e0 une finition luxueuse. Le tweeter MPD III (Micro-Pleated Diaphragm) et les c\u00f4nes RDT III (Reinforced Diaphragm Technology) offrent des d\u00e9tails et un contr\u00f4le exceptionnels. Le coffret \u00e0 finition int\u00e9rieure est construit \u00e0 partir de plusieurs couches de MDF et renforc\u00e9 par de l&rsquo;aluminium, \u00e9quip\u00e9 d&rsquo;un c\u00e2blage en cuivre Pureflow OCC. Chaque composant est soigneusement assembl\u00e9 au Royaume-Uni.    <\/span><\/div>\n<div class=\"specification-item row-header\"><span class=\"spec-content\"><strong>Histoire de la marque<\/strong><\/span><\/div>\n<div class=\"specification-item row-even\"><span class=\"spec-content\">Monitor Audio a \u00e9t\u00e9 fond\u00e9e en 1972 par Mo Iqbal dans une petite usine \u00e0 Teversham, pr\u00e8s de Cambridge, en Angleterre. Le premier haut-parleur produit par la soci\u00e9t\u00e9 fut le MA1, assembl\u00e9 \u00e0 la main par Iqbal et une petite \u00e9quipe d&rsquo;ing\u00e9nieurs. Au fil des ans, l&rsquo;entreprise a franchi plusieurs \u00e9tapes importantes, notamment l&rsquo;introduction de la s\u00e9rie Platinum en 2007. En 2016, Monitor Audio a \u00e9largi son portefeuille en acqu\u00e9rant Roksan, un fabricant d&rsquo;\u00e9quipements audio.   <\/span><\/div>\n<\/div>\n","protected":false},"excerpt":{"rendered":"<p>Description Freakuence ! Une tr\u00e8s grande enceinte. La reproduction des graves est superbe, les percussions tr\u00e8s naturelles. Des tweeters de pointe pour un aigu clair et d\u00e9taill\u00e9, avec une perception claire de l&rsquo;acoustique de la salle d&rsquo;enregistrement. Avec un grave bien soutenu, ils viennent avec une reproduction pleine et naturelle des m\u00e9diums. Le placement des [&hellip;]<\/p>\n","protected":false},"featured_media":369531,"template":"","meta":{"_acf_changed":false,"inline_featured_image":false},"product_brand":[],"product_cat":[543],"product_tag":[533],"class_list":{"0":"post-365893","1":"product","2":"type-product","3":"status-publish","4":"has-post-thumbnail","6":"product_cat-intervenants","7":"product_tag-used","8":"pa_kleur-marron","10":"first","11":"instock","12":"sold-individually","13":"purchasable","14":"product-type-simple"},"acf":{"website":true,"show_on_homepage":false,"brand_title":"Monitor Audio","product_type":"Platinum 300 3G","color":"Marron","subcolor":"\u00c9b\u00e8ne","reserved_status":"0"},"yoast_head":"<!-- This site is optimized with the Yoast SEO plugin v25.9 - https:\/\/yoast.com\/wordpress\/plugins\/seo\/ -->\n<title>Monitor Audio Platinum 300 3G | Freakuence!<\/title>\n<meta name=\"description\" content=\"Parfait pour la musique et les films. Disponible dans des finitions luxueuses : Piano Black, Piano Ebony et Pure Satin White. \u2713 HiFi neuve et d&#039;occasion \u2713 Note du client : 4,9 sur 5 \u2713 Reprise \u2713 Session d&#039;\u00e9coute\" \/>\n<meta name=\"robots\" content=\"noindex, follow, max-snippet:-1, max-image-preview:large, max-video-preview:-1\" \/>\n<meta property=\"og:locale\" content=\"fr_FR\" \/>\n<meta property=\"og:type\" content=\"article\" \/>\n<meta property=\"og:title\" content=\"Monitor Audio Platinum 300 3G | Freakuence!\" \/>\n<meta property=\"og:description\" content=\"Parfait pour la musique et les films. Disponible dans des finitions luxueuses : Piano Black, Piano Ebony et Pure Satin White. \u2713 HiFi neuve et d&#039;occasion \u2713 Note du client : 4,9 sur 5 \u2713 Reprise \u2713 Session d&#039;\u00e9coute\" \/>\n<meta property=\"og:url\" content=\"https:\/\/dev.freakuence.nl\/fr\/produit\/monitor-audio-platinum-300-3g\/\" \/>\n<meta property=\"og:site_name\" content=\"Freakuence!\" \/>\n<meta property=\"article:modified_time\" content=\"2026-03-26T09:04:14+00:00\" \/>\n<meta property=\"og:image\" content=\"https:\/\/dev.freakuence.nl\/wp-content\/uploads\/2026\/03\/17734848995322-19046-IMG2629-1-scaled.jpg\" \/>\n\t<meta property=\"og:image:width\" content=\"1707\" \/>\n\t<meta property=\"og:image:height\" content=\"2560\" \/>\n\t<meta property=\"og:image:type\" content=\"image\/jpeg\" \/>\n<meta name=\"twitter:card\" content=\"summary_large_image\" \/>\n<script type=\"application\/ld+json\" class=\"yoast-schema-graph\">{\"@context\":\"https:\/\/schema.org\",\"@graph\":[{\"@type\":\"WebPage\",\"@id\":\"https:\/\/dev.freakuence.nl\/fr\/produit\/monitor-audio-platinum-300-3g\/\",\"url\":\"https:\/\/dev.freakuence.nl\/fr\/produit\/monitor-audio-platinum-300-3g\/\",\"name\":\"Monitor Audio Platinum 300 3G | Freakuence!\",\"isPartOf\":{\"@id\":\"https:\/\/dev.freakuence.nl\/fr\/#website\"},\"primaryImageOfPage\":{\"@id\":\"https:\/\/dev.freakuence.nl\/fr\/produit\/monitor-audio-platinum-300-3g\/#primaryimage\"},\"image\":{\"@id\":\"https:\/\/dev.freakuence.nl\/fr\/produit\/monitor-audio-platinum-300-3g\/#primaryimage\"},\"thumbnailUrl\":\"https:\/\/dev.freakuence.nl\/wp-content\/uploads\/2026\/03\/17734848995322-19046-IMG2629-1-scaled.jpg\",\"datePublished\":\"2026-03-16T12:24:56+00:00\",\"dateModified\":\"2026-03-26T09:04:14+00:00\",\"description\":\"Parfait pour la musique et les films. Disponible dans des finitions luxueuses : Piano Black, Piano Ebony et Pure Satin White. \u2713 HiFi neuve et d'occasion \u2713 Note du client : 4,9 sur 5 \u2713 Reprise \u2713 Session d'\u00e9coute\",\"breadcrumb\":{\"@id\":\"https:\/\/dev.freakuence.nl\/fr\/produit\/monitor-audio-platinum-300-3g\/#breadcrumb\"},\"inLanguage\":\"fr-FR\",\"potentialAction\":[{\"@type\":\"ReadAction\",\"target\":[\"https:\/\/dev.freakuence.nl\/fr\/produit\/monitor-audio-platinum-300-3g\/\"]}]},{\"@type\":\"ImageObject\",\"inLanguage\":\"fr-FR\",\"@id\":\"https:\/\/dev.freakuence.nl\/fr\/produit\/monitor-audio-platinum-300-3g\/#primaryimage\",\"url\":\"https:\/\/dev.freakuence.nl\/wp-content\/uploads\/2026\/03\/17734848995322-19046-IMG2629-1-scaled.jpg\",\"contentUrl\":\"https:\/\/dev.freakuence.nl\/wp-content\/uploads\/2026\/03\/17734848995322-19046-IMG2629-1-scaled.jpg\",\"width\":1707,\"height\":2560},{\"@type\":\"BreadcrumbList\",\"@id\":\"https:\/\/dev.freakuence.nl\/fr\/produit\/monitor-audio-platinum-300-3g\/#breadcrumb\",\"itemListElement\":[{\"@type\":\"ListItem\",\"position\":1,\"name\":\"Accueil\",\"item\":\"https:\/\/dev.freakuence.nl\/fr\/\"},{\"@type\":\"ListItem\",\"position\":2,\"name\":\"Produits\",\"item\":\"https:\/\/dev.freakuence.nl\/fr\/produits\/\"},{\"@type\":\"ListItem\",\"position\":3,\"name\":\"Monitor Audio Platinum 300 3G\"}]},{\"@type\":\"WebSite\",\"@id\":\"https:\/\/dev.freakuence.nl\/fr\/#website\",\"url\":\"https:\/\/dev.freakuence.nl\/fr\/\",\"name\":\"Freakuence!\",\"description\":\"Freakuence!\",\"publisher\":{\"@id\":\"https:\/\/dev.freakuence.nl\/fr\/#organization\"},\"alternateName\":\"Freakuence\",\"potentialAction\":[{\"@type\":\"SearchAction\",\"target\":{\"@type\":\"EntryPoint\",\"urlTemplate\":\"https:\/\/dev.freakuence.nl\/fr\/?s={search_term_string}\"},\"query-input\":{\"@type\":\"PropertyValueSpecification\",\"valueRequired\":true,\"valueName\":\"search_term_string\"}}],\"inLanguage\":\"fr-FR\"},{\"@type\":\"Organization\",\"@id\":\"https:\/\/dev.freakuence.nl\/fr\/#organization\",\"name\":\"Freakuence !\",\"url\":\"https:\/\/dev.freakuence.nl\/fr\/\",\"logo\":{\"@type\":\"ImageObject\",\"inLanguage\":\"fr-FR\",\"@id\":\"https:\/\/dev.freakuence.nl\/fr\/#\/schema\/logo\/image\/\",\"url\":\"https:\/\/dev.freakuence.nl\/wp-content\/uploads\/2022\/05\/Brown_3_RGB_Freakuence-1.png\",\"contentUrl\":\"https:\/\/dev.freakuence.nl\/wp-content\/uploads\/2022\/05\/Brown_3_RGB_Freakuence-1.png\",\"width\":2560,\"height\":684,\"caption\":\"Freakuence !\"},\"image\":{\"@id\":\"https:\/\/dev.freakuence.nl\/fr\/#\/schema\/logo\/image\/\"},\"sameAs\":[\"https:\/\/www.instagram.com\/freakuence_notorious_audio\/\"]}]}<\/script>\n<!-- \/ Yoast SEO plugin. -->","yoast_head_json":{"title":"Monitor Audio Platinum 300 3G | Freakuence!","description":"Parfait pour la musique et les films. Disponible dans des finitions luxueuses : Piano Black, Piano Ebony et Pure Satin White. \u2713 HiFi neuve et d'occasion \u2713 Note du client : 4,9 sur 5 \u2713 Reprise \u2713 Session d'\u00e9coute","robots":{"index":"noindex","follow":"follow","max-snippet":"max-snippet:-1","max-image-preview":"max-image-preview:large","max-video-preview":"max-video-preview:-1"},"og_locale":"fr_FR","og_type":"article","og_title":"Monitor Audio Platinum 300 3G | Freakuence!","og_description":"Parfait pour la musique et les films. Disponible dans des finitions luxueuses : Piano Black, Piano Ebony et Pure Satin White. \u2713 HiFi neuve et d'occasion \u2713 Note du client : 4,9 sur 5 \u2713 Reprise \u2713 Session d'\u00e9coute","og_url":"https:\/\/dev.freakuence.nl\/fr\/produit\/monitor-audio-platinum-300-3g\/","og_site_name":"Freakuence!","article_modified_time":"2026-03-26T09:04:14+00:00","og_image":[{"width":1707,"height":2560,"url":"https:\/\/dev.freakuence.nl\/wp-content\/uploads\/2026\/03\/17734848995322-19046-IMG2629-1-scaled.jpg","type":"image\/jpeg"}],"twitter_card":"summary_large_image","schema":{"@context":"https:\/\/schema.org","@graph":[{"@type":"WebPage","@id":"https:\/\/dev.freakuence.nl\/fr\/produit\/monitor-audio-platinum-300-3g\/","url":"https:\/\/dev.freakuence.nl\/fr\/produit\/monitor-audio-platinum-300-3g\/","name":"Monitor Audio Platinum 300 3G | Freakuence!","isPartOf":{"@id":"https:\/\/dev.freakuence.nl\/fr\/#website"},"primaryImageOfPage":{"@id":"https:\/\/dev.freakuence.nl\/fr\/produit\/monitor-audio-platinum-300-3g\/#primaryimage"},"image":{"@id":"https:\/\/dev.freakuence.nl\/fr\/produit\/monitor-audio-platinum-300-3g\/#primaryimage"},"thumbnailUrl":"https:\/\/dev.freakuence.nl\/wp-content\/uploads\/2026\/03\/17734848995322-19046-IMG2629-1-scaled.jpg","datePublished":"2026-03-16T12:24:56+00:00","dateModified":"2026-03-26T09:04:14+00:00","description":"Parfait pour la musique et les films. Disponible dans des finitions luxueuses : Piano Black, Piano Ebony et Pure Satin White. \u2713 HiFi neuve et d'occasion \u2713 Note du client : 4,9 sur 5 \u2713 Reprise \u2713 Session d'\u00e9coute","breadcrumb":{"@id":"https:\/\/dev.freakuence.nl\/fr\/produit\/monitor-audio-platinum-300-3g\/#breadcrumb"},"inLanguage":"fr-FR","potentialAction":[{"@type":"ReadAction","target":["https:\/\/dev.freakuence.nl\/fr\/produit\/monitor-audio-platinum-300-3g\/"]}]},{"@type":"ImageObject","inLanguage":"fr-FR","@id":"https:\/\/dev.freakuence.nl\/fr\/produit\/monitor-audio-platinum-300-3g\/#primaryimage","url":"https:\/\/dev.freakuence.nl\/wp-content\/uploads\/2026\/03\/17734848995322-19046-IMG2629-1-scaled.jpg","contentUrl":"https:\/\/dev.freakuence.nl\/wp-content\/uploads\/2026\/03\/17734848995322-19046-IMG2629-1-scaled.jpg","width":1707,"height":2560},{"@type":"BreadcrumbList","@id":"https:\/\/dev.freakuence.nl\/fr\/produit\/monitor-audio-platinum-300-3g\/#breadcrumb","itemListElement":[{"@type":"ListItem","position":1,"name":"Accueil","item":"https:\/\/dev.freakuence.nl\/fr\/"},{"@type":"ListItem","position":2,"name":"Produits","item":"https:\/\/dev.freakuence.nl\/fr\/produits\/"},{"@type":"ListItem","position":3,"name":"Monitor Audio Platinum 300 3G"}]},{"@type":"WebSite","@id":"https:\/\/dev.freakuence.nl\/fr\/#website","url":"https:\/\/dev.freakuence.nl\/fr\/","name":"Freakuence!","description":"Freakuence!","publisher":{"@id":"https:\/\/dev.freakuence.nl\/fr\/#organization"},"alternateName":"Freakuence","potentialAction":[{"@type":"SearchAction","target":{"@type":"EntryPoint","urlTemplate":"https:\/\/dev.freakuence.nl\/fr\/?s={search_term_string}"},"query-input":{"@type":"PropertyValueSpecification","valueRequired":true,"valueName":"search_term_string"}}],"inLanguage":"fr-FR"},{"@type":"Organization","@id":"https:\/\/dev.freakuence.nl\/fr\/#organization","name":"Freakuence !","url":"https:\/\/dev.freakuence.nl\/fr\/","logo":{"@type":"ImageObject","inLanguage":"fr-FR","@id":"https:\/\/dev.freakuence.nl\/fr\/#\/schema\/logo\/image\/","url":"https:\/\/dev.freakuence.nl\/wp-content\/uploads\/2022\/05\/Brown_3_RGB_Freakuence-1.png","contentUrl":"https:\/\/dev.freakuence.nl\/wp-content\/uploads\/2022\/05\/Brown_3_RGB_Freakuence-1.png","width":2560,"height":684,"caption":"Freakuence !"},"image":{"@id":"https:\/\/dev.freakuence.nl\/fr\/#\/schema\/logo\/image\/"},"sameAs":["https:\/\/www.instagram.com\/freakuence_notorious_audio\/"]}]}},"_links":{"self":[{"href":"https:\/\/dev.freakuence.nl\/fr\/wp-json\/wp\/v2\/product\/365893","targetHints":{"allow":["GET"]}}],"collection":[{"href":"https:\/\/dev.freakuence.nl\/fr\/wp-json\/wp\/v2\/product"}],"about":[{"href":"https:\/\/dev.freakuence.nl\/fr\/wp-json\/wp\/v2\/types\/product"}],"wp:featuredmedia":[{"embeddable":true,"href":"https:\/\/dev.freakuence.nl\/fr\/wp-json\/wp\/v2\/media\/369531"}],"wp:attachment":[{"href":"https:\/\/dev.freakuence.nl\/fr\/wp-json\/wp\/v2\/media?parent=365893"}],"wp:term":[{"taxonomy":"product_brand","embeddable":true,"href":"https:\/\/dev.freakuence.nl\/fr\/wp-json\/wp\/v2\/product_brand?post=365893"},{"taxonomy":"product_cat","embeddable":true,"href":"https:\/\/dev.freakuence.nl\/fr\/wp-json\/wp\/v2\/product_cat?post=365893"},{"taxonomy":"product_tag","embeddable":true,"href":"https:\/\/dev.freakuence.nl\/fr\/wp-json\/wp\/v2\/product_tag?post=365893"}],"curies":[{"name":"wp","href":"https:\/\/api.w.org\/{rel}","templated":true}]}}