{"id":365909,"date":"2026-03-16T13:30:14","date_gmt":"2026-03-16T12:30:14","guid":{"rendered":"https:\/\/freakuence.nl\/product\/rel-s5\/"},"modified":"2026-04-10T15:46:17","modified_gmt":"2026-04-10T13:46:17","slug":"rel-s5","status":"publish","type":"product","link":"https:\/\/dev.freakuence.nl\/fr\/produit\/rel-s5\/","title":{"rendered":"REL S5"},"content":{"rendered":"<div class=\"product-specifications-list\">\n<div class=\"specification-item row-header\"><span class=\"spec-content\"><strong>Description Freakuence !<\/strong><\/span><\/div>\n<div class=\"specification-item row-even\"><span class=\"spec-content\">Des tons profonds enveloppent la pi\u00e8ce. Une profondeur dimensionnelle sans \u00eatre \u00e9crasante. C&rsquo;est ce que fait REL. Subtil, mais l&rsquo;impact du support ne peut \u00eatre ignor\u00e9.   <\/span><\/div>\n<div class=\"specification-item row-header\"><span class=\"spec-content\"><strong>Description g\u00e9n\u00e9rale<\/strong><\/span><\/div>\n<div class=\"specification-item row-even\"><span class=\"spec-content\">Le REL S5 a une puissance de sortie de 550 watts et offre une gamme de fr\u00e9quences de 20 Hz \u00e0 120 Hz. Le haut-parleur \u00e0 longue port\u00e9e mesure 12 pouces, tandis que le radiateur passif mesure 12 pouces. Pour la connectivit\u00e9 sans fil, le module sans fil Arrow peut \u00eatre ajout\u00e9 en option, ce qui permet un placement flexible. Les contr\u00f4les sont simples gr\u00e2ce aux boutons de r\u00e9glage du niveau, du crossover et de la phase. La finition est disponible en noir piano brillant ou en blanc, ce qui lui permet de s&rsquo;int\u00e9grer parfaitement dans diff\u00e9rents environnements. La technologie DSP maximise les performances, offrant une reproduction dynamique des basses fr\u00e9quences.     <\/span><\/div>\n<div class=\"specification-item row-header\"><span class=\"spec-content\"><strong>Informations g\u00e9n\u00e9rales<\/strong><\/span><\/div>\n<div class=\"specification-item row-even\"><span class=\"spec-content\">Le REL S5 a \u00e9t\u00e9 con\u00e7u en mettant l&rsquo;accent sur la pr\u00e9cision et la puissance, en utilisant des mat\u00e9riaux et des composants de haute qualit\u00e9. Le bo\u00eetier est en bois massif pour minimiser les r\u00e9sonances. Ce subwoofer contient un syst\u00e8me d&rsquo;amplification num\u00e9rique NextGen3 et des haut-parleurs sp\u00e9cialement con\u00e7us pour des basses plus profondes. Le c\u00e2blage interne est de qualit\u00e9 sup\u00e9rieure afin de r\u00e9duire les pertes de signal. Chaque unit\u00e9 est soigneusement v\u00e9rifi\u00e9e et r\u00e9gl\u00e9e pour des performances maximales. L&rsquo;\u00e9quipe de conception, dirig\u00e9e par John Hunter, vise une fid\u00e9lit\u00e9 sonore sans compromis. C&rsquo;est pourquoi les mat\u00e9riaux sont soigneusement s\u00e9lectionn\u00e9s \u00e0 partir de sources fiables dans le monde entier afin de garantir la meilleure qualit\u00e9 sonore.     <\/span><\/div>\n<div class=\"specification-item row-header\"><span class=\"spec-content\"><strong>Histoire de la marque<\/strong><\/span><\/div>\n<div class=\"specification-item row-even\"><span class=\"spec-content\">REL Acoustics a \u00e9t\u00e9 fond\u00e9e par Richard Edmund Lord, n\u00e9 en 1939. Apr\u00e8s avoir \u00e9t\u00e9 op\u00e9rateur radio dans la marine marchande, il a fond\u00e9 la soci\u00e9t\u00e9 dans le but de fabriquer les meilleurs subwoofers. En 1990, REL a introduit le High Level Input, qui d\u00e9rive le signal d&rsquo;entr\u00e9e de l&rsquo;amplificateur de puissance, assurant une int\u00e9gration transparente avec les haut-parleurs. En 1998, la soci\u00e9t\u00e9 a d\u00e9velopp\u00e9 les filtres d&rsquo;entr\u00e9e ABC et les amplificateurs \u00e0 courant \u00e9lev\u00e9, qui permettent de r\u00e9gler avec pr\u00e9cision le filtre et de fournir une puissance suffisante aux haut-parleurs d&rsquo;extr\u00eames graves. \u00c0 la suite d&rsquo;une acquisition en 2005, de nouvelles id\u00e9es et technologies ont \u00e9t\u00e9 introduites, notamment le filtrage NaturalSound en 2007 et les c\u00f4nes de haut-parleur en fibre de carbone en 2010. En 2014, REL a lanc\u00e9 le Zero Compression Wireless, suivi du No. 25 Anniversary Model en 2016 et de la Series HT en 2018.     <\/span><\/div>\n<\/div>\n","protected":false},"excerpt":{"rendered":"<p>Description Freakuence ! Des tons profonds enveloppent la pi\u00e8ce. Une profondeur dimensionnelle sans \u00eatre \u00e9crasante. C&rsquo;est ce que fait REL. Subtil, mais l&rsquo;impact du support ne peut \u00eatre ignor\u00e9. Description g\u00e9n\u00e9rale Le REL S5 a une puissance de sortie de 550 watts et offre une gamme de fr\u00e9quences de 20 Hz \u00e0 120 Hz. Le [&hellip;]<\/p>\n","protected":false},"featured_media":391189,"template":"","meta":{"_acf_changed":false,"inline_featured_image":false},"product_brand":[],"product_cat":[583,543],"product_tag":[533],"class_list":{"0":"post-365909","1":"product","2":"type-product","3":"status-publish","4":"has-post-thumbnail","6":"product_cat-caissons-de-basse","7":"product_cat-intervenants","8":"product_tag-used","9":"pa_kleur-noir","11":"first","12":"instock","13":"sold-individually","14":"purchasable","15":"product-type-simple"},"acf":{"website":true,"show_on_homepage":false,"brand_title":"REL","product_type":"S5","color":"Noir","subcolor":"","reserved_status":"0"},"yoast_head":"<!-- This site is optimized with the Yoast SEO plugin v25.9 - https:\/\/yoast.com\/wordpress\/plugins\/seo\/ -->\n<title>REL S5 | Freakuence!<\/title>\n<meta name=\"description\" content=\"Caisson de basses REL S5 : amplificateur puissant de 550 W, haut-parleur actif de 12&quot;, basses profondes jusqu&#039;\u00e0 20 Hz. \u2713 HiFi neuf et d&#039;occasion \u2713 Note du client : 4.9 sur 5 \u2713 Reprise \u2713 Session d&#039;\u00e9coute\" \/>\n<meta name=\"robots\" content=\"noindex, follow, max-snippet:-1, max-image-preview:large, max-video-preview:-1\" \/>\n<meta property=\"og:locale\" content=\"fr_FR\" \/>\n<meta property=\"og:type\" content=\"article\" \/>\n<meta property=\"og:title\" content=\"REL S5 | Freakuence!\" \/>\n<meta property=\"og:description\" content=\"Caisson de basses REL S5 : amplificateur puissant de 550 W, haut-parleur actif de 12&quot;, basses profondes jusqu&#039;\u00e0 20 Hz. \u2713 HiFi neuf et d&#039;occasion \u2713 Note du client : 4.9 sur 5 \u2713 Reprise \u2713 Session d&#039;\u00e9coute\" \/>\n<meta property=\"og:url\" content=\"https:\/\/dev.freakuence.nl\/fr\/produit\/rel-s5\/\" \/>\n<meta property=\"og:site_name\" content=\"Freakuence!\" \/>\n<meta property=\"article:modified_time\" content=\"2026-04-10T13:46:17+00:00\" \/>\n<meta property=\"og:image\" content=\"https:\/\/dev.freakuence.nl\/wp-content\/uploads\/2026\/04\/17734854498814-18970-IMG2675.jpg\" \/>\n\t<meta property=\"og:image:width\" content=\"1800\" \/>\n\t<meta property=\"og:image:height\" content=\"1200\" \/>\n\t<meta property=\"og:image:type\" content=\"image\/jpeg\" \/>\n<meta name=\"twitter:card\" content=\"summary_large_image\" \/>\n<script type=\"application\/ld+json\" class=\"yoast-schema-graph\">{\"@context\":\"https:\/\/schema.org\",\"@graph\":[{\"@type\":\"WebPage\",\"@id\":\"https:\/\/dev.freakuence.nl\/fr\/produit\/rel-s5\/\",\"url\":\"https:\/\/dev.freakuence.nl\/fr\/produit\/rel-s5\/\",\"name\":\"REL S5 | Freakuence!\",\"isPartOf\":{\"@id\":\"https:\/\/dev.freakuence.nl\/fr\/#website\"},\"primaryImageOfPage\":{\"@id\":\"https:\/\/dev.freakuence.nl\/fr\/produit\/rel-s5\/#primaryimage\"},\"image\":{\"@id\":\"https:\/\/dev.freakuence.nl\/fr\/produit\/rel-s5\/#primaryimage\"},\"thumbnailUrl\":\"https:\/\/dev.freakuence.nl\/wp-content\/uploads\/2026\/04\/17734854498814-18970-IMG2675.jpg\",\"datePublished\":\"2026-03-16T12:30:14+00:00\",\"dateModified\":\"2026-04-10T13:46:17+00:00\",\"description\":\"Caisson de basses REL S5 : amplificateur puissant de 550 W, haut-parleur actif de 12\\\", basses profondes jusqu'\u00e0 20 Hz. \u2713 HiFi neuf et d'occasion \u2713 Note du client : 4.9 sur 5 \u2713 Reprise \u2713 Session d'\u00e9coute\",\"breadcrumb\":{\"@id\":\"https:\/\/dev.freakuence.nl\/fr\/produit\/rel-s5\/#breadcrumb\"},\"inLanguage\":\"fr-FR\",\"potentialAction\":[{\"@type\":\"ReadAction\",\"target\":[\"https:\/\/dev.freakuence.nl\/fr\/produit\/rel-s5\/\"]}]},{\"@type\":\"ImageObject\",\"inLanguage\":\"fr-FR\",\"@id\":\"https:\/\/dev.freakuence.nl\/fr\/produit\/rel-s5\/#primaryimage\",\"url\":\"https:\/\/dev.freakuence.nl\/wp-content\/uploads\/2026\/04\/17734854498814-18970-IMG2675.jpg\",\"contentUrl\":\"https:\/\/dev.freakuence.nl\/wp-content\/uploads\/2026\/04\/17734854498814-18970-IMG2675.jpg\",\"width\":1800,\"height\":1200},{\"@type\":\"BreadcrumbList\",\"@id\":\"https:\/\/dev.freakuence.nl\/fr\/produit\/rel-s5\/#breadcrumb\",\"itemListElement\":[{\"@type\":\"ListItem\",\"position\":1,\"name\":\"Accueil\",\"item\":\"https:\/\/dev.freakuence.nl\/fr\/\"},{\"@type\":\"ListItem\",\"position\":2,\"name\":\"Produits\",\"item\":\"https:\/\/dev.freakuence.nl\/fr\/produits\/\"},{\"@type\":\"ListItem\",\"position\":3,\"name\":\"REL S5\"}]},{\"@type\":\"WebSite\",\"@id\":\"https:\/\/dev.freakuence.nl\/fr\/#website\",\"url\":\"https:\/\/dev.freakuence.nl\/fr\/\",\"name\":\"Freakuence!\",\"description\":\"Freakuence!\",\"publisher\":{\"@id\":\"https:\/\/dev.freakuence.nl\/fr\/#organization\"},\"alternateName\":\"Freakuence\",\"potentialAction\":[{\"@type\":\"SearchAction\",\"target\":{\"@type\":\"EntryPoint\",\"urlTemplate\":\"https:\/\/dev.freakuence.nl\/fr\/?s={search_term_string}\"},\"query-input\":{\"@type\":\"PropertyValueSpecification\",\"valueRequired\":true,\"valueName\":\"search_term_string\"}}],\"inLanguage\":\"fr-FR\"},{\"@type\":\"Organization\",\"@id\":\"https:\/\/dev.freakuence.nl\/fr\/#organization\",\"name\":\"Freakuence !\",\"url\":\"https:\/\/dev.freakuence.nl\/fr\/\",\"logo\":{\"@type\":\"ImageObject\",\"inLanguage\":\"fr-FR\",\"@id\":\"https:\/\/dev.freakuence.nl\/fr\/#\/schema\/logo\/image\/\",\"url\":\"https:\/\/dev.freakuence.nl\/wp-content\/uploads\/2022\/05\/Brown_3_RGB_Freakuence-1.png\",\"contentUrl\":\"https:\/\/dev.freakuence.nl\/wp-content\/uploads\/2022\/05\/Brown_3_RGB_Freakuence-1.png\",\"width\":2560,\"height\":684,\"caption\":\"Freakuence !\"},\"image\":{\"@id\":\"https:\/\/dev.freakuence.nl\/fr\/#\/schema\/logo\/image\/\"},\"sameAs\":[\"https:\/\/www.instagram.com\/freakuence_notorious_audio\/\"]}]}<\/script>\n<!-- \/ Yoast SEO plugin. -->","yoast_head_json":{"title":"REL S5 | Freakuence!","description":"Caisson de basses REL S5 : amplificateur puissant de 550 W, haut-parleur actif de 12\", basses profondes jusqu'\u00e0 20 Hz. \u2713 HiFi neuf et d'occasion \u2713 Note du client : 4.9 sur 5 \u2713 Reprise \u2713 Session d'\u00e9coute","robots":{"index":"noindex","follow":"follow","max-snippet":"max-snippet:-1","max-image-preview":"max-image-preview:large","max-video-preview":"max-video-preview:-1"},"og_locale":"fr_FR","og_type":"article","og_title":"REL S5 | Freakuence!","og_description":"Caisson de basses REL S5 : amplificateur puissant de 550 W, haut-parleur actif de 12\", basses profondes jusqu'\u00e0 20 Hz. \u2713 HiFi neuf et d'occasion \u2713 Note du client : 4.9 sur 5 \u2713 Reprise \u2713 Session d'\u00e9coute","og_url":"https:\/\/dev.freakuence.nl\/fr\/produit\/rel-s5\/","og_site_name":"Freakuence!","article_modified_time":"2026-04-10T13:46:17+00:00","og_image":[{"width":1800,"height":1200,"url":"https:\/\/dev.freakuence.nl\/wp-content\/uploads\/2026\/04\/17734854498814-18970-IMG2675.jpg","type":"image\/jpeg"}],"twitter_card":"summary_large_image","schema":{"@context":"https:\/\/schema.org","@graph":[{"@type":"WebPage","@id":"https:\/\/dev.freakuence.nl\/fr\/produit\/rel-s5\/","url":"https:\/\/dev.freakuence.nl\/fr\/produit\/rel-s5\/","name":"REL S5 | Freakuence!","isPartOf":{"@id":"https:\/\/dev.freakuence.nl\/fr\/#website"},"primaryImageOfPage":{"@id":"https:\/\/dev.freakuence.nl\/fr\/produit\/rel-s5\/#primaryimage"},"image":{"@id":"https:\/\/dev.freakuence.nl\/fr\/produit\/rel-s5\/#primaryimage"},"thumbnailUrl":"https:\/\/dev.freakuence.nl\/wp-content\/uploads\/2026\/04\/17734854498814-18970-IMG2675.jpg","datePublished":"2026-03-16T12:30:14+00:00","dateModified":"2026-04-10T13:46:17+00:00","description":"Caisson de basses REL S5 : amplificateur puissant de 550 W, haut-parleur actif de 12\", basses profondes jusqu'\u00e0 20 Hz. \u2713 HiFi neuf et d'occasion \u2713 Note du client : 4.9 sur 5 \u2713 Reprise \u2713 Session d'\u00e9coute","breadcrumb":{"@id":"https:\/\/dev.freakuence.nl\/fr\/produit\/rel-s5\/#breadcrumb"},"inLanguage":"fr-FR","potentialAction":[{"@type":"ReadAction","target":["https:\/\/dev.freakuence.nl\/fr\/produit\/rel-s5\/"]}]},{"@type":"ImageObject","inLanguage":"fr-FR","@id":"https:\/\/dev.freakuence.nl\/fr\/produit\/rel-s5\/#primaryimage","url":"https:\/\/dev.freakuence.nl\/wp-content\/uploads\/2026\/04\/17734854498814-18970-IMG2675.jpg","contentUrl":"https:\/\/dev.freakuence.nl\/wp-content\/uploads\/2026\/04\/17734854498814-18970-IMG2675.jpg","width":1800,"height":1200},{"@type":"BreadcrumbList","@id":"https:\/\/dev.freakuence.nl\/fr\/produit\/rel-s5\/#breadcrumb","itemListElement":[{"@type":"ListItem","position":1,"name":"Accueil","item":"https:\/\/dev.freakuence.nl\/fr\/"},{"@type":"ListItem","position":2,"name":"Produits","item":"https:\/\/dev.freakuence.nl\/fr\/produits\/"},{"@type":"ListItem","position":3,"name":"REL S5"}]},{"@type":"WebSite","@id":"https:\/\/dev.freakuence.nl\/fr\/#website","url":"https:\/\/dev.freakuence.nl\/fr\/","name":"Freakuence!","description":"Freakuence!","publisher":{"@id":"https:\/\/dev.freakuence.nl\/fr\/#organization"},"alternateName":"Freakuence","potentialAction":[{"@type":"SearchAction","target":{"@type":"EntryPoint","urlTemplate":"https:\/\/dev.freakuence.nl\/fr\/?s={search_term_string}"},"query-input":{"@type":"PropertyValueSpecification","valueRequired":true,"valueName":"search_term_string"}}],"inLanguage":"fr-FR"},{"@type":"Organization","@id":"https:\/\/dev.freakuence.nl\/fr\/#organization","name":"Freakuence !","url":"https:\/\/dev.freakuence.nl\/fr\/","logo":{"@type":"ImageObject","inLanguage":"fr-FR","@id":"https:\/\/dev.freakuence.nl\/fr\/#\/schema\/logo\/image\/","url":"https:\/\/dev.freakuence.nl\/wp-content\/uploads\/2022\/05\/Brown_3_RGB_Freakuence-1.png","contentUrl":"https:\/\/dev.freakuence.nl\/wp-content\/uploads\/2022\/05\/Brown_3_RGB_Freakuence-1.png","width":2560,"height":684,"caption":"Freakuence !"},"image":{"@id":"https:\/\/dev.freakuence.nl\/fr\/#\/schema\/logo\/image\/"},"sameAs":["https:\/\/www.instagram.com\/freakuence_notorious_audio\/"]}]}},"_links":{"self":[{"href":"https:\/\/dev.freakuence.nl\/fr\/wp-json\/wp\/v2\/product\/365909","targetHints":{"allow":["GET"]}}],"collection":[{"href":"https:\/\/dev.freakuence.nl\/fr\/wp-json\/wp\/v2\/product"}],"about":[{"href":"https:\/\/dev.freakuence.nl\/fr\/wp-json\/wp\/v2\/types\/product"}],"wp:featuredmedia":[{"embeddable":true,"href":"https:\/\/dev.freakuence.nl\/fr\/wp-json\/wp\/v2\/media\/391189"}],"wp:attachment":[{"href":"https:\/\/dev.freakuence.nl\/fr\/wp-json\/wp\/v2\/media?parent=365909"}],"wp:term":[{"taxonomy":"product_brand","embeddable":true,"href":"https:\/\/dev.freakuence.nl\/fr\/wp-json\/wp\/v2\/product_brand?post=365909"},{"taxonomy":"product_cat","embeddable":true,"href":"https:\/\/dev.freakuence.nl\/fr\/wp-json\/wp\/v2\/product_cat?post=365909"},{"taxonomy":"product_tag","embeddable":true,"href":"https:\/\/dev.freakuence.nl\/fr\/wp-json\/wp\/v2\/product_tag?post=365909"}],"curies":[{"name":"wp","href":"https:\/\/api.w.org\/{rel}","templated":true}]}}