{"id":366123,"date":"2026-03-17T10:00:39","date_gmt":"2026-03-17T09:00:39","guid":{"rendered":"https:\/\/freakuence.nl\/product\/avant-garde-xa-power\/"},"modified":"2026-04-10T15:50:19","modified_gmt":"2026-04-10T13:50:19","slug":"avant-garde-xa-power","status":"publish","type":"product","link":"https:\/\/dev.freakuence.nl\/fr\/produit\/avant-garde-xa-power\/","title":{"rendered":"Avant-garde XA Power"},"content":{"rendered":"<div class=\"product-specifications-list\">\n<div class=\"specification-item row-header\"><span class=\"spec-content\"><strong>Description Freakuence !<\/strong><\/span><\/div>\n<div class=\"specification-item row-even\"><span class=\"spec-content\">L&rsquo;Avantgarde XA Power est une b\u00eate d&rsquo;amplificateur qui se conduit avec une grande facilit\u00e9. Il poss\u00e8de une puissance qui vous fera dresser les oreilles et une dynamique que vous n&rsquo;avez pas l&rsquo;habitude de rencontrer. Le contr\u00f4le des basses est serr\u00e9 et les aigus sont \u00e9tincelants sans \u00eatre tranchants. Onctueux ! Les m\u00e9diums sont ouverts et naturels, rendant les voix et les instruments plus vrais que nature.    <\/span><\/div>\n<div class=\"specification-item row-header\"><span class=\"spec-content\"><strong>Description g\u00e9n\u00e9rale<\/strong><\/span><\/div>\n<div class=\"specification-item row-even\"><span class=\"spec-content\">L&rsquo;Avantgarde XA Power est un amplificateur de puissance de haute qualit\u00e9 con\u00e7u pour offrir une reproduction sonore in\u00e9gal\u00e9e. Gr\u00e2ce \u00e0 ses performances puissantes et \u00e0 sa reproduction sonore pr\u00e9cise, cet amplificateur offre une sc\u00e8ne sonore dynamique et d\u00e9taill\u00e9e. Sa conception sans r\u00e9troaction n\u00e9gative contribue \u00e0 une reproduction naturelle et transparente, tandis que sa construction robuste assure durabilit\u00e9 et fiabilit\u00e9.  <\/p>\n<p>Gr\u00e2ce \u00e0 des technologies avanc\u00e9es et \u00e0 des composants de haute qualit\u00e9, l&rsquo;Avantgarde XA Power offre une dynamique et une pr\u00e9cision impressionnantes dans l&rsquo;image st\u00e9r\u00e9o. Que vous \u00e9coutiez les nuances subtiles de la musique classique ou les rythmes puissants des genres modernes, cet amplificateur de puissance donne vie \u00e0 chaque note avec une clart\u00e9 et une puissance exceptionnelles. <\/p>\n<p>Vous \u00eates curieux de conna\u00eetre les performances de l&rsquo;Avantgarde XA Power ? Planifiez une s\u00e9ance d&rsquo;\u00e9coute pour d\u00e9couvrir cet amplificateur de puissance par vous-m\u00eame, le comparer \u00e0 d&rsquo;autres mod\u00e8les ou discuter des possibilit\u00e9s de reprise. <\/span><\/div>\n<div class=\"specification-item row-header\"><span class=\"spec-content\"><strong>Histoire de la marque<\/strong><\/span><\/div>\n<div class=\"specification-item row-even\"><span class=\"spec-content\">La marque Avantgarde a \u00e9t\u00e9 fond\u00e9e par Matthias Ruff et Armin Krauss dans les ann\u00e9es 1990. L&rsquo;entreprise se concentre sur le raffinement technique et le d\u00e9veloppement de produits avec une approche pr\u00e9cise. Le premier produit d&rsquo;Avantgarde a \u00e9t\u00e9 lanc\u00e9 en 1991. Au cours des ann\u00e9es suivantes, la marque s&rsquo;est efforc\u00e9e de diversifier et d&rsquo;am\u00e9liorer son offre, ce qui a conduit \u00e0 l&rsquo;introduction de plusieurs lignes de produits. Les cr\u00e9ations d&rsquo;Avantgarde combinent l&rsquo;expertise m\u00e9canique et technique avec un souci du d\u00e9tail, en privil\u00e9giant la simplicit\u00e9 esth\u00e9tique. Depuis sa cr\u00e9ation, Avantgarde a toujours cherch\u00e9 \u00e0 optimiser les caract\u00e9ristiques de ses produits, en utilisant ses propres processus de test et principes de fabrication. Au fil des ans, la marque a pr\u00e9sent\u00e9 plusieurs innovations de produits, refl\u00e9tant les valeurs et philosophies fondamentales des fondateurs. Gr\u00e2ce \u00e0 une recherche et un d\u00e9veloppement continus, Avantgarde a continu\u00e9 \u00e0 investir dans la technologie et l&rsquo;artisanat.       <\/span><\/div>\n<\/div>\n","protected":false},"excerpt":{"rendered":"<p>Description Freakuence ! L&rsquo;Avantgarde XA Power est une b\u00eate d&rsquo;amplificateur qui se conduit avec une grande facilit\u00e9. Il poss\u00e8de une puissance qui vous fera dresser les oreilles et une dynamique que vous n&rsquo;avez pas l&rsquo;habitude de rencontrer. Le contr\u00f4le des basses est serr\u00e9 et les aigus sont \u00e9tincelants sans \u00eatre tranchants. Onctueux ! Les m\u00e9diums [&hellip;]<\/p>\n","protected":false},"featured_media":366082,"template":"","meta":{"_acf_changed":false,"inline_featured_image":false},"product_brand":[],"product_cat":[530,746,768],"product_tag":[533],"class_list":{"0":"post-366123","1":"product","2":"type-product","3":"status-publish","4":"has-post-thumbnail","6":"product_cat-amplificateurs","7":"product_cat-amplificateurs-de-puissance","8":"product_cat-classe-a-classe-a-b","9":"product_tag-used","10":"pa_kleur-noir","12":"first","13":"instock","14":"sold-individually","15":"purchasable","16":"product-type-simple"},"acf":{"website":true,"show_on_homepage":false,"brand_title":"Avantgarde","product_type":"XA Power","color":"Noir","subcolor":"","reserved_status":"0"},"_links":{"self":[{"href":"https:\/\/dev.freakuence.nl\/fr\/wp-json\/wp\/v2\/product\/366123","targetHints":{"allow":["GET"]}}],"collection":[{"href":"https:\/\/dev.freakuence.nl\/fr\/wp-json\/wp\/v2\/product"}],"about":[{"href":"https:\/\/dev.freakuence.nl\/fr\/wp-json\/wp\/v2\/types\/product"}],"wp:featuredmedia":[{"embeddable":true,"href":"https:\/\/dev.freakuence.nl\/fr\/wp-json\/wp\/v2\/media\/366082"}],"wp:attachment":[{"href":"https:\/\/dev.freakuence.nl\/fr\/wp-json\/wp\/v2\/media?parent=366123"}],"wp:term":[{"taxonomy":"product_brand","embeddable":true,"href":"https:\/\/dev.freakuence.nl\/fr\/wp-json\/wp\/v2\/product_brand?post=366123"},{"taxonomy":"product_cat","embeddable":true,"href":"https:\/\/dev.freakuence.nl\/fr\/wp-json\/wp\/v2\/product_cat?post=366123"},{"taxonomy":"product_tag","embeddable":true,"href":"https:\/\/dev.freakuence.nl\/fr\/wp-json\/wp\/v2\/product_tag?post=366123"}],"curies":[{"name":"wp","href":"https:\/\/api.w.org\/{rel}","templated":true}]}}