{"id":367181,"date":"2026-03-19T11:43:19","date_gmt":"2026-03-19T10:43:19","guid":{"rendered":"https:\/\/freakuence.nl\/product\/bryston-bp26-mps-2\/"},"modified":"2026-04-10T15:49:43","modified_gmt":"2026-04-10T13:49:43","slug":"bryston-bp26-mps-2","status":"publish","type":"product","link":"https:\/\/dev.freakuence.nl\/fr\/produit\/bryston-bp26-mps-2\/","title":{"rendered":"Bryston BP26 + MPS-2"},"content":{"rendered":"<div class=\"product-specifications-list\">\n<div class=\"specification-item row-header\"><span class=\"spec-content\"><strong>Description Freakuence !<\/strong><\/span><\/div>\n<div class=\"specification-item row-even\"><span class=\"spec-content\">Le BP26 avec l&rsquo;alimentation MPS-2 est un pr\u00e9amplificateur qui donne vie \u00e0 votre collection de musique. Avec une unit\u00e9 d&rsquo;alimentation s\u00e9par\u00e9e qui peut aussi alimenter d&rsquo;autres appareils Bryston, c&rsquo;est un choix polyvalent. Par d\u00e9faut, il fonctionne comme un amplificateur de ligne, mais des extensions avec une carte phono et un convertisseur sont possibles. Connexions ? Deux entr\u00e9es XLR et une sortie XLR pour votre ampli de puissance ou vos moniteurs actifs. T\u00e9l\u00e9commande ? Disponible en option.      <\/span><\/div>\n<div class=\"specification-item row-header\"><span class=\"spec-content\"><strong>Description g\u00e9n\u00e9rale<\/strong><\/span><\/div>\n<div class=\"specification-item row-even\"><span class=\"spec-content\">Le pr\u00e9amplificateur Bryston BP26, combin\u00e9 \u00e0 l&rsquo;alimentation MPS-2, est un ajout de haute qualit\u00e9 \u00e0 tout syst\u00e8me audio. Cette combinaison assure une reproduction pr\u00e9cise et d\u00e9taill\u00e9e de la musique, tout en conservant une sc\u00e8ne sonore claire et dynamique. <\/p>\n<p>Le pr\u00e9ampli BP26 est con\u00e7u avec des circuits analogiques de classe A enti\u00e8rement discrets, ce qui se traduit par un faible niveau de bruit de fond et une distorsion minimale. Cela contribue \u00e0 un son transparent et \u00e0 une image st\u00e9r\u00e9o large. L&rsquo;alimentation MPS-2 fournit une puissance stable et propre, ce qui est essentiel pour maintenir l&rsquo;int\u00e9grit\u00e9 du signal audio.  <\/p>\n<p>Ensemble, le Bryston BP26 et le MPS-2 offrent une exp\u00e9rience d&rsquo;\u00e9coute immersive, avec une dynamique riche et des d\u00e9tails raffin\u00e9s. Vous voulez faire l&rsquo;exp\u00e9rience de cette combinaison par vous-m\u00eame ? Planifiez une session d&rsquo;\u00e9coute dans notre salle d&rsquo;\u00e9coute ou contactez-nous pour discuter des possibilit\u00e9s.  <\/span><\/div>\n<div class=\"specification-item row-header\"><span class=\"spec-content\"><strong>Informations g\u00e9n\u00e9rales<\/strong><\/span><\/div>\n<div class=\"specification-item row-even\"><span class=\"spec-content\">Le pr\u00e9ampli BP26 de Bryston, associ\u00e9 \u00e0 l&rsquo;alimentation MPS-2, est con\u00e7u pour une reproduction audio exceptionnelle. La philosophie de Bryston met l&rsquo;accent sur la pr\u00e9cision et la durabilit\u00e9, en utilisant des mat\u00e9riaux et des composants de haute qualit\u00e9. Le BP26 est construit \u00e0 partir de mat\u00e9riaux soigneusement s\u00e9lectionn\u00e9s pour une int\u00e9grit\u00e9 optimale du signal, et le c\u00e2blage interne est soigneusement r\u00e9alis\u00e9 pour minimiser la perte de signal. Le bo\u00eetier est robuste et \u00e0 faible r\u00e9sonance pour une reproduction sonore pure. Il est fabriqu\u00e9 selon des normes de qualit\u00e9 strictes avec des composants provenant de fournisseurs fiables, sans compromis sur la qualit\u00e9 et les performances. L&rsquo;\u00e9quipe de conception de Bryston, compos\u00e9e d&rsquo;ing\u00e9nieurs exp\u00e9riment\u00e9s, assure une innovation et une pr\u00e9cision constantes.     <\/span><\/div>\n<div class=\"specification-item row-header\"><span class=\"spec-content\"><strong>Histoire de la marque<\/strong><\/span><\/div>\n<div class=\"specification-item row-even\"><span class=\"spec-content\">Bryston est l\u00e0 pour les g\u00e8nes qui exigent un son pur et st\u00e9rile. Grant Avenue Studio, fond\u00e9 en 1976 par les fr\u00e8res Lanois (dont Daniel Lanois, laur\u00e9at d&rsquo;un Grammy Award) et Bob Doidge, est un studio d&rsquo;enregistrement et de mixage situ\u00e9 \u00e0 Hamilton (Ontario), au Canada, qui offre \u00e9galement des services de masterisation et de transfert de bandes. Les pi\u00e8ces sanctifi\u00e9es de la majestueuse maison \u00e9douardienne du d\u00e9but des ann\u00e9es 1900, situ\u00e9e sur Grant Avenue, ont accueilli d&rsquo;innombrables l\u00e9gendes de l&rsquo;enregistrement, telles que Gordon Lightfoot, Bruce Cockburn, Ian Thomas, U2, Johnny Cash, Los Lobos et bien d&rsquo;autres encore. Bob Doidge est devenu l&rsquo;unique propri\u00e9taire du studio en 1985 et consid\u00e8re Hamilton comme un joyau culturel, au sud-ouest de Toronto, sur les rives du lac Ontario. Au-dessus de la table de mixage de la salle principale de Grant Avenue est suspendue une paire de moniteurs de r\u00e9f\u00e9rence de studio JBL 4350, un haut-parleur \u00e0 4 voies capable de fournir des niveaux de d\u00e9tail et de sortie extraordinaires. Les moniteurs principaux sont aliment\u00e9s par une paire d&rsquo;amplificateurs Bryston 4B, dont le 41e 4B jamais produit par Bryston. IMAGE AMP ICI Construit et install\u00e9 \u00e0 la fin des ann\u00e9es 1970, cet amplificateur 4B a fonctionn\u00e9 presque sans interruption depuis sa fabrication il y a 40 ans, illustrant l&rsquo;engagement de Bryston pour une ing\u00e9nierie sup\u00e9rieure et une qualit\u00e9 de production. Grant Avenue utilise \u00e9galement trois amplificateurs 2B : l&rsquo;un d&rsquo;eux alimente les moniteurs de proximit\u00e9, tandis que les deux autres 2B alimentent les files d&rsquo;attente de casques du studio, qui peuvent sans effort alimenter dix casques ou plus simultan\u00e9ment. Depuis plus de 40 ans que Grant Avenue accueille tant d&rsquo;artistes et de sessions embl\u00e9matiques, leur \u00e9curie d&rsquo;appareils \u00e9lectroniques Bryston, fonctionnant presque sans interruption, n&rsquo;a eu besoin que d&rsquo;une seule r\u00e9paration. Pour un studio d&rsquo;enregistrement, un amplificateur doit offrir d&rsquo;excellentes performances et \u00eatre intrins\u00e8quement fiable, explique le directeur Bob Doidge. \u00ab\u00a0Lorsque nous avons achet\u00e9 le premier 4B \u00e0 la fin des ann\u00e9es 1970, nos recherches ont montr\u00e9 que ces amplificateurs nous donneraient la puret\u00e9 de son que nous voulions pour notre studio. Apr\u00e8s quatre d\u00e9cennies avec Bryston, je ne peux pas imaginer quelque chose de mieux. La particularit\u00e9 de ce fabricant est qu&rsquo;il offre une garantie de 20 ans sur ses amplificateurs !            <\/span><\/div>\n<\/div>\n","protected":false},"excerpt":{"rendered":"<p>Description Freakuence ! Le BP26 avec l&rsquo;alimentation MPS-2 est un pr\u00e9amplificateur qui donne vie \u00e0 votre collection de musique. Avec une unit\u00e9 d&rsquo;alimentation s\u00e9par\u00e9e qui peut aussi alimenter d&rsquo;autres appareils Bryston, c&rsquo;est un choix polyvalent. Par d\u00e9faut, il fonctionne comme un amplificateur de ligne, mais des extensions avec une carte phono et un convertisseur sont [&hellip;]<\/p>\n","protected":false},"featured_media":391773,"template":"","meta":{"_acf_changed":false,"inline_featured_image":false},"product_brand":[],"product_cat":[530,759,777],"product_tag":[533],"class_list":{"0":"post-367181","1":"product","2":"type-product","3":"status-publish","4":"has-post-thumbnail","6":"product_cat-amplificateurs","7":"product_cat-pre-amplificateurs","8":"product_cat-preamplificateurs-ordinaires","9":"product_tag-used","10":"pa_kleur-argent","12":"first","13":"instock","14":"sold-individually","15":"purchasable","16":"product-type-simple"},"acf":{"website":true,"show_on_homepage":false,"brand_title":"Bryston","product_type":"BP26 + MPS-2","color":"Argent","subcolor":"","reserved_status":"0"},"yoast_head":"<!-- This site is optimized with the Yoast SEO plugin v25.9 - https:\/\/yoast.com\/wordpress\/plugins\/seo\/ -->\n<title>Bryston BP26 + MPS-2 | Freakuence!<\/title>\n<meta name=\"description\" content=\"Pr\u00e9amplificateur Bryston BP26 avec alimentation MPS-2 : pure classe A, faible bruit, audio riche. \u2713 HiFi neuf et d&#039;occasion \u2713 Note du client : 4.9 sur 5 \u2713 Reprise \u2713 Session d&#039;\u00e9coute\" \/>\n<meta name=\"robots\" content=\"noindex, follow, max-snippet:-1, max-image-preview:large, max-video-preview:-1\" \/>\n<meta property=\"og:locale\" content=\"fr_FR\" \/>\n<meta property=\"og:type\" content=\"article\" \/>\n<meta property=\"og:title\" content=\"Bryston BP26 + MPS-2 | Freakuence!\" \/>\n<meta property=\"og:description\" content=\"Pr\u00e9amplificateur Bryston BP26 avec alimentation MPS-2 : pure classe A, faible bruit, audio riche. \u2713 HiFi neuf et d&#039;occasion \u2713 Note du client : 4.9 sur 5 \u2713 Reprise \u2713 Session d&#039;\u00e9coute\" \/>\n<meta property=\"og:url\" content=\"https:\/\/dev.freakuence.nl\/fr\/produit\/bryston-bp26-mps-2\/\" \/>\n<meta property=\"og:site_name\" content=\"Freakuence!\" \/>\n<meta property=\"article:modified_time\" content=\"2026-04-10T13:49:43+00:00\" \/>\n<meta property=\"og:image\" content=\"https:\/\/dev.freakuence.nl\/wp-content\/uploads\/2026\/04\/17738381071842-19250-IMG2943.jpg\" \/>\n\t<meta property=\"og:image:width\" content=\"1800\" \/>\n\t<meta property=\"og:image:height\" content=\"1200\" \/>\n\t<meta property=\"og:image:type\" content=\"image\/jpeg\" \/>\n<meta name=\"twitter:card\" content=\"summary_large_image\" \/>\n<script type=\"application\/ld+json\" class=\"yoast-schema-graph\">{\"@context\":\"https:\/\/schema.org\",\"@graph\":[{\"@type\":\"WebPage\",\"@id\":\"https:\/\/dev.freakuence.nl\/fr\/produit\/bryston-bp26-mps-2\/\",\"url\":\"https:\/\/dev.freakuence.nl\/fr\/produit\/bryston-bp26-mps-2\/\",\"name\":\"Bryston BP26 + MPS-2 | Freakuence!\",\"isPartOf\":{\"@id\":\"https:\/\/dev.freakuence.nl\/fr\/#website\"},\"primaryImageOfPage\":{\"@id\":\"https:\/\/dev.freakuence.nl\/fr\/produit\/bryston-bp26-mps-2\/#primaryimage\"},\"image\":{\"@id\":\"https:\/\/dev.freakuence.nl\/fr\/produit\/bryston-bp26-mps-2\/#primaryimage\"},\"thumbnailUrl\":\"https:\/\/dev.freakuence.nl\/wp-content\/uploads\/2026\/04\/17738381071842-19250-IMG2943.jpg\",\"datePublished\":\"2026-03-19T10:43:19+00:00\",\"dateModified\":\"2026-04-10T13:49:43+00:00\",\"description\":\"Pr\u00e9amplificateur Bryston BP26 avec alimentation MPS-2 : pure classe A, faible bruit, audio riche. \u2713 HiFi neuf et d'occasion \u2713 Note du client : 4.9 sur 5 \u2713 Reprise \u2713 Session d'\u00e9coute\",\"breadcrumb\":{\"@id\":\"https:\/\/dev.freakuence.nl\/fr\/produit\/bryston-bp26-mps-2\/#breadcrumb\"},\"inLanguage\":\"fr-FR\",\"potentialAction\":[{\"@type\":\"ReadAction\",\"target\":[\"https:\/\/dev.freakuence.nl\/fr\/produit\/bryston-bp26-mps-2\/\"]}]},{\"@type\":\"ImageObject\",\"inLanguage\":\"fr-FR\",\"@id\":\"https:\/\/dev.freakuence.nl\/fr\/produit\/bryston-bp26-mps-2\/#primaryimage\",\"url\":\"https:\/\/dev.freakuence.nl\/wp-content\/uploads\/2026\/04\/17738381071842-19250-IMG2943.jpg\",\"contentUrl\":\"https:\/\/dev.freakuence.nl\/wp-content\/uploads\/2026\/04\/17738381071842-19250-IMG2943.jpg\",\"width\":1800,\"height\":1200},{\"@type\":\"BreadcrumbList\",\"@id\":\"https:\/\/dev.freakuence.nl\/fr\/produit\/bryston-bp26-mps-2\/#breadcrumb\",\"itemListElement\":[{\"@type\":\"ListItem\",\"position\":1,\"name\":\"Accueil\",\"item\":\"https:\/\/dev.freakuence.nl\/fr\/\"},{\"@type\":\"ListItem\",\"position\":2,\"name\":\"Produits\",\"item\":\"https:\/\/dev.freakuence.nl\/fr\/produits\/\"},{\"@type\":\"ListItem\",\"position\":3,\"name\":\"Bryston BP26 + MPS-2\"}]},{\"@type\":\"WebSite\",\"@id\":\"https:\/\/dev.freakuence.nl\/fr\/#website\",\"url\":\"https:\/\/dev.freakuence.nl\/fr\/\",\"name\":\"Freakuence!\",\"description\":\"Freakuence!\",\"publisher\":{\"@id\":\"https:\/\/dev.freakuence.nl\/fr\/#organization\"},\"alternateName\":\"Freakuence\",\"potentialAction\":[{\"@type\":\"SearchAction\",\"target\":{\"@type\":\"EntryPoint\",\"urlTemplate\":\"https:\/\/dev.freakuence.nl\/fr\/?s={search_term_string}\"},\"query-input\":{\"@type\":\"PropertyValueSpecification\",\"valueRequired\":true,\"valueName\":\"search_term_string\"}}],\"inLanguage\":\"fr-FR\"},{\"@type\":\"Organization\",\"@id\":\"https:\/\/dev.freakuence.nl\/fr\/#organization\",\"name\":\"Freakuence !\",\"url\":\"https:\/\/dev.freakuence.nl\/fr\/\",\"logo\":{\"@type\":\"ImageObject\",\"inLanguage\":\"fr-FR\",\"@id\":\"https:\/\/dev.freakuence.nl\/fr\/#\/schema\/logo\/image\/\",\"url\":\"https:\/\/dev.freakuence.nl\/wp-content\/uploads\/2022\/05\/Brown_3_RGB_Freakuence-1.png\",\"contentUrl\":\"https:\/\/dev.freakuence.nl\/wp-content\/uploads\/2022\/05\/Brown_3_RGB_Freakuence-1.png\",\"width\":2560,\"height\":684,\"caption\":\"Freakuence !\"},\"image\":{\"@id\":\"https:\/\/dev.freakuence.nl\/fr\/#\/schema\/logo\/image\/\"},\"sameAs\":[\"https:\/\/www.instagram.com\/freakuence_notorious_audio\/\"]}]}<\/script>\n<!-- \/ Yoast SEO plugin. -->","yoast_head_json":{"title":"Bryston BP26 + MPS-2 | Freakuence!","description":"Pr\u00e9amplificateur Bryston BP26 avec alimentation MPS-2 : pure classe A, faible bruit, audio riche. \u2713 HiFi neuf et d'occasion \u2713 Note du client : 4.9 sur 5 \u2713 Reprise \u2713 Session d'\u00e9coute","robots":{"index":"noindex","follow":"follow","max-snippet":"max-snippet:-1","max-image-preview":"max-image-preview:large","max-video-preview":"max-video-preview:-1"},"og_locale":"fr_FR","og_type":"article","og_title":"Bryston BP26 + MPS-2 | Freakuence!","og_description":"Pr\u00e9amplificateur Bryston BP26 avec alimentation MPS-2 : pure classe A, faible bruit, audio riche. \u2713 HiFi neuf et d'occasion \u2713 Note du client : 4.9 sur 5 \u2713 Reprise \u2713 Session d'\u00e9coute","og_url":"https:\/\/dev.freakuence.nl\/fr\/produit\/bryston-bp26-mps-2\/","og_site_name":"Freakuence!","article_modified_time":"2026-04-10T13:49:43+00:00","og_image":[{"width":1800,"height":1200,"url":"https:\/\/dev.freakuence.nl\/wp-content\/uploads\/2026\/04\/17738381071842-19250-IMG2943.jpg","type":"image\/jpeg"}],"twitter_card":"summary_large_image","schema":{"@context":"https:\/\/schema.org","@graph":[{"@type":"WebPage","@id":"https:\/\/dev.freakuence.nl\/fr\/produit\/bryston-bp26-mps-2\/","url":"https:\/\/dev.freakuence.nl\/fr\/produit\/bryston-bp26-mps-2\/","name":"Bryston BP26 + MPS-2 | Freakuence!","isPartOf":{"@id":"https:\/\/dev.freakuence.nl\/fr\/#website"},"primaryImageOfPage":{"@id":"https:\/\/dev.freakuence.nl\/fr\/produit\/bryston-bp26-mps-2\/#primaryimage"},"image":{"@id":"https:\/\/dev.freakuence.nl\/fr\/produit\/bryston-bp26-mps-2\/#primaryimage"},"thumbnailUrl":"https:\/\/dev.freakuence.nl\/wp-content\/uploads\/2026\/04\/17738381071842-19250-IMG2943.jpg","datePublished":"2026-03-19T10:43:19+00:00","dateModified":"2026-04-10T13:49:43+00:00","description":"Pr\u00e9amplificateur Bryston BP26 avec alimentation MPS-2 : pure classe A, faible bruit, audio riche. \u2713 HiFi neuf et d'occasion \u2713 Note du client : 4.9 sur 5 \u2713 Reprise \u2713 Session d'\u00e9coute","breadcrumb":{"@id":"https:\/\/dev.freakuence.nl\/fr\/produit\/bryston-bp26-mps-2\/#breadcrumb"},"inLanguage":"fr-FR","potentialAction":[{"@type":"ReadAction","target":["https:\/\/dev.freakuence.nl\/fr\/produit\/bryston-bp26-mps-2\/"]}]},{"@type":"ImageObject","inLanguage":"fr-FR","@id":"https:\/\/dev.freakuence.nl\/fr\/produit\/bryston-bp26-mps-2\/#primaryimage","url":"https:\/\/dev.freakuence.nl\/wp-content\/uploads\/2026\/04\/17738381071842-19250-IMG2943.jpg","contentUrl":"https:\/\/dev.freakuence.nl\/wp-content\/uploads\/2026\/04\/17738381071842-19250-IMG2943.jpg","width":1800,"height":1200},{"@type":"BreadcrumbList","@id":"https:\/\/dev.freakuence.nl\/fr\/produit\/bryston-bp26-mps-2\/#breadcrumb","itemListElement":[{"@type":"ListItem","position":1,"name":"Accueil","item":"https:\/\/dev.freakuence.nl\/fr\/"},{"@type":"ListItem","position":2,"name":"Produits","item":"https:\/\/dev.freakuence.nl\/fr\/produits\/"},{"@type":"ListItem","position":3,"name":"Bryston BP26 + MPS-2"}]},{"@type":"WebSite","@id":"https:\/\/dev.freakuence.nl\/fr\/#website","url":"https:\/\/dev.freakuence.nl\/fr\/","name":"Freakuence!","description":"Freakuence!","publisher":{"@id":"https:\/\/dev.freakuence.nl\/fr\/#organization"},"alternateName":"Freakuence","potentialAction":[{"@type":"SearchAction","target":{"@type":"EntryPoint","urlTemplate":"https:\/\/dev.freakuence.nl\/fr\/?s={search_term_string}"},"query-input":{"@type":"PropertyValueSpecification","valueRequired":true,"valueName":"search_term_string"}}],"inLanguage":"fr-FR"},{"@type":"Organization","@id":"https:\/\/dev.freakuence.nl\/fr\/#organization","name":"Freakuence !","url":"https:\/\/dev.freakuence.nl\/fr\/","logo":{"@type":"ImageObject","inLanguage":"fr-FR","@id":"https:\/\/dev.freakuence.nl\/fr\/#\/schema\/logo\/image\/","url":"https:\/\/dev.freakuence.nl\/wp-content\/uploads\/2022\/05\/Brown_3_RGB_Freakuence-1.png","contentUrl":"https:\/\/dev.freakuence.nl\/wp-content\/uploads\/2022\/05\/Brown_3_RGB_Freakuence-1.png","width":2560,"height":684,"caption":"Freakuence !"},"image":{"@id":"https:\/\/dev.freakuence.nl\/fr\/#\/schema\/logo\/image\/"},"sameAs":["https:\/\/www.instagram.com\/freakuence_notorious_audio\/"]}]}},"_links":{"self":[{"href":"https:\/\/dev.freakuence.nl\/fr\/wp-json\/wp\/v2\/product\/367181","targetHints":{"allow":["GET"]}}],"collection":[{"href":"https:\/\/dev.freakuence.nl\/fr\/wp-json\/wp\/v2\/product"}],"about":[{"href":"https:\/\/dev.freakuence.nl\/fr\/wp-json\/wp\/v2\/types\/product"}],"wp:featuredmedia":[{"embeddable":true,"href":"https:\/\/dev.freakuence.nl\/fr\/wp-json\/wp\/v2\/media\/391773"}],"wp:attachment":[{"href":"https:\/\/dev.freakuence.nl\/fr\/wp-json\/wp\/v2\/media?parent=367181"}],"wp:term":[{"taxonomy":"product_brand","embeddable":true,"href":"https:\/\/dev.freakuence.nl\/fr\/wp-json\/wp\/v2\/product_brand?post=367181"},{"taxonomy":"product_cat","embeddable":true,"href":"https:\/\/dev.freakuence.nl\/fr\/wp-json\/wp\/v2\/product_cat?post=367181"},{"taxonomy":"product_tag","embeddable":true,"href":"https:\/\/dev.freakuence.nl\/fr\/wp-json\/wp\/v2\/product_tag?post=367181"}],"curies":[{"name":"wp","href":"https:\/\/api.w.org\/{rel}","templated":true}]}}