{"id":367202,"date":"2026-03-19T11:43:50","date_gmt":"2026-03-19T10:43:50","guid":{"rendered":"https:\/\/freakuence.nl\/product\/cayin-cs-88a-2\/"},"modified":"2026-03-19T11:43:50","modified_gmt":"2026-03-19T10:43:50","slug":"cayin-cs-88a-2","status":"publish","type":"product","link":"https:\/\/dev.freakuence.nl\/fr\/produit\/cayin-cs-88a-2\/","title":{"rendered":"Cayin CS-88A"},"content":{"rendered":"<div class=\"product-specifications-list\">\n<div class=\"specification-item row-header\"><span class=\"spec-content\"><strong>Description Freakuence !<\/strong><\/span><\/div>\n<div class=\"specification-item row-even\"><span class=\"spec-content\">Appr\u00e9ciez ! Les amateurs de tubes. Merveilleusement doux avec un son chaud et naturel. \u00c9quip\u00e9 de la puissante lampe KT88. \u00c9teignez les feux, laissez Cayin briller.    <\/span><\/div>\n<div class=\"specification-item row-odd\"><span class=\"spec-content\">Prix de vente au d\u00e9tail : 3397.00<\/span><\/div>\n<div class=\"specification-item row-header\"><span class=\"spec-content\"><strong>D\u00e9tails<\/strong><\/span><\/div>\n<div class=\"specification-item row-even\"><span class=\"spec-content\">L&rsquo;ampli a quelques mois. Une petite piq\u00fbre, voir photo. <\/span><\/div>\n<div class=\"specification-item row-header\"><span class=\"spec-content\"><strong>Description g\u00e9n\u00e9rale<\/strong><\/span><\/div>\n<div class=\"specification-item row-even\"><span class=\"spec-content\">Le Cayin CS-88A est un amplificateur int\u00e9gr\u00e9 \u00e0 tubes qui allie savoir-faire et polyvalence. Avec sa construction artisanale et son c\u00e2blage point \u00e0 point, cet amplificateur constitue une base solide pour une reproduction sonore de haute qualit\u00e9.   <\/p>\n<p>La section pr\u00e9amplificatrice utilise deux tubes 6SL7 et deux tubes 6SN7, tandis que l&rsquo;ampli de puissance utilise quatre tubes KT88 ou 6550EH dans une configuration push-pull AB1. Le CS-88A offre la possibilit\u00e9 de basculer entre le mode triode et le mode ultralin\u00e9aire, ce qui vous permet d&rsquo;adapter le son \u00e0 vos pr\u00e9f\u00e9rences personnelles.   <\/p>\n<p>Pour les amateurs de vinyle, une entr\u00e9e phono MM int\u00e9gr\u00e9e vous permet de connecter facilement un tourne-disque. En outre, l&rsquo;ampli dispose de deux entr\u00e9es ligne pour d&rsquo;autres sources analogiques et d&rsquo;une entr\u00e9e pr\u00e9-in, ce qui vous permet d&rsquo;utiliser le CS-88A comme amplificateur de puissance.   <\/p>\n<p>L&rsquo;indicateur de polarisation externe situ\u00e9 sur le dessus de l&rsquo;ampli permet de v\u00e9rifier et d&rsquo;ajuster facilement les r\u00e9glages de polarisation, ce qui contribue \u00e0 prolonger la dur\u00e9e de vie des lampes. Le s\u00e9lecteur de lampe externe sur le panneau arri\u00e8re vous permet de passer facilement des lampes EL34 aux lampes KT88, selon vos pr\u00e9f\u00e9rences.   <\/p>\n<p>Le CS-88A est \u00e9quip\u00e9 d&rsquo;une t\u00e9l\u00e9commande et d&rsquo;une fonction de d\u00e9marrage progressif d&rsquo;environ 30 secondes. L&rsquo;amplificateur m\u00e9morise les derniers r\u00e9glages apr\u00e8s la mise hors tension, ce qui vous permet de reprendre imm\u00e9diatement l&rsquo;\u00e9coute l\u00e0 o\u00f9 vous l&rsquo;avez laiss\u00e9e.   <\/p>\n<p>Avec un potentiom\u00e8tre de moteur japonais ALPS de haute qualit\u00e9 et des c\u00e2bles de signal \u00e9pais plaqu\u00e9s argent, le CS-88A est con\u00e7u avec le souci du d\u00e9tail. Le couvercle du tube, facile \u00e0 installer, offre une protection et une s\u00e9curit\u00e9 suppl\u00e9mentaires. <\/span><\/div>\n<div class=\"specification-item row-header\"><span class=\"spec-content\"><strong>Informations g\u00e9n\u00e9rales<\/strong><\/span><\/div>\n<div class=\"specification-item row-even\"><span class=\"spec-content\">Le Cayin CS-88A est un amplificateur \u00e0 tubes c\u00e2bl\u00e9 \u00e0 la main, con\u00e7u selon les principes du c\u00e2blage point \u00e0 point, avec une grande attention port\u00e9e \u00e0 la s\u00e9paration des canaux et \u00e0 la puret\u00e9 du signal. L&rsquo;amplificateur utilise des composants de haute qualit\u00e9 tels que des potentiom\u00e8tres Alps, des condensateurs Rubicon et Nichicon et des tubes d&rsquo;amplification de Tung-Sol et EH, entre autres. Le coffret est en acier avec une fa\u00e7ade en aluminium laqu\u00e9 brillant, soigneusement assembl\u00e9 par des ing\u00e9nieurs exp\u00e9riment\u00e9s \u00e0 Zhuhai, en Chine. Les chemins du signal et l&rsquo;alimentation \u00e9lectrique sont s\u00e9par\u00e9s pour une performance optimale.   <\/span><\/div>\n<div class=\"specification-item row-header\"><span class=\"spec-content\"><strong>Histoire de la marque<\/strong><\/span><\/div>\n<div class=\"specification-item row-even\"><span class=\"spec-content\">Cayin a \u00e9t\u00e9 fond\u00e9e en 1993 et est bas\u00e9e \u00e0 Zhuhai, en Chine. L&rsquo;entreprise fabrique des \u00e9quipements audio, notamment des amplificateurs \u00e0 tubes, des lecteurs de CD et des lecteurs audio num\u00e9riques. Cayin dispose d&rsquo;un site de production o\u00f9 se d\u00e9roulent \u00e0 la fois la conception et la fabrication. En 2003, l&rsquo;entreprise a lanc\u00e9 la s\u00e9rie Spark, destin\u00e9e au march\u00e9 international. Cayin a distribu\u00e9 ses produits dans le monde entier par l&rsquo;interm\u00e9diaire d&rsquo;un r\u00e9seau de revendeurs et de distributeurs. L&rsquo;entreprise a particip\u00e9 \u00e0 des expositions audio internationales et a re\u00e7u plusieurs prix pour ses produits au fil des ans.     <\/span><\/div>\n<\/div>\n","protected":false},"excerpt":{"rendered":"<p>Description Freakuence ! Appr\u00e9ciez ! Les amateurs de tubes. Merveilleusement doux avec un son chaud et naturel. \u00c9quip\u00e9 de la puissante lampe KT88. \u00c9teignez les feux, laissez Cayin briller. Prix de vente au d\u00e9tail : 3397.00 D\u00e9tails L&rsquo;ampli a quelques mois. Une petite piq\u00fbre, voir photo. Description g\u00e9n\u00e9rale Le Cayin CS-88A est un amplificateur int\u00e9gr\u00e9 [&hellip;]<\/p>\n","protected":false},"featured_media":367164,"template":"","meta":{"_acf_changed":false,"inline_featured_image":false},"product_brand":[],"product_cat":[530,556],"product_tag":[533],"class_list":{"0":"post-367202","1":"product","2":"type-product","3":"status-publish","4":"has-post-thumbnail","6":"product_cat-amplificateurs","7":"product_cat-amplificateurs-a-tubes","8":"product_tag-used","9":"pa_kleur-argent","11":"first","12":"instock","13":"sold-individually","14":"purchasable","15":"product-type-simple"},"acf":{"website":true,"show_on_homepage":false,"brand_title":"Cayin","product_type":"CS-88A","color":"Argent","subcolor":"","reserved_status":"0"},"yoast_head":"<!-- This site is optimized with the Yoast SEO plugin v25.9 - https:\/\/yoast.com\/wordpress\/plugins\/seo\/ -->\n<title>Cayin CS-88A | Freakuence!<\/title>\n<meta name=\"description\" content=\"Cayin CS-88A amplificateur \u00e0 tubes : fait main, entr\u00e9e phono MM, 48W ultralin\u00e9aire, 27W triode. \u2713 HiFi neuf et d&#039;occasion \u2713 Note du client : 4.9 sur 5 \u2713 Reprise \u2713 Session d&#039;\u00e9coute\" \/>\n<meta name=\"robots\" content=\"noindex, follow, max-snippet:-1, max-image-preview:large, max-video-preview:-1\" \/>\n<meta property=\"og:locale\" content=\"fr_FR\" \/>\n<meta property=\"og:type\" content=\"article\" \/>\n<meta property=\"og:title\" content=\"Cayin CS-88A | Freakuence!\" \/>\n<meta property=\"og:description\" content=\"Cayin CS-88A amplificateur \u00e0 tubes : fait main, entr\u00e9e phono MM, 48W ultralin\u00e9aire, 27W triode. \u2713 HiFi neuf et d&#039;occasion \u2713 Note du client : 4.9 sur 5 \u2713 Reprise \u2713 Session d&#039;\u00e9coute\" \/>\n<meta property=\"og:url\" content=\"https:\/\/dev.freakuence.nl\/fr\/produit\/cayin-cs-88a-2\/\" \/>\n<meta property=\"og:site_name\" content=\"Freakuence!\" \/>\n<meta property=\"og:image\" content=\"https:\/\/dev.freakuence.nl\/wp-content\/uploads\/2026\/03\/17738384567961-19312-IMG2977.jpg\" \/>\n\t<meta property=\"og:image:width\" content=\"1800\" \/>\n\t<meta property=\"og:image:height\" content=\"1200\" \/>\n\t<meta property=\"og:image:type\" content=\"image\/jpeg\" \/>\n<meta name=\"twitter:card\" content=\"summary_large_image\" \/>\n<script type=\"application\/ld+json\" class=\"yoast-schema-graph\">{\"@context\":\"https:\/\/schema.org\",\"@graph\":[{\"@type\":\"WebPage\",\"@id\":\"https:\/\/dev.freakuence.nl\/fr\/produit\/cayin-cs-88a-2\/\",\"url\":\"https:\/\/dev.freakuence.nl\/fr\/produit\/cayin-cs-88a-2\/\",\"name\":\"Cayin CS-88A | Freakuence!\",\"isPartOf\":{\"@id\":\"https:\/\/dev.freakuence.nl\/fr\/#website\"},\"primaryImageOfPage\":{\"@id\":\"https:\/\/dev.freakuence.nl\/fr\/produit\/cayin-cs-88a-2\/#primaryimage\"},\"image\":{\"@id\":\"https:\/\/dev.freakuence.nl\/fr\/produit\/cayin-cs-88a-2\/#primaryimage\"},\"thumbnailUrl\":\"https:\/\/dev.freakuence.nl\/wp-content\/uploads\/2026\/03\/17738384567961-19312-IMG2977.jpg\",\"datePublished\":\"2026-03-19T10:43:50+00:00\",\"description\":\"Cayin CS-88A amplificateur \u00e0 tubes : fait main, entr\u00e9e phono MM, 48W ultralin\u00e9aire, 27W triode. \u2713 HiFi neuf et d'occasion \u2713 Note du client : 4.9 sur 5 \u2713 Reprise \u2713 Session d'\u00e9coute\",\"breadcrumb\":{\"@id\":\"https:\/\/dev.freakuence.nl\/fr\/produit\/cayin-cs-88a-2\/#breadcrumb\"},\"inLanguage\":\"fr-FR\",\"potentialAction\":[{\"@type\":\"ReadAction\",\"target\":[\"https:\/\/dev.freakuence.nl\/fr\/produit\/cayin-cs-88a-2\/\"]}]},{\"@type\":\"ImageObject\",\"inLanguage\":\"fr-FR\",\"@id\":\"https:\/\/dev.freakuence.nl\/fr\/produit\/cayin-cs-88a-2\/#primaryimage\",\"url\":\"https:\/\/dev.freakuence.nl\/wp-content\/uploads\/2026\/03\/17738384567961-19312-IMG2977.jpg\",\"contentUrl\":\"https:\/\/dev.freakuence.nl\/wp-content\/uploads\/2026\/03\/17738384567961-19312-IMG2977.jpg\",\"width\":1800,\"height\":1200},{\"@type\":\"BreadcrumbList\",\"@id\":\"https:\/\/dev.freakuence.nl\/fr\/produit\/cayin-cs-88a-2\/#breadcrumb\",\"itemListElement\":[{\"@type\":\"ListItem\",\"position\":1,\"name\":\"Accueil\",\"item\":\"https:\/\/dev.freakuence.nl\/fr\/\"},{\"@type\":\"ListItem\",\"position\":2,\"name\":\"Produits\",\"item\":\"https:\/\/dev.freakuence.nl\/fr\/produits\/\"},{\"@type\":\"ListItem\",\"position\":3,\"name\":\"Cayin CS-88A\"}]},{\"@type\":\"WebSite\",\"@id\":\"https:\/\/dev.freakuence.nl\/fr\/#website\",\"url\":\"https:\/\/dev.freakuence.nl\/fr\/\",\"name\":\"Freakuence!\",\"description\":\"Freakuence!\",\"publisher\":{\"@id\":\"https:\/\/dev.freakuence.nl\/fr\/#organization\"},\"alternateName\":\"Freakuence\",\"potentialAction\":[{\"@type\":\"SearchAction\",\"target\":{\"@type\":\"EntryPoint\",\"urlTemplate\":\"https:\/\/dev.freakuence.nl\/fr\/?s={search_term_string}\"},\"query-input\":{\"@type\":\"PropertyValueSpecification\",\"valueRequired\":true,\"valueName\":\"search_term_string\"}}],\"inLanguage\":\"fr-FR\"},{\"@type\":\"Organization\",\"@id\":\"https:\/\/dev.freakuence.nl\/fr\/#organization\",\"name\":\"Freakuence !\",\"url\":\"https:\/\/dev.freakuence.nl\/fr\/\",\"logo\":{\"@type\":\"ImageObject\",\"inLanguage\":\"fr-FR\",\"@id\":\"https:\/\/dev.freakuence.nl\/fr\/#\/schema\/logo\/image\/\",\"url\":\"https:\/\/dev.freakuence.nl\/wp-content\/uploads\/2022\/05\/Brown_3_RGB_Freakuence-1.png\",\"contentUrl\":\"https:\/\/dev.freakuence.nl\/wp-content\/uploads\/2022\/05\/Brown_3_RGB_Freakuence-1.png\",\"width\":2560,\"height\":684,\"caption\":\"Freakuence !\"},\"image\":{\"@id\":\"https:\/\/dev.freakuence.nl\/fr\/#\/schema\/logo\/image\/\"},\"sameAs\":[\"https:\/\/www.instagram.com\/freakuence_notorious_audio\/\"]}]}<\/script>\n<!-- \/ Yoast SEO plugin. -->","yoast_head_json":{"title":"Cayin CS-88A | Freakuence!","description":"Cayin CS-88A amplificateur \u00e0 tubes : fait main, entr\u00e9e phono MM, 48W ultralin\u00e9aire, 27W triode. \u2713 HiFi neuf et d'occasion \u2713 Note du client : 4.9 sur 5 \u2713 Reprise \u2713 Session d'\u00e9coute","robots":{"index":"noindex","follow":"follow","max-snippet":"max-snippet:-1","max-image-preview":"max-image-preview:large","max-video-preview":"max-video-preview:-1"},"og_locale":"fr_FR","og_type":"article","og_title":"Cayin CS-88A | Freakuence!","og_description":"Cayin CS-88A amplificateur \u00e0 tubes : fait main, entr\u00e9e phono MM, 48W ultralin\u00e9aire, 27W triode. \u2713 HiFi neuf et d'occasion \u2713 Note du client : 4.9 sur 5 \u2713 Reprise \u2713 Session d'\u00e9coute","og_url":"https:\/\/dev.freakuence.nl\/fr\/produit\/cayin-cs-88a-2\/","og_site_name":"Freakuence!","og_image":[{"width":1800,"height":1200,"url":"https:\/\/dev.freakuence.nl\/wp-content\/uploads\/2026\/03\/17738384567961-19312-IMG2977.jpg","type":"image\/jpeg"}],"twitter_card":"summary_large_image","schema":{"@context":"https:\/\/schema.org","@graph":[{"@type":"WebPage","@id":"https:\/\/dev.freakuence.nl\/fr\/produit\/cayin-cs-88a-2\/","url":"https:\/\/dev.freakuence.nl\/fr\/produit\/cayin-cs-88a-2\/","name":"Cayin CS-88A | Freakuence!","isPartOf":{"@id":"https:\/\/dev.freakuence.nl\/fr\/#website"},"primaryImageOfPage":{"@id":"https:\/\/dev.freakuence.nl\/fr\/produit\/cayin-cs-88a-2\/#primaryimage"},"image":{"@id":"https:\/\/dev.freakuence.nl\/fr\/produit\/cayin-cs-88a-2\/#primaryimage"},"thumbnailUrl":"https:\/\/dev.freakuence.nl\/wp-content\/uploads\/2026\/03\/17738384567961-19312-IMG2977.jpg","datePublished":"2026-03-19T10:43:50+00:00","description":"Cayin CS-88A amplificateur \u00e0 tubes : fait main, entr\u00e9e phono MM, 48W ultralin\u00e9aire, 27W triode. \u2713 HiFi neuf et d'occasion \u2713 Note du client : 4.9 sur 5 \u2713 Reprise \u2713 Session d'\u00e9coute","breadcrumb":{"@id":"https:\/\/dev.freakuence.nl\/fr\/produit\/cayin-cs-88a-2\/#breadcrumb"},"inLanguage":"fr-FR","potentialAction":[{"@type":"ReadAction","target":["https:\/\/dev.freakuence.nl\/fr\/produit\/cayin-cs-88a-2\/"]}]},{"@type":"ImageObject","inLanguage":"fr-FR","@id":"https:\/\/dev.freakuence.nl\/fr\/produit\/cayin-cs-88a-2\/#primaryimage","url":"https:\/\/dev.freakuence.nl\/wp-content\/uploads\/2026\/03\/17738384567961-19312-IMG2977.jpg","contentUrl":"https:\/\/dev.freakuence.nl\/wp-content\/uploads\/2026\/03\/17738384567961-19312-IMG2977.jpg","width":1800,"height":1200},{"@type":"BreadcrumbList","@id":"https:\/\/dev.freakuence.nl\/fr\/produit\/cayin-cs-88a-2\/#breadcrumb","itemListElement":[{"@type":"ListItem","position":1,"name":"Accueil","item":"https:\/\/dev.freakuence.nl\/fr\/"},{"@type":"ListItem","position":2,"name":"Produits","item":"https:\/\/dev.freakuence.nl\/fr\/produits\/"},{"@type":"ListItem","position":3,"name":"Cayin CS-88A"}]},{"@type":"WebSite","@id":"https:\/\/dev.freakuence.nl\/fr\/#website","url":"https:\/\/dev.freakuence.nl\/fr\/","name":"Freakuence!","description":"Freakuence!","publisher":{"@id":"https:\/\/dev.freakuence.nl\/fr\/#organization"},"alternateName":"Freakuence","potentialAction":[{"@type":"SearchAction","target":{"@type":"EntryPoint","urlTemplate":"https:\/\/dev.freakuence.nl\/fr\/?s={search_term_string}"},"query-input":{"@type":"PropertyValueSpecification","valueRequired":true,"valueName":"search_term_string"}}],"inLanguage":"fr-FR"},{"@type":"Organization","@id":"https:\/\/dev.freakuence.nl\/fr\/#organization","name":"Freakuence !","url":"https:\/\/dev.freakuence.nl\/fr\/","logo":{"@type":"ImageObject","inLanguage":"fr-FR","@id":"https:\/\/dev.freakuence.nl\/fr\/#\/schema\/logo\/image\/","url":"https:\/\/dev.freakuence.nl\/wp-content\/uploads\/2022\/05\/Brown_3_RGB_Freakuence-1.png","contentUrl":"https:\/\/dev.freakuence.nl\/wp-content\/uploads\/2022\/05\/Brown_3_RGB_Freakuence-1.png","width":2560,"height":684,"caption":"Freakuence !"},"image":{"@id":"https:\/\/dev.freakuence.nl\/fr\/#\/schema\/logo\/image\/"},"sameAs":["https:\/\/www.instagram.com\/freakuence_notorious_audio\/"]}]}},"_links":{"self":[{"href":"https:\/\/dev.freakuence.nl\/fr\/wp-json\/wp\/v2\/product\/367202","targetHints":{"allow":["GET"]}}],"collection":[{"href":"https:\/\/dev.freakuence.nl\/fr\/wp-json\/wp\/v2\/product"}],"about":[{"href":"https:\/\/dev.freakuence.nl\/fr\/wp-json\/wp\/v2\/types\/product"}],"wp:featuredmedia":[{"embeddable":true,"href":"https:\/\/dev.freakuence.nl\/fr\/wp-json\/wp\/v2\/media\/367164"}],"wp:attachment":[{"href":"https:\/\/dev.freakuence.nl\/fr\/wp-json\/wp\/v2\/media?parent=367202"}],"wp:term":[{"taxonomy":"product_brand","embeddable":true,"href":"https:\/\/dev.freakuence.nl\/fr\/wp-json\/wp\/v2\/product_brand?post=367202"},{"taxonomy":"product_cat","embeddable":true,"href":"https:\/\/dev.freakuence.nl\/fr\/wp-json\/wp\/v2\/product_cat?post=367202"},{"taxonomy":"product_tag","embeddable":true,"href":"https:\/\/dev.freakuence.nl\/fr\/wp-json\/wp\/v2\/product_tag?post=367202"}],"curies":[{"name":"wp","href":"https:\/\/api.w.org\/{rel}","templated":true}]}}