{"id":367488,"date":"2026-03-19T13:27:09","date_gmt":"2026-03-19T12:27:09","guid":{"rendered":"https:\/\/freakuence.nl\/product\/rosso-fiorentino-volterra\/"},"modified":"2026-03-19T13:27:09","modified_gmt":"2026-03-19T12:27:09","slug":"rosso-fiorentino-volterra","status":"publish","type":"product","link":"https:\/\/dev.freakuence.nl\/fr\/produit\/rosso-fiorentino-volterra\/","title":{"rendered":"Rosso Fiorentino Volterra"},"content":{"rendered":"<div class=\"product-specifications-list\">\n<div class=\"specification-item row-header\"><span class=\"spec-content\"><strong>Description Freakuence !<\/strong><\/span><\/div>\n<div class=\"specification-item row-even\"><span class=\"spec-content\">Tr\u00e8s bien, chers auditeurs ! Nous parlons d&rsquo;une enceinte de sol italienne qui impressionne par sa reproduction pleine et puissante. Les instruments sont plac\u00e9s dans l&rsquo;espace sans artifice et, m\u00eame \u00e0 volume \u00e9lev\u00e9, les aigus restent agr\u00e9ables \u00e0 l&rsquo;oreille. Les basses sont serr\u00e9es et contr\u00f4l\u00e9es, sans qu&rsquo;il soit n\u00e9cessaire de se pr\u00e9occuper du placement pour une reproduction propre. La dynamique est excellente, permettant aux morceaux classiques et rock de s&rsquo;exprimer pleinement. Bref, une enceinte \u00e0 la hauteur de votre collection musicale.     <\/span><\/div>\n<div class=\"specification-item row-header\"><span class=\"spec-content\"><strong>Description g\u00e9n\u00e9rale<\/strong><\/span><\/div>\n<div class=\"specification-item row-even\"><span class=\"spec-content\">La Rosso Fiorentino Volterra est une enceinte colonne qui excelle dans la reproduction sonore et le design. Cette enceinte combine un syst\u00e8me d&rsquo;enceinte hybride avec une configuration \u00e0 2,5 voies, ce qui permet d&rsquo;obtenir une sc\u00e8ne sonore dynamique et d\u00e9taill\u00e9e. La combinaison d&rsquo;un midwoofer de 6,5 pouces et d&rsquo;un woofer de 8 pouces offre une r\u00e9ponse profonde et contr\u00f4l\u00e9e dans les basses, tandis que le tweeter \u00e0 ruban et d\u00f4me souple reproduit avec pr\u00e9cision les hautes fr\u00e9quences jusqu&rsquo;\u00e0 100 kHz.    <\/p>\n<p>Le design du Rosso Fiorentino Volterra n&rsquo;est pas seulement esth\u00e9tique, il est aussi fonctionnel. L&rsquo;enceinte utilise une construction multi-mat\u00e9riaux avec du HDF, de l&rsquo;aluminium et des coussins visco\u00e9lastiques pour minimiser les r\u00e9sonances et les vibrations du caisson. Cela contribue \u00e0 une image st\u00e9r\u00e9o claire et pr\u00e9cise, donnant vie \u00e0 la musique dans ses moindres d\u00e9tails.    <\/p>\n<p>Vous voulez d\u00e9couvrir le Rosso Fiorentino Volterra par vous-m\u00eame ? Planifiez une s\u00e9ance d&rsquo;\u00e9coute dans notre salle d&rsquo;\u00e9coute et d\u00e9couvrez la qualit\u00e9 sonore exceptionnelle de ce haut-parleur. <\/span><\/div>\n<div class=\"specification-item row-header\"><span class=\"spec-content\"><strong>Informations g\u00e9n\u00e9rales<\/strong><\/span><\/div>\n<div class=\"specification-item row-even\"><span class=\"spec-content\">Les enceintes Volterra de Rosso Fiorentino allient l&rsquo;\u00e9l\u00e9gance italienne \u00e0 une technologie acoustique de pointe. Con\u00e7ues par Francesco Rubenni, fondateur et ing\u00e9nieur en chef, elles refl\u00e8tent sa philosophie de haute pr\u00e9cision et d&rsquo;authenticit\u00e9 musicale. Le coffret est fabriqu\u00e9 \u00e0 partir de bois de haute qualit\u00e9, soigneusement choisis pour leurs propri\u00e9t\u00e9s de r\u00e9sonance, et recouvert d&rsquo;un placage luxueux. Le c\u00e2blage interne est en cuivre pur pour une int\u00e9grit\u00e9 optimale du signal. Les processus de fabrication internes garantissent un contr\u00f4le \u00e9troit des normes de qualit\u00e9 et utilisent des composants europ\u00e9ens.    <\/span><\/div>\n<div class=\"specification-item row-header\"><span class=\"spec-content\"><strong>Histoire de la marque<\/strong><\/span><\/div>\n<div class=\"specification-item row-even\"><span class=\"spec-content\">Rosso Fiorentino a \u00e9t\u00e9 fond\u00e9e en 2006 \u00e0 Florence, une ville au riche pass\u00e9 artistique et culturel. La marque porte le nom du c\u00e9l\u00e8bre peintre italien Rosso Fiorentino, figure de la Renaissance. L&rsquo;engagement de la marque pour le raffinement et la perfection artistique se refl\u00e8te dans les produits qu&rsquo;elle d\u00e9veloppe. Le processus de conception de Rosso Fiorentino est profond\u00e9ment ancr\u00e9 dans les traditions florentines de l&rsquo;artisanat et des valeurs esth\u00e9tiques. Chaque produit est fabriqu\u00e9 avec soin, en accordant une grande attention aux aspects techniques et esth\u00e9tiques. Le choix de mat\u00e9riaux de haute qualit\u00e9 et la recherche d&rsquo;un \u00e9quilibre entre la tradition et les techniques modernes sont des caract\u00e9ristiques de la marque. Cette approche se traduit par des produits qui forment une unit\u00e9 harmonieuse, tant sur le plan visuel que fonctionnel, et qui sont enracin\u00e9s dans la riche tradition culturelle de Florence.      <\/span><\/div>\n<\/div>\n","protected":false},"excerpt":{"rendered":"<p>Description Freakuence ! Tr\u00e8s bien, chers auditeurs ! Nous parlons d&rsquo;une enceinte de sol italienne qui impressionne par sa reproduction pleine et puissante. Les instruments sont plac\u00e9s dans l&rsquo;espace sans artifice et, m\u00eame \u00e0 volume \u00e9lev\u00e9, les aigus restent agr\u00e9ables \u00e0 l&rsquo;oreille. Les basses sont serr\u00e9es et contr\u00f4l\u00e9es, sans qu&rsquo;il soit n\u00e9cessaire de se pr\u00e9occuper [&hellip;]<\/p>\n","protected":false},"featured_media":367472,"template":"","meta":{"_acf_changed":false,"inline_featured_image":false},"product_brand":[],"product_cat":[543],"product_tag":[533],"class_list":{"0":"post-367488","1":"product","2":"type-product","3":"status-publish","4":"has-post-thumbnail","6":"product_cat-intervenants","7":"product_tag-used","8":"pa_kleur-noir","10":"first","11":"instock","12":"sold-individually","13":"purchasable","14":"product-type-simple"},"acf":{"website":true,"show_on_homepage":false,"brand_title":"Rosso Fiorentino","product_type":"Volterra","color":"Noir","subcolor":"","reserved_status":"0"},"_links":{"self":[{"href":"https:\/\/dev.freakuence.nl\/fr\/wp-json\/wp\/v2\/product\/367488","targetHints":{"allow":["GET"]}}],"collection":[{"href":"https:\/\/dev.freakuence.nl\/fr\/wp-json\/wp\/v2\/product"}],"about":[{"href":"https:\/\/dev.freakuence.nl\/fr\/wp-json\/wp\/v2\/types\/product"}],"wp:featuredmedia":[{"embeddable":true,"href":"https:\/\/dev.freakuence.nl\/fr\/wp-json\/wp\/v2\/media\/367472"}],"wp:attachment":[{"href":"https:\/\/dev.freakuence.nl\/fr\/wp-json\/wp\/v2\/media?parent=367488"}],"wp:term":[{"taxonomy":"product_brand","embeddable":true,"href":"https:\/\/dev.freakuence.nl\/fr\/wp-json\/wp\/v2\/product_brand?post=367488"},{"taxonomy":"product_cat","embeddable":true,"href":"https:\/\/dev.freakuence.nl\/fr\/wp-json\/wp\/v2\/product_cat?post=367488"},{"taxonomy":"product_tag","embeddable":true,"href":"https:\/\/dev.freakuence.nl\/fr\/wp-json\/wp\/v2\/product_tag?post=367488"}],"curies":[{"name":"wp","href":"https:\/\/api.w.org\/{rel}","templated":true}]}}