{"id":367532,"date":"2026-03-19T15:59:51","date_gmt":"2026-03-19T14:59:51","guid":{"rendered":"https:\/\/freakuence.nl\/product\/tad-me1-s-2\/"},"modified":"2026-03-19T15:59:51","modified_gmt":"2026-03-19T14:59:51","slug":"tad-me1-s-2","status":"publish","type":"product","link":"https:\/\/dev.freakuence.nl\/fr\/produit\/tad-me1-s-2\/","title":{"rendered":"TAD ME1 -S"},"content":{"rendered":"<div class=\"product-specifications-list\">\n<div class=\"specification-item row-header\"><span class=\"spec-content\"><strong>Description Freakuence !<\/strong><\/span><\/div>\n<div class=\"specification-item row-even\"><span class=\"spec-content\">Un moniteur, mais avec la grandeur d&rsquo;une pi\u00e8ce. Une vitesse sans pr\u00e9c\u00e9dent&#8230; transparent, mais plein et riche au milieu, ce qui est tr\u00e8s agr\u00e9able \u00e0 \u00e9couter. <\/span><\/div>\n<div class=\"specification-item row-odd\"><span class=\"spec-content\">Prix de vente au d\u00e9tail : 17500.00<\/span><\/div>\n<div class=\"specification-item row-header\"><span class=\"spec-content\"><strong>D\u00e9tails<\/strong><\/span><\/div>\n<div class=\"specification-item row-even\"><span class=\"spec-content\">Dommages, voir les photos !<\/span><\/div>\n<div class=\"specification-item row-header\"><span class=\"spec-content\"><strong>Description g\u00e9n\u00e9rale<\/strong><\/span><\/div>\n<div class=\"specification-item row-even\"><span class=\"spec-content\">La TAD ME1-S est une enceinte compacte de biblioth\u00e8que connue pour sa reproduction sonore pr\u00e9cise et son son naturel. Gr\u00e2ce au haut-parleur CST (Coherent Source Transducer), les fr\u00e9quences moyennes et hautes sont combin\u00e9es de mani\u00e8re transparente, ce qui permet d&rsquo;obtenir une sc\u00e8ne sonore stable et une reproduction sonore r\u00e9aliste. Le woofer de 16 cm, dot\u00e9 d&rsquo;une membrane en composite aramide multicouche, assure une reproduction riche et fluide des m\u00e9diums et des graves. L&rsquo;enceinte est \u00e9quip\u00e9e d&rsquo;un port ADS (Aero-Dynamic Slot) bidirectionnel, qui produit des sons graves naturels et profonds malgr\u00e9 sa taille compacte.    Le TAD ME1-S est disponible en finition argent titane, ce qui lui conf\u00e8re un aspect sophistiqu\u00e9.<\/span><\/div>\n<div class=\"specification-item row-header\"><span class=\"spec-content\"><strong>Informations g\u00e9n\u00e9rales<\/strong><\/span><\/div>\n<div class=\"specification-item row-even\"><span class=\"spec-content\">D\u00e9velopp\u00e9 sous la direction d&rsquo;Andrew Jones, le TAD ME1 allie la pr\u00e9cision japonaise \u00e0 une acoustique haut de gamme. Ce moniteur compact utilise le haut-parleur CST (Coherent Source Transducer) qui reproduit les fr\u00e9quences moyennes et hautes \u00e0 partir d&rsquo;un seul point pour une synchronisation parfaite. Le caisson est fabriqu\u00e9 en aluminium frais\u00e9 et en contreplaqu\u00e9 pour minimiser les r\u00e9sonances. Toutes les pi\u00e8ces sont assembl\u00e9es \u00e0 la main au Japon.   <\/span><\/div>\n<div class=\"specification-item row-header\"><span class=\"spec-content\"><strong>Histoire de la marque<\/strong><\/span><\/div>\n<div class=\"specification-item row-even\"><span class=\"spec-content\">Technical Audio Devices Laboratories, Inc (TAD) a \u00e9t\u00e9 fond\u00e9e en 1975 en tant que filiale de Pioneer Corporation. La soci\u00e9t\u00e9 s&rsquo;est d&rsquo;abord concentr\u00e9e sur le d\u00e9veloppement de syst\u00e8mes et de composants de haut-parleurs professionnels. En 1978, TAD a lanc\u00e9 le haut-parleur TAD Model 2401, \u00e9galement connu sous le nom de \u00ab\u00a0TAD Exclusive\u00a0\u00bb. Dans les ann\u00e9es 1980, TAD a \u00e9largi sa gamme de produits pour inclure des amplificateurs et d&rsquo;autres \u00e9quipements audio. En 2007, TAD est devenue une entit\u00e9 ind\u00e9pendante, distincte de Pioneer Corporation. Depuis, la soci\u00e9t\u00e9 a lanc\u00e9 plusieurs appareils audio, notamment le lecteur de CD TAD-D600 en 2009 et le haut-parleur TAD-CE1 en 2015. Le si\u00e8ge de TAD se trouve \u00e0 Kawasaki, au Japon.       <\/span><\/div>\n<\/div>\n","protected":false},"excerpt":{"rendered":"<p>Description Freakuence ! Un moniteur, mais avec la grandeur d&rsquo;une pi\u00e8ce. Une vitesse sans pr\u00e9c\u00e9dent&#8230; transparent, mais plein et riche au milieu, ce qui est tr\u00e8s agr\u00e9able \u00e0 \u00e9couter. Prix de vente au d\u00e9tail : 17500.00 D\u00e9tails Dommages, voir les photos ! Description g\u00e9n\u00e9rale La TAD ME1-S est une enceinte compacte de biblioth\u00e8que connue pour [&hellip;]<\/p>\n","protected":false},"featured_media":367513,"template":"","meta":{"_acf_changed":false,"inline_featured_image":false},"product_brand":[],"product_cat":[543],"product_tag":[533],"class_list":{"0":"post-367532","1":"product","2":"type-product","3":"status-publish","4":"has-post-thumbnail","6":"product_cat-intervenants","7":"product_tag-used","8":"pa_kleur-gris","10":"first","11":"instock","12":"sold-individually","13":"purchasable","14":"product-type-simple"},"acf":{"website":true,"show_on_homepage":false,"brand_title":"TAD","product_type":"ME1 -S","color":"Gris","subcolor":"","reserved_status":"0"},"yoast_head":"<!-- This site is optimized with the Yoast SEO plugin v25.9 - https:\/\/yoast.com\/wordpress\/plugins\/seo\/ -->\n<title>TAD ME1 -S | Freakuence!<\/title>\n<meta name=\"description\" content=\"TAD ME1-S : enceinte compacte \u00e0 3 voies avec haut-parleur CST et r\u00e9ponse profonde dans les basses. \u2713 HiFi neuf et d&#039;occasion \u2713 Note du client : 4.9 sur 5 \u2713 Reprise \u2713 Session d&#039;\u00e9coute\" \/>\n<meta name=\"robots\" content=\"noindex, follow, max-snippet:-1, max-image-preview:large, max-video-preview:-1\" \/>\n<meta property=\"og:locale\" content=\"fr_FR\" \/>\n<meta property=\"og:type\" content=\"article\" \/>\n<meta property=\"og:title\" content=\"TAD ME1 -S | Freakuence!\" \/>\n<meta property=\"og:description\" content=\"TAD ME1-S : enceinte compacte \u00e0 3 voies avec haut-parleur CST et r\u00e9ponse profonde dans les basses. \u2713 HiFi neuf et d&#039;occasion \u2713 Note du client : 4.9 sur 5 \u2713 Reprise \u2713 Session d&#039;\u00e9coute\" \/>\n<meta property=\"og:url\" content=\"https:\/\/dev.freakuence.nl\/fr\/produit\/tad-me1-s-2\/\" \/>\n<meta property=\"og:site_name\" content=\"Freakuence!\" \/>\n<meta property=\"og:image\" content=\"https:\/\/dev.freakuence.nl\/wp-content\/uploads\/2026\/03\/17738567586068-19176-IMG3379-scaled.jpg\" \/>\n\t<meta property=\"og:image:width\" content=\"1200\" \/>\n\t<meta property=\"og:image:height\" content=\"1800\" \/>\n\t<meta property=\"og:image:type\" content=\"image\/jpeg\" \/>\n<meta name=\"twitter:card\" content=\"summary_large_image\" \/>\n<script type=\"application\/ld+json\" class=\"yoast-schema-graph\">{\"@context\":\"https:\/\/schema.org\",\"@graph\":[{\"@type\":\"WebPage\",\"@id\":\"https:\/\/dev.freakuence.nl\/fr\/produit\/tad-me1-s-2\/\",\"url\":\"https:\/\/dev.freakuence.nl\/fr\/produit\/tad-me1-s-2\/\",\"name\":\"TAD ME1 -S | Freakuence!\",\"isPartOf\":{\"@id\":\"https:\/\/dev.freakuence.nl\/fr\/#website\"},\"primaryImageOfPage\":{\"@id\":\"https:\/\/dev.freakuence.nl\/fr\/produit\/tad-me1-s-2\/#primaryimage\"},\"image\":{\"@id\":\"https:\/\/dev.freakuence.nl\/fr\/produit\/tad-me1-s-2\/#primaryimage\"},\"thumbnailUrl\":\"https:\/\/dev.freakuence.nl\/wp-content\/uploads\/2026\/03\/17738567586068-19176-IMG3379-scaled.jpg\",\"datePublished\":\"2026-03-19T14:59:51+00:00\",\"description\":\"TAD ME1-S : enceinte compacte \u00e0 3 voies avec haut-parleur CST et r\u00e9ponse profonde dans les basses. \u2713 HiFi neuf et d'occasion \u2713 Note du client : 4.9 sur 5 \u2713 Reprise \u2713 Session d'\u00e9coute\",\"breadcrumb\":{\"@id\":\"https:\/\/dev.freakuence.nl\/fr\/produit\/tad-me1-s-2\/#breadcrumb\"},\"inLanguage\":\"fr-FR\",\"potentialAction\":[{\"@type\":\"ReadAction\",\"target\":[\"https:\/\/dev.freakuence.nl\/fr\/produit\/tad-me1-s-2\/\"]}]},{\"@type\":\"ImageObject\",\"inLanguage\":\"fr-FR\",\"@id\":\"https:\/\/dev.freakuence.nl\/fr\/produit\/tad-me1-s-2\/#primaryimage\",\"url\":\"https:\/\/dev.freakuence.nl\/wp-content\/uploads\/2026\/03\/17738567586068-19176-IMG3379-scaled.jpg\",\"contentUrl\":\"https:\/\/dev.freakuence.nl\/wp-content\/uploads\/2026\/03\/17738567586068-19176-IMG3379-scaled.jpg\",\"width\":1200,\"height\":1800},{\"@type\":\"BreadcrumbList\",\"@id\":\"https:\/\/dev.freakuence.nl\/fr\/produit\/tad-me1-s-2\/#breadcrumb\",\"itemListElement\":[{\"@type\":\"ListItem\",\"position\":1,\"name\":\"Accueil\",\"item\":\"https:\/\/dev.freakuence.nl\/fr\/\"},{\"@type\":\"ListItem\",\"position\":2,\"name\":\"Produits\",\"item\":\"https:\/\/dev.freakuence.nl\/fr\/produits\/\"},{\"@type\":\"ListItem\",\"position\":3,\"name\":\"TAD ME1 -S\"}]},{\"@type\":\"WebSite\",\"@id\":\"https:\/\/dev.freakuence.nl\/fr\/#website\",\"url\":\"https:\/\/dev.freakuence.nl\/fr\/\",\"name\":\"Freakuence!\",\"description\":\"Freakuence!\",\"publisher\":{\"@id\":\"https:\/\/dev.freakuence.nl\/fr\/#organization\"},\"alternateName\":\"Freakuence\",\"potentialAction\":[{\"@type\":\"SearchAction\",\"target\":{\"@type\":\"EntryPoint\",\"urlTemplate\":\"https:\/\/dev.freakuence.nl\/fr\/?s={search_term_string}\"},\"query-input\":{\"@type\":\"PropertyValueSpecification\",\"valueRequired\":true,\"valueName\":\"search_term_string\"}}],\"inLanguage\":\"fr-FR\"},{\"@type\":\"Organization\",\"@id\":\"https:\/\/dev.freakuence.nl\/fr\/#organization\",\"name\":\"Freakuence !\",\"url\":\"https:\/\/dev.freakuence.nl\/fr\/\",\"logo\":{\"@type\":\"ImageObject\",\"inLanguage\":\"fr-FR\",\"@id\":\"https:\/\/dev.freakuence.nl\/fr\/#\/schema\/logo\/image\/\",\"url\":\"https:\/\/dev.freakuence.nl\/wp-content\/uploads\/2022\/05\/Brown_3_RGB_Freakuence-1.png\",\"contentUrl\":\"https:\/\/dev.freakuence.nl\/wp-content\/uploads\/2022\/05\/Brown_3_RGB_Freakuence-1.png\",\"width\":2560,\"height\":684,\"caption\":\"Freakuence !\"},\"image\":{\"@id\":\"https:\/\/dev.freakuence.nl\/fr\/#\/schema\/logo\/image\/\"},\"sameAs\":[\"https:\/\/www.instagram.com\/freakuence_notorious_audio\/\"]}]}<\/script>\n<!-- \/ Yoast SEO plugin. -->","yoast_head_json":{"title":"TAD ME1 -S | Freakuence!","description":"TAD ME1-S : enceinte compacte \u00e0 3 voies avec haut-parleur CST et r\u00e9ponse profonde dans les basses. \u2713 HiFi neuf et d'occasion \u2713 Note du client : 4.9 sur 5 \u2713 Reprise \u2713 Session d'\u00e9coute","robots":{"index":"noindex","follow":"follow","max-snippet":"max-snippet:-1","max-image-preview":"max-image-preview:large","max-video-preview":"max-video-preview:-1"},"og_locale":"fr_FR","og_type":"article","og_title":"TAD ME1 -S | Freakuence!","og_description":"TAD ME1-S : enceinte compacte \u00e0 3 voies avec haut-parleur CST et r\u00e9ponse profonde dans les basses. \u2713 HiFi neuf et d'occasion \u2713 Note du client : 4.9 sur 5 \u2713 Reprise \u2713 Session d'\u00e9coute","og_url":"https:\/\/dev.freakuence.nl\/fr\/produit\/tad-me1-s-2\/","og_site_name":"Freakuence!","og_image":[{"width":1200,"height":1800,"url":"https:\/\/dev.freakuence.nl\/wp-content\/uploads\/2026\/03\/17738567586068-19176-IMG3379-scaled.jpg","type":"image\/jpeg"}],"twitter_card":"summary_large_image","schema":{"@context":"https:\/\/schema.org","@graph":[{"@type":"WebPage","@id":"https:\/\/dev.freakuence.nl\/fr\/produit\/tad-me1-s-2\/","url":"https:\/\/dev.freakuence.nl\/fr\/produit\/tad-me1-s-2\/","name":"TAD ME1 -S | Freakuence!","isPartOf":{"@id":"https:\/\/dev.freakuence.nl\/fr\/#website"},"primaryImageOfPage":{"@id":"https:\/\/dev.freakuence.nl\/fr\/produit\/tad-me1-s-2\/#primaryimage"},"image":{"@id":"https:\/\/dev.freakuence.nl\/fr\/produit\/tad-me1-s-2\/#primaryimage"},"thumbnailUrl":"https:\/\/dev.freakuence.nl\/wp-content\/uploads\/2026\/03\/17738567586068-19176-IMG3379-scaled.jpg","datePublished":"2026-03-19T14:59:51+00:00","description":"TAD ME1-S : enceinte compacte \u00e0 3 voies avec haut-parleur CST et r\u00e9ponse profonde dans les basses. \u2713 HiFi neuf et d'occasion \u2713 Note du client : 4.9 sur 5 \u2713 Reprise \u2713 Session d'\u00e9coute","breadcrumb":{"@id":"https:\/\/dev.freakuence.nl\/fr\/produit\/tad-me1-s-2\/#breadcrumb"},"inLanguage":"fr-FR","potentialAction":[{"@type":"ReadAction","target":["https:\/\/dev.freakuence.nl\/fr\/produit\/tad-me1-s-2\/"]}]},{"@type":"ImageObject","inLanguage":"fr-FR","@id":"https:\/\/dev.freakuence.nl\/fr\/produit\/tad-me1-s-2\/#primaryimage","url":"https:\/\/dev.freakuence.nl\/wp-content\/uploads\/2026\/03\/17738567586068-19176-IMG3379-scaled.jpg","contentUrl":"https:\/\/dev.freakuence.nl\/wp-content\/uploads\/2026\/03\/17738567586068-19176-IMG3379-scaled.jpg","width":1200,"height":1800},{"@type":"BreadcrumbList","@id":"https:\/\/dev.freakuence.nl\/fr\/produit\/tad-me1-s-2\/#breadcrumb","itemListElement":[{"@type":"ListItem","position":1,"name":"Accueil","item":"https:\/\/dev.freakuence.nl\/fr\/"},{"@type":"ListItem","position":2,"name":"Produits","item":"https:\/\/dev.freakuence.nl\/fr\/produits\/"},{"@type":"ListItem","position":3,"name":"TAD ME1 -S"}]},{"@type":"WebSite","@id":"https:\/\/dev.freakuence.nl\/fr\/#website","url":"https:\/\/dev.freakuence.nl\/fr\/","name":"Freakuence!","description":"Freakuence!","publisher":{"@id":"https:\/\/dev.freakuence.nl\/fr\/#organization"},"alternateName":"Freakuence","potentialAction":[{"@type":"SearchAction","target":{"@type":"EntryPoint","urlTemplate":"https:\/\/dev.freakuence.nl\/fr\/?s={search_term_string}"},"query-input":{"@type":"PropertyValueSpecification","valueRequired":true,"valueName":"search_term_string"}}],"inLanguage":"fr-FR"},{"@type":"Organization","@id":"https:\/\/dev.freakuence.nl\/fr\/#organization","name":"Freakuence !","url":"https:\/\/dev.freakuence.nl\/fr\/","logo":{"@type":"ImageObject","inLanguage":"fr-FR","@id":"https:\/\/dev.freakuence.nl\/fr\/#\/schema\/logo\/image\/","url":"https:\/\/dev.freakuence.nl\/wp-content\/uploads\/2022\/05\/Brown_3_RGB_Freakuence-1.png","contentUrl":"https:\/\/dev.freakuence.nl\/wp-content\/uploads\/2022\/05\/Brown_3_RGB_Freakuence-1.png","width":2560,"height":684,"caption":"Freakuence !"},"image":{"@id":"https:\/\/dev.freakuence.nl\/fr\/#\/schema\/logo\/image\/"},"sameAs":["https:\/\/www.instagram.com\/freakuence_notorious_audio\/"]}]}},"_links":{"self":[{"href":"https:\/\/dev.freakuence.nl\/fr\/wp-json\/wp\/v2\/product\/367532","targetHints":{"allow":["GET"]}}],"collection":[{"href":"https:\/\/dev.freakuence.nl\/fr\/wp-json\/wp\/v2\/product"}],"about":[{"href":"https:\/\/dev.freakuence.nl\/fr\/wp-json\/wp\/v2\/types\/product"}],"wp:featuredmedia":[{"embeddable":true,"href":"https:\/\/dev.freakuence.nl\/fr\/wp-json\/wp\/v2\/media\/367513"}],"wp:attachment":[{"href":"https:\/\/dev.freakuence.nl\/fr\/wp-json\/wp\/v2\/media?parent=367532"}],"wp:term":[{"taxonomy":"product_brand","embeddable":true,"href":"https:\/\/dev.freakuence.nl\/fr\/wp-json\/wp\/v2\/product_brand?post=367532"},{"taxonomy":"product_cat","embeddable":true,"href":"https:\/\/dev.freakuence.nl\/fr\/wp-json\/wp\/v2\/product_cat?post=367532"},{"taxonomy":"product_tag","embeddable":true,"href":"https:\/\/dev.freakuence.nl\/fr\/wp-json\/wp\/v2\/product_tag?post=367532"}],"curies":[{"name":"wp","href":"https:\/\/api.w.org\/{rel}","templated":true}]}}