{"id":367672,"date":"2026-03-20T13:48:38","date_gmt":"2026-03-20T12:48:38","guid":{"rendered":"https:\/\/freakuence.nl\/product\/ds-audio-003\/"},"modified":"2026-04-10T15:50:37","modified_gmt":"2026-04-10T13:50:37","slug":"ds-audio-003","status":"publish","type":"product","link":"https:\/\/dev.freakuence.nl\/fr\/produit\/ds-audio-003\/","title":{"rendered":"DS Audio 003"},"content":{"rendered":"<div class=\"product-specifications-list\">\n<div class=\"specification-item row-header\"><span class=\"spec-content\"><strong>Description Freakuence !<\/strong><\/span><\/div>\n<div class=\"specification-item row-even\"><span class=\"spec-content\">Le DS Audio 003 est un \u00e9l\u00e9ment optique qui d\u00e9livre un son clair et d\u00e9taill\u00e9. Il est dot\u00e9 d&rsquo;un cantilever en aluminium et d&rsquo;une pointe de lecture \u00e0 contact direct, ce qui garantit un suivi pr\u00e9cis des sillons. La technologie optique actualis\u00e9e, avec des LED et des cellules photo\u00e9lectriques ind\u00e9pendantes pour chaque canal, augmente la tension de sortie et am\u00e9liore le rapport signal\/bruit. La plaque d&rsquo;ombre en b\u00e9ryllium est plus l\u00e9g\u00e8re qu&rsquo;auparavant, ce qui contribue \u00e0 am\u00e9liorer la lecture. Cet \u00e9l\u00e9ment fonctionne avec un \u00e9galiseur d\u00e9di\u00e9 et n&rsquo;est pas compatible avec les \u00e9tages phono conventionnels. Il est facile \u00e0 installer et offre un faible bruit de fond. Il est fortement recommand\u00e9 pour ceux qui recherchent une exp\u00e9rience d&rsquo;\u00e9coute de haute qualit\u00e9.      <\/span><\/div>\n<div class=\"specification-item row-header\"><span class=\"spec-content\"><strong>Description g\u00e9n\u00e9rale<\/strong><\/span><\/div>\n<div class=\"specification-item row-even\"><span class=\"spec-content\">Le DS Audio DS 003 est un \u00e9l\u00e9ment optique qui utilise une configuration ind\u00e9pendante de LED et de photod\u00e9tecteur pour les canaux gauche et droit. La tension de sortie est ainsi pass\u00e9e de 40 mV \u00e0 70 mV, ce qui a permis d&rsquo;am\u00e9liorer le rapport signal\/bruit et d&rsquo;obtenir une sc\u00e8ne sonore plus claire.  <\/p>\n<p>Avec son cantilever en aluminium et son aiguille en contact avec la ligne, le DS Audio DS 003 offre une reproduction pr\u00e9cise des d\u00e9tails musicaux. Le bo\u00eetier en aluminium (A5052) assure une rigidit\u00e9 maximale, tandis que le c\u00e2blage interne est 1,6 fois plus \u00e9pais que dans les g\u00e9n\u00e9rations pr\u00e9c\u00e9dentes, ce qui r\u00e9duit l&rsquo;imp\u00e9dance et am\u00e9liore la dynamique.  <\/p>\n<p>Le DS Audio DS 003 est compatible avec tous les \u00e9l\u00e9ments et \u00e9galiseurs optiques de DS Audio, offrant diverses options pour optimiser votre exp\u00e9rience du vinyle analogique.  <\/p>\n<p>Vous \u00eates curieux de conna\u00eetre les performances du DS Audio DS 003 ? Planifiez une s\u00e9ance d&rsquo;\u00e9coute pour d\u00e9couvrir la sc\u00e8ne sonore et la tonalit\u00e9 par vous-m\u00eame, ou discutez des options d&rsquo;\u00e9change et d\u00e9couvrez comment cet \u00e9l\u00e9ment peut enrichir votre syst\u00e8me musical. <\/span><\/div>\n<div class=\"specification-item row-header\"><span class=\"spec-content\"><strong>Informations g\u00e9n\u00e9rales<\/strong><\/span><\/div>\n<div class=\"specification-item row-even\"><span class=\"spec-content\">Le DS Audio 003 a \u00e9t\u00e9 d\u00e9velopp\u00e9 en mettant l&rsquo;accent sur la pr\u00e9cision et le savoir-faire. Le processus de conception a \u00e9t\u00e9 dirig\u00e9 par l&rsquo;ing\u00e9nieur en chef Tetsuaki Aoyagi. La cartouche utilise une technologie optique avanc\u00e9e pour un traitement pr\u00e9cis du signal. Des mat\u00e9riaux de haute qualit\u00e9 tels que l&rsquo;aluminium et le duralumin sont utilis\u00e9s pour le bo\u00eetier, ce qui minimise les r\u00e9sonances. Le c\u00e2blage interne est en cuivre OFC, ce qui contribue \u00e0 la puret\u00e9 du signal. La fabrication et la s\u00e9lection des mat\u00e9riaux sont effectu\u00e9es localement, la pr\u00e9f\u00e9rence \u00e9tant donn\u00e9e aux fournisseurs japonais.     <\/span><\/div>\n<div class=\"specification-item row-header\"><span class=\"spec-content\"><strong>Histoire de la marque<\/strong><\/span><\/div>\n<div class=\"specification-item row-even\"><span class=\"spec-content\">DS Audio a vu le jour en 2013 et trouve ses origines au Japon. La marque fait partie de Digital Stream Corporation (DSC), une entreprise qui existe depuis 1982. DS Audio se concentre sp\u00e9cifiquement sur le d\u00e9veloppement d&rsquo;\u00e9quipements de pointe, en s&rsquo;appuyant sur l&rsquo;expertise technologique que DSC a accumul\u00e9e au fil des ans. La marque est surtout connue pour ses propres technologies et produits brevet\u00e9s. DS Audio est aujourd&rsquo;hui mondialement reconnue et occupe une position unique dans son secteur gr\u00e2ce \u00e0 son engagement en faveur d&rsquo;une ing\u00e9nierie de pr\u00e9cision et de processus de fabrication de haute qualit\u00e9. La marque s&rsquo;engage \u00e0 affiner et \u00e0 am\u00e9liorer ses produits, en utilisant des techniques traditionnelles et modernes pour offrir la meilleure exp\u00e9rience possible aux utilisateurs.     <\/span><\/div>\n<\/div>\n","protected":false},"excerpt":{"rendered":"<p>Description Freakuence ! Le DS Audio 003 est un \u00e9l\u00e9ment optique qui d\u00e9livre un son clair et d\u00e9taill\u00e9. Il est dot\u00e9 d&rsquo;un cantilever en aluminium et d&rsquo;une pointe de lecture \u00e0 contact direct, ce qui garantit un suivi pr\u00e9cis des sillons. La technologie optique actualis\u00e9e, avec des LED et des cellules photo\u00e9lectriques ind\u00e9pendantes pour chaque [&hellip;]<\/p>\n","protected":false},"featured_media":368201,"template":"","meta":{"_acf_changed":false,"inline_featured_image":false},"product_brand":[],"product_cat":[711,584],"product_tag":[533],"class_list":{"0":"post-367672","1":"product","2":"type-product","3":"status-publish","4":"has-post-thumbnail","6":"product_cat-elements","7":"product_cat-plateaux-tournants","8":"product_tag-used","9":"pa_kleur-argent","11":"first","12":"instock","13":"sold-individually","14":"purchasable","15":"product-type-simple"},"acf":{"website":true,"show_on_homepage":false,"brand_title":"DS Audio","product_type":"003","color":"Argent","subcolor":"","reserved_status":"1"},"yoast_head":"<!-- This site is optimized with the Yoast SEO plugin v25.9 - https:\/\/yoast.com\/wordpress\/plugins\/seo\/ -->\n<title>DS Audio 003 | Freakuence!<\/title>\n<meta name=\"description\" content=\"Cartouche optique DS Audio 003 : reproduction analogique pure avec plaque d&#039;ombrage en b\u00e9ryllium et cantilever en aluminium. \u2713 HiFi neuf et d&#039;occasion \u2713 Note du client : 4.9 sur 5 \u2713 Reprise \u2713 Session d&#039;\u00e9coute\" \/>\n<meta name=\"robots\" content=\"noindex, follow, max-snippet:-1, max-image-preview:large, max-video-preview:-1\" \/>\n<meta property=\"og:locale\" content=\"fr_FR\" \/>\n<meta property=\"og:type\" content=\"article\" \/>\n<meta property=\"og:title\" content=\"DS Audio 003 | Freakuence!\" \/>\n<meta property=\"og:description\" content=\"Cartouche optique DS Audio 003 : reproduction analogique pure avec plaque d&#039;ombrage en b\u00e9ryllium et cantilever en aluminium. \u2713 HiFi neuf et d&#039;occasion \u2713 Note du client : 4.9 sur 5 \u2713 Reprise \u2713 Session d&#039;\u00e9coute\" \/>\n<meta property=\"og:url\" content=\"https:\/\/dev.freakuence.nl\/fr\/produit\/ds-audio-003\/\" \/>\n<meta property=\"og:site_name\" content=\"Freakuence!\" \/>\n<meta property=\"article:modified_time\" content=\"2026-04-10T13:50:37+00:00\" \/>\n<meta property=\"og:image\" content=\"https:\/\/dev.freakuence.nl\/wp-content\/uploads\/2026\/03\/17739997637931-19314-IMG3458-2.jpg\" \/>\n\t<meta property=\"og:image:width\" content=\"1800\" \/>\n\t<meta property=\"og:image:height\" content=\"1200\" \/>\n\t<meta property=\"og:image:type\" content=\"image\/jpeg\" \/>\n<meta name=\"twitter:card\" content=\"summary_large_image\" \/>\n<script type=\"application\/ld+json\" class=\"yoast-schema-graph\">{\"@context\":\"https:\/\/schema.org\",\"@graph\":[{\"@type\":\"WebPage\",\"@id\":\"https:\/\/dev.freakuence.nl\/fr\/produit\/ds-audio-003\/\",\"url\":\"https:\/\/dev.freakuence.nl\/fr\/produit\/ds-audio-003\/\",\"name\":\"DS Audio 003 | Freakuence!\",\"isPartOf\":{\"@id\":\"https:\/\/dev.freakuence.nl\/fr\/#website\"},\"primaryImageOfPage\":{\"@id\":\"https:\/\/dev.freakuence.nl\/fr\/produit\/ds-audio-003\/#primaryimage\"},\"image\":{\"@id\":\"https:\/\/dev.freakuence.nl\/fr\/produit\/ds-audio-003\/#primaryimage\"},\"thumbnailUrl\":\"https:\/\/dev.freakuence.nl\/wp-content\/uploads\/2026\/03\/17739997637931-19314-IMG3458-2.jpg\",\"datePublished\":\"2026-03-20T12:48:38+00:00\",\"dateModified\":\"2026-04-10T13:50:37+00:00\",\"description\":\"Cartouche optique DS Audio 003 : reproduction analogique pure avec plaque d'ombrage en b\u00e9ryllium et cantilever en aluminium. \u2713 HiFi neuf et d'occasion \u2713 Note du client : 4.9 sur 5 \u2713 Reprise \u2713 Session d'\u00e9coute\",\"breadcrumb\":{\"@id\":\"https:\/\/dev.freakuence.nl\/fr\/produit\/ds-audio-003\/#breadcrumb\"},\"inLanguage\":\"fr-FR\",\"potentialAction\":[{\"@type\":\"ReadAction\",\"target\":[\"https:\/\/dev.freakuence.nl\/fr\/produit\/ds-audio-003\/\"]}]},{\"@type\":\"ImageObject\",\"inLanguage\":\"fr-FR\",\"@id\":\"https:\/\/dev.freakuence.nl\/fr\/produit\/ds-audio-003\/#primaryimage\",\"url\":\"https:\/\/dev.freakuence.nl\/wp-content\/uploads\/2026\/03\/17739997637931-19314-IMG3458-2.jpg\",\"contentUrl\":\"https:\/\/dev.freakuence.nl\/wp-content\/uploads\/2026\/03\/17739997637931-19314-IMG3458-2.jpg\",\"width\":1800,\"height\":1200},{\"@type\":\"BreadcrumbList\",\"@id\":\"https:\/\/dev.freakuence.nl\/fr\/produit\/ds-audio-003\/#breadcrumb\",\"itemListElement\":[{\"@type\":\"ListItem\",\"position\":1,\"name\":\"Accueil\",\"item\":\"https:\/\/dev.freakuence.nl\/fr\/\"},{\"@type\":\"ListItem\",\"position\":2,\"name\":\"Produits\",\"item\":\"https:\/\/dev.freakuence.nl\/fr\/produits\/\"},{\"@type\":\"ListItem\",\"position\":3,\"name\":\"DS Audio 003\"}]},{\"@type\":\"WebSite\",\"@id\":\"https:\/\/dev.freakuence.nl\/fr\/#website\",\"url\":\"https:\/\/dev.freakuence.nl\/fr\/\",\"name\":\"Freakuence!\",\"description\":\"Freakuence!\",\"publisher\":{\"@id\":\"https:\/\/dev.freakuence.nl\/fr\/#organization\"},\"alternateName\":\"Freakuence\",\"potentialAction\":[{\"@type\":\"SearchAction\",\"target\":{\"@type\":\"EntryPoint\",\"urlTemplate\":\"https:\/\/dev.freakuence.nl\/fr\/?s={search_term_string}\"},\"query-input\":{\"@type\":\"PropertyValueSpecification\",\"valueRequired\":true,\"valueName\":\"search_term_string\"}}],\"inLanguage\":\"fr-FR\"},{\"@type\":\"Organization\",\"@id\":\"https:\/\/dev.freakuence.nl\/fr\/#organization\",\"name\":\"Freakuence !\",\"url\":\"https:\/\/dev.freakuence.nl\/fr\/\",\"logo\":{\"@type\":\"ImageObject\",\"inLanguage\":\"fr-FR\",\"@id\":\"https:\/\/dev.freakuence.nl\/fr\/#\/schema\/logo\/image\/\",\"url\":\"https:\/\/dev.freakuence.nl\/wp-content\/uploads\/2022\/05\/Brown_3_RGB_Freakuence-1.png\",\"contentUrl\":\"https:\/\/dev.freakuence.nl\/wp-content\/uploads\/2022\/05\/Brown_3_RGB_Freakuence-1.png\",\"width\":2560,\"height\":684,\"caption\":\"Freakuence !\"},\"image\":{\"@id\":\"https:\/\/dev.freakuence.nl\/fr\/#\/schema\/logo\/image\/\"},\"sameAs\":[\"https:\/\/www.instagram.com\/freakuence_notorious_audio\/\"]}]}<\/script>\n<!-- \/ Yoast SEO plugin. -->","yoast_head_json":{"title":"DS Audio 003 | Freakuence!","description":"Cartouche optique DS Audio 003 : reproduction analogique pure avec plaque d'ombrage en b\u00e9ryllium et cantilever en aluminium. \u2713 HiFi neuf et d'occasion \u2713 Note du client : 4.9 sur 5 \u2713 Reprise \u2713 Session d'\u00e9coute","robots":{"index":"noindex","follow":"follow","max-snippet":"max-snippet:-1","max-image-preview":"max-image-preview:large","max-video-preview":"max-video-preview:-1"},"og_locale":"fr_FR","og_type":"article","og_title":"DS Audio 003 | Freakuence!","og_description":"Cartouche optique DS Audio 003 : reproduction analogique pure avec plaque d'ombrage en b\u00e9ryllium et cantilever en aluminium. \u2713 HiFi neuf et d'occasion \u2713 Note du client : 4.9 sur 5 \u2713 Reprise \u2713 Session d'\u00e9coute","og_url":"https:\/\/dev.freakuence.nl\/fr\/produit\/ds-audio-003\/","og_site_name":"Freakuence!","article_modified_time":"2026-04-10T13:50:37+00:00","og_image":[{"width":1800,"height":1200,"url":"https:\/\/dev.freakuence.nl\/wp-content\/uploads\/2026\/03\/17739997637931-19314-IMG3458-2.jpg","type":"image\/jpeg"}],"twitter_card":"summary_large_image","schema":{"@context":"https:\/\/schema.org","@graph":[{"@type":"WebPage","@id":"https:\/\/dev.freakuence.nl\/fr\/produit\/ds-audio-003\/","url":"https:\/\/dev.freakuence.nl\/fr\/produit\/ds-audio-003\/","name":"DS Audio 003 | Freakuence!","isPartOf":{"@id":"https:\/\/dev.freakuence.nl\/fr\/#website"},"primaryImageOfPage":{"@id":"https:\/\/dev.freakuence.nl\/fr\/produit\/ds-audio-003\/#primaryimage"},"image":{"@id":"https:\/\/dev.freakuence.nl\/fr\/produit\/ds-audio-003\/#primaryimage"},"thumbnailUrl":"https:\/\/dev.freakuence.nl\/wp-content\/uploads\/2026\/03\/17739997637931-19314-IMG3458-2.jpg","datePublished":"2026-03-20T12:48:38+00:00","dateModified":"2026-04-10T13:50:37+00:00","description":"Cartouche optique DS Audio 003 : reproduction analogique pure avec plaque d'ombrage en b\u00e9ryllium et cantilever en aluminium. \u2713 HiFi neuf et d'occasion \u2713 Note du client : 4.9 sur 5 \u2713 Reprise \u2713 Session d'\u00e9coute","breadcrumb":{"@id":"https:\/\/dev.freakuence.nl\/fr\/produit\/ds-audio-003\/#breadcrumb"},"inLanguage":"fr-FR","potentialAction":[{"@type":"ReadAction","target":["https:\/\/dev.freakuence.nl\/fr\/produit\/ds-audio-003\/"]}]},{"@type":"ImageObject","inLanguage":"fr-FR","@id":"https:\/\/dev.freakuence.nl\/fr\/produit\/ds-audio-003\/#primaryimage","url":"https:\/\/dev.freakuence.nl\/wp-content\/uploads\/2026\/03\/17739997637931-19314-IMG3458-2.jpg","contentUrl":"https:\/\/dev.freakuence.nl\/wp-content\/uploads\/2026\/03\/17739997637931-19314-IMG3458-2.jpg","width":1800,"height":1200},{"@type":"BreadcrumbList","@id":"https:\/\/dev.freakuence.nl\/fr\/produit\/ds-audio-003\/#breadcrumb","itemListElement":[{"@type":"ListItem","position":1,"name":"Accueil","item":"https:\/\/dev.freakuence.nl\/fr\/"},{"@type":"ListItem","position":2,"name":"Produits","item":"https:\/\/dev.freakuence.nl\/fr\/produits\/"},{"@type":"ListItem","position":3,"name":"DS Audio 003"}]},{"@type":"WebSite","@id":"https:\/\/dev.freakuence.nl\/fr\/#website","url":"https:\/\/dev.freakuence.nl\/fr\/","name":"Freakuence!","description":"Freakuence!","publisher":{"@id":"https:\/\/dev.freakuence.nl\/fr\/#organization"},"alternateName":"Freakuence","potentialAction":[{"@type":"SearchAction","target":{"@type":"EntryPoint","urlTemplate":"https:\/\/dev.freakuence.nl\/fr\/?s={search_term_string}"},"query-input":{"@type":"PropertyValueSpecification","valueRequired":true,"valueName":"search_term_string"}}],"inLanguage":"fr-FR"},{"@type":"Organization","@id":"https:\/\/dev.freakuence.nl\/fr\/#organization","name":"Freakuence !","url":"https:\/\/dev.freakuence.nl\/fr\/","logo":{"@type":"ImageObject","inLanguage":"fr-FR","@id":"https:\/\/dev.freakuence.nl\/fr\/#\/schema\/logo\/image\/","url":"https:\/\/dev.freakuence.nl\/wp-content\/uploads\/2022\/05\/Brown_3_RGB_Freakuence-1.png","contentUrl":"https:\/\/dev.freakuence.nl\/wp-content\/uploads\/2022\/05\/Brown_3_RGB_Freakuence-1.png","width":2560,"height":684,"caption":"Freakuence !"},"image":{"@id":"https:\/\/dev.freakuence.nl\/fr\/#\/schema\/logo\/image\/"},"sameAs":["https:\/\/www.instagram.com\/freakuence_notorious_audio\/"]}]}},"_links":{"self":[{"href":"https:\/\/dev.freakuence.nl\/fr\/wp-json\/wp\/v2\/product\/367672","targetHints":{"allow":["GET"]}}],"collection":[{"href":"https:\/\/dev.freakuence.nl\/fr\/wp-json\/wp\/v2\/product"}],"about":[{"href":"https:\/\/dev.freakuence.nl\/fr\/wp-json\/wp\/v2\/types\/product"}],"wp:featuredmedia":[{"embeddable":true,"href":"https:\/\/dev.freakuence.nl\/fr\/wp-json\/wp\/v2\/media\/368201"}],"wp:attachment":[{"href":"https:\/\/dev.freakuence.nl\/fr\/wp-json\/wp\/v2\/media?parent=367672"}],"wp:term":[{"taxonomy":"product_brand","embeddable":true,"href":"https:\/\/dev.freakuence.nl\/fr\/wp-json\/wp\/v2\/product_brand?post=367672"},{"taxonomy":"product_cat","embeddable":true,"href":"https:\/\/dev.freakuence.nl\/fr\/wp-json\/wp\/v2\/product_cat?post=367672"},{"taxonomy":"product_tag","embeddable":true,"href":"https:\/\/dev.freakuence.nl\/fr\/wp-json\/wp\/v2\/product_tag?post=367672"}],"curies":[{"name":"wp","href":"https:\/\/api.w.org\/{rel}","templated":true}]}}